{"id":3497,"date":"2025-04-19T12:47:24","date_gmt":"2025-04-19T12:47:24","guid":{"rendered":"https:\/\/babypillowwholesale.com\/?post_type=product&#038;p=3497"},"modified":"2025-06-05T13:57:14","modified_gmt":"2025-06-05T13:57:14","slug":"memory-foam-pillow-heart-shaped-pillow-core","status":"publish","type":"product","link":"https:\/\/babypillowwholesale.com\/tr\/product\/memory-foam-pillow-heart-shaped-pillow-core\/","title":{"rendered":"Haf\u0131zal\u0131 K\u00f6p\u00fck Yast\u0131k - Kalp \u015eeklinde Yast\u0131k \u00c7ekirde\u011fi"},"content":{"rendered":"<div class=\"auto-hide-last-sibling-br paragraph-qzbcQC paragraph-element br-paragraph-space\">\n<div class=\"auto-hide-last-sibling-br paragraph-qzbcQC paragraph-element br-paragraph-space\">\n<div class=\"auto-hide-last-sibling-br paragraph-qzbcQC paragraph-element br-paragraph-space\">\n<div class=\"auto-hide-last-sibling-br paragraph-qzbcQC paragraph-element br-paragraph-space\">\n<div class=\"inter-wlTS5w\" data-immersive-translate-walked=\"d12d8f94-b8ff-4d99-b7de-4fecb356978f\">\n<div class=\"container-QE4ayg\">\n<div class=\"item-jU10IN\">\n<div class=\"container-jODEnh chrome70-container\">\n<div class=\"inner-eE95c9 inner-item-aL3Ui_\" data-target-id=\"message-box-target-id\" data-testid=\"union_message\">\n<div class=\"message-block-container-liuetz\" data-testid=\"message-block-container\">\n<div class=\"message-box-ZWbBdF\" data-testid=\"receive_message\" data-message-id=\"3380063449561346\">\n<div class=\"message-box-content-wrapper-srHdUj\">\n<div class=\"message-content message-box-content-otxGGw receive-message-box-content-_lREFj samantha-message-box-content-Qjmpja\" data-testid=\"message_content\">\n<div class=\"container-hfX5E8 flow-markdown-body theme-samantha-yJEgBp\" dir=\"ltr\" data-testid=\"message_text_content\" data-show-indicator=\"false\">\n<div class=\"auto-hide-last-sibling-br paragraph-qzbcQC paragraph-element br-paragraph-space\">\n<div class=\"auto-hide-last-sibling-br paragraph-qzbcQC paragraph-element br-paragraph-space\">0-6 ayl\u0131k bebekler i\u00e7in \u00f6zel olarak \u00fcretilen bu Memory Foam Yast\u0131k - Kalp \u015eeklinde Yast\u0131k G\u00f6be\u011fi, ki\u015fiselle\u015ftirilmi\u015f l\u00fcks\u00fcn bir kan\u0131t\u0131d\u0131r. Zaten b\u00fcy\u00fcleyici olan kalp \u015feklindeki bu \u00e7ekirde\u011fi, en se\u00e7kin zevklere g\u00f6re uyarlanm\u0131\u015f \u0131smarlama bir sanat eserine d\u00f6n\u00fc\u015ft\u00fcrme yetene\u011fimizle gurur duyuyoruz.<\/div>\n<p>&nbsp;<\/p>\n<div class=\"auto-hide-last-sibling-br paragraph-qzbcQC paragraph-element br-paragraph-space\">Kaprisli hayaller kuranlar i\u00e7in, par\u0131ldayan y\u0131ld\u0131zlardan olu\u015fan bir tak\u0131my\u0131ld\u0131z\u0131 ve kalbin \u00fczerine \u00f6zenle bas\u0131lm\u0131\u015f g\u00fcl\u00fcmseyen bir hilal hayal edin. Her bir y\u0131ld\u0131z bir d\u00fc\u015fler evrenini bar\u0131nd\u0131r\u0131yor gibi g\u00f6r\u00fcnmekte, yat\u0131\u015ft\u0131ran ve b\u00fcy\u00fcleyen g\u00f6ksel bir cennet yaratmaktad\u0131r. E\u011fer tercihiniz do\u011fan\u0131n g\u00fczelli\u011fi ise, narin, a\u00e7an \u00e7i\u00e7eklerle i\u00e7 i\u00e7e ge\u00e7mi\u015f yemye\u015fil yapraklar\u0131 hayal edin. Yumu\u015fak, yat\u0131\u015ft\u0131r\u0131c\u0131 tonlarda i\u015flenen yapraklar, bir bahar bah\u00e7esinin tazeli\u011fini yast\u0131\u011fa ta\u015f\u0131yarak dingin ve ferahlat\u0131c\u0131 bir g\u00f6rsel kucakla\u015fma sunuyor.<\/div>\n<p>&nbsp;<\/p>\n<div class=\"auto-hide-last-sibling-br paragraph-qzbcQC paragraph-element br-paragraph-space\">Modern d\u00fc\u015f\u00fcnenler i\u00e7in temiz, minimalist \u00e7izgiler ve geometrik desenler sorunsuz bir \u015fekilde entegre edilebilir. Keskin a\u00e7\u0131lar ve yumu\u015fak k\u0131vr\u0131mlar, \u00e7a\u011fda\u015f tasar\u0131m\u0131n dans\u0131nda kesi\u015ferek hem \u015f\u0131k hem de i\u00e7 a\u00e7\u0131c\u0131 bir g\u00f6r\u00fcn\u00fcm yarat\u0131r. Bu desenler sadece s\u00fcsleme de\u011fildir; bebe\u011fin odas\u0131n\u0131n benzersiz ki\u015fili\u011fini ve zevkini yans\u0131tan ifadelerdir.<\/div>\n<p>&nbsp;<\/p>\n<div class=\"auto-hide-last-sibling-br paragraph-qzbcQC paragraph-element br-paragraph-space\">Her bir \u00f6zel tasar\u0131m desen, yaln\u0131zca en g\u00fcvenli, toksik olmayan m\u00fcrekkepler kullan\u0131larak en y\u00fcksek hassasiyet ve \u00f6zenle ger\u00e7ekle\u015ftirilir. Bu, her yast\u0131k \u00e7ekirde\u011finin sadece g\u00f6rsel bir \u015faheser de\u011fil, ayn\u0131 zamanda k\u00fc\u00e7\u00fck \u00e7ocu\u011funuz i\u00e7in g\u00fcvenli ve rahat bir s\u0131\u011f\u0131nak olmas\u0131n\u0131 sa\u011flar.<\/div>\n<p>&nbsp;<\/p>\n<div class=\"auto-hide-last-sibling-br paragraph-qzbcQC paragraph-element br-paragraph-space\">B\u00f6ylesine geni\u015f bir \u00f6zelle\u015ftirme yelpazesi sunarak, her t\u00fcrl\u00fc estetik tercihi kar\u015f\u0131laman\u0131z i\u00e7in size g\u00fc\u00e7 veriyoruz. \u0130ster tuhaf bir harikalar diyar\u0131, ister do\u011fal bir s\u0131\u011f\u0131nak ya da modern minimalist bir vaha olsun, bu kalp \u015feklindeki yast\u0131k \u00e7ekirde\u011fi beklentileri kar\u015f\u0131layacak ve a\u015facak \u015fekilde d\u00f6n\u00fc\u015ft\u00fcr\u00fclebilir. Jenerik \u00fcr\u00fcnlere doymu\u015f bir pazarda, \u00f6zelle\u015ftirilmi\u015f tasar\u0131mlar\u0131m\u0131z teklifinizin \u00f6ne \u00e7\u0131kmas\u0131n\u0131, dikkat \u00e7ekmesini ve kalpleri kazanmas\u0131n\u0131 sa\u011flar. Bu ki\u015fiselle\u015ftirme d\u00fczeyi sadece sat\u0131\u015flar\u0131 art\u0131rmakla kalmaz; m\u00fc\u015fterilerinizle daha derin bir ba\u011f kurarak onlara k\u00fc\u00e7\u00fck \u00e7ocuklar\u0131 kadar benzersiz bir \u00fcr\u00fcn sunar.<\/div>\n<p>&nbsp;<\/p>\n<div class=\"auto-hide-last-sibling-br paragraph-qzbcQC paragraph-element br-paragraph-space\">\u00d6zelle\u015ftirmenin l\u00fcksle bulu\u015ftu\u011fu ve her yast\u0131\u011f\u0131n benzersiz bir hikaye anlatt\u0131\u011f\u0131 Memory Foam Yast\u0131k - Kalp \u015eeklinde Yast\u0131k \u00c7ekirde\u011fi ile \u00fcr\u00fcn serinizi y\u00fckseltin.<\/div>\n<\/div>\n<\/div>\n<\/div>\n<\/div>\n<\/div>\n<\/div>\n<\/div>\n<\/div>\n<\/div>\n<\/div>\n<\/div>\n<\/div>\n<\/div>\n<\/div>\n<\/div>","protected":false},"excerpt":{"rendered":"<div class=\"auto-hide-last-sibling-br paragraph-qzbcQC paragraph-element br-paragraph-space\">Bu Memory Foam Yast\u0131k - Kalp \u015eeklinde Yast\u0131k \u00c7ekirde\u011fi, 0 - 6 ayl\u0131k bebekler i\u00e7in tasarlanm\u0131\u015ft\u0131r ve g\u00fc\u00e7l\u00fc bir ki\u015fiselle\u015ftirme avantaj\u0131 sunar. \u00d6zel ihtiya\u00e7lar\u0131n\u0131z\u0131 kar\u015f\u0131lamak i\u00e7in zarif, \u00f6zel desenler haz\u0131rlayabiliriz. \u00d6rne\u011fin, m\u00fc\u015fterileriniz sevimli stilleri seviyorsa, b\u00fcy\u00fcleyici \u00e7izgi film karakterleri veya zarif \u00e7i\u00e7ek motifleri basabiliriz. Zarif bir dokunu\u015f mu tercih edersiniz? Basit ama \u015f\u0131k geometrik desenler veya yumu\u015fak pastel gradyanlar uygulanabilir. Bu \u00f6zelle\u015ftirilmi\u015f tasar\u0131mlar sadece \u00fcr\u00fcn\u00fcn g\u00f6rsel cazibesini y\u00fckseltmekle kalmaz, ayn\u0131 zamanda pazarda \u00f6ne \u00e7\u0131kmas\u0131n\u0131 sa\u011flayarak daha fazla al\u0131c\u0131n\u0131n ilgisini \u00e7eker ve sat\u0131\u015flar\u0131 art\u0131r\u0131r. Farkl\u0131 tasar\u0131m tercihlerine uyum sa\u011flayarak, farkl\u0131 t\u00fcketicilerin esteti\u011fiyle m\u00fckemmel uyum sa\u011flayan bir \u00fcr\u00fcn sunabilir ve rekabet avantaj\u0131 sa\u011flayabilirsiniz.<\/div>","protected":false},"featured_media":3498,"comment_status":"open","ping_status":"closed","template":"","meta":{"_uag_custom_page_level_css":"","site-sidebar-layout":"default","site-content-layout":"","ast-site-content-layout":"default","site-content-style":"default","site-sidebar-style":"default","ast-global-header-display":"","ast-banner-title-visibility":"","ast-main-header-display":"","ast-hfb-above-header-display":"","ast-hfb-below-header-display":"","ast-hfb-mobile-header-display":"","site-post-title":"","ast-breadcrumbs-content":"","ast-featured-img":"","footer-sml-layout":"","ast-disable-related-posts":"","theme-transparent-header-meta":"default","adv-header-id-meta":"","stick-header-meta":"","header-above-stick-meta":"","header-main-stick-meta":"","header-below-stick-meta":"","astra-migrate-meta-layouts":"set","ast-page-background-enabled":"default","ast-page-background-meta":{"desktop":{"background-color":"","background-image":"","background-repeat":"repeat","background-position":"center center","background-size":"auto","background-attachment":"scroll","background-type":"","background-media":"","overlay-type":"","overlay-color":"","overlay-opacity":"","overlay-gradient":""},"tablet":{"background-color":"","background-image":"","background-repeat":"repeat","background-position":"center center","background-size":"auto","background-attachment":"scroll","background-type":"","background-media":"","overlay-type":"","overlay-color":"","overlay-opacity":"","overlay-gradient":""},"mobile":{"background-color":"","background-image":"","background-repeat":"repeat","background-position":"center center","background-size":"auto","background-attachment":"scroll","background-type":"","background-media":"","overlay-type":"","overlay-color":"","overlay-opacity":"","overlay-gradient":""}},"ast-content-background-meta":{"desktop":{"background-color":"var(--ast-global-color-5)","background-image":"","background-repeat":"repeat","background-position":"center center","background-size":"auto","background-attachment":"scroll","background-type":"","background-media":"","overlay-type":"","overlay-color":"","overlay-opacity":"","overlay-gradient":""},"tablet":{"background-color":"var(--ast-global-color-5)","background-image":"","background-repeat":"repeat","background-position":"center center","background-size":"auto","background-attachment":"scroll","background-type":"","background-media":"","overlay-type":"","overlay-color":"","overlay-opacity":"","overlay-gradient":""},"mobile":{"background-color":"var(--ast-global-color-5)","background-image":"","background-repeat":"repeat","background-position":"center center","background-size":"auto","background-attachment":"scroll","background-type":"","background-media":"","overlay-type":"","overlay-color":"","overlay-opacity":"","overlay-gradient":""}}},"product_brand":[],"product_cat":[65,32],"product_tag":[70,68,71,69],"class_list":{"0":"post-3497","1":"product","2":"type-product","3":"status-publish","4":"has-post-thumbnail","6":"product_cat-0-to-6months-oem","7":"product_cat-customize","8":"product_tag-babypillow","9":"product_tag-cuteanimalpillow","10":"product_tag-headshapesupport","11":"product_tag-kouniushapingpillow","12":"desktop-align-left","13":"tablet-align-left","14":"mobile-align-left","16":"first","17":"instock","18":"shipping-taxable","19":"product-type-simple"},"aioseo_notices":[],"uagb_featured_image_src":{"full":["https:\/\/babypillowwholesale.com\/wp-content\/uploads\/2025\/04\/0020.jpg",1000,1000,false],"thumbnail":["https:\/\/babypillowwholesale.com\/wp-content\/uploads\/2025\/04\/0020-150x150.jpg",150,150,true],"medium":["https:\/\/babypillowwholesale.com\/wp-content\/uploads\/2025\/04\/0020-300x300.jpg",300,300,true],"medium_large":["https:\/\/babypillowwholesale.com\/wp-content\/uploads\/2025\/04\/0020-768x768.jpg",768,768,true],"large":["https:\/\/babypillowwholesale.com\/wp-content\/uploads\/2025\/04\/0020.jpg",1000,1000,false],"1536x1536":["https:\/\/babypillowwholesale.com\/wp-content\/uploads\/2025\/04\/0020.jpg",1000,1000,false],"2048x2048":["https:\/\/babypillowwholesale.com\/wp-content\/uploads\/2025\/04\/0020.jpg",1000,1000,false],"trp-custom-language-flag":["https:\/\/babypillowwholesale.com\/wp-content\/uploads\/2025\/04\/0020.jpg",12,12,false],"woocommerce_thumbnail":["https:\/\/babypillowwholesale.com\/wp-content\/uploads\/2025\/04\/0020-300x300.jpg",300,300,true],"woocommerce_single":["https:\/\/babypillowwholesale.com\/wp-content\/uploads\/2025\/04\/0020-600x600.jpg",600,600,true],"woocommerce_gallery_thumbnail":["https:\/\/babypillowwholesale.com\/wp-content\/uploads\/2025\/04\/0020-100x100.jpg",100,100,true]},"uagb_author_info":{"display_name":"Etnen zhong","author_link":"https:\/\/babypillowwholesale.com\/tr\/author\/"},"uagb_comment_info":0,"uagb_excerpt":"This Memory Foam Pillow - Heart - shaped Pillow Core, designed for babies aged 0 - 6 months, offers a powerful customization advantage. We can craft exquisite, tailored patterns to meet your specific needs. For example, if your customers adore cute styles, we can print charming cartoon characters or dainty floral motifs. Prefer an elegant&hellip;","jetpack_sharing_enabled":true,"_links":{"self":[{"href":"https:\/\/babypillowwholesale.com\/tr\/wp-json\/wp\/v2\/product\/3497","targetHints":{"allow":["GET"]}}],"collection":[{"href":"https:\/\/babypillowwholesale.com\/tr\/wp-json\/wp\/v2\/product"}],"about":[{"href":"https:\/\/babypillowwholesale.com\/tr\/wp-json\/wp\/v2\/types\/product"}],"replies":[{"embeddable":true,"href":"https:\/\/babypillowwholesale.com\/tr\/wp-json\/wp\/v2\/comments?post=3497"}],"wp:featuredmedia":[{"embeddable":true,"href":"https:\/\/babypillowwholesale.com\/tr\/wp-json\/wp\/v2\/media\/3498"}],"wp:attachment":[{"href":"https:\/\/babypillowwholesale.com\/tr\/wp-json\/wp\/v2\/media?parent=3497"}],"wp:term":[{"taxonomy":"product_brand","embeddable":true,"href":"https:\/\/babypillowwholesale.com\/tr\/wp-json\/wp\/v2\/product_brand?post=3497"},{"taxonomy":"product_cat","embeddable":true,"href":"https:\/\/babypillowwholesale.com\/tr\/wp-json\/wp\/v2\/product_cat?post=3497"},{"taxonomy":"product_tag","embeddable":true,"href":"https:\/\/babypillowwholesale.com\/tr\/wp-json\/wp\/v2\/product_tag?post=3497"}],"curies":[{"name":"wp","href":"https:\/\/api.w.org\/{rel}","templated":true}]}}