{"id":3488,"date":"2025-04-19T02:55:35","date_gmt":"2025-04-19T02:55:35","guid":{"rendered":"https:\/\/babypillowwholesale.com\/?post_type=product&#038;p=3488"},"modified":"2025-06-05T14:47:34","modified_gmt":"2025-06-05T14:47:34","slug":"memory-foam-pillow-thin-bear-shaped-pillow-core","status":"publish","type":"product","link":"https:\/\/babypillowwholesale.com\/tr\/product\/memory-foam-pillow-thin-bear-shaped-pillow-core\/","title":{"rendered":"Haf\u0131zal\u0131 K\u00f6p\u00fck Yast\u0131k - \u0130nce Ay\u0131 \u015eeklinde Yast\u0131k \u00c7ekirde\u011fi"},"content":{"rendered":"<div class=\"auto-hide-last-sibling-br paragraph-qzbcQC paragraph-element br-paragraph-space\">\n<div class=\"auto-hide-last-sibling-br paragraph-qzbcQC paragraph-element br-paragraph-space\">\n<div class=\"auto-hide-last-sibling-br paragraph-qzbcQC paragraph-element br-paragraph-space\">Memory Foam Yast\u0131k - \u0130nce Ay\u0131 \u015eeklinde Yast\u0131k \u00c7ekirde\u011fi, \u00f6zellikle 0 - 6 ayl\u0131k en k\u00fc\u00e7\u00fck uyuyanlar i\u00e7in haz\u0131rlanm\u0131\u015f bir ba\u015fyap\u0131tt\u0131r. Ay\u0131ya benzeyen silueti sadece estetik bir se\u00e7im de\u011fildir; \u0131smarlama olas\u0131l\u0131klar evrenine a\u00e7\u0131lan bir kap\u0131d\u0131r.<\/div>\n<p>&nbsp;<\/p>\n<div class=\"auto-hide-last-sibling-br paragraph-qzbcQC paragraph-element br-paragraph-space\">Konforun bebe\u011finizin tatl\u0131 g\u00fcl\u00fcmsemesi kadar bireysel oldu\u011funu biliyoruz. Bu nedenle hidrofilik k\u00f6p\u00fc\u011f\u00fcn yumu\u015fakl\u0131\u011f\u0131na ince ayar yapma se\u00e7ene\u011fi sunuyoruz. \u0130ster en narin kafalar i\u00e7in bulut gibi bir yumu\u015fakl\u0131k, ister daha fazla destek i\u00e7in biraz daha sertlik isteyin, sizi teminat alt\u0131na ald\u0131k. Bu yast\u0131k \u00e7ekirde\u011fini sadece bir aksesuardan ki\u015fiselle\u015ftirilmi\u015f bir dinlenme cennetine d\u00f6n\u00fc\u015ft\u00fcren bir \u00f6zelle\u015ftirme seviyesidir.<\/div>\n<p>&nbsp;<\/p>\n<div class=\"auto-hide-last-sibling-br paragraph-qzbcQC paragraph-element br-paragraph-space\">Bu ay\u0131 \u015feklindeki harikan\u0131n y\u00fczeyi, sanatsal ifadeyi bekleyen bo\u015f bir tuvaldir. Yaln\u0131zca en g\u00fcvenli, toksik olmayan m\u00fcrekkepleri kullanarak onu b\u00fcy\u00fcleyici bask\u0131larla s\u00fcsleyebiliriz. Yapraklar\u0131 hafif bir esintide sallanan zarif papatyalardan olu\u015fan bir tak\u0131my\u0131ld\u0131z\u0131 veya bebe\u011finizi r\u00fcyalar d\u00fcnyas\u0131na g\u00f6t\u00fcr\u00fcyormu\u015f gibi sevimli tav\u015fan ayak izlerinden olu\u015fan bir iz hayal edin. Bu bask\u0131lar sadece s\u00fcs de\u011fil; anlat\u0131lmay\u0131 bekleyen hikayelerdir ve her uykuya bir sihir katman\u0131 ekler.<\/div>\n<p>&nbsp;<\/p>\n<div class=\"auto-hide-last-sibling-br paragraph-qzbcQC paragraph-element br-paragraph-space\">Bir de bebe\u011finizin konforu i\u00e7in yeniden tasarlanan \u00e7ok \u00f6nemli bir \u00f6zellik olan merkezi girinti var. Boyutunu ve derinli\u011fini cerrahi bir hassasiyetle ayarlayarak bebe\u011finizin ba\u015f\u0131n\u0131 sevgi dolu bir kucaklama gibi sarmas\u0131n\u0131 sa\u011flayabiliyoruz. Ayr\u0131nt\u0131lara g\u00f6sterilen bu \u00f6zen, benzersizli\u011fe g\u00f6sterilen bu ba\u011fl\u0131l\u0131k, Memory Foam Yast\u0131k - \u0130nce Ay\u0131 - \u015feklindeki Yast\u0131k \u00c7ekirde\u011fini sadece bir \u00fcr\u00fcn de\u011fil, ayn\u0131 zamanda de\u011ferli bir hat\u0131ra, k\u00fc\u00e7\u00fck \u00e7ocu\u011funuzun uykular\u0131 i\u00e7in t\u00fcr\u00fcn\u00fcn tek \u00f6rne\u011fi bir ninni haline getirir.<\/div>\n<\/div>\n<\/div>","protected":false},"excerpt":{"rendered":"<p>Bu Memory Foam Yast\u0131k - \u0130nce Ay\u0131 \u015eeklinde Yast\u0131k \u00c7ekirde\u011fi, 0 - 6 ayl\u0131k bebekler i\u00e7in tasarlanm\u0131\u015ft\u0131r ve bir d\u00fcnya ki\u015fiselle\u015ftirme ve tasar\u0131m f\u0131rsat\u0131 sunar. Sevimli ay\u0131 \u015feklindeki formu yarat\u0131c\u0131l\u0131k i\u00e7in m\u00fckemmel bir tuvaldir. Hidrofilik k\u00f6p\u00fc\u011f\u00fcn yumu\u015fakl\u0131k seviyesini tercihinize g\u00f6re \u00f6zelle\u015ftirebilir, mini\u011finiz i\u00e7in ideal konforu sa\u011flayabiliriz. Y\u00fczey, minik \u00e7i\u00e7ek desenleri veya sevimli hayvan ayak izleri gibi toksik olmayan, bebekler i\u00e7in g\u00fcvenli bask\u0131larla s\u00fcslenebilir ve benzersiz ve b\u00fcy\u00fcleyici bir dokunu\u015f katar. Ayr\u0131ca, merkezi girintinin boyutu ve derinli\u011fi bebe\u011fin ba\u015f \u015feklini daha iyi destekleyecek \u015fekilde ayarlanabilir. Bu sayede, yaln\u0131zca bebe\u011finizin konfor ihtiya\u00e7lar\u0131n\u0131 kar\u015f\u0131lamakla kalmay\u0131p ayn\u0131 zamanda \u00f6zel, t\u00fcr\u00fcn\u00fcn tek \u00f6rne\u011fi bir \u00fcr\u00fcn olarak \u00f6ne \u00e7\u0131kan, ger\u00e7ekten ki\u015fiselle\u015ftirilmi\u015f bir yast\u0131k g\u00f6be\u011fi olu\u015fturabilirsiniz.<\/p>","protected":false},"featured_media":3489,"comment_status":"open","ping_status":"closed","template":"","meta":{"_uag_custom_page_level_css":"","site-sidebar-layout":"default","site-content-layout":"","ast-site-content-layout":"default","site-content-style":"default","site-sidebar-style":"default","ast-global-header-display":"","ast-banner-title-visibility":"","ast-main-header-display":"","ast-hfb-above-header-display":"","ast-hfb-below-header-display":"","ast-hfb-mobile-header-display":"","site-post-title":"","ast-breadcrumbs-content":"","ast-featured-img":"","footer-sml-layout":"","ast-disable-related-posts":"","theme-transparent-header-meta":"default","adv-header-id-meta":"","stick-header-meta":"","header-above-stick-meta":"","header-main-stick-meta":"","header-below-stick-meta":"","astra-migrate-meta-layouts":"set","ast-page-background-enabled":"default","ast-page-background-meta":{"desktop":{"background-color":"","background-image":"","background-repeat":"repeat","background-position":"center center","background-size":"auto","background-attachment":"scroll","background-type":"","background-media":"","overlay-type":"","overlay-color":"","overlay-opacity":"","overlay-gradient":""},"tablet":{"background-color":"","background-image":"","background-repeat":"repeat","background-position":"center center","background-size":"auto","background-attachment":"scroll","background-type":"","background-media":"","overlay-type":"","overlay-color":"","overlay-opacity":"","overlay-gradient":""},"mobile":{"background-color":"","background-image":"","background-repeat":"repeat","background-position":"center center","background-size":"auto","background-attachment":"scroll","background-type":"","background-media":"","overlay-type":"","overlay-color":"","overlay-opacity":"","overlay-gradient":""}},"ast-content-background-meta":{"desktop":{"background-color":"var(--ast-global-color-5)","background-image":"","background-repeat":"repeat","background-position":"center center","background-size":"auto","background-attachment":"scroll","background-type":"","background-media":"","overlay-type":"","overlay-color":"","overlay-opacity":"","overlay-gradient":""},"tablet":{"background-color":"var(--ast-global-color-5)","background-image":"","background-repeat":"repeat","background-position":"center center","background-size":"auto","background-attachment":"scroll","background-type":"","background-media":"","overlay-type":"","overlay-color":"","overlay-opacity":"","overlay-gradient":""},"mobile":{"background-color":"var(--ast-global-color-5)","background-image":"","background-repeat":"repeat","background-position":"center center","background-size":"auto","background-attachment":"scroll","background-type":"","background-media":"","overlay-type":"","overlay-color":"","overlay-opacity":"","overlay-gradient":""}}},"product_brand":[],"product_cat":[65,32],"product_tag":[70,68,71,69],"class_list":{"0":"post-3488","1":"product","2":"type-product","3":"status-publish","4":"has-post-thumbnail","6":"product_cat-0-to-6months-oem","7":"product_cat-customize","8":"product_tag-babypillow","9":"product_tag-cuteanimalpillow","10":"product_tag-headshapesupport","11":"product_tag-kouniushapingpillow","12":"desktop-align-left","13":"tablet-align-left","14":"mobile-align-left","16":"first","17":"instock","18":"shipping-taxable","19":"product-type-simple"},"aioseo_notices":[],"uagb_featured_image_src":{"full":["https:\/\/babypillowwholesale.com\/wp-content\/uploads\/2025\/04\/0003.jpg",1000,1000,false],"thumbnail":["https:\/\/babypillowwholesale.com\/wp-content\/uploads\/2025\/04\/0003-150x150.jpg",150,150,true],"medium":["https:\/\/babypillowwholesale.com\/wp-content\/uploads\/2025\/04\/0003-300x300.jpg",300,300,true],"medium_large":["https:\/\/babypillowwholesale.com\/wp-content\/uploads\/2025\/04\/0003-768x768.jpg",768,768,true],"large":["https:\/\/babypillowwholesale.com\/wp-content\/uploads\/2025\/04\/0003.jpg",1000,1000,false],"1536x1536":["https:\/\/babypillowwholesale.com\/wp-content\/uploads\/2025\/04\/0003.jpg",1000,1000,false],"2048x2048":["https:\/\/babypillowwholesale.com\/wp-content\/uploads\/2025\/04\/0003.jpg",1000,1000,false],"trp-custom-language-flag":["https:\/\/babypillowwholesale.com\/wp-content\/uploads\/2025\/04\/0003.jpg",12,12,false],"woocommerce_thumbnail":["https:\/\/babypillowwholesale.com\/wp-content\/uploads\/2025\/04\/0003-300x300.jpg",300,300,true],"woocommerce_single":["https:\/\/babypillowwholesale.com\/wp-content\/uploads\/2025\/04\/0003-600x600.jpg",600,600,true],"woocommerce_gallery_thumbnail":["https:\/\/babypillowwholesale.com\/wp-content\/uploads\/2025\/04\/0003-100x100.jpg",100,100,true]},"uagb_author_info":{"display_name":"Etnen zhong","author_link":"https:\/\/babypillowwholesale.com\/tr\/author\/"},"uagb_comment_info":0,"uagb_excerpt":"This Memory Foam Pillow - Thin Bear - shaped Pillow Core, designed for babies aged 0 - 6 months, offers a world of customization and design opportunities. Its endearing bear - shaped form is the perfect canvas for creativity. We can customize the softness level of the hydrophilic foam according to your preference, ensuring the&hellip;","jetpack_sharing_enabled":true,"_links":{"self":[{"href":"https:\/\/babypillowwholesale.com\/tr\/wp-json\/wp\/v2\/product\/3488","targetHints":{"allow":["GET"]}}],"collection":[{"href":"https:\/\/babypillowwholesale.com\/tr\/wp-json\/wp\/v2\/product"}],"about":[{"href":"https:\/\/babypillowwholesale.com\/tr\/wp-json\/wp\/v2\/types\/product"}],"replies":[{"embeddable":true,"href":"https:\/\/babypillowwholesale.com\/tr\/wp-json\/wp\/v2\/comments?post=3488"}],"wp:featuredmedia":[{"embeddable":true,"href":"https:\/\/babypillowwholesale.com\/tr\/wp-json\/wp\/v2\/media\/3489"}],"wp:attachment":[{"href":"https:\/\/babypillowwholesale.com\/tr\/wp-json\/wp\/v2\/media?parent=3488"}],"wp:term":[{"taxonomy":"product_brand","embeddable":true,"href":"https:\/\/babypillowwholesale.com\/tr\/wp-json\/wp\/v2\/product_brand?post=3488"},{"taxonomy":"product_cat","embeddable":true,"href":"https:\/\/babypillowwholesale.com\/tr\/wp-json\/wp\/v2\/product_cat?post=3488"},{"taxonomy":"product_tag","embeddable":true,"href":"https:\/\/babypillowwholesale.com\/tr\/wp-json\/wp\/v2\/product_tag?post=3488"}],"curies":[{"name":"wp","href":"https:\/\/api.w.org\/{rel}","templated":true}]}}