{"id":3485,"date":"2025-04-19T02:35:27","date_gmt":"2025-04-19T02:35:27","guid":{"rendered":"https:\/\/babypillowwholesale.com\/?post_type=product&#038;p=3485"},"modified":"2025-06-05T14:53:09","modified_gmt":"2025-06-05T14:53:09","slug":"memory-foam-pillow-thick-bear-shaped-pillow-core","status":"publish","type":"product","link":"https:\/\/babypillowwholesale.com\/tr\/product\/memory-foam-pillow-thick-bear-shaped-pillow-core\/","title":{"rendered":"Memory Foam Yast\u0131k - Kal\u0131n Ay\u0131 \u015eeklinde Yast\u0131k \u00c7ekirde\u011fi"},"content":{"rendered":"<div class=\"auto-hide-last-sibling-br paragraph-qzbcQC paragraph-element br-paragraph-space\">\n<div class=\"auto-hide-last-sibling-br paragraph-qzbcQC paragraph-element br-paragraph-space\">\u00d6zellikle 0-6 ayl\u0131k bebekler i\u00e7in \u00fcretilen bu Memory Foam Yast\u0131k - Kal\u0131n Ay\u0131 \u015eeklinde Yast\u0131k G\u00f6be\u011fi, benzersizli\u011fin ve ki\u015fiselle\u015ftirme potansiyelinin bir \u00f6rne\u011fidir. Ay\u0131ya benzeyen silueti sadece sevimli bir tasar\u0131m tercihi de\u011fil, ayn\u0131 zamanda t\u00fcr\u00fcn\u00fcn tek \u00f6rne\u011fi bir bebek vazge\u00e7ilmezi yaratmak i\u00e7in bir ba\u015flang\u0131\u00e7 noktas\u0131d\u0131r.<\/div>\n<p>&nbsp;<\/p>\n<div class=\"auto-hide-last-sibling-br paragraph-qzbcQC paragraph-element br-paragraph-space\">\u00d6nemli bir i\u015flevsel \u00f6zellik olan havaland\u0131rma delikleri sabit de\u011fildir. Bunlar\u0131n say\u0131s\u0131n\u0131 ve boyutlar\u0131n\u0131 titizlikle ayarlayabilir, yast\u0131k \u00e7ekirde\u011finin nefes alabilirli\u011fini bebe\u011finizin \u00f6zel konfor ihtiya\u00e7lar\u0131n\u0131 kar\u015f\u0131layacak \u015fekilde ince ayarlayabiliriz. Bu, al\u0131\u015f\u0131lm\u0131\u015f\u0131n \u00f6tesine ge\u00e7en bir \u00f6zelle\u015ftirme seviyesidir ve k\u00fc\u00e7\u00fck \u00e7ocu\u011funuzun huzurlu uykusu i\u00e7in optimum hava sirk\u00fclasyonu sa\u011flar.<\/div>\n<p>&nbsp;<\/p>\n<div class=\"auto-hide-last-sibling-br paragraph-qzbcQC paragraph-element br-paragraph-space\">S\u00f6z konusu g\u00f6r\u00fcn\u00fcm oldu\u011funda, olas\u0131l\u0131klar hayal g\u00fcc\u00fcn\u00fcz kadar s\u0131n\u0131rs\u0131zd\u0131r. Yaln\u0131zca en g\u00fcvenli, toksik olmayan pigmentleri kullanarak ay\u0131n\u0131n \"k\u00fcrk\u00fcn\u00fc\" bir renk c\u00fcmb\u00fc\u015f\u00fcne d\u00f6n\u00fc\u015ft\u00fcrebiliriz. Huzur hissi uyand\u0131ran en yumu\u015fak pastel renklerden olu\u015fan bir k\u00fcrke sahip bir ay\u0131 veya bebe\u011finizin merak\u0131n\u0131 uyand\u0131racak parlak, ne\u015feli tonlarla bezenmi\u015f bir ay\u0131 hayal edin. Mesele sadece estetik de\u011fildir; mesele ayn\u0131 \u00f6l\u00e7\u00fcde yat\u0131\u015ft\u0131r\u0131c\u0131 ve uyar\u0131c\u0131 bir g\u00f6rsel deneyim yaratmakt\u0131r.<\/div>\n<p>&nbsp;<\/p>\n<div class=\"auto-hide-last-sibling-br paragraph-qzbcQC paragraph-element br-paragraph-space\">Ancak ki\u015fiselle\u015ftirme burada bitmiyor. S\u0131cakl\u0131kla par\u0131ldayan el i\u015flemeli g\u00f6zler veya ay\u0131ya ger\u00e7ek\u00e7i bir cazibe katan diki\u015fli bir burun gibi ho\u015f s\u00fcslemeler ekleyebiliriz. Bu k\u00fc\u00e7\u00fck detaylar sadece dekoratif de\u011fildir; yast\u0131k \u00e7ekirde\u011fini basit bir aksesuardan bebe\u011finiz i\u00e7in de\u011ferli bir arkada\u015fa d\u00f6n\u00fc\u015ft\u00fcr\u00fcr.<\/div>\n<p>&nbsp;<\/p>\n<div class=\"auto-hide-last-sibling-br paragraph-qzbcQC paragraph-element br-paragraph-space\">Bu Memory Foam Yast\u0131k - Kal\u0131n Ay\u0131 - \u015fekilli Yast\u0131k G\u00f6be\u011fi ile sadece bir \u00fcr\u00fcn elde etmiyorsunuz; ki\u015fiselle\u015ftirilmi\u015f bir konfor ve \u015firinlik cenneti, bebe\u011finizin ilk an\u0131lar\u0131nda \u00f6zel bir yer tutacak bir hat\u0131ra yarat\u0131yorsunuz.<\/div>\n<\/div>","protected":false},"excerpt":{"rendered":"<p>0-6 ayl\u0131k bebekler i\u00e7in tasarlanan bu Memory Foam Yast\u0131k - Kal\u0131n Ay\u0131 \u015eeklinde Yast\u0131k \u00c7ekirde\u011fi, kapsaml\u0131 ki\u015fiselle\u015ftirme ve tasar\u0131m potansiyeli sunar. Sevimli ay\u0131 benzeri formu, daha fazla ki\u015fiselle\u015ftirme i\u00e7in b\u00fcy\u00fcleyici bir temel g\u00f6revi g\u00f6r\u00fcr. Havaland\u0131rma deliklerinin say\u0131s\u0131 ve boyutu, nefes alabilirli\u011fi optimize ederek \u00f6zel ihtiya\u00e7lara g\u00f6re ayarlanabilir. G\u00f6r\u00fcn\u00fcm a\u00e7\u0131s\u0131ndan, ay\u0131n\u0131n \"k\u00fcrk\u00fcn\u00fc\" boyamak i\u00e7in toksik olmayan, bebekler i\u00e7in g\u00fcvenli renkler kullan\u0131labilir ve nazik bir g\u00f6r\u00fcn\u00fcm i\u00e7in yumu\u015fak pastel renkli bir ay\u0131 veya e\u011flenceli bir dokunu\u015f i\u00e7in daha canl\u0131 bir ay\u0131 gibi \u00e7e\u015fitli sevimli renk \u015femalar\u0131 olu\u015fturulabilir. Ayr\u0131ca, ay\u0131 \u015feklini daha canl\u0131 ve sevimli hale getirmek i\u00e7in i\u015flemeli g\u00f6zler veya diki\u015fli bir burun gibi k\u00fc\u00e7\u00fck s\u00fcslemeler eklenebilir. Bu \u00f6zelle\u015ftirme, ebeveynlerin yaln\u0131zca i\u015flevsel gereksinimleri kar\u015f\u0131lamakla kalmay\u0131p ayn\u0131 zamanda k\u00fc\u00e7\u00fck \u00e7ocuklar\u0131 i\u00e7in sevilen bir hat\u0131ra haline gelen benzersiz ve \u00f6zel bir yast\u0131k \u00e7ekirde\u011fi olu\u015fturmalar\u0131na olanak tan\u0131r.<\/p>","protected":false},"featured_media":3486,"comment_status":"open","ping_status":"closed","template":"","meta":{"_uag_custom_page_level_css":"","site-sidebar-layout":"default","site-content-layout":"","ast-site-content-layout":"default","site-content-style":"default","site-sidebar-style":"default","ast-global-header-display":"","ast-banner-title-visibility":"","ast-main-header-display":"","ast-hfb-above-header-display":"","ast-hfb-below-header-display":"","ast-hfb-mobile-header-display":"","site-post-title":"","ast-breadcrumbs-content":"","ast-featured-img":"","footer-sml-layout":"","ast-disable-related-posts":"","theme-transparent-header-meta":"default","adv-header-id-meta":"","stick-header-meta":"","header-above-stick-meta":"","header-main-stick-meta":"","header-below-stick-meta":"","astra-migrate-meta-layouts":"set","ast-page-background-enabled":"default","ast-page-background-meta":{"desktop":{"background-color":"","background-image":"","background-repeat":"repeat","background-position":"center center","background-size":"auto","background-attachment":"scroll","background-type":"","background-media":"","overlay-type":"","overlay-color":"","overlay-opacity":"","overlay-gradient":""},"tablet":{"background-color":"","background-image":"","background-repeat":"repeat","background-position":"center center","background-size":"auto","background-attachment":"scroll","background-type":"","background-media":"","overlay-type":"","overlay-color":"","overlay-opacity":"","overlay-gradient":""},"mobile":{"background-color":"","background-image":"","background-repeat":"repeat","background-position":"center center","background-size":"auto","background-attachment":"scroll","background-type":"","background-media":"","overlay-type":"","overlay-color":"","overlay-opacity":"","overlay-gradient":""}},"ast-content-background-meta":{"desktop":{"background-color":"var(--ast-global-color-5)","background-image":"","background-repeat":"repeat","background-position":"center center","background-size":"auto","background-attachment":"scroll","background-type":"","background-media":"","overlay-type":"","overlay-color":"","overlay-opacity":"","overlay-gradient":""},"tablet":{"background-color":"var(--ast-global-color-5)","background-image":"","background-repeat":"repeat","background-position":"center center","background-size":"auto","background-attachment":"scroll","background-type":"","background-media":"","overlay-type":"","overlay-color":"","overlay-opacity":"","overlay-gradient":""},"mobile":{"background-color":"var(--ast-global-color-5)","background-image":"","background-repeat":"repeat","background-position":"center center","background-size":"auto","background-attachment":"scroll","background-type":"","background-media":"","overlay-type":"","overlay-color":"","overlay-opacity":"","overlay-gradient":""}}},"product_brand":[],"product_cat":[65,32],"product_tag":[70,68,71,69],"class_list":{"0":"post-3485","1":"product","2":"type-product","3":"status-publish","4":"has-post-thumbnail","6":"product_cat-0-to-6months-oem","7":"product_cat-customize","8":"product_tag-babypillow","9":"product_tag-cuteanimalpillow","10":"product_tag-headshapesupport","11":"product_tag-kouniushapingpillow","12":"desktop-align-left","13":"tablet-align-left","14":"mobile-align-left","16":"first","17":"instock","18":"shipping-taxable","19":"product-type-simple"},"aioseo_notices":[],"uagb_featured_image_src":{"full":["https:\/\/babypillowwholesale.com\/wp-content\/uploads\/2025\/04\/0002.jpg",1000,1000,false],"thumbnail":["https:\/\/babypillowwholesale.com\/wp-content\/uploads\/2025\/04\/0002-150x150.jpg",150,150,true],"medium":["https:\/\/babypillowwholesale.com\/wp-content\/uploads\/2025\/04\/0002-300x300.jpg",300,300,true],"medium_large":["https:\/\/babypillowwholesale.com\/wp-content\/uploads\/2025\/04\/0002-768x768.jpg",768,768,true],"large":["https:\/\/babypillowwholesale.com\/wp-content\/uploads\/2025\/04\/0002.jpg",1000,1000,false],"1536x1536":["https:\/\/babypillowwholesale.com\/wp-content\/uploads\/2025\/04\/0002.jpg",1000,1000,false],"2048x2048":["https:\/\/babypillowwholesale.com\/wp-content\/uploads\/2025\/04\/0002.jpg",1000,1000,false],"trp-custom-language-flag":["https:\/\/babypillowwholesale.com\/wp-content\/uploads\/2025\/04\/0002.jpg",12,12,false],"woocommerce_thumbnail":["https:\/\/babypillowwholesale.com\/wp-content\/uploads\/2025\/04\/0002-300x300.jpg",300,300,true],"woocommerce_single":["https:\/\/babypillowwholesale.com\/wp-content\/uploads\/2025\/04\/0002-600x600.jpg",600,600,true],"woocommerce_gallery_thumbnail":["https:\/\/babypillowwholesale.com\/wp-content\/uploads\/2025\/04\/0002-100x100.jpg",100,100,true]},"uagb_author_info":{"display_name":"Etnen zhong","author_link":"https:\/\/babypillowwholesale.com\/tr\/author\/"},"uagb_comment_info":0,"uagb_excerpt":"This Memory Foam Pillow - Thick Bear - shaped Pillow Core, designed for babies aged 0 - 6 months, offers extensive customization and design potential. Its adorable bear - like form serves as a charming base for further personalization. The number and size of the ventilation holes can be adjusted according to specific needs, optimizing&hellip;","jetpack_sharing_enabled":true,"_links":{"self":[{"href":"https:\/\/babypillowwholesale.com\/tr\/wp-json\/wp\/v2\/product\/3485","targetHints":{"allow":["GET"]}}],"collection":[{"href":"https:\/\/babypillowwholesale.com\/tr\/wp-json\/wp\/v2\/product"}],"about":[{"href":"https:\/\/babypillowwholesale.com\/tr\/wp-json\/wp\/v2\/types\/product"}],"replies":[{"embeddable":true,"href":"https:\/\/babypillowwholesale.com\/tr\/wp-json\/wp\/v2\/comments?post=3485"}],"wp:featuredmedia":[{"embeddable":true,"href":"https:\/\/babypillowwholesale.com\/tr\/wp-json\/wp\/v2\/media\/3486"}],"wp:attachment":[{"href":"https:\/\/babypillowwholesale.com\/tr\/wp-json\/wp\/v2\/media?parent=3485"}],"wp:term":[{"taxonomy":"product_brand","embeddable":true,"href":"https:\/\/babypillowwholesale.com\/tr\/wp-json\/wp\/v2\/product_brand?post=3485"},{"taxonomy":"product_cat","embeddable":true,"href":"https:\/\/babypillowwholesale.com\/tr\/wp-json\/wp\/v2\/product_cat?post=3485"},{"taxonomy":"product_tag","embeddable":true,"href":"https:\/\/babypillowwholesale.com\/tr\/wp-json\/wp\/v2\/product_tag?post=3485"}],"curies":[{"name":"wp","href":"https:\/\/api.w.org\/{rel}","templated":true}]}}