{"id":3474,"date":"2025-04-18T16:21:06","date_gmt":"2025-04-18T16:21:06","guid":{"rendered":"https:\/\/babypillowwholesale.com\/?post_type=product&#038;p=3474"},"modified":"2025-06-05T14:55:58","modified_gmt":"2025-06-05T14:55:58","slug":"memory-foam-pillow-round-pillow-core","status":"publish","type":"product","link":"https:\/\/babypillowwholesale.com\/tr\/product\/memory-foam-pillow-round-pillow-core\/","title":{"rendered":"Memory Foam Yast\u0131k - Yuvarlak Yast\u0131k G\u00f6be\u011fi"},"content":{"rendered":"<div class=\"auto-hide-last-sibling-br paragraph-qzbcQC paragraph-element br-paragraph-space\">0-6 ayl\u0131k bebekler i\u00e7in tasarlanan bu Memory Foam Yast\u0131k - Yuvarlak Yast\u0131k G\u00f6be\u011fi, desen \u00f6zelle\u015ftirme ve tasar\u0131m s\u00f6z konusu oldu\u011funda sonsuz olas\u0131l\u0131klar sunan bir tuvaldir. \u015e\u0131k y\u00fczeyi d\u00f6n\u00fc\u015f\u00fcm i\u00e7in haz\u0131rd\u0131r ve t\u00fcr\u00fcn\u00fcn tek \u00f6rne\u011fi bir par\u00e7a olu\u015fturmak i\u00e7in \u00f6zel bir f\u0131rsat sunar.<\/div>\n<p>&nbsp;<\/p>\n<div class=\"auto-hide-last-sibling-br paragraph-qzbcQC paragraph-element br-paragraph-space\">Sadece g\u00f6rsel olarak b\u00fcy\u00fcleyici olmakla kalmay\u0131p ayn\u0131 zamanda bebekli\u011fin masumiyetini de yans\u0131tan b\u00fcy\u00fcleyici motiflerle s\u00fcsledi\u011finizi hayal edin. Nazik geyikler veya merakl\u0131 sincaplar gibi ormanl\u0131k alan yarat\u0131klar\u0131n\u0131n narin bask\u0131lar\u0131 do\u011fan\u0131n cazibesine bir dokunu\u015f getirebilir. Ya da belki, k\u00fc\u00e7\u00fck \u00e7ocu\u011funuzu g\u00f6ksel bir uykuya dald\u0131rmak i\u00e7in par\u0131ldayan y\u0131ld\u0131zlar ve g\u00fcl\u00fcmseyen bir ay ile r\u00fcya gibi tak\u0131my\u0131ld\u0131zlar\u0131 serpi\u015ftirebilirsiniz. Bu desenler rastgele se\u00e7ilmemi\u015ftir; bebe\u011finiz i\u00e7in rahatlat\u0131c\u0131 bir g\u00f6rsel deneyim yaratmak \u00fczere \u00f6zenle se\u00e7ilmi\u015ftir.<\/div>\n<p>&nbsp;<\/p>\n<div class=\"auto-hide-last-sibling-br paragraph-qzbcQC paragraph-element br-paragraph-space\">Son teknoloji \u00fcr\u00fcn\u00fc, toksik olmayan bask\u0131 teknikleri kullanarak, her tasar\u0131m\u0131n sadece g\u00f6zler i\u00e7in bir \u015f\u00f6len de\u011fil, ayn\u0131 zamanda bebe\u011finizin hassas cildi i\u00e7in tamamen g\u00fcvenli olmas\u0131n\u0131 sa\u011fl\u0131yoruz. Bu ki\u015fiselle\u015ftirme d\u00fczeyi, sadece esteti\u011fin \u00f6tesine ge\u00e7erek ebeveynlerin ki\u015fisel tarzlar\u0131n\u0131 ve bebek odas\u0131n\u0131n benzersiz ambiyans\u0131n\u0131 bu temel \u00f6\u011feye a\u015f\u0131lamalar\u0131na olanak tan\u0131yor. \u0130ster modern, minimalist bir g\u00f6r\u00fcn\u00fcm, ister masal kitaplar\u0131ndan ilham alan tuhaf bir tema hedefliyor olun, bu yast\u0131k \u00e7ekirde\u011fi bebe\u011finizin d\u00fcnyas\u0131na \u00e7arp\u0131c\u0131, \u0131smarlama bir katk\u0131 olacak \u015fekilde uyarlanabilir.<\/div>","protected":false},"excerpt":{"rendered":"<p>0-6 ayl\u0131k bebekler i\u00e7in uygun olan bu Memory Foam Yast\u0131k - Yuvarlak Yast\u0131k G\u00f6be\u011fi, desen \u00f6zelle\u015ftirme ve tasar\u0131m i\u00e7in b\u00fcy\u00fck bir potansiyel sunar. Yast\u0131k \u00e7ekirde\u011finin p\u00fcr\u00fczs\u00fcz y\u00fczeyi, \u00e7e\u015fitli tasar\u0131mlar i\u00e7in ideal bir tuval sa\u011flar. Sevimli hayvan bask\u0131lar\u0131, yumu\u015fak \u00e7i\u00e7ek desenleri veya y\u0131ld\u0131zlar ve aylar gibi tuhaf g\u00f6ksel unsurlar gibi nazik, bebek dostu motifler eklenebilir. Bu desenler, bebe\u011fin hassas cildi i\u00e7in g\u00fcvenli olmalar\u0131n\u0131 sa\u011flamak amac\u0131yla toksik olmayan, bebekler i\u00e7in g\u00fcvenli bask\u0131 teknikleri kullan\u0131larak uygulanabilir. \u00d6zel desenler yast\u0131\u011f\u0131 sadece g\u00f6rsel olarak daha \u00e7ekici hale getirmekle kalmaz, ayn\u0131 zamanda ebeveynlerin kre\u015f dekorlar\u0131na veya ki\u015fisel tercihlerine uygun tasar\u0131mlar\u0131 se\u00e7melerine olanak tan\u0131yarak bu temel bebek e\u015fyas\u0131na benzersiz bir dokunu\u015f katar.<\/p>","protected":false},"featured_media":3484,"comment_status":"open","ping_status":"closed","template":"","meta":{"_uag_custom_page_level_css":"","site-sidebar-layout":"default","site-content-layout":"","ast-site-content-layout":"default","site-content-style":"default","site-sidebar-style":"default","ast-global-header-display":"","ast-banner-title-visibility":"","ast-main-header-display":"","ast-hfb-above-header-display":"","ast-hfb-below-header-display":"","ast-hfb-mobile-header-display":"","site-post-title":"","ast-breadcrumbs-content":"","ast-featured-img":"","footer-sml-layout":"","ast-disable-related-posts":"","theme-transparent-header-meta":"default","adv-header-id-meta":"","stick-header-meta":"","header-above-stick-meta":"","header-main-stick-meta":"","header-below-stick-meta":"","astra-migrate-meta-layouts":"set","ast-page-background-enabled":"default","ast-page-background-meta":{"desktop":{"background-color":"","background-image":"","background-repeat":"repeat","background-position":"center center","background-size":"auto","background-attachment":"scroll","background-type":"","background-media":"","overlay-type":"","overlay-color":"","overlay-opacity":"","overlay-gradient":""},"tablet":{"background-color":"","background-image":"","background-repeat":"repeat","background-position":"center center","background-size":"auto","background-attachment":"scroll","background-type":"","background-media":"","overlay-type":"","overlay-color":"","overlay-opacity":"","overlay-gradient":""},"mobile":{"background-color":"","background-image":"","background-repeat":"repeat","background-position":"center center","background-size":"auto","background-attachment":"scroll","background-type":"","background-media":"","overlay-type":"","overlay-color":"","overlay-opacity":"","overlay-gradient":""}},"ast-content-background-meta":{"desktop":{"background-color":"var(--ast-global-color-5)","background-image":"","background-repeat":"repeat","background-position":"center center","background-size":"auto","background-attachment":"scroll","background-type":"","background-media":"","overlay-type":"","overlay-color":"","overlay-opacity":"","overlay-gradient":""},"tablet":{"background-color":"var(--ast-global-color-5)","background-image":"","background-repeat":"repeat","background-position":"center center","background-size":"auto","background-attachment":"scroll","background-type":"","background-media":"","overlay-type":"","overlay-color":"","overlay-opacity":"","overlay-gradient":""},"mobile":{"background-color":"var(--ast-global-color-5)","background-image":"","background-repeat":"repeat","background-position":"center center","background-size":"auto","background-attachment":"scroll","background-type":"","background-media":"","overlay-type":"","overlay-color":"","overlay-opacity":"","overlay-gradient":""}}},"product_brand":[],"product_cat":[65,32],"product_tag":[70,68,71,69],"class_list":{"0":"post-3474","1":"product","2":"type-product","3":"status-publish","4":"has-post-thumbnail","6":"product_cat-0-to-6months-oem","7":"product_cat-customize","8":"product_tag-babypillow","9":"product_tag-cuteanimalpillow","10":"product_tag-headshapesupport","11":"product_tag-kouniushapingpillow","12":"desktop-align-left","13":"tablet-align-left","14":"mobile-align-left","16":"first","17":"instock","18":"shipping-taxable","19":"product-type-simple"},"aioseo_notices":[],"uagb_featured_image_src":{"full":["https:\/\/babypillowwholesale.com\/wp-content\/uploads\/2025\/04\/0001.jpg",1000,1000,false],"thumbnail":["https:\/\/babypillowwholesale.com\/wp-content\/uploads\/2025\/04\/0001-150x150.jpg",150,150,true],"medium":["https:\/\/babypillowwholesale.com\/wp-content\/uploads\/2025\/04\/0001-300x300.jpg",300,300,true],"medium_large":["https:\/\/babypillowwholesale.com\/wp-content\/uploads\/2025\/04\/0001-768x768.jpg",768,768,true],"large":["https:\/\/babypillowwholesale.com\/wp-content\/uploads\/2025\/04\/0001.jpg",1000,1000,false],"1536x1536":["https:\/\/babypillowwholesale.com\/wp-content\/uploads\/2025\/04\/0001.jpg",1000,1000,false],"2048x2048":["https:\/\/babypillowwholesale.com\/wp-content\/uploads\/2025\/04\/0001.jpg",1000,1000,false],"trp-custom-language-flag":["https:\/\/babypillowwholesale.com\/wp-content\/uploads\/2025\/04\/0001.jpg",12,12,false],"woocommerce_thumbnail":["https:\/\/babypillowwholesale.com\/wp-content\/uploads\/2025\/04\/0001-300x300.jpg",300,300,true],"woocommerce_single":["https:\/\/babypillowwholesale.com\/wp-content\/uploads\/2025\/04\/0001-600x600.jpg",600,600,true],"woocommerce_gallery_thumbnail":["https:\/\/babypillowwholesale.com\/wp-content\/uploads\/2025\/04\/0001-100x100.jpg",100,100,true]},"uagb_author_info":{"display_name":"Etnen zhong","author_link":"https:\/\/babypillowwholesale.com\/tr\/author\/"},"uagb_comment_info":0,"uagb_excerpt":"This Memory Foam Pillow - Round Pillow Core, suitable for babies from 0 - 6 months, offers great potential for pattern customization and design. The smooth surface of the pillow core provides an ideal canvas for various designs. Gentle, baby - friendly motifs such as cute animal prints, soft floral patterns, or whimsical celestial elements&hellip;","jetpack_sharing_enabled":true,"_links":{"self":[{"href":"https:\/\/babypillowwholesale.com\/tr\/wp-json\/wp\/v2\/product\/3474","targetHints":{"allow":["GET"]}}],"collection":[{"href":"https:\/\/babypillowwholesale.com\/tr\/wp-json\/wp\/v2\/product"}],"about":[{"href":"https:\/\/babypillowwholesale.com\/tr\/wp-json\/wp\/v2\/types\/product"}],"replies":[{"embeddable":true,"href":"https:\/\/babypillowwholesale.com\/tr\/wp-json\/wp\/v2\/comments?post=3474"}],"wp:featuredmedia":[{"embeddable":true,"href":"https:\/\/babypillowwholesale.com\/tr\/wp-json\/wp\/v2\/media\/3484"}],"wp:attachment":[{"href":"https:\/\/babypillowwholesale.com\/tr\/wp-json\/wp\/v2\/media?parent=3474"}],"wp:term":[{"taxonomy":"product_brand","embeddable":true,"href":"https:\/\/babypillowwholesale.com\/tr\/wp-json\/wp\/v2\/product_brand?post=3474"},{"taxonomy":"product_cat","embeddable":true,"href":"https:\/\/babypillowwholesale.com\/tr\/wp-json\/wp\/v2\/product_cat?post=3474"},{"taxonomy":"product_tag","embeddable":true,"href":"https:\/\/babypillowwholesale.com\/tr\/wp-json\/wp\/v2\/product_tag?post=3474"}],"curies":[{"name":"wp","href":"https:\/\/api.w.org\/{rel}","templated":true}]}}