{"id":3469,"date":"2025-04-18T15:46:47","date_gmt":"2025-04-18T15:46:47","guid":{"rendered":"https:\/\/babypillowwholesale.com\/?post_type=product&#038;p=3469"},"modified":"2025-06-05T16:08:42","modified_gmt":"2025-06-05T16:08:42","slug":"multifunctional-positioning-baby-sleep-pillow","status":"publish","type":"product","link":"https:\/\/babypillowwholesale.com\/tr\/product\/multifunctional-positioning-baby-sleep-pillow\/","title":{"rendered":"\u00c7ok Fonksiyonlu Pozisyon Verici Bebek Uyku Yast\u0131\u011f\u0131"},"content":{"rendered":"<div class=\"auto-hide-last-sibling-br paragraph-qzbcQC paragraph-element br-paragraph-space\" data-immersive-translate-walked=\"8e61f2e7-6af2-46e5-9672-3b9e4f4033d9\" data-immersive-translate-paragraph=\"1\">\n<div class=\"auto-hide-last-sibling-br paragraph-qzbcQC paragraph-element br-paragraph-space\">\n<div class=\"auto-hide-last-sibling-br paragraph-qzbcQC paragraph-element br-paragraph-space\">\n<div class=\"auto-hide-last-sibling-br paragraph-qzbcQC paragraph-element br-paragraph-space\">\n<div class=\"auto-hide-last-sibling-br paragraph-qzbcQC paragraph-element br-paragraph-space\">\n<div class=\"auto-hide-last-sibling-br paragraph-qzbcQC paragraph-element br-paragraph-space\">\n<div class=\"inter-wlTS5w\">\n<div class=\"container-QE4ayg\">\n<div class=\"item-jU10IN\">\n<div class=\"container-jODEnh chrome70-container\">\n<div class=\"inner-eE95c9 inner-item-aL3Ui_\" data-target-id=\"message-box-target-id\" data-testid=\"union_message\">\n<div class=\"message-block-container-liuetz\" data-testid=\"message-block-container\">\n<div class=\"message-box-ZWbBdF\" data-testid=\"receive_message\">\n<div class=\"message-box-content-wrapper-srHdUj\">\n<div class=\"message-content message-box-content-otxGGw receive-message-box-content-_lREFj samantha-message-box-content-Qjmpja\" data-testid=\"message_content\">\n<div class=\"container-hfX5E8 flow-markdown-body theme-samantha-yJEgBp\" dir=\"ltr\" data-testid=\"message_text_content\" data-show-indicator=\"false\">\n<div class=\"auto-hide-last-sibling-br paragraph-qzbcQC paragraph-element br-paragraph-space\">\n<div class=\"auto-hide-last-sibling-br paragraph-qzbcQC paragraph-element br-paragraph-space\">\n<div class=\"auto-hide-last-sibling-br paragraph-qzbcQC paragraph-element br-paragraph-space\">\n<div class=\"auto-hide-last-sibling-br paragraph-qzbcQC paragraph-element br-paragraph-space\">\n<div class=\"message-box-content-wrapper-srHdUj\">\n<div class=\"message-content message-box-content-otxGGw receive-message-box-content-_lREFj samantha-message-box-content-Qjmpja\" data-testid=\"message_content\">\n<div class=\"container-hfX5E8 flow-markdown-body theme-samantha-yJEgBp\" dir=\"ltr\" data-testid=\"message_text_content\" data-show-indicator=\"false\">\n<div class=\"auto-hide-last-sibling-br paragraph-qzbcQC paragraph-element br-paragraph-space\">\n<div class=\"auto-hide-last-sibling-br paragraph-qzbcQC paragraph-element br-paragraph-space\">\n<div class=\"auto-hide-last-sibling-br paragraph-qzbcQC paragraph-element br-paragraph-space\">0-6 ayl\u0131k bebekler i\u00e7in vazge\u00e7ilmez bir arkada\u015f olan \u00c7ok Fonksiyonlu Pozisyon Verici Bebek Uyku Yast\u0131\u011f\u0131 ile tan\u0131\u015f\u0131n. Bu yast\u0131k, bebe\u011finizin sa\u011fl\u0131\u011f\u0131 d\u00fc\u015f\u00fcn\u00fclerek titizlikle tasarlanm\u0131\u015f bir konfor cennetidir.<\/div>\n<p>&nbsp;<\/p>\n<div class=\"auto-hide-last-sibling-br paragraph-qzbcQC paragraph-element br-paragraph-space\">S\u0131k\u0131\u015ft\u0131rmaya dayan\u0131kl\u0131 rebound pamuktan \u00fcretilen i\u00e7 \u00e7ekirdek bir m\u00fchendislik harikas\u0131d\u0131r. Zaman i\u00e7inde \u015feklini korurken bebe\u011finizin hassas formuna uyum sa\u011flayarak nazik ama destekleyici bir kucaklama sunar. Bu, her kullan\u0131m\u0131n ilk kullan\u0131m kadar rahat olmas\u0131n\u0131 sa\u011flayarak tutarl\u0131 ve rahat bir dinlenme yeri sa\u011flar.<\/div>\n<p>&nbsp;<\/p>\n<div class=\"auto-hide-last-sibling-br paragraph-qzbcQC paragraph-element br-paragraph-space\">Yumu\u015fak pamuk ve dayan\u0131kl\u0131 polyester elyaf\u0131n uyumlu bir kar\u0131\u015f\u0131m\u0131 olan d\u0131\u015f katman, bebe\u011finizin hassas cildi i\u00e7in bir ikramd\u0131r. Sadece inan\u0131lmaz derecede nazik olmakla kalmaz, ayn\u0131 zamanda g\u00fcnl\u00fck kullan\u0131m\u0131n zorluklar\u0131na dayanacak \u015fekilde \u00fcretilmi\u015ftir ve temizli\u011fi \u00e7ocuk oyunca\u011f\u0131 haline getirir.<\/div>\n<p>&nbsp;<\/p>\n<div class=\"auto-hide-last-sibling-br paragraph-qzbcQC paragraph-element br-paragraph-space\">\u00d6l\u00e7\u00fcm 28*<em>40*<\/em>60CM, k\u00fc\u00e7\u00fck \u00e7ocu\u011funuz i\u00e7in geni\u015f ve g\u00fcvenli bir alan sa\u011flar. Beslenme zaman\u0131 s\u0131ras\u0131nda bebe\u011finizi m\u00fckemmel pozisyonda tutarak d\u00f6k\u00fclme riskini azalt\u0131r ve bu deneyimi hem bebek hem de ebeveyn i\u00e7in daha konforlu hale getirir. Uyku zaman\u0131 veya sadece bir rahatlama an\u0131 i\u00e7in bebe\u011finizi kucaklayarak g\u00fcvende ve rahat hissetmesine yard\u0131mc\u0131 olur.<\/div>\n<p>&nbsp;<\/p>\n<div class=\"auto-hide-last-sibling-br paragraph-qzbcQC paragraph-element br-paragraph-space\">Ebeveynler bu \u00fcr\u00fcnden \u00e7ok memnun kald\u0131lar. \"Bu yast\u0131k oyunun kurallar\u0131n\u0131 de\u011fi\u015ftiriyor! Beslenmeyi \u00e7ok daha kolay hale getiriyor ve bebe\u011fim i\u00e7inde \u00e7ok rahat g\u00f6r\u00fcn\u00fcyor. Yumu\u015fakl\u0131\u011f\u0131na bay\u0131ld\u0131m,\" diyor yeni bir anne. Bir ba\u015fka ebeveyn ise \u015funlar\u0131 s\u00f6yledi: \"Bebe\u011fimin uyku s\u0131ras\u0131ndaki pozisyonu konusunda endi\u015feliydim ama bu yast\u0131k onu yerinde tutuyor. Her yeni ebeveynin sahip olmas\u0131 gereken bir \u00fcr\u00fcn.\"<\/div>\n<p>&nbsp;<\/p>\n<div class=\"auto-hide-last-sibling-br paragraph-qzbcQC paragraph-element br-paragraph-space\">\u00d6z\u00fcnde, \u00c7ok Fonksiyonlu Pozisyonland\u0131rmal\u0131 Bebek Uyku Yast\u0131\u011f\u0131 bir yast\u0131ktan daha fazlas\u0131d\u0131r; bir huzur kayna\u011f\u0131, bir konfor be\u015fi\u011fi ve bebe\u011finizin odas\u0131 i\u00e7in vazge\u00e7ilmez bir eklentidir.<\/div>\n<\/div>\n<\/div>\n<\/div>\n<\/div>\n<\/div>\n<\/div>\n<\/div>\n<\/div>\n<\/div>\n<\/div>\n<\/div>\n<\/div>\n<\/div>\n<\/div>\n<\/div>\n<\/div>\n<\/div>\n<\/div>\n<\/div>\n<\/div>\n<\/div>\n<\/div>\n<\/div>\n<\/div>\n<\/div>","protected":false},"excerpt":{"rendered":"<p>\u00c7ok Fonksiyonlu Pozisyon Verici Bebek Uyku Yast\u0131\u011f\u0131, 0 - 6 ayl\u0131k bebekler i\u00e7in vazge\u00e7ilmez bir \u00fcr\u00fcnd\u00fcr. Ergonomik tasar\u0131m\u0131 bebekler i\u00e7in g\u00fcvenli ve rahat bir alan sa\u011flar. S\u0131k\u0131\u015fmaya dayan\u0131kl\u0131 rebound pamuktan yap\u0131lm\u0131\u015f i\u00e7 \u00e7ekirdek, nazik bir destek sunar ve \u015feklini iyi koruyarak uzun s\u00fcreli konfor sa\u011flar. Pamuk ve polyester elyaf\u0131n birle\u015fiminden olu\u015fan d\u0131\u015f katman yumu\u015fak ve cilt dostudur, ayn\u0131 zamanda dayan\u0131kl\u0131d\u0131r ve temizlenmesi kolayd\u0131r. 28*'lik bir spesifikasyon ile<em>40*<\/em>60CM, bebe\u011fin rahat\u00e7a yatabilmesi i\u00e7in geni\u015f bir alan sa\u011flar. \u0130ster beslenme, ister uyuklama veya sadece dinlenme i\u00e7in olsun, bu yast\u0131k bebe\u011fi uygun bir pozisyonda tutmaya yard\u0131mc\u0131 olarak daha iyi uyku ve g\u00fcvenli\u011fi te\u015fvik eder.<\/p>","protected":false},"featured_media":3470,"comment_status":"open","ping_status":"closed","template":"","meta":{"_uag_custom_page_level_css":"","site-sidebar-layout":"default","site-content-layout":"","ast-site-content-layout":"default","site-content-style":"default","site-sidebar-style":"default","ast-global-header-display":"","ast-banner-title-visibility":"","ast-main-header-display":"","ast-hfb-above-header-display":"","ast-hfb-below-header-display":"","ast-hfb-mobile-header-display":"","site-post-title":"","ast-breadcrumbs-content":"","ast-featured-img":"","footer-sml-layout":"","ast-disable-related-posts":"","theme-transparent-header-meta":"default","adv-header-id-meta":"","stick-header-meta":"","header-above-stick-meta":"","header-main-stick-meta":"","header-below-stick-meta":"","astra-migrate-meta-layouts":"set","ast-page-background-enabled":"default","ast-page-background-meta":{"desktop":{"background-color":"","background-image":"","background-repeat":"repeat","background-position":"center center","background-size":"auto","background-attachment":"scroll","background-type":"","background-media":"","overlay-type":"","overlay-color":"","overlay-opacity":"","overlay-gradient":""},"tablet":{"background-color":"","background-image":"","background-repeat":"repeat","background-position":"center center","background-size":"auto","background-attachment":"scroll","background-type":"","background-media":"","overlay-type":"","overlay-color":"","overlay-opacity":"","overlay-gradient":""},"mobile":{"background-color":"","background-image":"","background-repeat":"repeat","background-position":"center center","background-size":"auto","background-attachment":"scroll","background-type":"","background-media":"","overlay-type":"","overlay-color":"","overlay-opacity":"","overlay-gradient":""}},"ast-content-background-meta":{"desktop":{"background-color":"var(--ast-global-color-5)","background-image":"","background-repeat":"repeat","background-position":"center center","background-size":"auto","background-attachment":"scroll","background-type":"","background-media":"","overlay-type":"","overlay-color":"","overlay-opacity":"","overlay-gradient":""},"tablet":{"background-color":"var(--ast-global-color-5)","background-image":"","background-repeat":"repeat","background-position":"center center","background-size":"auto","background-attachment":"scroll","background-type":"","background-media":"","overlay-type":"","overlay-color":"","overlay-opacity":"","overlay-gradient":""},"mobile":{"background-color":"var(--ast-global-color-5)","background-image":"","background-repeat":"repeat","background-position":"center center","background-size":"auto","background-attachment":"scroll","background-type":"","background-media":"","overlay-type":"","overlay-color":"","overlay-opacity":"","overlay-gradient":""}}},"product_brand":[],"product_cat":[21],"product_tag":[70,68,71,69],"class_list":{"0":"post-3469","1":"product","2":"type-product","3":"status-publish","4":"has-post-thumbnail","6":"product_cat-others","7":"product_tag-babypillow","8":"product_tag-cuteanimalpillow","9":"product_tag-headshapesupport","10":"product_tag-kouniushapingpillow","11":"desktop-align-left","12":"tablet-align-left","13":"mobile-align-left","15":"first","16":"instock","17":"shipping-taxable","18":"product-type-simple"},"aioseo_notices":[],"uagb_featured_image_src":{"full":["https:\/\/babypillowwholesale.com\/wp-content\/uploads\/2025\/04\/028.jpg",1000,1000,false],"thumbnail":["https:\/\/babypillowwholesale.com\/wp-content\/uploads\/2025\/04\/028-150x150.jpg",150,150,true],"medium":["https:\/\/babypillowwholesale.com\/wp-content\/uploads\/2025\/04\/028-300x300.jpg",300,300,true],"medium_large":["https:\/\/babypillowwholesale.com\/wp-content\/uploads\/2025\/04\/028-768x768.jpg",768,768,true],"large":["https:\/\/babypillowwholesale.com\/wp-content\/uploads\/2025\/04\/028.jpg",1000,1000,false],"1536x1536":["https:\/\/babypillowwholesale.com\/wp-content\/uploads\/2025\/04\/028.jpg",1000,1000,false],"2048x2048":["https:\/\/babypillowwholesale.com\/wp-content\/uploads\/2025\/04\/028.jpg",1000,1000,false],"trp-custom-language-flag":["https:\/\/babypillowwholesale.com\/wp-content\/uploads\/2025\/04\/028.jpg",12,12,false],"woocommerce_thumbnail":["https:\/\/babypillowwholesale.com\/wp-content\/uploads\/2025\/04\/028-300x300.jpg",300,300,true],"woocommerce_single":["https:\/\/babypillowwholesale.com\/wp-content\/uploads\/2025\/04\/028-600x600.jpg",600,600,true],"woocommerce_gallery_thumbnail":["https:\/\/babypillowwholesale.com\/wp-content\/uploads\/2025\/04\/028-100x100.jpg",100,100,true]},"uagb_author_info":{"display_name":"Etnen zhong","author_link":"https:\/\/babypillowwholesale.com\/tr\/author\/"},"uagb_comment_info":0,"uagb_excerpt":"The Multifunctional Positioning Baby Sleep Pillow is an essential item for infants aged 0 - 6 months. Its ergonomic design provides a secure and comfortable space for babies. The inner core, made of compression - resistant rebound cotton, offers gentle support and maintains its shape well, ensuring long - lasting comfort. The outer layer, a&hellip;","jetpack_sharing_enabled":true,"_links":{"self":[{"href":"https:\/\/babypillowwholesale.com\/tr\/wp-json\/wp\/v2\/product\/3469","targetHints":{"allow":["GET"]}}],"collection":[{"href":"https:\/\/babypillowwholesale.com\/tr\/wp-json\/wp\/v2\/product"}],"about":[{"href":"https:\/\/babypillowwholesale.com\/tr\/wp-json\/wp\/v2\/types\/product"}],"replies":[{"embeddable":true,"href":"https:\/\/babypillowwholesale.com\/tr\/wp-json\/wp\/v2\/comments?post=3469"}],"wp:featuredmedia":[{"embeddable":true,"href":"https:\/\/babypillowwholesale.com\/tr\/wp-json\/wp\/v2\/media\/3470"}],"wp:attachment":[{"href":"https:\/\/babypillowwholesale.com\/tr\/wp-json\/wp\/v2\/media?parent=3469"}],"wp:term":[{"taxonomy":"product_brand","embeddable":true,"href":"https:\/\/babypillowwholesale.com\/tr\/wp-json\/wp\/v2\/product_brand?post=3469"},{"taxonomy":"product_cat","embeddable":true,"href":"https:\/\/babypillowwholesale.com\/tr\/wp-json\/wp\/v2\/product_cat?post=3469"},{"taxonomy":"product_tag","embeddable":true,"href":"https:\/\/babypillowwholesale.com\/tr\/wp-json\/wp\/v2\/product_tag?post=3469"}],"curies":[{"name":"wp","href":"https:\/\/api.w.org\/{rel}","templated":true}]}}