{"id":3451,"date":"2025-04-17T15:57:48","date_gmt":"2025-04-17T15:57:48","guid":{"rendered":"https:\/\/babypillowwholesale.com\/?post_type=product&#038;p=3451"},"modified":"2025-06-08T02:16:42","modified_gmt":"2025-06-08T02:16:42","slug":"foldable-travel-pillow","status":"publish","type":"product","link":"https:\/\/babypillowwholesale.com\/tr\/product\/foldable-travel-pillow\/","title":{"rendered":"Katlanabilir Seyahat Yast\u0131\u011f\u0131"},"content":{"rendered":"<div class=\"auto-hide-last-sibling-br paragraph-qzbcQC paragraph-element br-paragraph-space\" data-immersive-translate-walked=\"8e61f2e7-6af2-46e5-9672-3b9e4f4033d9\" data-immersive-translate-paragraph=\"1\">\n<div class=\"auto-hide-last-sibling-br paragraph-qzbcQC paragraph-element br-paragraph-space\">\n<div class=\"auto-hide-last-sibling-br paragraph-qzbcQC paragraph-element br-paragraph-space\">\n<div class=\"auto-hide-last-sibling-br paragraph-qzbcQC paragraph-element br-paragraph-space\">\n<div class=\"auto-hide-last-sibling-br paragraph-qzbcQC paragraph-element br-paragraph-space\">\n<div class=\"auto-hide-last-sibling-br paragraph-qzbcQC paragraph-element br-paragraph-space\">\n<div class=\"inter-wlTS5w\">\n<div class=\"container-QE4ayg\">\n<div class=\"item-jU10IN\">\n<div class=\"container-jODEnh chrome70-container\">\n<div class=\"inner-eE95c9 inner-item-aL3Ui_\" data-target-id=\"message-box-target-id\" data-testid=\"union_message\">\n<div class=\"message-block-container-liuetz\" data-testid=\"message-block-container\">\n<div class=\"message-box-ZWbBdF\" data-testid=\"receive_message\">\n<div class=\"message-box-content-wrapper-srHdUj\">\n<div class=\"message-content message-box-content-otxGGw receive-message-box-content-_lREFj samantha-message-box-content-Qjmpja\" data-testid=\"message_content\">\n<div class=\"container-hfX5E8 flow-markdown-body theme-samantha-yJEgBp\" dir=\"ltr\" data-testid=\"message_text_content\" data-show-indicator=\"false\">\n<div class=\"auto-hide-last-sibling-br paragraph-qzbcQC paragraph-element br-paragraph-space\">\n<div class=\"auto-hide-last-sibling-br paragraph-qzbcQC paragraph-element br-paragraph-space\">\n<div class=\"auto-hide-last-sibling-br paragraph-qzbcQC paragraph-element br-paragraph-space\">\n<div class=\"auto-hide-last-sibling-br paragraph-qzbcQC paragraph-element br-paragraph-space\">\n<div class=\"message-box-content-wrapper-srHdUj\">\n<div class=\"message-content message-box-content-otxGGw receive-message-box-content-_lREFj samantha-message-box-content-Qjmpja\" data-testid=\"message_content\">\n<div class=\"container-hfX5E8 flow-markdown-body theme-samantha-yJEgBp\" dir=\"ltr\" data-testid=\"message_text_content\" data-show-indicator=\"false\">\n<div class=\"auto-hide-last-sibling-br paragraph-qzbcQC paragraph-element br-paragraph-space\">\n<div class=\"auto-hide-last-sibling-br paragraph-qzbcQC paragraph-element br-paragraph-space\">Yeti\u015fkinler i\u00e7in titizlikle tasarlanm\u0131\u015f bir aksesuar olan Katlanabilir Seyahat Yast\u0131\u011f\u0131m\u0131z ile hareket halindeyken konforu kucaklay\u0131n. \u00d6l\u00e7\u00fcleri 26*<em>24*<\/em>7,5CM, ergonomik U \u015fekli boynu nazik\u00e7e sarar ve seyahatleriniz s\u0131ras\u0131nda bir destek cenneti sunar. \u0130ster uzun mesafeli bir u\u00e7u\u015fta g\u00f6ky\u00fcz\u00fcnde s\u00fcz\u00fcl\u00fcyor olun, ister \u00fclkeler aras\u0131 bir tren yolculu\u011funda ilerliyor olun ya da sadece kalabal\u0131k bir havaalan\u0131 bekleme salonunda vakit ge\u00e7iriyor olun, bu yast\u0131k boyun yorgunlu\u011fu ve rahats\u0131zl\u0131\u011f\u0131na kar\u015f\u0131 g\u00fcvenilir m\u00fcttefikinizdir.<\/div>\n<p>&nbsp;<\/p>\n<div class=\"auto-hide-last-sibling-br paragraph-qzbcQC paragraph-element br-paragraph-space\">Yumu\u015fak ve dayan\u0131kl\u0131 malzemelerin kar\u0131\u015f\u0131m\u0131ndan \u00fcretilmi\u015ftir, nazik bir kucaklama hissi verir ve uzun s\u00fcreli konfor vaat eder. Ancak onu di\u011ferlerinden ay\u0131ran \u015fey, ustaca katlanabilir tasar\u0131m\u0131d\u0131r. Zahmetsizce katlanabilir, \u00e7antan\u0131za veya valizinize kolayl\u0131kla s\u0131\u011far ve minimum yer kaplar. Bu da onu, tarz\u0131ndan \u00f6d\u00fcn vermeden s\u00fcrekli hareket halinde olanlar i\u00e7in m\u00fckemmel bir seyahat arkada\u015f\u0131 haline getiriyor. \u015e\u0131k, sade bir gri renkle kaplanm\u0131\u015f olan bu \u00fcr\u00fcn, pratik y\u00f6n\u00fcn\u00fc korurken sofistike bir his de yayar.<\/div>\n<p>&nbsp;<\/p>\n<div class=\"auto-hide-last-sibling-br paragraph-qzbcQC paragraph-element br-paragraph-space\">Seyahat merakl\u0131lar\u0131 bu \u00fcr\u00fcne \u00f6vg\u00fcler ya\u011fd\u0131rmakta gecikmedi. \"Bu katlanabilir seyahat yast\u0131\u011f\u0131 oyunun kurallar\u0131n\u0131 de\u011fi\u015ftiriyor! Eskiden boyun a\u011fr\u0131s\u0131 nedeniyle uzun u\u00e7u\u015flardan korkard\u0131m, ama \u015fimdi onlar\u0131 d\u00f6rt g\u00f6zle bekliyorum. \u00c7ok rahat ve paketlemesi kolay,\" diye \u00f6vg\u00fcler ya\u011fd\u0131rd\u0131 s\u0131k u\u00e7an bir yolcu. Bir ba\u015fka gezgin ise \"Yolculuklarda ve tren yolculuklar\u0131nda yan\u0131ma ald\u0131m. Kompakt, destekleyici ve gri rengi ona \u015f\u0131k bir g\u00f6r\u00fcn\u00fcm veriyor. Seyahat ekipman\u0131m\u0131n vazge\u00e7ilmez bir par\u00e7as\u0131 haline geldi.\"<\/div>\n<p>&nbsp;<\/p>\n<div class=\"auto-hide-last-sibling-br paragraph-qzbcQC paragraph-element br-paragraph-space\">\u00d6z\u00fcnde, Katlanabilir Seyahat Yast\u0131\u011f\u0131m\u0131z bir aksesuardan daha fazlas\u0131d\u0131r; her yolculu\u011fu daha keyifli ve dinlendirici bir deneyime d\u00f6n\u00fc\u015ft\u00fcren bir konfor biletidir.<\/div>\n<\/div>\n<\/div>\n<\/div>\n<\/div>\n<\/div>\n<\/div>\n<\/div>\n<\/div>\n<\/div>\n<\/div>\n<\/div>\n<\/div>\n<\/div>\n<\/div>\n<\/div>\n<\/div>\n<\/div>\n<\/div>\n<\/div>\n<\/div>\n<\/div>\n<\/div>\n<\/div>\n<\/div>","protected":false},"excerpt":{"rendered":"<p>Katlanabilir Seyahat Yast\u0131\u011f\u0131 yeti\u015fkinler i\u00e7in \u00f6zel olarak \u00fcretilmi\u015ftir. 26*'lik bir \u00f6zellik ile<em>24*<\/em>7.5CM, kompakt ve ergonomik U \u015fekli boynun etraf\u0131na rahat\u00e7a oturur ve seyahat s\u0131ras\u0131nda m\u00fckemmel destek sa\u011flar. \u0130ster uzun mesafeli bir u\u00e7u\u015fta, ister yorucu bir tren yolculu\u011funda ya da bekleme salonunda kestiriyor olun, bu yast\u0131k boyun yorgunlu\u011funu ve rahats\u0131zl\u0131\u011f\u0131n\u0131 \u00f6nlemeye yard\u0131mc\u0131 olur. Yumu\u015fak ve dayan\u0131kl\u0131 malzemelerden \u00fcretilmi\u015ftir ve rahat bir dokunu\u015f sa\u011flar. \u00d6ne \u00e7\u0131kan \u00f6zelli\u011fi, katlanabilir tasar\u0131m\u0131d\u0131r; bu sayede \u00e7antada veya valizde kolayca saklanabilir ve minimum yer kaplar. \u015e\u0131k gri rengiyle pratikli\u011fi sade ama \u015f\u0131k bir g\u00f6r\u00fcn\u00fcmle birle\u015ftiren bu \u00fcr\u00fcn, hareket halinde olanlar i\u00e7in vazge\u00e7ilmez bir seyahat arkada\u015f\u0131d\u0131r.<\/p>","protected":false},"featured_media":3452,"comment_status":"open","ping_status":"closed","template":"","meta":{"_uag_custom_page_level_css":"","site-sidebar-layout":"default","site-content-layout":"","ast-site-content-layout":"default","site-content-style":"default","site-sidebar-style":"default","ast-global-header-display":"","ast-banner-title-visibility":"","ast-main-header-display":"","ast-hfb-above-header-display":"","ast-hfb-below-header-display":"","ast-hfb-mobile-header-display":"","site-post-title":"","ast-breadcrumbs-content":"","ast-featured-img":"","footer-sml-layout":"","ast-disable-related-posts":"","theme-transparent-header-meta":"default","adv-header-id-meta":"","stick-header-meta":"","header-above-stick-meta":"","header-main-stick-meta":"","header-below-stick-meta":"","astra-migrate-meta-layouts":"set","ast-page-background-enabled":"default","ast-page-background-meta":{"desktop":{"background-color":"","background-image":"","background-repeat":"repeat","background-position":"center center","background-size":"auto","background-attachment":"scroll","background-type":"","background-media":"","overlay-type":"","overlay-color":"","overlay-opacity":"","overlay-gradient":""},"tablet":{"background-color":"","background-image":"","background-repeat":"repeat","background-position":"center center","background-size":"auto","background-attachment":"scroll","background-type":"","background-media":"","overlay-type":"","overlay-color":"","overlay-opacity":"","overlay-gradient":""},"mobile":{"background-color":"","background-image":"","background-repeat":"repeat","background-position":"center center","background-size":"auto","background-attachment":"scroll","background-type":"","background-media":"","overlay-type":"","overlay-color":"","overlay-opacity":"","overlay-gradient":""}},"ast-content-background-meta":{"desktop":{"background-color":"var(--ast-global-color-5)","background-image":"","background-repeat":"repeat","background-position":"center center","background-size":"auto","background-attachment":"scroll","background-type":"","background-media":"","overlay-type":"","overlay-color":"","overlay-opacity":"","overlay-gradient":""},"tablet":{"background-color":"var(--ast-global-color-5)","background-image":"","background-repeat":"repeat","background-position":"center center","background-size":"auto","background-attachment":"scroll","background-type":"","background-media":"","overlay-type":"","overlay-color":"","overlay-opacity":"","overlay-gradient":""},"mobile":{"background-color":"var(--ast-global-color-5)","background-image":"","background-repeat":"repeat","background-position":"center center","background-size":"auto","background-attachment":"scroll","background-type":"","background-media":"","overlay-type":"","overlay-color":"","overlay-opacity":"","overlay-gradient":""}}},"product_brand":[],"product_cat":[21],"product_tag":[70,68,71,69],"class_list":{"0":"post-3451","1":"product","2":"type-product","3":"status-publish","4":"has-post-thumbnail","6":"product_cat-others","7":"product_tag-babypillow","8":"product_tag-cuteanimalpillow","9":"product_tag-headshapesupport","10":"product_tag-kouniushapingpillow","11":"desktop-align-left","12":"tablet-align-left","13":"mobile-align-left","15":"first","16":"instock","17":"shipping-taxable","18":"product-type-simple"},"aioseo_notices":[],"uagb_featured_image_src":{"full":["https:\/\/babypillowwholesale.com\/wp-content\/uploads\/2025\/04\/1100.jpg",1000,1000,false],"thumbnail":["https:\/\/babypillowwholesale.com\/wp-content\/uploads\/2025\/04\/1100-150x150.jpg",150,150,true],"medium":["https:\/\/babypillowwholesale.com\/wp-content\/uploads\/2025\/04\/1100-300x300.jpg",300,300,true],"medium_large":["https:\/\/babypillowwholesale.com\/wp-content\/uploads\/2025\/04\/1100-768x768.jpg",768,768,true],"large":["https:\/\/babypillowwholesale.com\/wp-content\/uploads\/2025\/04\/1100.jpg",1000,1000,false],"1536x1536":["https:\/\/babypillowwholesale.com\/wp-content\/uploads\/2025\/04\/1100.jpg",1000,1000,false],"2048x2048":["https:\/\/babypillowwholesale.com\/wp-content\/uploads\/2025\/04\/1100.jpg",1000,1000,false],"trp-custom-language-flag":["https:\/\/babypillowwholesale.com\/wp-content\/uploads\/2025\/04\/1100.jpg",12,12,false],"woocommerce_thumbnail":["https:\/\/babypillowwholesale.com\/wp-content\/uploads\/2025\/04\/1100-300x300.jpg",300,300,true],"woocommerce_single":["https:\/\/babypillowwholesale.com\/wp-content\/uploads\/2025\/04\/1100-600x600.jpg",600,600,true],"woocommerce_gallery_thumbnail":["https:\/\/babypillowwholesale.com\/wp-content\/uploads\/2025\/04\/1100-100x100.jpg",100,100,true]},"uagb_author_info":{"display_name":"Etnen zhong","author_link":"https:\/\/babypillowwholesale.com\/tr\/author\/"},"uagb_comment_info":0,"uagb_excerpt":"The Foldable Travel Pillow is tailor - made for adults. With a specification of 26*24*7.5CM, its compact and ergonomic U - shape snugly fits around the neck, providing excellent support during travel. Whether you're on a long - distance flight, a tiring train journey, or simply taking a nap in a waiting lounge, this pillow&hellip;","jetpack_sharing_enabled":true,"_links":{"self":[{"href":"https:\/\/babypillowwholesale.com\/tr\/wp-json\/wp\/v2\/product\/3451","targetHints":{"allow":["GET"]}}],"collection":[{"href":"https:\/\/babypillowwholesale.com\/tr\/wp-json\/wp\/v2\/product"}],"about":[{"href":"https:\/\/babypillowwholesale.com\/tr\/wp-json\/wp\/v2\/types\/product"}],"replies":[{"embeddable":true,"href":"https:\/\/babypillowwholesale.com\/tr\/wp-json\/wp\/v2\/comments?post=3451"}],"wp:featuredmedia":[{"embeddable":true,"href":"https:\/\/babypillowwholesale.com\/tr\/wp-json\/wp\/v2\/media\/3452"}],"wp:attachment":[{"href":"https:\/\/babypillowwholesale.com\/tr\/wp-json\/wp\/v2\/media?parent=3451"}],"wp:term":[{"taxonomy":"product_brand","embeddable":true,"href":"https:\/\/babypillowwholesale.com\/tr\/wp-json\/wp\/v2\/product_brand?post=3451"},{"taxonomy":"product_cat","embeddable":true,"href":"https:\/\/babypillowwholesale.com\/tr\/wp-json\/wp\/v2\/product_cat?post=3451"},{"taxonomy":"product_tag","embeddable":true,"href":"https:\/\/babypillowwholesale.com\/tr\/wp-json\/wp\/v2\/product_tag?post=3451"}],"curies":[{"name":"wp","href":"https:\/\/api.w.org\/{rel}","templated":true}]}}