{"id":3448,"date":"2025-04-17T15:43:57","date_gmt":"2025-04-17T15:43:57","guid":{"rendered":"https:\/\/babypillowwholesale.com\/?post_type=product&#038;p=3448"},"modified":"2025-06-08T02:18:25","modified_gmt":"2025-06-08T02:18:25","slug":"hug-style-multi-purpose-nursing-pillow","status":"publish","type":"product","link":"https:\/\/babypillowwholesale.com\/tr\/product\/hug-style-multi-purpose-nursing-pillow\/","title":{"rendered":"Hug - style \u00c7ok Ama\u00e7l\u0131 Emzirme Yast\u0131\u011f\u0131"},"content":{"rendered":"<div class=\"auto-hide-last-sibling-br paragraph-qzbcQC paragraph-element br-paragraph-space\" data-immersive-translate-walked=\"8e61f2e7-6af2-46e5-9672-3b9e4f4033d9\" data-immersive-translate-paragraph=\"1\">\n<div class=\"auto-hide-last-sibling-br paragraph-qzbcQC paragraph-element br-paragraph-space\">\n<div class=\"auto-hide-last-sibling-br paragraph-qzbcQC paragraph-element br-paragraph-space\">\n<div class=\"auto-hide-last-sibling-br paragraph-qzbcQC paragraph-element br-paragraph-space\">\n<div class=\"auto-hide-last-sibling-br paragraph-qzbcQC paragraph-element br-paragraph-space\">\n<div class=\"auto-hide-last-sibling-br paragraph-qzbcQC paragraph-element br-paragraph-space\">\n<div class=\"inter-wlTS5w\">\n<div class=\"container-QE4ayg\">\n<div class=\"item-jU10IN\">\n<div class=\"container-jODEnh chrome70-container\">\n<div class=\"inner-eE95c9 inner-item-aL3Ui_\" data-target-id=\"message-box-target-id\" data-testid=\"union_message\">\n<div class=\"message-block-container-liuetz\" data-testid=\"message-block-container\">\n<div class=\"message-box-ZWbBdF\" data-testid=\"receive_message\">\n<div class=\"message-box-content-wrapper-srHdUj\">\n<div class=\"message-content message-box-content-otxGGw receive-message-box-content-_lREFj samantha-message-box-content-Qjmpja\" data-testid=\"message_content\">\n<div class=\"container-hfX5E8 flow-markdown-body theme-samantha-yJEgBp\" dir=\"ltr\" data-testid=\"message_text_content\" data-show-indicator=\"false\">\n<div class=\"auto-hide-last-sibling-br paragraph-qzbcQC paragraph-element br-paragraph-space\">\n<div class=\"auto-hide-last-sibling-br paragraph-qzbcQC paragraph-element br-paragraph-space\">\n<div class=\"auto-hide-last-sibling-br paragraph-qzbcQC paragraph-element br-paragraph-space\">\n<div class=\"auto-hide-last-sibling-br paragraph-qzbcQC paragraph-element br-paragraph-space\">\n<div class=\"message-box-content-wrapper-srHdUj\">\n<div class=\"message-content message-box-content-otxGGw receive-message-box-content-_lREFj samantha-message-box-content-Qjmpja\" data-testid=\"message_content\">\n<div class=\"container-hfX5E8 flow-markdown-body theme-samantha-yJEgBp\" dir=\"ltr\" data-testid=\"message_text_content\" data-show-indicator=\"false\">\n<div class=\"auto-hide-last-sibling-br paragraph-qzbcQC paragraph-element br-paragraph-space\">Emziren anneler i\u00e7in sevgiyle tasarlanm\u0131\u015f, besleyici bir temel olan Hug - style \u00c7ok Ama\u00e7l\u0131 Emzirme Yast\u0131\u011f\u0131 ile tan\u0131\u015f\u0131n. Ergonomik olarak \u015fekillendirilmi\u015f U \u015fekli, 46* \u00f6l\u00e7\u00fclerinde<em>42*<\/em>13CM, annenin v\u00fccudunu zarif bir \u015fekilde \u00e7evreleyerek s\u0131cak ve destekleyici bir kucak olu\u015fturur. Bu d\u00fc\u015f\u00fcnceli tasar\u0131m, annenin kollar\u0131 ve s\u0131rt\u0131 \u00fczerindeki y\u00fck\u00fc hafifletirken bebek i\u00e7in sabit ve rahat bir t\u00fcnek sa\u011flayarak beslenme zaman\u0131nda oyunun kurallar\u0131n\u0131 de\u011fi\u015ftirir. Yast\u0131\u011f\u0131n yumu\u015fak, dokulu bir y\u00fczeyle bezenmi\u015f y\u00fczeyi, bebe\u011fin hassas cildini ok\u015fayarak nazik ve ho\u015f bir deneyim sa\u011flar.<\/div>\n<p>&nbsp;<\/p>\n<div class=\"auto-hide-last-sibling-br paragraph-qzbcQC paragraph-element br-paragraph-space\">Yumu\u015fak pembe, sakinle\u015ftirici mavi, n\u00f6tr gri ve ne\u015feli sar\u0131 gibi g\u00fczel renklerden olu\u015fan bir palette mevcut olan bu \u00fcr\u00fcn, i\u015flevselli\u011fi \u015f\u0131k bir dokunu\u015fla kusursuz bir \u015fekilde harmanlayarak her t\u00fcrl\u00fc \u00e7ocuk odas\u0131 dekoruna uyum sa\u011flar. Ancak \u00e7ok y\u00f6nl\u00fcl\u00fc\u011f\u00fc emzirmekle bitmiyor. Oyun zaman\u0131 s\u0131ras\u0131nda bebek i\u00e7in g\u00fcvenilir bir deste\u011fe d\u00f6n\u00fc\u015f\u00fcr ve ke\u015fif i\u00e7in g\u00fcvenli ve rahat bir yer sunar. Anneler i\u00e7in ise pel\u00fc\u015f bir s\u0131rt dayana\u011f\u0131 olarak iki kat\u0131na \u00e7\u0131kar ve k\u00fc\u00e7\u00fck \u00e7ocuklar\u0131yla ilgilenirken rahatlama anlar\u0131 i\u00e7in m\u00fckemmeldir.<\/div>\n<p>&nbsp;<\/p>\n<div class=\"auto-hide-last-sibling-br paragraph-qzbcQC paragraph-element br-paragraph-space\">Anneler \u00f6vg\u00fclerini esirgemedi. \"Bu emzirme yast\u0131\u011f\u0131 hayat kurtar\u0131c\u0131! Emzirmeyi \u00e7ok daha kolay ve rahat hale getiriyor. Onsuz nas\u0131l idare etti\u011fimi bilmiyorum,\" diye payla\u015ft\u0131 yeni bir anne. Bir ba\u015fkas\u0131 ise \"Sadece emzirmek i\u00e7in olmamas\u0131n\u0131 seviyorum. Karn\u0131mdayken bebe\u011fimi desteklemek i\u00e7in ve yatakta kitap okurken arkal\u0131k olarak kullan\u0131yorum. \u00c7ok kullan\u0131\u015fl\u0131, \u00e7ok i\u015flevli bir \u00fcr\u00fcn.\"<\/div>\n<p>&nbsp;<\/p>\n<div class=\"auto-hide-last-sibling-br paragraph-qzbcQC paragraph-element br-paragraph-space\">\u00d6z\u00fcnde, Hug - style \u00c7ok Ama\u00e7l\u0131 Emzirme Yast\u0131\u011f\u0131 bir yast\u0131ktan daha fazlas\u0131d\u0131r; anneler i\u00e7in g\u00fcvenilir bir arkada\u015ft\u0131r, bebekleriyle ba\u011f kurma deneyimini geli\u015ftirir ve o de\u011ferli ilk g\u00fcnlere ve \u00f6tesine konfor ve rahatl\u0131k getirir.<\/div>\n<\/div>\n<\/div>\n<\/div>\n<\/div>\n<\/div>\n<\/div>\n<\/div>\n<\/div>\n<\/div>\n<\/div>\n<\/div>\n<\/div>\n<\/div>\n<\/div>\n<\/div>\n<\/div>\n<\/div>\n<\/div>\n<\/div>\n<\/div>\n<\/div>\n<\/div>\n<\/div>","protected":false},"excerpt":{"rendered":"<p>Hug - style \u00c7ok Ama\u00e7l\u0131 Emzirme Yast\u0131\u011f\u0131 emziren anneler i\u00e7in vazge\u00e7ilmez bir yard\u0131mc\u0131d\u0131r. Ergonomik U \u015feklindeki tasar\u0131m\u0131, 46* boyutunda<em>42*<\/em>13CM, annenin v\u00fccudunu rahat\u00e7a sararak beslenme s\u0131ras\u0131nda bebe\u011fe dengeli bir destek sa\u011flar. Bu, annenin kollar\u0131ndaki ve s\u0131rt\u0131ndaki gerginli\u011fi azaltmaya yard\u0131mc\u0131 olarak emzirme s\u00fcrecini daha rahat ve dinlendirici hale getirir. Y\u00fczey, bebe\u011fin cildine kar\u015f\u0131 nazik olan yumu\u015fak, dokulu bir y\u00fczeye sahiptir. Pembe, mavi, gri ve sar\u0131 gibi \u00e7e\u015fitli renklerde mevcut olan bu \u00fcr\u00fcn, i\u015flevselli\u011fi \u015f\u0131k bir dokunu\u015fla birle\u015ftirir. Emzirmenin \u00f6tesinde, oyun zaman\u0131 s\u0131ras\u0131nda bebe\u011fi desteklemek i\u00e7in veya anne i\u00e7in rahat bir s\u0131rtl\u0131k olarak da kullan\u0131labilir, bu da onu \u00e7ocuk odas\u0131na ger\u00e7ekten \u00e7ok i\u015flevli bir katk\u0131 haline getirir.<\/p>","protected":false},"featured_media":3449,"comment_status":"open","ping_status":"closed","template":"","meta":{"_uag_custom_page_level_css":"","site-sidebar-layout":"default","site-content-layout":"","ast-site-content-layout":"default","site-content-style":"default","site-sidebar-style":"default","ast-global-header-display":"","ast-banner-title-visibility":"","ast-main-header-display":"","ast-hfb-above-header-display":"","ast-hfb-below-header-display":"","ast-hfb-mobile-header-display":"","site-post-title":"","ast-breadcrumbs-content":"","ast-featured-img":"","footer-sml-layout":"","ast-disable-related-posts":"","theme-transparent-header-meta":"default","adv-header-id-meta":"","stick-header-meta":"","header-above-stick-meta":"","header-main-stick-meta":"","header-below-stick-meta":"","astra-migrate-meta-layouts":"set","ast-page-background-enabled":"default","ast-page-background-meta":{"desktop":{"background-color":"","background-image":"","background-repeat":"repeat","background-position":"center center","background-size":"auto","background-attachment":"scroll","background-type":"","background-media":"","overlay-type":"","overlay-color":"","overlay-opacity":"","overlay-gradient":""},"tablet":{"background-color":"","background-image":"","background-repeat":"repeat","background-position":"center center","background-size":"auto","background-attachment":"scroll","background-type":"","background-media":"","overlay-type":"","overlay-color":"","overlay-opacity":"","overlay-gradient":""},"mobile":{"background-color":"","background-image":"","background-repeat":"repeat","background-position":"center center","background-size":"auto","background-attachment":"scroll","background-type":"","background-media":"","overlay-type":"","overlay-color":"","overlay-opacity":"","overlay-gradient":""}},"ast-content-background-meta":{"desktop":{"background-color":"var(--ast-global-color-5)","background-image":"","background-repeat":"repeat","background-position":"center center","background-size":"auto","background-attachment":"scroll","background-type":"","background-media":"","overlay-type":"","overlay-color":"","overlay-opacity":"","overlay-gradient":""},"tablet":{"background-color":"var(--ast-global-color-5)","background-image":"","background-repeat":"repeat","background-position":"center center","background-size":"auto","background-attachment":"scroll","background-type":"","background-media":"","overlay-type":"","overlay-color":"","overlay-opacity":"","overlay-gradient":""},"mobile":{"background-color":"var(--ast-global-color-5)","background-image":"","background-repeat":"repeat","background-position":"center center","background-size":"auto","background-attachment":"scroll","background-type":"","background-media":"","overlay-type":"","overlay-color":"","overlay-opacity":"","overlay-gradient":""}}},"product_brand":[],"product_cat":[21],"product_tag":[70,68,71,69],"class_list":{"0":"post-3448","1":"product","2":"type-product","3":"status-publish","4":"has-post-thumbnail","6":"product_cat-others","7":"product_tag-babypillow","8":"product_tag-cuteanimalpillow","9":"product_tag-headshapesupport","10":"product_tag-kouniushapingpillow","11":"desktop-align-left","12":"tablet-align-left","13":"mobile-align-left","15":"first","16":"instock","17":"shipping-taxable","18":"product-type-simple"},"aioseo_notices":[],"uagb_featured_image_src":{"full":["https:\/\/babypillowwholesale.com\/wp-content\/uploads\/2025\/04\/1021.jpg",1000,1000,false],"thumbnail":["https:\/\/babypillowwholesale.com\/wp-content\/uploads\/2025\/04\/1021-150x150.jpg",150,150,true],"medium":["https:\/\/babypillowwholesale.com\/wp-content\/uploads\/2025\/04\/1021-300x300.jpg",300,300,true],"medium_large":["https:\/\/babypillowwholesale.com\/wp-content\/uploads\/2025\/04\/1021-768x768.jpg",768,768,true],"large":["https:\/\/babypillowwholesale.com\/wp-content\/uploads\/2025\/04\/1021.jpg",1000,1000,false],"1536x1536":["https:\/\/babypillowwholesale.com\/wp-content\/uploads\/2025\/04\/1021.jpg",1000,1000,false],"2048x2048":["https:\/\/babypillowwholesale.com\/wp-content\/uploads\/2025\/04\/1021.jpg",1000,1000,false],"trp-custom-language-flag":["https:\/\/babypillowwholesale.com\/wp-content\/uploads\/2025\/04\/1021.jpg",12,12,false],"woocommerce_thumbnail":["https:\/\/babypillowwholesale.com\/wp-content\/uploads\/2025\/04\/1021-300x300.jpg",300,300,true],"woocommerce_single":["https:\/\/babypillowwholesale.com\/wp-content\/uploads\/2025\/04\/1021-600x600.jpg",600,600,true],"woocommerce_gallery_thumbnail":["https:\/\/babypillowwholesale.com\/wp-content\/uploads\/2025\/04\/1021-100x100.jpg",100,100,true]},"uagb_author_info":{"display_name":"Etnen zhong","author_link":"https:\/\/babypillowwholesale.com\/tr\/author\/"},"uagb_comment_info":0,"uagb_excerpt":"The Hug - style Multi - purpose Nursing Pillow is an essential aid for nursing mothers. Its ergonomic U - shaped design, sized at 46*42*13CM, comfortably wraps around the mother's body, providing stable support for the baby during feeding. This helps reduce strain on the mother's arms and back, making the nursing process more comfortable&hellip;","jetpack_sharing_enabled":true,"_links":{"self":[{"href":"https:\/\/babypillowwholesale.com\/tr\/wp-json\/wp\/v2\/product\/3448","targetHints":{"allow":["GET"]}}],"collection":[{"href":"https:\/\/babypillowwholesale.com\/tr\/wp-json\/wp\/v2\/product"}],"about":[{"href":"https:\/\/babypillowwholesale.com\/tr\/wp-json\/wp\/v2\/types\/product"}],"replies":[{"embeddable":true,"href":"https:\/\/babypillowwholesale.com\/tr\/wp-json\/wp\/v2\/comments?post=3448"}],"wp:featuredmedia":[{"embeddable":true,"href":"https:\/\/babypillowwholesale.com\/tr\/wp-json\/wp\/v2\/media\/3449"}],"wp:attachment":[{"href":"https:\/\/babypillowwholesale.com\/tr\/wp-json\/wp\/v2\/media?parent=3448"}],"wp:term":[{"taxonomy":"product_brand","embeddable":true,"href":"https:\/\/babypillowwholesale.com\/tr\/wp-json\/wp\/v2\/product_brand?post=3448"},{"taxonomy":"product_cat","embeddable":true,"href":"https:\/\/babypillowwholesale.com\/tr\/wp-json\/wp\/v2\/product_cat?post=3448"},{"taxonomy":"product_tag","embeddable":true,"href":"https:\/\/babypillowwholesale.com\/tr\/wp-json\/wp\/v2\/product_tag?post=3448"}],"curies":[{"name":"wp","href":"https:\/\/api.w.org\/{rel}","templated":true}]}}