{"id":3445,"date":"2025-04-17T15:32:05","date_gmt":"2025-04-17T15:32:05","guid":{"rendered":"https:\/\/babypillowwholesale.com\/?post_type=product&#038;p=3445"},"modified":"2025-06-08T02:21:40","modified_gmt":"2025-06-08T02:21:40","slug":"u-shaped-neck-protecting-travel-pillow","status":"publish","type":"product","link":"https:\/\/babypillowwholesale.com\/tr\/product\/u-shaped-neck-protecting-travel-pillow\/","title":{"rendered":"U \u015eeklinde Boyun Koruyucu Seyahat Yast\u0131\u011f\u0131"},"content":{"rendered":"<div class=\"auto-hide-last-sibling-br paragraph-qzbcQC paragraph-element br-paragraph-space\" data-immersive-translate-walked=\"8e61f2e7-6af2-46e5-9672-3b9e4f4033d9\" data-immersive-translate-paragraph=\"1\">\n<div class=\"auto-hide-last-sibling-br paragraph-qzbcQC paragraph-element br-paragraph-space\">\n<div class=\"auto-hide-last-sibling-br paragraph-qzbcQC paragraph-element br-paragraph-space\">\n<div class=\"auto-hide-last-sibling-br paragraph-qzbcQC paragraph-element br-paragraph-space\">\n<div class=\"auto-hide-last-sibling-br paragraph-qzbcQC paragraph-element br-paragraph-space\">\n<div class=\"auto-hide-last-sibling-br paragraph-qzbcQC paragraph-element br-paragraph-space\">\n<div class=\"inter-wlTS5w\">\n<div class=\"container-QE4ayg\">\n<div class=\"item-jU10IN\">\n<div class=\"container-jODEnh chrome70-container\">\n<div class=\"inner-eE95c9 inner-item-aL3Ui_\" data-target-id=\"message-box-target-id\" data-testid=\"union_message\">\n<div class=\"message-block-container-liuetz\" data-testid=\"message-block-container\">\n<div class=\"message-box-ZWbBdF\" data-testid=\"receive_message\">\n<div class=\"message-box-content-wrapper-srHdUj\">\n<div class=\"message-content message-box-content-otxGGw receive-message-box-content-_lREFj samantha-message-box-content-Qjmpja\" data-testid=\"message_content\">\n<div class=\"container-hfX5E8 flow-markdown-body theme-samantha-yJEgBp\" dir=\"ltr\" data-testid=\"message_text_content\" data-show-indicator=\"false\">\n<div class=\"auto-hide-last-sibling-br paragraph-qzbcQC paragraph-element br-paragraph-space\">\n<div class=\"auto-hide-last-sibling-br paragraph-qzbcQC paragraph-element br-paragraph-space\">\n<div class=\"auto-hide-last-sibling-br paragraph-qzbcQC paragraph-element br-paragraph-space\">\n<div class=\"auto-hide-last-sibling-br paragraph-qzbcQC paragraph-element br-paragraph-space\">Yeti\u015fkinler i\u00e7in \u00f6zenle tasarlanm\u0131\u015f U \u015feklindeki boyun koruyucu Seyahat Yast\u0131\u011f\u0131m\u0131zla hareket halindeyken benzersiz konforun keyfini \u00e7\u0131kar\u0131n. \u00d6l\u00e7\u00fcleri 30*<em>30*<\/em>10CM, ergonomik olarak haz\u0131rlanm\u0131\u015f U \u015fekli, boynunuzun hatlar\u0131na zarif bir \u015fekilde uyum sa\u011flayarak onu bir destek be\u015fi\u011finde koza gibi sarar. Bu \u00f6zenli tasar\u0131m, ister uzun mesafeli bir u\u00e7u\u015fta k\u0131talar\u0131 a\u015f\u0131yor, ister manzaral\u0131 bir yolculu\u011fa \u00e7\u0131k\u0131yor ya da ofiste bir an dinleniyor olun, boyun gerginli\u011finin verdi\u011fi rahats\u0131zl\u0131\u011fa kar\u015f\u0131 bir kalkan g\u00f6revi g\u00f6r\u00fcr.<\/div>\n<p>&nbsp;<\/p>\n<div class=\"auto-hide-last-sibling-br paragraph-qzbcQC paragraph-element br-paragraph-space\">G\u00f6rkemli bir \u015fekilde yumu\u015fak, birinci s\u0131n\u0131f malzemelerden \u00fcretilen bu \u00fcr\u00fcn, cildinizi nazik bir dokunu\u015fla ok\u015fayarak l\u00fcks bir deneyim sa\u011flar. Klasik gri, b\u00fcy\u00fcleyici pembe ve dingin mavi olmak \u00fczere \u00fc\u00e7 farkl\u0131 \u015f\u0131k tonda sunulan bu \u00fcr\u00fcn, yaln\u0131zca i\u015flevsel bir temel g\u00f6revi g\u00f6rmekle kalmaz, ayn\u0131 zamanda seyahat tak\u0131m\u0131n\u0131za bir tutam ki\u015fisel yetenek katar.<\/div>\n<p>&nbsp;<\/p>\n<div class=\"auto-hide-last-sibling-br paragraph-qzbcQC paragraph-element br-paragraph-space\">Gezginler onu \u00f6ve \u00f6ve bitiremiyor. \"Bu seyahat yast\u0131\u011f\u0131 oyunun kurallar\u0131n\u0131 de\u011fi\u015ftiriyor! Boyun a\u011fr\u0131s\u0131 nedeniyle uzun u\u00e7u\u015flardan korkard\u0131m ama bu yast\u0131k son yolculu\u011fumu \u00e7ocuk oyunca\u011f\u0131 haline getirdi. \u00c7ok yumu\u015fak ve m\u00fckemmel oturuyor,\" diye payla\u015ft\u0131 s\u0131k u\u00e7an bir yolcu. Bir ba\u015fka m\u00fc\u015fteri ise, \"Her yolculu\u011fumda yan\u0131mda g\u00f6t\u00fcr\u00fcyorum. Kompakt, rahat ve renk se\u00e7enekleri harika. Seyahat ekipman\u0131m\u0131n vazge\u00e7ilmez bir par\u00e7as\u0131 haline geldi.\"<\/div>\n<p>&nbsp;<\/p>\n<div class=\"auto-hide-last-sibling-br paragraph-qzbcQC paragraph-element br-paragraph-space\">\u00d6z\u00fcnde, U \u015feklindeki Boyun koruyucu Seyahat Yast\u0131\u011f\u0131m\u0131z sadece bir aksesuar de\u011fildir; uzun veya k\u0131sa her yolculu\u011fu dinlendirici ve keyifli bir deneyime d\u00f6n\u00fc\u015ft\u00fcren bir konfor pasaportudur.<\/div>\n<\/div>\n<\/div>\n<\/div>\n<\/div>\n<\/div>\n<\/div>\n<\/div>\n<\/div>\n<\/div>\n<\/div>\n<\/div>\n<\/div>\n<\/div>\n<\/div>\n<\/div>\n<\/div>\n<\/div>\n<\/div>\n<\/div>","protected":false},"excerpt":{"rendered":"<p>U \u015feklindeki Boyun koruyucu Seyahat Yast\u0131\u011f\u0131 yeti\u015fkinler i\u00e7in \u00f6zel olarak \u00fcretilmi\u015ftir. 30*'luk bir \u00f6zellik ile<em>30*<\/em>10CM, ergonomik U \u015fekli boyuna rahat\u00e7a oturur, m\u00fckemmel destek sa\u011flar ve seyahat s\u0131ras\u0131nda boyun gerginli\u011fini etkili bir \u015fekilde \u00f6nler. \u0130ster uzun mesafeli bir u\u00e7u\u015fta, ister karayolu yolculu\u011funda olun, ister ofiste kestiriyor olun, bu yast\u0131k rahat ve kullan\u0131\u015fl\u0131 bir \u00e7\u00f6z\u00fcm sunar. Yumu\u015fak ve y\u00fcksek kaliteli malzemelerden \u00fcretilmi\u015ftir, cilde kar\u015f\u0131 nazik bir his verir. Gri, pembe ve mavi olmak \u00fczere \u00fc\u00e7 \u015f\u0131k renk se\u00e7ene\u011fiyle sunulan bu yast\u0131k, i\u015flevselli\u011fi ki\u015fisel stil dokunu\u015fuyla birle\u015ftirerek hareket halindeyken konfor arayanlar i\u00e7in vazge\u00e7ilmez bir seyahat aksesuar\u0131 haline geliyor.<\/p>","protected":false},"featured_media":3446,"comment_status":"open","ping_status":"closed","template":"","meta":{"_uag_custom_page_level_css":"","site-sidebar-layout":"default","site-content-layout":"","ast-site-content-layout":"default","site-content-style":"default","site-sidebar-style":"default","ast-global-header-display":"","ast-banner-title-visibility":"","ast-main-header-display":"","ast-hfb-above-header-display":"","ast-hfb-below-header-display":"","ast-hfb-mobile-header-display":"","site-post-title":"","ast-breadcrumbs-content":"","ast-featured-img":"","footer-sml-layout":"","ast-disable-related-posts":"","theme-transparent-header-meta":"default","adv-header-id-meta":"","stick-header-meta":"","header-above-stick-meta":"","header-main-stick-meta":"","header-below-stick-meta":"","astra-migrate-meta-layouts":"set","ast-page-background-enabled":"default","ast-page-background-meta":{"desktop":{"background-color":"","background-image":"","background-repeat":"repeat","background-position":"center center","background-size":"auto","background-attachment":"scroll","background-type":"","background-media":"","overlay-type":"","overlay-color":"","overlay-opacity":"","overlay-gradient":""},"tablet":{"background-color":"","background-image":"","background-repeat":"repeat","background-position":"center center","background-size":"auto","background-attachment":"scroll","background-type":"","background-media":"","overlay-type":"","overlay-color":"","overlay-opacity":"","overlay-gradient":""},"mobile":{"background-color":"","background-image":"","background-repeat":"repeat","background-position":"center center","background-size":"auto","background-attachment":"scroll","background-type":"","background-media":"","overlay-type":"","overlay-color":"","overlay-opacity":"","overlay-gradient":""}},"ast-content-background-meta":{"desktop":{"background-color":"var(--ast-global-color-5)","background-image":"","background-repeat":"repeat","background-position":"center center","background-size":"auto","background-attachment":"scroll","background-type":"","background-media":"","overlay-type":"","overlay-color":"","overlay-opacity":"","overlay-gradient":""},"tablet":{"background-color":"var(--ast-global-color-5)","background-image":"","background-repeat":"repeat","background-position":"center center","background-size":"auto","background-attachment":"scroll","background-type":"","background-media":"","overlay-type":"","overlay-color":"","overlay-opacity":"","overlay-gradient":""},"mobile":{"background-color":"var(--ast-global-color-5)","background-image":"","background-repeat":"repeat","background-position":"center center","background-size":"auto","background-attachment":"scroll","background-type":"","background-media":"","overlay-type":"","overlay-color":"","overlay-opacity":"","overlay-gradient":""}}},"product_brand":[],"product_cat":[21],"product_tag":[70,68,71,69],"class_list":{"0":"post-3445","1":"product","2":"type-product","3":"status-publish","4":"has-post-thumbnail","6":"product_cat-others","7":"product_tag-babypillow","8":"product_tag-cuteanimalpillow","9":"product_tag-headshapesupport","10":"product_tag-kouniushapingpillow","11":"desktop-align-left","12":"tablet-align-left","13":"mobile-align-left","15":"first","16":"instock","17":"shipping-taxable","18":"product-type-simple"},"aioseo_notices":[],"uagb_featured_image_src":{"full":["https:\/\/babypillowwholesale.com\/wp-content\/uploads\/2025\/04\/\u4ea7\u54c1\u4e3b\u56fe-7.jpg",1000,1000,false],"thumbnail":["https:\/\/babypillowwholesale.com\/wp-content\/uploads\/2025\/04\/\u4ea7\u54c1\u4e3b\u56fe-7-150x150.jpg",150,150,true],"medium":["https:\/\/babypillowwholesale.com\/wp-content\/uploads\/2025\/04\/\u4ea7\u54c1\u4e3b\u56fe-7-300x300.jpg",300,300,true],"medium_large":["https:\/\/babypillowwholesale.com\/wp-content\/uploads\/2025\/04\/\u4ea7\u54c1\u4e3b\u56fe-7-768x768.jpg",768,768,true],"large":["https:\/\/babypillowwholesale.com\/wp-content\/uploads\/2025\/04\/\u4ea7\u54c1\u4e3b\u56fe-7.jpg",1000,1000,false],"1536x1536":["https:\/\/babypillowwholesale.com\/wp-content\/uploads\/2025\/04\/\u4ea7\u54c1\u4e3b\u56fe-7.jpg",1000,1000,false],"2048x2048":["https:\/\/babypillowwholesale.com\/wp-content\/uploads\/2025\/04\/\u4ea7\u54c1\u4e3b\u56fe-7.jpg",1000,1000,false],"trp-custom-language-flag":["https:\/\/babypillowwholesale.com\/wp-content\/uploads\/2025\/04\/\u4ea7\u54c1\u4e3b\u56fe-7.jpg",12,12,false],"woocommerce_thumbnail":["https:\/\/babypillowwholesale.com\/wp-content\/uploads\/2025\/04\/\u4ea7\u54c1\u4e3b\u56fe-7-300x300.jpg",300,300,true],"woocommerce_single":["https:\/\/babypillowwholesale.com\/wp-content\/uploads\/2025\/04\/\u4ea7\u54c1\u4e3b\u56fe-7-600x600.jpg",600,600,true],"woocommerce_gallery_thumbnail":["https:\/\/babypillowwholesale.com\/wp-content\/uploads\/2025\/04\/\u4ea7\u54c1\u4e3b\u56fe-7-100x100.jpg",100,100,true]},"uagb_author_info":{"display_name":"Etnen zhong","author_link":"https:\/\/babypillowwholesale.com\/tr\/author\/"},"uagb_comment_info":0,"uagb_excerpt":"The U - shaped Neck - protecting Travel Pillow is tailor - made for adults. With a specification of 30*30*10CM, its ergonomic U - shape snugly contours to the neck, providing excellent support and effectively preventing neck strain during travel. Whether you're on a long - haul flight, a road trip, or simply taking a&hellip;","jetpack_sharing_enabled":true,"_links":{"self":[{"href":"https:\/\/babypillowwholesale.com\/tr\/wp-json\/wp\/v2\/product\/3445","targetHints":{"allow":["GET"]}}],"collection":[{"href":"https:\/\/babypillowwholesale.com\/tr\/wp-json\/wp\/v2\/product"}],"about":[{"href":"https:\/\/babypillowwholesale.com\/tr\/wp-json\/wp\/v2\/types\/product"}],"replies":[{"embeddable":true,"href":"https:\/\/babypillowwholesale.com\/tr\/wp-json\/wp\/v2\/comments?post=3445"}],"wp:featuredmedia":[{"embeddable":true,"href":"https:\/\/babypillowwholesale.com\/tr\/wp-json\/wp\/v2\/media\/3446"}],"wp:attachment":[{"href":"https:\/\/babypillowwholesale.com\/tr\/wp-json\/wp\/v2\/media?parent=3445"}],"wp:term":[{"taxonomy":"product_brand","embeddable":true,"href":"https:\/\/babypillowwholesale.com\/tr\/wp-json\/wp\/v2\/product_brand?post=3445"},{"taxonomy":"product_cat","embeddable":true,"href":"https:\/\/babypillowwholesale.com\/tr\/wp-json\/wp\/v2\/product_cat?post=3445"},{"taxonomy":"product_tag","embeddable":true,"href":"https:\/\/babypillowwholesale.com\/tr\/wp-json\/wp\/v2\/product_tag?post=3445"}],"curies":[{"name":"wp","href":"https:\/\/api.w.org\/{rel}","templated":true}]}}