{"id":3442,"date":"2025-04-16T15:49:53","date_gmt":"2025-04-16T15:49:53","guid":{"rendered":"https:\/\/babypillowwholesale.com\/?post_type=product&#038;p=3442"},"modified":"2025-06-08T02:26:28","modified_gmt":"2025-06-08T02:26:28","slug":"printed-curved-comfort-sleep-pillow","status":"publish","type":"product","link":"https:\/\/babypillowwholesale.com\/tr\/product\/printed-curved-comfort-sleep-pillow\/","title":{"rendered":"Bask\u0131l\u0131 Kavisli Konfor Uyku Yast\u0131\u011f\u0131"},"content":{"rendered":"<div class=\"auto-hide-last-sibling-br paragraph-qzbcQC paragraph-element br-paragraph-space\" data-immersive-translate-walked=\"8e61f2e7-6af2-46e5-9672-3b9e4f4033d9\" data-immersive-translate-paragraph=\"1\">\n<div class=\"auto-hide-last-sibling-br paragraph-qzbcQC paragraph-element br-paragraph-space\">\n<div class=\"auto-hide-last-sibling-br paragraph-qzbcQC paragraph-element br-paragraph-space\">\n<div class=\"auto-hide-last-sibling-br paragraph-qzbcQC paragraph-element br-paragraph-space\">\n<div class=\"auto-hide-last-sibling-br paragraph-qzbcQC paragraph-element br-paragraph-space\">\n<div class=\"auto-hide-last-sibling-br paragraph-qzbcQC paragraph-element br-paragraph-space\">\n<div class=\"inter-wlTS5w\">\n<div class=\"container-QE4ayg\">\n<div class=\"item-jU10IN\">\n<div class=\"container-jODEnh chrome70-container\">\n<div class=\"inner-eE95c9 inner-item-aL3Ui_\" data-target-id=\"message-box-target-id\" data-testid=\"union_message\">\n<div class=\"message-block-container-liuetz\" data-testid=\"message-block-container\">\n<div class=\"message-box-ZWbBdF\" data-testid=\"receive_message\">\n<div class=\"message-box-content-wrapper-srHdUj\">\n<div class=\"message-content message-box-content-otxGGw receive-message-box-content-_lREFj samantha-message-box-content-Qjmpja\" data-testid=\"message_content\">\n<div class=\"container-hfX5E8 flow-markdown-body theme-samantha-yJEgBp\" dir=\"ltr\" data-testid=\"message_text_content\" data-show-indicator=\"false\">\n<div class=\"auto-hide-last-sibling-br paragraph-qzbcQC paragraph-element br-paragraph-space\">\n<div class=\"auto-hide-last-sibling-br paragraph-qzbcQC paragraph-element br-paragraph-space\">\n<div class=\"auto-hide-last-sibling-br paragraph-qzbcQC paragraph-element br-paragraph-space\">\n<div class=\"auto-hide-last-sibling-br paragraph-qzbcQC paragraph-element br-paragraph-space\">\n<div class=\"auto-hide-last-sibling-br paragraph-qzbcQC paragraph-element br-paragraph-space\">\n<div class=\"auto-hide-last-sibling-br paragraph-qzbcQC paragraph-element br-paragraph-space\">\n<div class=\"inter-wlTS5w\">\n<div class=\"container-QE4ayg\">\n<div class=\"item-jU10IN\">\n<div class=\"container-jODEnh chrome70-container\">\n<div class=\"inner-eE95c9 inner-item-aL3Ui_\" data-target-id=\"message-box-target-id\" data-testid=\"union_message\">\n<div class=\"message-block-container-liuetz\" data-testid=\"message-block-container\">\n<div class=\"message-box-ZWbBdF\" data-testid=\"receive_message\" data-message-id=\"3117344892904450\">\n<div class=\"message-box-content-wrapper-srHdUj\">\n<div class=\"message-content message-box-content-otxGGw receive-message-box-content-_lREFj samantha-message-box-content-Qjmpja\" data-testid=\"message_content\">\n<div class=\"container-hfX5E8 flow-markdown-body theme-samantha-yJEgBp\" dir=\"ltr\" data-testid=\"message_text_content\" data-show-indicator=\"false\">\n<div class=\"auto-hide-last-sibling-br paragraph-qzbcQC paragraph-element br-paragraph-space\">\n<div class=\"inter-wlTS5w\">\n<div class=\"container-QE4ayg\">\n<div class=\"item-jU10IN\">\n<div class=\"container-jODEnh chrome70-container\">\n<div class=\"inner-eE95c9 inner-item-aL3Ui_\" data-target-id=\"message-box-target-id\" data-testid=\"union_message\">\n<div class=\"message-block-container-liuetz\" data-testid=\"message-block-container\">\n<div class=\"message-box-ZWbBdF\" data-testid=\"receive_message\" data-message-id=\"3118336188382466\">\n<div class=\"message-box-content-wrapper-srHdUj\">\n<div class=\"message-content message-box-content-otxGGw receive-message-box-content-_lREFj samantha-message-box-content-Qjmpja\" data-testid=\"message_content\">\n<div class=\"container-hfX5E8 flow-markdown-body theme-samantha-yJEgBp\" dir=\"ltr\" data-testid=\"message_text_content\" data-show-indicator=\"false\">\n<div class=\"auto-hide-last-sibling-br paragraph-qzbcQC paragraph-element br-paragraph-space\">\n<div class=\"auto-hide-last-sibling-br paragraph-qzbcQC paragraph-element br-paragraph-space\">\n<div class=\"auto-hide-last-sibling-br paragraph-qzbcQC paragraph-element br-paragraph-space\">\n<div class=\"auto-hide-last-sibling-br paragraph-qzbcQC paragraph-element br-paragraph-space\">\n<div class=\"auto-hide-last-sibling-br paragraph-qzbcQC paragraph-element br-paragraph-space\">\n<div class=\"auto-hide-last-sibling-br paragraph-qzbcQC paragraph-element br-paragraph-space\">\n<div class=\"auto-hide-last-sibling-br paragraph-qzbcQC paragraph-element br-paragraph-space\">Yeti\u015fkinler de dahil olmak \u00fczere 8 ya\u015f ve \u00fczeri ki\u015filer i\u00e7in \u00f6zenle haz\u0131rlanm\u0131\u015f bir rahatlama cenneti olan Bask\u0131l\u0131 Kavisli Konfor Uyku Yast\u0131\u011f\u0131 ile g\u00f6ksel bir uykuyu kucaklay\u0131n. Zarif bir \u015fekilde \u015fekillendirilmi\u015f ergonomik tasar\u0131m\u0131, boynunuzun ve ba\u015f\u0131n\u0131z\u0131n do\u011fal k\u0131vr\u0131mlar\u0131n\u0131 sevgiyle sararak g\u00fcn\u00fcn gerginli\u011fini boynunuzdan ve omuzlar\u0131n\u0131zdan uzakla\u015ft\u0131ran benzersiz bir destek sa\u011flar. 60* \u00d6l\u00e7\u00fclerinde<em>35*<\/em>5\/7CM, ferah ve davetkar bir y\u00fczey, gece dinlenmeniz i\u00e7in pel\u00fc\u015f bir s\u0131\u011f\u0131nak sunar.<\/div>\n<p>&nbsp;<\/p>\n<div class=\"auto-hide-last-sibling-br paragraph-qzbcQC paragraph-element br-paragraph-space\">B\u00fcy\u00fcleyici uzay temal\u0131 bask\u0131larla s\u00fcslenen yast\u0131k, uyku alan\u0131n\u0131z\u0131 kozmik bir harikalar diyar\u0131na d\u00f6n\u00fc\u015ft\u00fcr\u00fcr. Gezegenlerden olu\u015fan bir tak\u0131my\u0131ld\u0131z\u0131, par\u0131ldayan y\u0131ld\u0131zlar ve di\u011fer g\u00f6ksel motifler, y\u00fczeyinde dans ederek tuhafl\u0131k ve gizem duygusu a\u015f\u0131lar. Her bir yast\u0131k, rastgele bask\u0131lar\u0131yla yatak odan\u0131za \u00f6zel bir dokunu\u015f katan e\u015fsiz bir sanat eseridir.<\/div>\n<p>&nbsp;<\/p>\n<div class=\"auto-hide-last-sibling-br paragraph-qzbcQC paragraph-element br-paragraph-space\">Birinci s\u0131n\u0131f malzemelerden \u00fcretilen bu yast\u0131k, yumu\u015fakl\u0131k ve konforun bir \u00f6rne\u011fidir. \u0130ster i\u015fte ge\u00e7irdi\u011finiz uzun bir g\u00fcn\u00fcn ard\u0131ndan yorgunlu\u011funuzu at\u0131yor, ister akademik bask\u0131lardan kurtulmak istiyor ya da sadece daha iyi bir gece uykusu i\u00e7in can at\u0131yor olun, bu yast\u0131k r\u00fcya alemine giden biletiniz olacak.<\/div>\n<p>&nbsp;<\/p>\n<div class=\"auto-hide-last-sibling-br paragraph-qzbcQC paragraph-element br-paragraph-space\">Kullan\u0131c\u0131lar \u00f6vg\u00fclerini esirgemiyor. \"Bu yast\u0131k oyunun kurallar\u0131n\u0131 de\u011fi\u015ftiriyor! K\u0131vr\u0131m\u0131 boynuma tam oturuyor ve uzay bask\u0131lar\u0131 \u00e7ok e\u011flenceli. Her gece yata\u011fa girmeyi iple \u00e7ekiyorum,\" diyor memnun bir m\u00fc\u015fteri. Bir ba\u015fkas\u0131 ise, \"Kronik boyun a\u011fr\u0131m vard\u0131 ama bu yast\u0131k b\u00fcy\u00fck bir fark yaratt\u0131. Yumu\u015fak, destekleyici ve ald\u0131\u011f\u0131m rastgele bask\u0131 \u00e7ok g\u00fczel. Ger\u00e7ekten sahip olunmas\u0131 gereken bir \u015fey.\"<\/div>\n<p>&nbsp;<\/p>\n<div class=\"auto-hide-last-sibling-br paragraph-qzbcQC paragraph-element br-paragraph-space\">\u00d6z\u00fcnde, Bask\u0131l\u0131 Kavisli Konfor Uyku Yast\u0131\u011f\u0131 bir yatak e\u015fyas\u0131ndan daha fazlas\u0131d\u0131r; her gecenin huzurlu bir uykuya yolculuk olmas\u0131n\u0131 sa\u011flamak i\u00e7in konfor, stil ve bir tutam kozmik cazibeyi harmanlayarak uyku deneyiminizi y\u00fckselten g\u00f6ksel esintili bir arkada\u015ft\u0131r.<\/div>\n<\/div>\n<\/div>\n<\/div>\n<\/div>\n<\/div>\n<\/div>\n<\/div>\n<\/div>\n<\/div>\n<\/div>\n<\/div>\n<\/div>\n<\/div>\n<\/div>\n<\/div>\n<\/div>\n<\/div>\n<\/div>\n<\/div>\n<\/div>\n<\/div>\n<\/div>\n<\/div>\n<\/div>\n<\/div>\n<\/div>\n<\/div>\n<\/div>\n<\/div>\n<\/div>\n<\/div>\n<\/div>\n<\/div>\n<\/div>\n<\/div>\n<\/div>\n<\/div>\n<\/div>\n<\/div>\n<\/div>\n<\/div>\n<\/div>\n<\/div>\n<\/div>\n<\/div>\n<\/div>\n<\/div>\n<\/div>\n<\/div>","protected":false},"excerpt":{"rendered":"<div class=\"container-QE4ayg\">\n<div class=\"item-jU10IN\">\n<div class=\"container-jODEnh chrome70-container\">\n<div class=\"inner-eE95c9 inner-item-aL3Ui_\" data-target-id=\"message-box-target-id\" data-testid=\"union_message\">\n<div class=\"message-block-container-liuetz\" data-testid=\"message-block-container\">\n<div class=\"message-box-ZWbBdF\" data-testid=\"receive_message\" data-message-id=\"3087713235977218\">\n<div class=\"message-box-content-wrapper-srHdUj\">\n<div class=\"message-content message-box-content-otxGGw receive-message-box-content-_lREFj samantha-message-box-content-Qjmpja\" data-testid=\"message_content\">\n<div class=\"container-hfX5E8 flow-markdown-body theme-samantha-yJEgBp\" dir=\"ltr\" data-testid=\"message_text_content\" data-show-indicator=\"false\">\n<div class=\"auto-hide-last-sibling-br paragraph-qzbcQC paragraph-element br-paragraph-space\">Bu Bask\u0131l\u0131 Kavisli Konfor Uyku Yast\u0131\u011f\u0131, yeti\u015fkinler de dahil olmak \u00fczere 8 ya\u015f ve \u00fczeri bireyler i\u00e7in ideal bir se\u00e7imdir. Ergonomik kavisli tasar\u0131m\u0131 boyun ve ba\u015f\u0131n do\u011fal \u015fekline m\u00fckemmel uyum sa\u011flayarak m\u00fckemmel destek sunar ve boyun ve omuz yorgunlu\u011funu etkili bir \u015fekilde giderir. 60*'l\u0131k bir \u00f6zellik ile<em>35*<\/em>5 \/ 7CM, geni\u015f ve rahat bir dinlenme alan\u0131 sunar. Yast\u0131k, \u00e7e\u015fitli gezegenler, y\u0131ld\u0131zlar ve di\u011fer g\u00f6ksel unsurlar\u0131 i\u00e7eren b\u00fcy\u00fcleyici uzay temal\u0131 bask\u0131larla s\u00fcslenmi\u015f olup, tuhaf ve gizemli bir dokunu\u015f katmaktad\u0131r. Rastgele bask\u0131lar her yast\u0131\u011f\u0131 benzersiz k\u0131lar. Y\u00fcksek kaliteli malzemelerden \u00fcretilen yast\u0131k, yumu\u015fak ve rahat bir his sa\u011flayarak dinlendirici bir gece uykusu i\u00e7in m\u00fckemmel bir uyku ortam\u0131 yarat\u0131r.<\/div>\n<\/div>\n<\/div>\n<\/div>\n<\/div>\n<\/div>\n<\/div>\n<\/div>\n<\/div>\n<\/div>","protected":false},"featured_media":3443,"comment_status":"open","ping_status":"closed","template":"","meta":{"_uag_custom_page_level_css":"","site-sidebar-layout":"default","site-content-layout":"","ast-site-content-layout":"default","site-content-style":"default","site-sidebar-style":"default","ast-global-header-display":"","ast-banner-title-visibility":"","ast-main-header-display":"","ast-hfb-above-header-display":"","ast-hfb-below-header-display":"","ast-hfb-mobile-header-display":"","site-post-title":"","ast-breadcrumbs-content":"","ast-featured-img":"","footer-sml-layout":"","ast-disable-related-posts":"","theme-transparent-header-meta":"default","adv-header-id-meta":"","stick-header-meta":"","header-above-stick-meta":"","header-main-stick-meta":"","header-below-stick-meta":"","astra-migrate-meta-layouts":"set","ast-page-background-enabled":"default","ast-page-background-meta":{"desktop":{"background-color":"","background-image":"","background-repeat":"repeat","background-position":"center center","background-size":"auto","background-attachment":"scroll","background-type":"","background-media":"","overlay-type":"","overlay-color":"","overlay-opacity":"","overlay-gradient":""},"tablet":{"background-color":"","background-image":"","background-repeat":"repeat","background-position":"center center","background-size":"auto","background-attachment":"scroll","background-type":"","background-media":"","overlay-type":"","overlay-color":"","overlay-opacity":"","overlay-gradient":""},"mobile":{"background-color":"","background-image":"","background-repeat":"repeat","background-position":"center center","background-size":"auto","background-attachment":"scroll","background-type":"","background-media":"","overlay-type":"","overlay-color":"","overlay-opacity":"","overlay-gradient":""}},"ast-content-background-meta":{"desktop":{"background-color":"var(--ast-global-color-5)","background-image":"","background-repeat":"repeat","background-position":"center center","background-size":"auto","background-attachment":"scroll","background-type":"","background-media":"","overlay-type":"","overlay-color":"","overlay-opacity":"","overlay-gradient":""},"tablet":{"background-color":"var(--ast-global-color-5)","background-image":"","background-repeat":"repeat","background-position":"center center","background-size":"auto","background-attachment":"scroll","background-type":"","background-media":"","overlay-type":"","overlay-color":"","overlay-opacity":"","overlay-gradient":""},"mobile":{"background-color":"var(--ast-global-color-5)","background-image":"","background-repeat":"repeat","background-position":"center center","background-size":"auto","background-attachment":"scroll","background-type":"","background-media":"","overlay-type":"","overlay-color":"","overlay-opacity":"","overlay-gradient":""}}},"product_brand":[],"product_cat":[58,42],"product_tag":[70,68,71,69],"class_list":{"0":"post-3442","1":"product","2":"type-product","3":"status-publish","4":"has-post-thumbnail","6":"product_cat-above-8-years-and-adults","7":"product_cat-merchandise","8":"product_tag-babypillow","9":"product_tag-cuteanimalpillow","10":"product_tag-headshapesupport","11":"product_tag-kouniushapingpillow","12":"desktop-align-left","13":"tablet-align-left","14":"mobile-align-left","16":"first","17":"instock","18":"shipping-taxable","19":"product-type-simple"},"aioseo_notices":[],"uagb_featured_image_src":{"full":["https:\/\/babypillowwholesale.com\/wp-content\/uploads\/2025\/04\/1560.jpg",1000,1000,false],"thumbnail":["https:\/\/babypillowwholesale.com\/wp-content\/uploads\/2025\/04\/1560-150x150.jpg",150,150,true],"medium":["https:\/\/babypillowwholesale.com\/wp-content\/uploads\/2025\/04\/1560-300x300.jpg",300,300,true],"medium_large":["https:\/\/babypillowwholesale.com\/wp-content\/uploads\/2025\/04\/1560-768x768.jpg",768,768,true],"large":["https:\/\/babypillowwholesale.com\/wp-content\/uploads\/2025\/04\/1560.jpg",1000,1000,false],"1536x1536":["https:\/\/babypillowwholesale.com\/wp-content\/uploads\/2025\/04\/1560.jpg",1000,1000,false],"2048x2048":["https:\/\/babypillowwholesale.com\/wp-content\/uploads\/2025\/04\/1560.jpg",1000,1000,false],"trp-custom-language-flag":["https:\/\/babypillowwholesale.com\/wp-content\/uploads\/2025\/04\/1560.jpg",12,12,false],"woocommerce_thumbnail":["https:\/\/babypillowwholesale.com\/wp-content\/uploads\/2025\/04\/1560-300x300.jpg",300,300,true],"woocommerce_single":["https:\/\/babypillowwholesale.com\/wp-content\/uploads\/2025\/04\/1560-600x600.jpg",600,600,true],"woocommerce_gallery_thumbnail":["https:\/\/babypillowwholesale.com\/wp-content\/uploads\/2025\/04\/1560-100x100.jpg",100,100,true]},"uagb_author_info":{"display_name":"Etnen zhong","author_link":"https:\/\/babypillowwholesale.com\/tr\/author\/"},"uagb_comment_info":0,"uagb_excerpt":"This Printed Curved Comfort Sleep Pillow is an ideal choice for individuals aged 8 and above, including adults. Its ergonomic curved design conforms perfectly to the natural shape of the neck and head, providing excellent support and effectively relieving neck and shoulder fatigue. With a specification of 60*35*5\/7CM, it offers a spacious and comfortable resting&hellip;","jetpack_sharing_enabled":true,"_links":{"self":[{"href":"https:\/\/babypillowwholesale.com\/tr\/wp-json\/wp\/v2\/product\/3442","targetHints":{"allow":["GET"]}}],"collection":[{"href":"https:\/\/babypillowwholesale.com\/tr\/wp-json\/wp\/v2\/product"}],"about":[{"href":"https:\/\/babypillowwholesale.com\/tr\/wp-json\/wp\/v2\/types\/product"}],"replies":[{"embeddable":true,"href":"https:\/\/babypillowwholesale.com\/tr\/wp-json\/wp\/v2\/comments?post=3442"}],"wp:featuredmedia":[{"embeddable":true,"href":"https:\/\/babypillowwholesale.com\/tr\/wp-json\/wp\/v2\/media\/3443"}],"wp:attachment":[{"href":"https:\/\/babypillowwholesale.com\/tr\/wp-json\/wp\/v2\/media?parent=3442"}],"wp:term":[{"taxonomy":"product_brand","embeddable":true,"href":"https:\/\/babypillowwholesale.com\/tr\/wp-json\/wp\/v2\/product_brand?post=3442"},{"taxonomy":"product_cat","embeddable":true,"href":"https:\/\/babypillowwholesale.com\/tr\/wp-json\/wp\/v2\/product_cat?post=3442"},{"taxonomy":"product_tag","embeddable":true,"href":"https:\/\/babypillowwholesale.com\/tr\/wp-json\/wp\/v2\/product_tag?post=3442"}],"curies":[{"name":"wp","href":"https:\/\/api.w.org\/{rel}","templated":true}]}}