{"id":3423,"date":"2025-04-16T07:19:47","date_gmt":"2025-04-16T07:19:47","guid":{"rendered":"https:\/\/babypillowwholesale.com\/?post_type=product&#038;p=3423"},"modified":"2025-05-27T02:01:59","modified_gmt":"2025-05-27T02:01:59","slug":"cat-belly-shaped-childrens-pillow","status":"publish","type":"product","link":"https:\/\/babypillowwholesale.com\/tr\/product\/cat-belly-shaped-childrens-pillow\/","title":{"rendered":"Kedi G\u00f6be\u011fi \u015eeklinde \u00c7ocuk Yast\u0131\u011f\u0131"},"content":{"rendered":"<div class=\"auto-hide-last-sibling-br paragraph-qzbcQC paragraph-element br-paragraph-space\" data-immersive-translate-walked=\"8e61f2e7-6af2-46e5-9672-3b9e4f4033d9\" data-immersive-translate-paragraph=\"1\">\n<div class=\"auto-hide-last-sibling-br paragraph-qzbcQC paragraph-element br-paragraph-space\">\n<div class=\"auto-hide-last-sibling-br paragraph-qzbcQC paragraph-element br-paragraph-space\">\n<div class=\"auto-hide-last-sibling-br paragraph-qzbcQC paragraph-element br-paragraph-space\">\n<div class=\"auto-hide-last-sibling-br paragraph-qzbcQC paragraph-element br-paragraph-space\">\n<div class=\"auto-hide-last-sibling-br paragraph-qzbcQC paragraph-element br-paragraph-space\">\n<div class=\"inter-wlTS5w\">\n<div class=\"container-QE4ayg\">\n<div class=\"item-jU10IN\">\n<div class=\"container-jODEnh chrome70-container\">\n<div class=\"inner-eE95c9 inner-item-aL3Ui_\" data-target-id=\"message-box-target-id\" data-testid=\"union_message\">\n<div class=\"message-block-container-liuetz\" data-testid=\"message-block-container\">\n<div class=\"message-box-ZWbBdF\" data-testid=\"receive_message\">\n<div class=\"message-box-content-wrapper-srHdUj\">\n<div class=\"message-content message-box-content-otxGGw receive-message-box-content-_lREFj samantha-message-box-content-Qjmpja\" data-testid=\"message_content\">\n<div class=\"container-hfX5E8 flow-markdown-body theme-samantha-yJEgBp\" dir=\"ltr\" data-testid=\"message_text_content\" data-show-indicator=\"false\">\n<div class=\"auto-hide-last-sibling-br paragraph-qzbcQC paragraph-element br-paragraph-space\">\n<div class=\"auto-hide-last-sibling-br paragraph-qzbcQC paragraph-element br-paragraph-space\">\n<div class=\"auto-hide-last-sibling-br paragraph-qzbcQC paragraph-element br-paragraph-space\">\n<div class=\"auto-hide-last-sibling-br paragraph-qzbcQC paragraph-element br-paragraph-space\">\n<div class=\"auto-hide-last-sibling-br paragraph-qzbcQC paragraph-element br-paragraph-space\">\n<div class=\"auto-hide-last-sibling-br paragraph-qzbcQC paragraph-element br-paragraph-space\">\n<div class=\"inter-wlTS5w\">\n<div class=\"container-QE4ayg\">\n<div class=\"item-jU10IN\">\n<div class=\"container-jODEnh chrome70-container\">\n<div class=\"inner-eE95c9 inner-item-aL3Ui_\" data-target-id=\"message-box-target-id\" data-testid=\"union_message\">\n<div class=\"message-block-container-liuetz\" data-testid=\"message-block-container\">\n<div class=\"message-box-ZWbBdF\" data-testid=\"receive_message\" data-message-id=\"3117344892904450\">\n<div class=\"message-box-content-wrapper-srHdUj\">\n<div class=\"message-content message-box-content-otxGGw receive-message-box-content-_lREFj samantha-message-box-content-Qjmpja\" data-testid=\"message_content\">\n<div class=\"container-hfX5E8 flow-markdown-body theme-samantha-yJEgBp\" dir=\"ltr\" data-testid=\"message_text_content\" data-show-indicator=\"false\">\n<div class=\"auto-hide-last-sibling-br paragraph-qzbcQC paragraph-element br-paragraph-space\">\n<div class=\"inter-wlTS5w\">\n<div class=\"container-QE4ayg\">\n<div class=\"item-jU10IN\">\n<div class=\"container-jODEnh chrome70-container\">\n<div class=\"inner-eE95c9 inner-item-aL3Ui_\" data-target-id=\"message-box-target-id\" data-testid=\"union_message\">\n<div class=\"message-block-container-liuetz\" data-testid=\"message-block-container\">\n<div class=\"message-box-ZWbBdF\" data-testid=\"receive_message\" data-message-id=\"3118336188382466\">\n<div class=\"message-box-content-wrapper-srHdUj\">\n<div class=\"message-content message-box-content-otxGGw receive-message-box-content-_lREFj samantha-message-box-content-Qjmpja\" data-testid=\"message_content\">\n<div class=\"container-hfX5E8 flow-markdown-body theme-samantha-yJEgBp\" dir=\"ltr\" data-testid=\"message_text_content\" data-show-indicator=\"false\">\n<div class=\"auto-hide-last-sibling-br paragraph-qzbcQC paragraph-element br-paragraph-space\">\u00d6zellikle 2 - 8 ya\u015f aras\u0131 \u00e7ocuklar i\u00e7in haz\u0131rlanm\u0131\u015f keyifli ve ergonomik bir uyku arkada\u015f\u0131 olan Kedi G\u00f6be\u011fi \u015eeklinde \u00c7ocuk Yast\u0131\u011f\u0131 ile tan\u0131\u015f\u0131n. Kedi g\u00f6be\u011finden ilham alan benzersiz \u015fekli kar\u015f\u0131 konulmaz derecede sevimli olmas\u0131n\u0131n yan\u0131 s\u0131ra \u00e7ocu\u011funuzun ba\u015f ve boynuna rahat ve do\u011fal bir uyum sa\u011flayacak \u015fekilde tasarlanm\u0131\u015ft\u0131r. \u00d6l\u00e7\u00fcleri 50*<em>30*<\/em>3\/5CM, k\u00fc\u00e7\u00fck \u00e7ocu\u011funuzu rahat\u00e7a kucaklayan geni\u015f bir alan sunarak gece boyunca veya rahat bir uyku s\u0131ras\u0131nda optimum destek sa\u011flar.<\/div>\n<p>&nbsp;<\/p>\n<div class=\"auto-hide-last-sibling-br paragraph-qzbcQC paragraph-element br-paragraph-space\">Uyuyan bir tav\u015fan\u0131n b\u00fcy\u00fcleyici resmiyle s\u00fcslenmi\u015f bu yast\u0131k, her yatak odas\u0131na bir tutam tuhafl\u0131k katar. Pembe, ye\u015fil, mavi ve grinin yumu\u015fak tonlar\u0131, farkl\u0131 zevklere ve oda dekorlar\u0131na uygun se\u00e7enekler sunarak \u00e7ocu\u011funuzun uyku alan\u0131na \u00e7ok y\u00f6nl\u00fc bir katk\u0131 sa\u011flar.<\/div>\n<p>&nbsp;<\/p>\n<div class=\"auto-hide-last-sibling-br paragraph-qzbcQC paragraph-element br-paragraph-space\">Pelu\u015f ve kadifemsi yumu\u015fak malzemelerden \u00fcretilen bu yast\u0131k, \u00e7ocu\u011funuzu huzurlu bir uykuya dald\u0131ran nazik bir kucaklama hissi verir. \u0130ster oyunla dolu uzun bir g\u00fcn\u00fcn sonunda ister \u00e7ocu\u011funuzun enerji toplamaya ihtiya\u00e7 duydu\u011fu tembel bir \u00f6\u011fleden sonra olsun, bu yast\u0131k bir konfor cenneti yarat\u0131r.<\/div>\n<p>&nbsp;<\/p>\n<div class=\"auto-hide-last-sibling-br paragraph-qzbcQC paragraph-element br-paragraph-space\">Ebeveynler bu yast\u0131\u011fa \u00f6vg\u00fcler ya\u011fd\u0131r\u0131yor. \"6 ya\u015f\u0131ndaki \u00e7ocu\u011fum bu Kedi G\u00f6be\u011fi Yast\u0131\u011f\u0131na bay\u0131l\u0131yor! \u00c7ok yumu\u015fak ve \u015fekli m\u00fckemmel. Bir bulutun \u00fczerinde uyuyormu\u015f gibi hissetti\u011fini s\u00f6yl\u00fcyor,\" diye payla\u015ft\u0131 mutlu bir anne. Bir baba da \u015funlar\u0131 ekledi: \"Bu yast\u0131\u011f\u0131 ald\u0131\u011f\u0131m\u0131zdan beri \u00e7ocu\u011fumuzun ne kadar iyi uyudu\u011fu konusunda b\u00fcy\u00fck bir fark oldu\u011funu g\u00f6rd\u00fck. Kalitesi harika ve sevimli tasar\u0131m\u0131 da cabas\u0131. Yatmadan \u00f6nce vazge\u00e7ilmezimiz oldu.\"<\/div>\n<p>&nbsp;<\/p>\n<div class=\"auto-hide-last-sibling-br paragraph-qzbcQC paragraph-element br-paragraph-space\">K\u0131sacas\u0131, Kedi G\u00f6be\u011fi \u015eeklindeki \u00c7ocuk Yast\u0131\u011f\u0131 bir yast\u0131ktan daha fazlas\u0131d\u0131r; bir konfor kayna\u011f\u0131, bir hayal g\u00fcc\u00fc k\u0131v\u0131lc\u0131m\u0131 ve \u00e7ocu\u011funuzun dinlendirici, r\u00fcya dolu bir uyku \u00e7ekmesini sa\u011flamada \u00f6nemli bir bile\u015fendir.<\/div>\n<\/div>\n<\/div>\n<\/div>\n<\/div>\n<\/div>\n<\/div>\n<\/div>\n<\/div>\n<\/div>\n<\/div>\n<\/div>\n<\/div>\n<\/div>\n<\/div>\n<\/div>\n<\/div>\n<\/div>\n<\/div>\n<\/div>\n<\/div>\n<\/div>\n<\/div>\n<\/div>\n<\/div>\n<\/div>\n<\/div>\n<\/div>\n<\/div>\n<\/div>\n<\/div>\n<\/div>\n<\/div>\n<\/div>\n<\/div>\n<\/div>\n<\/div>\n<\/div>\n<\/div>\n<\/div>\n<\/div>\n<\/div>\n<\/div>\n<\/div>","protected":false},"excerpt":{"rendered":"<div class=\"container-QE4ayg\">\n<div class=\"item-jU10IN\">\n<div class=\"container-jODEnh chrome70-container\">\n<div class=\"inner-eE95c9 inner-item-aL3Ui_\" data-target-id=\"message-box-target-id\" data-testid=\"union_message\">\n<div class=\"message-block-container-liuetz\" data-testid=\"message-block-container\">\n<div class=\"message-box-ZWbBdF\" data-testid=\"receive_message\" data-message-id=\"3087713235977218\">\n<div class=\"message-box-content-wrapper-srHdUj\">\n<div class=\"message-content message-box-content-otxGGw receive-message-box-content-_lREFj samantha-message-box-content-Qjmpja\" data-testid=\"message_content\">\n<div class=\"container-hfX5E8 flow-markdown-body theme-samantha-yJEgBp\" dir=\"ltr\" data-testid=\"message_text_content\" data-show-indicator=\"false\">\n<div class=\"auto-hide-last-sibling-br paragraph-qzbcQC paragraph-element br-paragraph-space\">Kedi G\u00f6be\u011fi \u015eeklinde \u00c7ocuk Yast\u0131\u011f\u0131, 2 - 8 ya\u015f aras\u0131 \u00e7ocuklar i\u00e7in tasarlanm\u0131\u015f zarif bir uyku aksesuar\u0131d\u0131r. Benzersiz kedi g\u00f6be\u011fi benzeri \u015fekli ile rahat ve ergonomik bir uyum sa\u011flar. \u00d6l\u00e7\u00fcleri 50*<em>30*<\/em>3\/5CM, ba\u015f ve boyun i\u00e7in geni\u015f bir alan sunarak uyku s\u0131ras\u0131nda uygun deste\u011fi sa\u011flar. Yast\u0131k, sevimli bir uyuyan tav\u015fan motifiyle s\u00fcslenmi\u015ftir ve bir cazibe dokunu\u015fu katar. Pembe, ye\u015fil, mavi ve gri renk se\u00e7enekleriyle farkl\u0131 tercihlere ve yatak odas\u0131 dekorlar\u0131na uyum sa\u011flayabilir. Yumu\u015fak ve rahat malzemelerden \u00fcretilmi\u015ftir, dinlendirici ve keyifli bir uyku deneyimini garanti eder ve \u00e7ocuklar\u0131n uyku kalitesini art\u0131rmak i\u00e7in harika bir se\u00e7imdir.<\/div>\n<\/div>\n<\/div>\n<\/div>\n<\/div>\n<\/div>\n<\/div>\n<\/div>\n<\/div>\n<\/div>","protected":false},"featured_media":3424,"comment_status":"open","ping_status":"closed","template":"","meta":{"_uag_custom_page_level_css":"","site-sidebar-layout":"default","site-content-layout":"","ast-site-content-layout":"default","site-content-style":"default","site-sidebar-style":"default","ast-global-header-display":"","ast-banner-title-visibility":"","ast-main-header-display":"","ast-hfb-above-header-display":"","ast-hfb-below-header-display":"","ast-hfb-mobile-header-display":"","site-post-title":"","ast-breadcrumbs-content":"","ast-featured-img":"","footer-sml-layout":"","ast-disable-related-posts":"","theme-transparent-header-meta":"default","adv-header-id-meta":"","stick-header-meta":"","header-above-stick-meta":"","header-main-stick-meta":"","header-below-stick-meta":"","astra-migrate-meta-layouts":"set","ast-page-background-enabled":"default","ast-page-background-meta":{"desktop":{"background-color":"","background-image":"","background-repeat":"repeat","background-position":"center center","background-size":"auto","background-attachment":"scroll","background-type":"","background-media":"","overlay-type":"","overlay-color":"","overlay-opacity":"","overlay-gradient":""},"tablet":{"background-color":"","background-image":"","background-repeat":"repeat","background-position":"center center","background-size":"auto","background-attachment":"scroll","background-type":"","background-media":"","overlay-type":"","overlay-color":"","overlay-opacity":"","overlay-gradient":""},"mobile":{"background-color":"","background-image":"","background-repeat":"repeat","background-position":"center center","background-size":"auto","background-attachment":"scroll","background-type":"","background-media":"","overlay-type":"","overlay-color":"","overlay-opacity":"","overlay-gradient":""}},"ast-content-background-meta":{"desktop":{"background-color":"var(--ast-global-color-5)","background-image":"","background-repeat":"repeat","background-position":"center center","background-size":"auto","background-attachment":"scroll","background-type":"","background-media":"","overlay-type":"","overlay-color":"","overlay-opacity":"","overlay-gradient":""},"tablet":{"background-color":"var(--ast-global-color-5)","background-image":"","background-repeat":"repeat","background-position":"center center","background-size":"auto","background-attachment":"scroll","background-type":"","background-media":"","overlay-type":"","overlay-color":"","overlay-opacity":"","overlay-gradient":""},"mobile":{"background-color":"var(--ast-global-color-5)","background-image":"","background-repeat":"repeat","background-position":"center center","background-size":"auto","background-attachment":"scroll","background-type":"","background-media":"","overlay-type":"","overlay-color":"","overlay-opacity":"","overlay-gradient":""}}},"product_brand":[],"product_cat":[57,42],"product_tag":[70,68,71,69],"class_list":{"0":"post-3423","1":"product","2":"type-product","3":"status-publish","4":"has-post-thumbnail","6":"product_cat-2-to-8-years","7":"product_cat-merchandise","8":"product_tag-babypillow","9":"product_tag-cuteanimalpillow","10":"product_tag-headshapesupport","11":"product_tag-kouniushapingpillow","12":"desktop-align-left","13":"tablet-align-left","14":"mobile-align-left","16":"first","17":"instock","18":"featured","19":"shipping-taxable","20":"product-type-simple"},"aioseo_notices":[],"uagb_featured_image_src":{"full":["https:\/\/babypillowwholesale.com\/wp-content\/uploads\/2025\/04\/1723.jpg",1000,1000,false],"thumbnail":["https:\/\/babypillowwholesale.com\/wp-content\/uploads\/2025\/04\/1723-150x150.jpg",150,150,true],"medium":["https:\/\/babypillowwholesale.com\/wp-content\/uploads\/2025\/04\/1723-300x300.jpg",300,300,true],"medium_large":["https:\/\/babypillowwholesale.com\/wp-content\/uploads\/2025\/04\/1723-768x768.jpg",768,768,true],"large":["https:\/\/babypillowwholesale.com\/wp-content\/uploads\/2025\/04\/1723.jpg",1000,1000,false],"1536x1536":["https:\/\/babypillowwholesale.com\/wp-content\/uploads\/2025\/04\/1723.jpg",1000,1000,false],"2048x2048":["https:\/\/babypillowwholesale.com\/wp-content\/uploads\/2025\/04\/1723.jpg",1000,1000,false],"trp-custom-language-flag":["https:\/\/babypillowwholesale.com\/wp-content\/uploads\/2025\/04\/1723.jpg",12,12,false],"woocommerce_thumbnail":["https:\/\/babypillowwholesale.com\/wp-content\/uploads\/2025\/04\/1723-300x300.jpg",300,300,true],"woocommerce_single":["https:\/\/babypillowwholesale.com\/wp-content\/uploads\/2025\/04\/1723-600x600.jpg",600,600,true],"woocommerce_gallery_thumbnail":["https:\/\/babypillowwholesale.com\/wp-content\/uploads\/2025\/04\/1723-100x100.jpg",100,100,true]},"uagb_author_info":{"display_name":"Etnen zhong","author_link":"https:\/\/babypillowwholesale.com\/tr\/author\/"},"uagb_comment_info":0,"uagb_excerpt":"The Cat Belly - Shaped Children's Pillow is an exquisite sleep accessory designed for children aged 2 - 8 years. With its unique cat - belly - like shape, it provides a cozy and ergonomic fit. Measuring 50*30*3\/5CM, it offers ample space for the head and neck, ensuring proper support during sleep. The pillow is&hellip;","jetpack_sharing_enabled":true,"_links":{"self":[{"href":"https:\/\/babypillowwholesale.com\/tr\/wp-json\/wp\/v2\/product\/3423","targetHints":{"allow":["GET"]}}],"collection":[{"href":"https:\/\/babypillowwholesale.com\/tr\/wp-json\/wp\/v2\/product"}],"about":[{"href":"https:\/\/babypillowwholesale.com\/tr\/wp-json\/wp\/v2\/types\/product"}],"replies":[{"embeddable":true,"href":"https:\/\/babypillowwholesale.com\/tr\/wp-json\/wp\/v2\/comments?post=3423"}],"wp:featuredmedia":[{"embeddable":true,"href":"https:\/\/babypillowwholesale.com\/tr\/wp-json\/wp\/v2\/media\/3424"}],"wp:attachment":[{"href":"https:\/\/babypillowwholesale.com\/tr\/wp-json\/wp\/v2\/media?parent=3423"}],"wp:term":[{"taxonomy":"product_brand","embeddable":true,"href":"https:\/\/babypillowwholesale.com\/tr\/wp-json\/wp\/v2\/product_brand?post=3423"},{"taxonomy":"product_cat","embeddable":true,"href":"https:\/\/babypillowwholesale.com\/tr\/wp-json\/wp\/v2\/product_cat?post=3423"},{"taxonomy":"product_tag","embeddable":true,"href":"https:\/\/babypillowwholesale.com\/tr\/wp-json\/wp\/v2\/product_tag?post=3423"}],"curies":[{"name":"wp","href":"https:\/\/api.w.org\/{rel}","templated":true}]}}