{"id":3417,"date":"2025-04-15T10:05:43","date_gmt":"2025-04-15T10:05:43","guid":{"rendered":"https:\/\/babypillowwholesale.com\/?post_type=product&#038;p=3417"},"modified":"2025-06-08T02:51:20","modified_gmt":"2025-06-08T02:51:20","slug":"hydrophilic-foam-childrens-pillow","status":"publish","type":"product","link":"https:\/\/babypillowwholesale.com\/tr\/product\/hydrophilic-foam-childrens-pillow\/","title":{"rendered":"Hidrofilik K\u00f6p\u00fck \u00c7ocuk Yast\u0131\u011f\u0131"},"content":{"rendered":"<div class=\"auto-hide-last-sibling-br paragraph-qzbcQC paragraph-element br-paragraph-space\" data-immersive-translate-walked=\"8e61f2e7-6af2-46e5-9672-3b9e4f4033d9\" data-immersive-translate-paragraph=\"1\">\n<div class=\"auto-hide-last-sibling-br paragraph-qzbcQC paragraph-element br-paragraph-space\">\n<div class=\"auto-hide-last-sibling-br paragraph-qzbcQC paragraph-element br-paragraph-space\">\n<div class=\"auto-hide-last-sibling-br paragraph-qzbcQC paragraph-element br-paragraph-space\">\n<div class=\"auto-hide-last-sibling-br paragraph-qzbcQC paragraph-element br-paragraph-space\">\n<div class=\"auto-hide-last-sibling-br paragraph-qzbcQC paragraph-element br-paragraph-space\">\n<div class=\"inter-wlTS5w\">\n<div class=\"container-QE4ayg\">\n<div class=\"item-jU10IN\">\n<div class=\"container-jODEnh chrome70-container\">\n<div class=\"inner-eE95c9 inner-item-aL3Ui_\" data-target-id=\"message-box-target-id\" data-testid=\"union_message\">\n<div class=\"message-block-container-liuetz\" data-testid=\"message-block-container\">\n<div class=\"message-box-ZWbBdF\" data-testid=\"receive_message\">\n<div class=\"message-box-content-wrapper-srHdUj\">\n<div class=\"message-content message-box-content-otxGGw receive-message-box-content-_lREFj samantha-message-box-content-Qjmpja\" data-testid=\"message_content\">\n<div class=\"container-hfX5E8 flow-markdown-body theme-samantha-yJEgBp\" dir=\"ltr\" data-testid=\"message_text_content\" data-show-indicator=\"false\">\n<div class=\"auto-hide-last-sibling-br paragraph-qzbcQC paragraph-element br-paragraph-space\">\n<div class=\"auto-hide-last-sibling-br paragraph-qzbcQC paragraph-element br-paragraph-space\">\n<div class=\"auto-hide-last-sibling-br paragraph-qzbcQC paragraph-element br-paragraph-space\">\n<div class=\"auto-hide-last-sibling-br paragraph-qzbcQC paragraph-element br-paragraph-space\">\n<div class=\"auto-hide-last-sibling-br paragraph-qzbcQC paragraph-element br-paragraph-space\">\n<div class=\"auto-hide-last-sibling-br paragraph-qzbcQC paragraph-element br-paragraph-space\">Kar\u015f\u0131n\u0131zda 2-8 ya\u015f aras\u0131 \u00e7ocuklar i\u00e7in \u00f6zel olarak \u00fcretilmi\u015f r\u00fcya gibi bir uyku arkada\u015f\u0131 olan Hidrofilik K\u00f6p\u00fck \u00c7ocuk Yast\u0131\u011f\u0131. 45* \u00f6l\u00e7\u00fclerinde<em>28*<\/em>3\/5CM, \u00e7ocu\u011funuzun ba\u015f\u0131n\u0131 ve boynunu sarmak i\u00e7in m\u00fckemmel boyutlar sunarak dinlendirici uykular i\u00e7in optimum destek sa\u011flar.<\/div>\n<p>&nbsp;<\/p>\n<div class=\"auto-hide-last-sibling-br paragraph-qzbcQC paragraph-element br-paragraph-space\">Birinci s\u0131n\u0131f hidrofilik k\u00f6p\u00fckten \u00fcretilen bu yast\u0131k, konforun timsalidir. Son derece yumu\u015fakt\u0131r ve k\u00fc\u00e7\u00fc\u011f\u00fcn\u00fcz\u00fc pel\u00fc\u015f kuca\u011f\u0131na g\u00f6m\u00fclmeye davet eder. Ayr\u0131ca, nefes alabilen yap\u0131s\u0131 serin ve ho\u015f bir uyku ortam\u0131 sa\u011flayarak ister s\u0131cak bir yaz gecesi ister rahat bir k\u0131\u015f ak\u015fam\u0131 olsun rahats\u0131zl\u0131\u011f\u0131 uzak tutar.<\/div>\n<p>&nbsp;<\/p>\n<div class=\"auto-hide-last-sibling-br paragraph-qzbcQC paragraph-element br-paragraph-space\">Yast\u0131\u011f\u0131n y\u00fczeyi, ho\u015f bir dizi Kakao Ay\u0131s\u0131 tasar\u0131m\u0131yla s\u00fcslenmi\u015f canl\u0131 bir cazibe tuvalidir. Uzay yolculu\u011fundaki macerac\u0131 Kakao Ay\u0131'dan, evrenin harikalar\u0131 hakk\u0131nda hayal g\u00fcc\u00fcn\u00fc ate\u015fleyen, s\u00f6rf \u015fampiyonu kahraman Kakao Ay\u0131'ya kadar, a\u00e7\u0131k denizlerde cesaret ve macera hikayelerine ilham veriyor. Her motif farkl\u0131 bir e\u011flence ve fantezi d\u00fcnyas\u0131na a\u00e7\u0131lan bir kap\u0131d\u0131r, \u00e7ocu\u011funuzun hayal g\u00fcc\u00fcn\u00fc b\u00fcy\u00fcler ve yatma zaman\u0131n\u0131 heyecanl\u0131 bir yolculu\u011fa d\u00f6n\u00fc\u015ft\u00fcr\u00fcr.<\/div>\n<p>&nbsp;<\/p>\n<div class=\"auto-hide-last-sibling-br paragraph-qzbcQC paragraph-element br-paragraph-space\">Bu b\u00fcy\u00fcleyici desenler ayn\u0131 zamanda \u00e7ocu\u011funuzun yatak odas\u0131na bir tutam ki\u015filik katar. Uyku alan\u0131n\u0131n odak noktas\u0131, ne\u015fe ve rahatl\u0131k kayna\u011f\u0131 haline gelir. Masal zaman\u0131 \u00e7ocu\u011funuzu yat\u0131rd\u0131\u011f\u0131n\u0131zda, sevimli Kakao Ay\u0131s\u0131 ill\u00fcstrasyonlar\u0131 tatl\u0131 r\u00fcyalarla dolu bir geceye zemin haz\u0131rlar. Tembel hafta sonu uykular\u0131nda ise \u00e7ocu\u011funuzun rahatlay\u0131p gev\u015feyebilece\u011fi yumu\u015fak bir s\u0131\u011f\u0131nakt\u0131r.<\/div>\n<p>&nbsp;<\/p>\n<div class=\"auto-hide-last-sibling-br paragraph-qzbcQC paragraph-element br-paragraph-space\">Ebeveynler bu yast\u0131ktan \u00e7ok memnun kald\u0131. \"5 ya\u015f\u0131ndaki \u00e7ocu\u011fum Hidrofilik K\u00f6p\u00fck \u00c7ocuk Yast\u0131\u011f\u0131na kesinlikle bay\u0131l\u0131yor! Farkl\u0131 Kakaolu Ay\u0131 tasar\u0131mlar\u0131 \u00e7ok be\u011feniliyor ve ben de yumu\u015fakl\u0131\u011f\u0131na ve nefes alabilirli\u011fine bay\u0131l\u0131yorum. Yatma vaktini \u00e7ocuk oyunca\u011f\u0131 haline getirdi,\" diye payla\u015ft\u0131 sevin\u00e7li bir anne. Bir baba da \u015funlar\u0131 s\u00f6yledi: \"Bu yast\u0131\u011f\u0131 ald\u0131\u011f\u0131m\u0131zdan beri \u00e7ocu\u011fumuzun uyku kalitesinde ger\u00e7ek bir fark oldu\u011funu g\u00f6rd\u00fck. \u0130yi dayand\u0131 ve sevimli tasar\u0131mlar\u0131 onu yatak odas\u0131 dekorunun favori bir par\u00e7as\u0131 haline getiriyor.\"<\/div>\n<p>&nbsp;<\/p>\n<div class=\"auto-hide-last-sibling-br paragraph-qzbcQC paragraph-element br-paragraph-space\">\u00d6z\u00fcnde, Hidrofilik K\u00f6p\u00fck \u00c7ocuk Yast\u0131\u011f\u0131 sadece bir yatak e\u015fyas\u0131 de\u011fildir; \u00e7ocu\u011funuzun g\u00fcnl\u00fck rutininin de\u011ferli bir par\u00e7as\u0131d\u0131r, konfor, i\u015flevsellik ve bir tutam tuhafl\u0131\u011f\u0131 bir araya getirerek benzeri olmayan bir uyku deneyimi yarat\u0131r.<\/div>\n<\/div>\n<\/div>\n<\/div>\n<\/div>\n<\/div>\n<\/div>\n<\/div>\n<\/div>\n<\/div>\n<\/div>\n<\/div>\n<\/div>\n<\/div>\n<\/div>\n<\/div>\n<\/div>\n<\/div>\n<\/div>\n<\/div>\n<\/div>\n<\/div>","protected":false},"excerpt":{"rendered":"<div class=\"container-QE4ayg\">\n<div class=\"item-jU10IN\">\n<div class=\"container-jODEnh chrome70-container\">\n<div class=\"inner-eE95c9 inner-item-aL3Ui_\" data-target-id=\"message-box-target-id\" data-testid=\"union_message\">\n<div class=\"message-block-container-liuetz\" data-testid=\"message-block-container\">\n<div class=\"message-box-ZWbBdF\" data-testid=\"receive_message\" data-message-id=\"3087713235977218\">\n<div class=\"message-box-content-wrapper-srHdUj\">\n<div class=\"message-content message-box-content-otxGGw receive-message-box-content-_lREFj samantha-message-box-content-Qjmpja\" data-testid=\"message_content\">\n<div class=\"container-hfX5E8 flow-markdown-body theme-samantha-yJEgBp\" dir=\"ltr\" data-testid=\"message_text_content\" data-show-indicator=\"false\">\n<div class=\"auto-hide-last-sibling-br paragraph-qzbcQC paragraph-element br-paragraph-space\">Hidrofilik K\u00f6p\u00fck \u00c7ocuk Yast\u0131\u011f\u0131, 2-8 ya\u015f aras\u0131 \u00e7ocuklar i\u00e7in ideal bir uyku aksesuar\u0131d\u0131r. 45*'lik bir \u00f6zellik ile<em>28*<\/em>3\/5CM, ba\u015f ve boyun i\u00e7in uygun destek sunan rahat bir boyut sa\u011flar. Yast\u0131k, yumu\u015fak ve nefes alabilen hidrofilik k\u00f6p\u00fckten yap\u0131lm\u0131\u015ft\u0131r ve serin ve rahat bir uyku ortam\u0131 sa\u011flar. Y\u00fczeyi, uzay yolculuklar\u0131 ve s\u00fcper kahraman maceralar\u0131 gibi farkl\u0131 temalar da dahil olmak \u00fczere \u00e7e\u015fitli sevimli Cocoa Bear desenleriyle s\u00fcslenmi\u015ftir. Bu b\u00fcy\u00fcleyici tasar\u0131mlar sadece \u00e7ocuklar\u0131n hayal g\u00fcc\u00fcne hitap etmekle kalmaz, ayn\u0131 zamanda yatak odalar\u0131na e\u011flenceli bir dokunu\u015f katar. Bu yast\u0131k konfor, i\u015flevsellik ve \u015firinli\u011fi bir araya getirerek \u00e7ocuklar\u0131n uyku kalitesini art\u0131rmak i\u00e7in m\u00fckemmel bir se\u00e7imdir.<\/div>\n<\/div>\n<\/div>\n<\/div>\n<\/div>\n<\/div>\n<\/div>\n<\/div>\n<\/div>\n<\/div>\n<div class=\"container-QE4ayg\">\n<div class=\"item-jU10IN\">\n<div class=\"container-jODEnh chrome70-container\">\n<div class=\"inner-eE95c9 inner-item-aL3Ui_\" data-target-id=\"message-box-target-id\" data-testid=\"union_message\">\n<div class=\"message-block-container-liuetz\" data-testid=\"message-block-container\">\n<div class=\"message-box-ZWbBdF message-box__reverse-vkxp8L\" data-testid=\"send_message\" data-message-id=\"3087382231145474\">\n<div class=\"message-box-content-wrapper-srHdUj send-message-e0EUGT\">\n<div class=\"message-content message-box-content-otxGGw send-message-box-content-N1r3Gh samantha-message-box-content-Qjmpja\" data-testid=\"message_content\"><\/div>\n<\/div>\n<\/div>\n<\/div>\n<\/div>\n<\/div>\n<\/div>\n<\/div>","protected":false},"featured_media":3418,"comment_status":"open","ping_status":"closed","template":"","meta":{"_uag_custom_page_level_css":"","site-sidebar-layout":"default","site-content-layout":"","ast-site-content-layout":"default","site-content-style":"default","site-sidebar-style":"default","ast-global-header-display":"","ast-banner-title-visibility":"","ast-main-header-display":"","ast-hfb-above-header-display":"","ast-hfb-below-header-display":"","ast-hfb-mobile-header-display":"","site-post-title":"","ast-breadcrumbs-content":"","ast-featured-img":"","footer-sml-layout":"","ast-disable-related-posts":"","theme-transparent-header-meta":"default","adv-header-id-meta":"","stick-header-meta":"","header-above-stick-meta":"","header-main-stick-meta":"","header-below-stick-meta":"","astra-migrate-meta-layouts":"set","ast-page-background-enabled":"default","ast-page-background-meta":{"desktop":{"background-color":"","background-image":"","background-repeat":"repeat","background-position":"center center","background-size":"auto","background-attachment":"scroll","background-type":"","background-media":"","overlay-type":"","overlay-color":"","overlay-opacity":"","overlay-gradient":""},"tablet":{"background-color":"","background-image":"","background-repeat":"repeat","background-position":"center center","background-size":"auto","background-attachment":"scroll","background-type":"","background-media":"","overlay-type":"","overlay-color":"","overlay-opacity":"","overlay-gradient":""},"mobile":{"background-color":"","background-image":"","background-repeat":"repeat","background-position":"center center","background-size":"auto","background-attachment":"scroll","background-type":"","background-media":"","overlay-type":"","overlay-color":"","overlay-opacity":"","overlay-gradient":""}},"ast-content-background-meta":{"desktop":{"background-color":"var(--ast-global-color-5)","background-image":"","background-repeat":"repeat","background-position":"center center","background-size":"auto","background-attachment":"scroll","background-type":"","background-media":"","overlay-type":"","overlay-color":"","overlay-opacity":"","overlay-gradient":""},"tablet":{"background-color":"var(--ast-global-color-5)","background-image":"","background-repeat":"repeat","background-position":"center center","background-size":"auto","background-attachment":"scroll","background-type":"","background-media":"","overlay-type":"","overlay-color":"","overlay-opacity":"","overlay-gradient":""},"mobile":{"background-color":"var(--ast-global-color-5)","background-image":"","background-repeat":"repeat","background-position":"center center","background-size":"auto","background-attachment":"scroll","background-type":"","background-media":"","overlay-type":"","overlay-color":"","overlay-opacity":"","overlay-gradient":""}}},"product_brand":[],"product_cat":[57,42],"product_tag":[70,68,71,69],"class_list":{"0":"post-3417","1":"product","2":"type-product","3":"status-publish","4":"has-post-thumbnail","6":"product_cat-2-to-8-years","7":"product_cat-merchandise","8":"product_tag-babypillow","9":"product_tag-cuteanimalpillow","10":"product_tag-headshapesupport","11":"product_tag-kouniushapingpillow","12":"desktop-align-left","13":"tablet-align-left","14":"mobile-align-left","16":"first","17":"instock","18":"shipping-taxable","19":"product-type-simple"},"aioseo_notices":[],"uagb_featured_image_src":{"full":["https:\/\/babypillowwholesale.com\/wp-content\/uploads\/2025\/04\/1709.jpg",1000,1000,false],"thumbnail":["https:\/\/babypillowwholesale.com\/wp-content\/uploads\/2025\/04\/1709-150x150.jpg",150,150,true],"medium":["https:\/\/babypillowwholesale.com\/wp-content\/uploads\/2025\/04\/1709-300x300.jpg",300,300,true],"medium_large":["https:\/\/babypillowwholesale.com\/wp-content\/uploads\/2025\/04\/1709-768x768.jpg",768,768,true],"large":["https:\/\/babypillowwholesale.com\/wp-content\/uploads\/2025\/04\/1709.jpg",1000,1000,false],"1536x1536":["https:\/\/babypillowwholesale.com\/wp-content\/uploads\/2025\/04\/1709.jpg",1000,1000,false],"2048x2048":["https:\/\/babypillowwholesale.com\/wp-content\/uploads\/2025\/04\/1709.jpg",1000,1000,false],"trp-custom-language-flag":["https:\/\/babypillowwholesale.com\/wp-content\/uploads\/2025\/04\/1709.jpg",12,12,false],"woocommerce_thumbnail":["https:\/\/babypillowwholesale.com\/wp-content\/uploads\/2025\/04\/1709-300x300.jpg",300,300,true],"woocommerce_single":["https:\/\/babypillowwholesale.com\/wp-content\/uploads\/2025\/04\/1709-600x600.jpg",600,600,true],"woocommerce_gallery_thumbnail":["https:\/\/babypillowwholesale.com\/wp-content\/uploads\/2025\/04\/1709-100x100.jpg",100,100,true]},"uagb_author_info":{"display_name":"Etnen zhong","author_link":"https:\/\/babypillowwholesale.com\/tr\/author\/"},"uagb_comment_info":0,"uagb_excerpt":"The Hydrophilic Foam Children's Pillow is an ideal sleep accessory for children aged 2 - 8 years. With a specification of 45*28*3\/5CM, it provides a comfortable size that offers proper support for the head and neck. The pillow is made of hydrophilic foam, which is soft and breathable, ensuring a cool and cozy sleep environment.&hellip;","jetpack_sharing_enabled":true,"_links":{"self":[{"href":"https:\/\/babypillowwholesale.com\/tr\/wp-json\/wp\/v2\/product\/3417","targetHints":{"allow":["GET"]}}],"collection":[{"href":"https:\/\/babypillowwholesale.com\/tr\/wp-json\/wp\/v2\/product"}],"about":[{"href":"https:\/\/babypillowwholesale.com\/tr\/wp-json\/wp\/v2\/types\/product"}],"replies":[{"embeddable":true,"href":"https:\/\/babypillowwholesale.com\/tr\/wp-json\/wp\/v2\/comments?post=3417"}],"wp:featuredmedia":[{"embeddable":true,"href":"https:\/\/babypillowwholesale.com\/tr\/wp-json\/wp\/v2\/media\/3418"}],"wp:attachment":[{"href":"https:\/\/babypillowwholesale.com\/tr\/wp-json\/wp\/v2\/media?parent=3417"}],"wp:term":[{"taxonomy":"product_brand","embeddable":true,"href":"https:\/\/babypillowwholesale.com\/tr\/wp-json\/wp\/v2\/product_brand?post=3417"},{"taxonomy":"product_cat","embeddable":true,"href":"https:\/\/babypillowwholesale.com\/tr\/wp-json\/wp\/v2\/product_cat?post=3417"},{"taxonomy":"product_tag","embeddable":true,"href":"https:\/\/babypillowwholesale.com\/tr\/wp-json\/wp\/v2\/product_tag?post=3417"}],"curies":[{"name":"wp","href":"https:\/\/api.w.org\/{rel}","templated":true}]}}