{"id":3413,"date":"2025-04-15T09:53:58","date_gmt":"2025-04-15T09:53:58","guid":{"rendered":"https:\/\/babypillowwholesale.com\/?post_type=product&#038;p=3413"},"modified":"2025-06-08T03:16:48","modified_gmt":"2025-06-08T03:16:48","slug":"little-crocodile-childrens-pillow","status":"publish","type":"product","link":"https:\/\/babypillowwholesale.com\/tr\/product\/little-crocodile-childrens-pillow\/","title":{"rendered":"K\u00fc\u00e7\u00fck Timsah \u00c7ocuk Yast\u0131\u011f\u0131"},"content":{"rendered":"<div class=\"auto-hide-last-sibling-br paragraph-qzbcQC paragraph-element br-paragraph-space\" data-immersive-translate-walked=\"8e61f2e7-6af2-46e5-9672-3b9e4f4033d9\" data-immersive-translate-paragraph=\"1\">\n<div class=\"auto-hide-last-sibling-br paragraph-qzbcQC paragraph-element br-paragraph-space\">\n<div class=\"auto-hide-last-sibling-br paragraph-qzbcQC paragraph-element br-paragraph-space\">\n<div class=\"auto-hide-last-sibling-br paragraph-qzbcQC paragraph-element br-paragraph-space\">\n<div class=\"auto-hide-last-sibling-br paragraph-qzbcQC paragraph-element br-paragraph-space\">\n<div class=\"auto-hide-last-sibling-br paragraph-qzbcQC paragraph-element br-paragraph-space\">\n<div class=\"inter-wlTS5w\">\n<div class=\"container-QE4ayg\">\n<div class=\"item-jU10IN\">\n<div class=\"container-jODEnh chrome70-container\">\n<div class=\"inner-eE95c9 inner-item-aL3Ui_\" data-target-id=\"message-box-target-id\" data-testid=\"union_message\">\n<div class=\"message-block-container-liuetz\" data-testid=\"message-block-container\">\n<div class=\"message-box-ZWbBdF\" data-testid=\"receive_message\">\n<div class=\"message-box-content-wrapper-srHdUj\">\n<div class=\"message-content message-box-content-otxGGw receive-message-box-content-_lREFj samantha-message-box-content-Qjmpja\" data-testid=\"message_content\">\n<div class=\"container-hfX5E8 flow-markdown-body theme-samantha-yJEgBp\" dir=\"ltr\" data-testid=\"message_text_content\" data-show-indicator=\"false\">\n<div class=\"auto-hide-last-sibling-br paragraph-qzbcQC paragraph-element br-paragraph-space\">\n<div class=\"auto-hide-last-sibling-br paragraph-qzbcQC paragraph-element br-paragraph-space\">\n<div class=\"auto-hide-last-sibling-br paragraph-qzbcQC paragraph-element br-paragraph-space\">\n<div class=\"auto-hide-last-sibling-br paragraph-qzbcQC paragraph-element br-paragraph-space\">Little Crocodile \u00c7ocuk Yast\u0131\u011f\u0131, 2 - 8 ya\u015f aras\u0131 \u00e7ocuklar i\u00e7in tasarlanm\u0131\u015f b\u00fcy\u00fcleyici ve rahat bir uyku arkada\u015f\u0131d\u0131r. \u00d6zellikleri ile\u00a0<span class=\"container-x_WhZC math-inline\" data-custom-copy-text=\"\\(45 \\times 28 \\times 3\/5 \\text{CM}\\)\"><span class=\"katex\"><span class=\"katex-html\" aria-hidden=\"true\"><span class=\"base\"><span class=\"mord\">45<\/span><span class=\"mbin\">\u00d7<\/span><\/span><span class=\"base\"><span class=\"mord\">28<\/span><span class=\"mbin\">\u00d7<\/span><\/span><span class=\"base\"><span class=\"mord\">3\/5<\/span><span class=\"mord text\"><span class=\"mord\">CM<\/span><\/span><\/span><\/span><\/span><\/span>m\u00fckemmel bir uyum sa\u011flayarak gen\u00e7 uykucular\u0131n ba\u015flar\u0131n\u0131 ve boyunlar\u0131n\u0131 nazik bir destekle sarar. Yast\u0131k, mavi temal\u0131 ho\u015f bir tasar\u0131ma sahiptir: sevimli k\u00fc\u00e7\u00fck bir timsah, parlak bir g\u00fcne\u015f, e\u011flenceli balonlar ve di\u011fer b\u00fcy\u00fcleyici \u00f6\u011feler y\u00fczeyinde dans eder. Bu canl\u0131 ill\u00fcstrasyon, yatak odas\u0131na tuhaf bir hava katarak onu bir e\u011flence diyar\u0131na d\u00f6n\u00fc\u015ft\u00fcr\u00fcr. Ultra yumu\u015fak malzemelerden \u00fcretilen bu \u00fcr\u00fcn, \u00e7ocuklar\u0131 s\u0131cac\u0131k bir kucakla sararak dinlendirici ve tatl\u0131 uykular sa\u011flar. \u0130ster oyun dolu bir g\u00fcn\u00fcn ard\u0131ndan uyku vakti, ister e\u011flenceli bir ak\u015fam\u0131n ard\u0131ndan yatma vakti olsun, bu yast\u0131k ideal bir ortakt\u0131r.<\/div>\n<p>&nbsp;<\/p>\n<div class=\"auto-hide-last-sibling-br paragraph-qzbcQC paragraph-element br-paragraph-space\">Ebeveynler bay\u0131l\u0131yor. \"\u00c7ocu\u011fum bu K\u00fc\u00e7\u00fck Timsah Yast\u0131\u011fa takm\u0131\u015f durumda! Tasar\u0131m\u0131 son derece ilgi \u00e7ekici ve \u00e7ok yumu\u015fak. Yatma zaman\u0131 art\u0131k bir keyif\" diye payla\u015ft\u0131 bir anne. Bir baba ise \u015funlar\u0131 ekledi: \"Kalitesi beni etkiledi. \u0130yi yap\u0131lm\u0131\u015f ve y\u0131kamaya dayan\u0131kl\u0131. \u00c7ocu\u011fum onu her uykusunda al\u0131yor; kesinlikle en sevdi\u011fi \u015fey.\"<\/div>\n<p>&nbsp;<\/p>\n<div class=\"auto-hide-last-sibling-br paragraph-qzbcQC paragraph-element br-paragraph-space\">K\u0131sacas\u0131, bu yast\u0131k konfor, sevimli tasar\u0131m ve i\u015flevselli\u011fi bir araya getirerek her \u00e7ocu\u011fun yata\u011f\u0131nda bulunmas\u0131 gereken bir \u00fcr\u00fcn haline geliyor.<\/div>\n<\/div>\n<\/div>\n<\/div>\n<\/div>\n<\/div>\n<\/div>\n<\/div>\n<\/div>\n<\/div>\n<\/div>\n<\/div>\n<\/div>\n<\/div>\n<\/div>\n<\/div>\n<\/div>\n<\/div>\n<\/div>\n<\/div>","protected":false},"excerpt":{"rendered":"<p>Little Crocodile \u00c7ocuk Yast\u0131\u011f\u0131, 2 - 8 ya\u015f aras\u0131 \u00e7ocuklar i\u00e7in ideal bir uyku arkada\u015f\u0131d\u0131r. \u00d6zellikleri ile <span class=\"container-x_WhZC math-inline\" data-custom-copy-text=\"\\(45 \\times 28 \\times 3\/5 \\text{CM}\\)\"><span class=\"katex\"><span class=\"katex-html\" aria-hidden=\"true\"><span class=\"base\"><span class=\"mord\">45<\/span><span class=\"mbin\">\u00d7<\/span><\/span><span class=\"base\"><span class=\"mord\">28<\/span><span class=\"mbin\">\u00d7<\/span><\/span><span class=\"base\"><span class=\"mord\">3\/5<\/span><span class=\"mord text\"><span class=\"mord\">CM<\/span><\/span><\/span><\/span><\/span><\/span>Ba\u015f ve boyun i\u00e7in uygun destek sa\u011flayan rahat bir boyut sunar. Yast\u0131k, g\u00fcne\u015f, balonlar ve a\u011fa\u00e7lar gibi unsurlar\u0131n yan\u0131 s\u0131ra sevimli k\u00fc\u00e7\u00fck bir timsah i\u00e7eren b\u00fcy\u00fcleyici mavi tonlu bir tasar\u0131mla s\u00fcslenmi\u015ftir ve bu da tuhaf ve e\u011flenceli bir dokunu\u015f katar. Yumu\u015fak malzemelerden \u00fcretilmi\u015ftir, rahat ve dinlendirici bir uyku deneyimi sa\u011flar. Bu yast\u0131k sadece \u00e7ocuklar\u0131n rahatlamas\u0131na ve kolayca uykuya dalmas\u0131na yard\u0131mc\u0131 olmakla kalmaz, ayn\u0131 zamanda keyifli ill\u00fcstrasyonuyla yatak odalar\u0131n\u0131 ayd\u0131nlatarak yatak koleksiyonlar\u0131na harika bir katk\u0131 sa\u011flar.<\/p>","protected":false},"featured_media":3414,"comment_status":"open","ping_status":"closed","template":"","meta":{"_uag_custom_page_level_css":"","site-sidebar-layout":"default","site-content-layout":"","ast-site-content-layout":"default","site-content-style":"default","site-sidebar-style":"default","ast-global-header-display":"","ast-banner-title-visibility":"","ast-main-header-display":"","ast-hfb-above-header-display":"","ast-hfb-below-header-display":"","ast-hfb-mobile-header-display":"","site-post-title":"","ast-breadcrumbs-content":"","ast-featured-img":"","footer-sml-layout":"","ast-disable-related-posts":"","theme-transparent-header-meta":"default","adv-header-id-meta":"","stick-header-meta":"","header-above-stick-meta":"","header-main-stick-meta":"","header-below-stick-meta":"","astra-migrate-meta-layouts":"set","ast-page-background-enabled":"default","ast-page-background-meta":{"desktop":{"background-color":"","background-image":"","background-repeat":"repeat","background-position":"center center","background-size":"auto","background-attachment":"scroll","background-type":"","background-media":"","overlay-type":"","overlay-color":"","overlay-opacity":"","overlay-gradient":""},"tablet":{"background-color":"","background-image":"","background-repeat":"repeat","background-position":"center center","background-size":"auto","background-attachment":"scroll","background-type":"","background-media":"","overlay-type":"","overlay-color":"","overlay-opacity":"","overlay-gradient":""},"mobile":{"background-color":"","background-image":"","background-repeat":"repeat","background-position":"center center","background-size":"auto","background-attachment":"scroll","background-type":"","background-media":"","overlay-type":"","overlay-color":"","overlay-opacity":"","overlay-gradient":""}},"ast-content-background-meta":{"desktop":{"background-color":"var(--ast-global-color-5)","background-image":"","background-repeat":"repeat","background-position":"center center","background-size":"auto","background-attachment":"scroll","background-type":"","background-media":"","overlay-type":"","overlay-color":"","overlay-opacity":"","overlay-gradient":""},"tablet":{"background-color":"var(--ast-global-color-5)","background-image":"","background-repeat":"repeat","background-position":"center center","background-size":"auto","background-attachment":"scroll","background-type":"","background-media":"","overlay-type":"","overlay-color":"","overlay-opacity":"","overlay-gradient":""},"mobile":{"background-color":"var(--ast-global-color-5)","background-image":"","background-repeat":"repeat","background-position":"center center","background-size":"auto","background-attachment":"scroll","background-type":"","background-media":"","overlay-type":"","overlay-color":"","overlay-opacity":"","overlay-gradient":""}}},"product_brand":[],"product_cat":[57,42],"product_tag":[70,68,71,69],"class_list":{"0":"post-3413","1":"product","2":"type-product","3":"status-publish","4":"has-post-thumbnail","6":"product_cat-2-to-8-years","7":"product_cat-merchandise","8":"product_tag-babypillow","9":"product_tag-cuteanimalpillow","10":"product_tag-headshapesupport","11":"product_tag-kouniushapingpillow","12":"desktop-align-left","13":"tablet-align-left","14":"mobile-align-left","16":"first","17":"instock","18":"shipping-taxable","19":"product-type-simple"},"aioseo_notices":[],"uagb_featured_image_src":{"full":["https:\/\/babypillowwholesale.com\/wp-content\/uploads\/2025\/04\/1633.jpg",1000,1000,false],"thumbnail":["https:\/\/babypillowwholesale.com\/wp-content\/uploads\/2025\/04\/1633-150x150.jpg",150,150,true],"medium":["https:\/\/babypillowwholesale.com\/wp-content\/uploads\/2025\/04\/1633-300x300.jpg",300,300,true],"medium_large":["https:\/\/babypillowwholesale.com\/wp-content\/uploads\/2025\/04\/1633-768x768.jpg",768,768,true],"large":["https:\/\/babypillowwholesale.com\/wp-content\/uploads\/2025\/04\/1633.jpg",1000,1000,false],"1536x1536":["https:\/\/babypillowwholesale.com\/wp-content\/uploads\/2025\/04\/1633.jpg",1000,1000,false],"2048x2048":["https:\/\/babypillowwholesale.com\/wp-content\/uploads\/2025\/04\/1633.jpg",1000,1000,false],"trp-custom-language-flag":["https:\/\/babypillowwholesale.com\/wp-content\/uploads\/2025\/04\/1633.jpg",12,12,false],"woocommerce_thumbnail":["https:\/\/babypillowwholesale.com\/wp-content\/uploads\/2025\/04\/1633-300x300.jpg",300,300,true],"woocommerce_single":["https:\/\/babypillowwholesale.com\/wp-content\/uploads\/2025\/04\/1633-600x600.jpg",600,600,true],"woocommerce_gallery_thumbnail":["https:\/\/babypillowwholesale.com\/wp-content\/uploads\/2025\/04\/1633-100x100.jpg",100,100,true]},"uagb_author_info":{"display_name":"Etnen zhong","author_link":"https:\/\/babypillowwholesale.com\/tr\/author\/"},"uagb_comment_info":0,"uagb_excerpt":"The Little Crocodile Children's Pillow is an ideal sleep companion for children aged 2 - 8 years. With a specification of 45\u00d728\u00d73\/5CM, it offers a comfortable size that provides proper support for the head and neck. The pillow is adorned with a charming blue - toned design featuring a cute little crocodile, along with elements&hellip;","jetpack_sharing_enabled":true,"_links":{"self":[{"href":"https:\/\/babypillowwholesale.com\/tr\/wp-json\/wp\/v2\/product\/3413","targetHints":{"allow":["GET"]}}],"collection":[{"href":"https:\/\/babypillowwholesale.com\/tr\/wp-json\/wp\/v2\/product"}],"about":[{"href":"https:\/\/babypillowwholesale.com\/tr\/wp-json\/wp\/v2\/types\/product"}],"replies":[{"embeddable":true,"href":"https:\/\/babypillowwholesale.com\/tr\/wp-json\/wp\/v2\/comments?post=3413"}],"wp:featuredmedia":[{"embeddable":true,"href":"https:\/\/babypillowwholesale.com\/tr\/wp-json\/wp\/v2\/media\/3414"}],"wp:attachment":[{"href":"https:\/\/babypillowwholesale.com\/tr\/wp-json\/wp\/v2\/media?parent=3413"}],"wp:term":[{"taxonomy":"product_brand","embeddable":true,"href":"https:\/\/babypillowwholesale.com\/tr\/wp-json\/wp\/v2\/product_brand?post=3413"},{"taxonomy":"product_cat","embeddable":true,"href":"https:\/\/babypillowwholesale.com\/tr\/wp-json\/wp\/v2\/product_cat?post=3413"},{"taxonomy":"product_tag","embeddable":true,"href":"https:\/\/babypillowwholesale.com\/tr\/wp-json\/wp\/v2\/product_tag?post=3413"}],"curies":[{"name":"wp","href":"https:\/\/api.w.org\/{rel}","templated":true}]}}