{"id":3405,"date":"2025-04-15T07:30:38","date_gmt":"2025-04-15T07:30:38","guid":{"rendered":"https:\/\/babypillowwholesale.com\/?post_type=product&#038;p=3405"},"modified":"2025-06-08T07:52:07","modified_gmt":"2025-06-08T07:52:07","slug":"little-raccoon-infant-contour-pillow","status":"publish","type":"product","link":"https:\/\/babypillowwholesale.com\/tr\/product\/little-raccoon-infant-contour-pillow\/","title":{"rendered":"Little Raccoon Bebek Kontur Yast\u0131\u011f\u0131"},"content":{"rendered":"<div class=\"auto-hide-last-sibling-br paragraph-qzbcQC paragraph-element br-paragraph-space\" data-immersive-translate-walked=\"8e61f2e7-6af2-46e5-9672-3b9e4f4033d9\" data-immersive-translate-paragraph=\"1\">\n<div class=\"auto-hide-last-sibling-br paragraph-qzbcQC paragraph-element br-paragraph-space\">\n<div class=\"auto-hide-last-sibling-br paragraph-qzbcQC paragraph-element br-paragraph-space\">\n<div class=\"auto-hide-last-sibling-br paragraph-qzbcQC paragraph-element br-paragraph-space\">\n<div class=\"auto-hide-last-sibling-br paragraph-qzbcQC paragraph-element br-paragraph-space\">\n<div class=\"auto-hide-last-sibling-br paragraph-qzbcQC paragraph-element br-paragraph-space\">\n<div class=\"inter-wlTS5w\">\n<div class=\"container-QE4ayg\">\n<div class=\"item-jU10IN\">\n<div class=\"container-jODEnh chrome70-container\">\n<div class=\"inner-eE95c9 inner-item-aL3Ui_\" data-target-id=\"message-box-target-id\" data-testid=\"union_message\">\n<div class=\"message-block-container-liuetz\" data-testid=\"message-block-container\">\n<div class=\"message-box-ZWbBdF\" data-testid=\"receive_message\">\n<div class=\"message-box-content-wrapper-srHdUj\">\n<div class=\"message-content message-box-content-otxGGw receive-message-box-content-_lREFj samantha-message-box-content-Qjmpja\" data-testid=\"message_content\">\n<div class=\"container-hfX5E8 flow-markdown-body theme-samantha-yJEgBp\" dir=\"ltr\" data-testid=\"message_text_content\" data-show-indicator=\"false\">\n<div class=\"auto-hide-last-sibling-br paragraph-qzbcQC paragraph-element br-paragraph-space\">\n<div class=\"auto-hide-last-sibling-br paragraph-qzbcQC paragraph-element br-paragraph-space\">1-3 ya\u015f aras\u0131 \u00e7ocuklar i\u00e7in keyifli ve vazge\u00e7ilmez bir uyku arkada\u015f\u0131 olan Little Raccoon Infant Contour Pillow ile tan\u0131\u015f\u0131n. Ergonomik bir konturla titizlikle tasarlanan bu yast\u0131k, k\u00fc\u00e7\u00fck \u00e7ocu\u011funuzun ba\u015f\u0131n\u0131 ve boynunu nazik ama s\u0131k\u0131 bir \u015fekilde kucaklayarak her gece sa\u011fl\u0131kl\u0131 ve rahat bir uyku duru\u015fu sa\u011flar.<\/div>\n<p>&nbsp;<\/p>\n<div class=\"auto-hide-last-sibling-br paragraph-qzbcQC paragraph-element br-paragraph-space\">Yast\u0131\u011f\u0131n y\u00fczeyi, k\u00fc\u00e7\u00fck bir rakunun sevimli ill\u00fcstrasyonuyla s\u00fcslenmi\u015f bir cazibe tuvalidir. Sevimli bir k\u0131yafet giymi\u015f ve etraf\u0131 tuhaf y\u0131ld\u0131zlar ve sihirli bir de\u011fnekle \u00e7evrili rakun, fantezi ve e\u011flenceli bir dokunu\u015f kat\u0131yor. Yat\u0131\u015ft\u0131r\u0131c\u0131 pembe veya sakinle\u015ftirici mavi renk se\u00e7enekleriyle sunulan yumu\u015fak renkli arka plan, gen\u00e7lerin hayal g\u00fcc\u00fcne hitap eden g\u00f6rsel olarak \u00e7ekici ve sakin bir estetik yarat\u0131yor.<\/div>\n<p>&nbsp;<\/p>\n<div class=\"auto-hide-last-sibling-br paragraph-qzbcQC paragraph-element br-paragraph-space\">\u00d6l\u00e7\u00fcm 43*<em>26*<\/em>3CM, \u00e7ocu\u011funuzun uykusu i\u00e7in m\u00fckemmel boyuttad\u0131r ve ba\u015f\u0131n\u0131n rahat\u00e7a dinlenebilmesi i\u00e7in geni\u015f bir alan sa\u011flar. G\u00f6rkemli yumu\u015fak malzemelerden \u00fcretilen bu \u00fcr\u00fcn, \u00e7ocu\u011funuzu huzurlu bir uykuya dalmaya davet eden \u015fefkatli bir ninni gibi kadifemsi ve p\u00fcr\u00fczs\u00fcz bir dokunu\u015f sunar.<\/div>\n<p>&nbsp;<\/p>\n<div class=\"auto-hide-last-sibling-br paragraph-qzbcQC paragraph-element br-paragraph-space\">Bu yast\u0131k sadece yatma zaman\u0131 i\u00e7in de\u011fildir. G\u00fcn boyunca, \u00e7ocu\u011funuz rakun b\u00fcy\u00fcl\u00fc bir maceradaym\u0131\u015f gibi davranarak hayali oyunlar i\u00e7in bir destek olabilir. Ya da huzursuzluk anlar\u0131nda yumu\u015fak ve rahatlat\u0131c\u0131 bir arkada\u015f olarak hizmet edebilir.<\/div>\n<p>&nbsp;<\/p>\n<div class=\"auto-hide-last-sibling-br paragraph-qzbcQC paragraph-element br-paragraph-space\">Ebeveynler bu \u00fcr\u00fcnden \u00e7ok memnun kald\u0131. \"2 ya\u015f\u0131ndaki \u00e7ocu\u011fum Little Raccoon Yast\u0131k'a bay\u0131l\u0131yor! \u00c7ok yumu\u015fak ve tasar\u0131m\u0131 \u00e7ok de\u011ferli. Yatma vaktini \u00e7ocuk oyunca\u011f\u0131 haline getirdi,\" diye payla\u015ft\u0131 mutlu bir anne. Bir baba ise \u015funlar\u0131 ekledi: \"Rahatl\u0131\u011f\u0131 sevimli bir tasar\u0131mla birle\u015ftirmesini seviyoruz. Y\u0131kamalar ve sar\u0131lmalar boyunca iyi dayand\u0131. Mini\u011fimizin uykusu ve oyunu i\u00e7in harika bir sat\u0131n alma.\"<\/div>\n<p>&nbsp;<\/p>\n<div class=\"auto-hide-last-sibling-br paragraph-qzbcQC paragraph-element br-paragraph-space\">Little Raccoon Bebek Kontur Yast\u0131\u011f\u0131 \u00f6z\u00fcnde konfor, sevimlilik ve i\u015flevselli\u011fin uyumlu bir kar\u0131\u015f\u0131m\u0131d\u0131r. Sadece bir yatak e\u015fyas\u0131 de\u011fildir; \u00e7ocu\u011funuzun g\u00fcnl\u00fck ya\u015fam\u0131n\u0131n de\u011ferli bir par\u00e7as\u0131d\u0131r ve her an\u0131na rakun esintili bir sihir katar.<\/div>\n<\/div>\n<\/div>\n<\/div>\n<\/div>\n<\/div>\n<\/div>\n<\/div>\n<\/div>\n<\/div>\n<\/div>\n<\/div>\n<\/div>\n<\/div>\n<\/div>\n<\/div>\n<\/div>\n<\/div>","protected":false},"excerpt":{"rendered":"<p>Little Raccoon Infant Contour Pillow, 1 - 3 ya\u015f aras\u0131 \u00e7ocuklar i\u00e7in ideal bir uyku aksesuar\u0131d\u0131r. Kontur tasar\u0131m\u0131, ba\u015f ve boyun i\u00e7in optimum destek sa\u011flamak ve sa\u011fl\u0131kl\u0131 bir uyku duru\u015funu te\u015fvik etmek i\u00e7in ergonomik olarak \u00fcretilmi\u015ftir. Yast\u0131k, yumu\u015fak renkli bir arka plan \u00fczerinde sevimli bir k\u00fc\u00e7\u00fck rakun ill\u00fcstrasyonuna sahiptir ve \u015firin bir dokunu\u015f katar. Pembe ve mavi renk se\u00e7enekleriyle farkl\u0131 tercihlere hitap eder. \u00d6l\u00e7\u00fcleri 43*<em>26*<\/em>3CM, k\u00fc\u00e7\u00fckler i\u00e7in rahat bir boyut sunar. Yumu\u015fak malzemelerden \u00fcretilmi\u015ftir, rahat ve dinlendirici bir uyku sa\u011flar ve herhangi bir \u00e7ocu\u011fun yatma zaman\u0131 temellerine harika bir katk\u0131 sa\u011flar.<\/p>","protected":false},"featured_media":3406,"comment_status":"open","ping_status":"closed","template":"","meta":{"_uag_custom_page_level_css":"","site-sidebar-layout":"default","site-content-layout":"","ast-site-content-layout":"default","site-content-style":"default","site-sidebar-style":"default","ast-global-header-display":"","ast-banner-title-visibility":"","ast-main-header-display":"","ast-hfb-above-header-display":"","ast-hfb-below-header-display":"","ast-hfb-mobile-header-display":"","site-post-title":"","ast-breadcrumbs-content":"","ast-featured-img":"","footer-sml-layout":"","ast-disable-related-posts":"","theme-transparent-header-meta":"default","adv-header-id-meta":"","stick-header-meta":"","header-above-stick-meta":"","header-main-stick-meta":"","header-below-stick-meta":"","astra-migrate-meta-layouts":"set","ast-page-background-enabled":"default","ast-page-background-meta":{"desktop":{"background-color":"","background-image":"","background-repeat":"repeat","background-position":"center center","background-size":"auto","background-attachment":"scroll","background-type":"","background-media":"","overlay-type":"","overlay-color":"","overlay-opacity":"","overlay-gradient":""},"tablet":{"background-color":"","background-image":"","background-repeat":"repeat","background-position":"center center","background-size":"auto","background-attachment":"scroll","background-type":"","background-media":"","overlay-type":"","overlay-color":"","overlay-opacity":"","overlay-gradient":""},"mobile":{"background-color":"","background-image":"","background-repeat":"repeat","background-position":"center center","background-size":"auto","background-attachment":"scroll","background-type":"","background-media":"","overlay-type":"","overlay-color":"","overlay-opacity":"","overlay-gradient":""}},"ast-content-background-meta":{"desktop":{"background-color":"var(--ast-global-color-5)","background-image":"","background-repeat":"repeat","background-position":"center center","background-size":"auto","background-attachment":"scroll","background-type":"","background-media":"","overlay-type":"","overlay-color":"","overlay-opacity":"","overlay-gradient":""},"tablet":{"background-color":"var(--ast-global-color-5)","background-image":"","background-repeat":"repeat","background-position":"center center","background-size":"auto","background-attachment":"scroll","background-type":"","background-media":"","overlay-type":"","overlay-color":"","overlay-opacity":"","overlay-gradient":""},"mobile":{"background-color":"var(--ast-global-color-5)","background-image":"","background-repeat":"repeat","background-position":"center center","background-size":"auto","background-attachment":"scroll","background-type":"","background-media":"","overlay-type":"","overlay-color":"","overlay-opacity":"","overlay-gradient":""}}},"product_brand":[],"product_cat":[56,42],"product_tag":[70,68,71,69],"class_list":{"0":"post-3405","1":"product","2":"type-product","3":"status-publish","4":"has-post-thumbnail","6":"product_cat-1-to-3-years","7":"product_cat-merchandise","8":"product_tag-babypillow","9":"product_tag-cuteanimalpillow","10":"product_tag-headshapesupport","11":"product_tag-kouniushapingpillow","12":"desktop-align-left","13":"tablet-align-left","14":"mobile-align-left","16":"first","17":"instock","18":"shipping-taxable","19":"product-type-simple"},"aioseo_notices":[],"uagb_featured_image_src":{"full":["https:\/\/babypillowwholesale.com\/wp-content\/uploads\/2025\/04\/1707.jpg",1000,1000,false],"thumbnail":["https:\/\/babypillowwholesale.com\/wp-content\/uploads\/2025\/04\/1707-150x150.jpg",150,150,true],"medium":["https:\/\/babypillowwholesale.com\/wp-content\/uploads\/2025\/04\/1707-300x300.jpg",300,300,true],"medium_large":["https:\/\/babypillowwholesale.com\/wp-content\/uploads\/2025\/04\/1707-768x768.jpg",768,768,true],"large":["https:\/\/babypillowwholesale.com\/wp-content\/uploads\/2025\/04\/1707.jpg",1000,1000,false],"1536x1536":["https:\/\/babypillowwholesale.com\/wp-content\/uploads\/2025\/04\/1707.jpg",1000,1000,false],"2048x2048":["https:\/\/babypillowwholesale.com\/wp-content\/uploads\/2025\/04\/1707.jpg",1000,1000,false],"trp-custom-language-flag":["https:\/\/babypillowwholesale.com\/wp-content\/uploads\/2025\/04\/1707.jpg",12,12,false],"woocommerce_thumbnail":["https:\/\/babypillowwholesale.com\/wp-content\/uploads\/2025\/04\/1707-300x300.jpg",300,300,true],"woocommerce_single":["https:\/\/babypillowwholesale.com\/wp-content\/uploads\/2025\/04\/1707-600x600.jpg",600,600,true],"woocommerce_gallery_thumbnail":["https:\/\/babypillowwholesale.com\/wp-content\/uploads\/2025\/04\/1707-100x100.jpg",100,100,true]},"uagb_author_info":{"display_name":"Etnen zhong","author_link":"https:\/\/babypillowwholesale.com\/tr\/author\/"},"uagb_comment_info":0,"uagb_excerpt":"The Little Raccoon Infant Contour Pillow is an ideal sleep accessory for children aged 1 - 3 years. Its contour design is ergonomically crafted to provide optimal support for the head and neck, promoting a healthy sleeping posture. The pillow features an endearing little raccoon illustration on a soft - colored background, adding a touch&hellip;","jetpack_sharing_enabled":true,"_links":{"self":[{"href":"https:\/\/babypillowwholesale.com\/tr\/wp-json\/wp\/v2\/product\/3405","targetHints":{"allow":["GET"]}}],"collection":[{"href":"https:\/\/babypillowwholesale.com\/tr\/wp-json\/wp\/v2\/product"}],"about":[{"href":"https:\/\/babypillowwholesale.com\/tr\/wp-json\/wp\/v2\/types\/product"}],"replies":[{"embeddable":true,"href":"https:\/\/babypillowwholesale.com\/tr\/wp-json\/wp\/v2\/comments?post=3405"}],"wp:featuredmedia":[{"embeddable":true,"href":"https:\/\/babypillowwholesale.com\/tr\/wp-json\/wp\/v2\/media\/3406"}],"wp:attachment":[{"href":"https:\/\/babypillowwholesale.com\/tr\/wp-json\/wp\/v2\/media?parent=3405"}],"wp:term":[{"taxonomy":"product_brand","embeddable":true,"href":"https:\/\/babypillowwholesale.com\/tr\/wp-json\/wp\/v2\/product_brand?post=3405"},{"taxonomy":"product_cat","embeddable":true,"href":"https:\/\/babypillowwholesale.com\/tr\/wp-json\/wp\/v2\/product_cat?post=3405"},{"taxonomy":"product_tag","embeddable":true,"href":"https:\/\/babypillowwholesale.com\/tr\/wp-json\/wp\/v2\/product_tag?post=3405"}],"curies":[{"name":"wp","href":"https:\/\/api.w.org\/{rel}","templated":true}]}}