{"id":3393,"date":"2025-04-12T03:14:40","date_gmt":"2025-04-12T03:14:40","guid":{"rendered":"https:\/\/babypillowwholesale.com\/?post_type=product&#038;p=3393"},"modified":"2025-06-08T07:55:08","modified_gmt":"2025-06-08T07:55:08","slug":"shy-bear-contour-pillow","status":"publish","type":"product","link":"https:\/\/babypillowwholesale.com\/tr\/product\/shy-bear-contour-pillow\/","title":{"rendered":"Utanga\u00e7 Ay\u0131 Kontur Yast\u0131k"},"content":{"rendered":"<div class=\"auto-hide-last-sibling-br paragraph-qzbcQC paragraph-element br-paragraph-space\" data-immersive-translate-walked=\"8e61f2e7-6af2-46e5-9672-3b9e4f4033d9\" data-immersive-translate-paragraph=\"1\">\n<div class=\"auto-hide-last-sibling-br paragraph-qzbcQC paragraph-element br-paragraph-space\">\n<div class=\"auto-hide-last-sibling-br paragraph-qzbcQC paragraph-element br-paragraph-space\">\n<div class=\"auto-hide-last-sibling-br paragraph-qzbcQC paragraph-element br-paragraph-space\">\n<div class=\"auto-hide-last-sibling-br paragraph-qzbcQC paragraph-element br-paragraph-space\">\n<div class=\"auto-hide-last-sibling-br paragraph-qzbcQC paragraph-element br-paragraph-space\">\n<div class=\"inter-wlTS5w\">\n<div class=\"container-QE4ayg\">\n<div class=\"item-jU10IN\">\n<div class=\"container-jODEnh chrome70-container\">\n<div class=\"inner-eE95c9 inner-item-aL3Ui_\" data-target-id=\"message-box-target-id\" data-testid=\"union_message\">\n<div class=\"message-block-container-liuetz\" data-testid=\"message-block-container\">\n<div class=\"message-box-ZWbBdF\" data-testid=\"receive_message\">\n<div class=\"message-box-content-wrapper-srHdUj\">\n<div class=\"message-content message-box-content-otxGGw receive-message-box-content-_lREFj samantha-message-box-content-Qjmpja\" data-testid=\"message_content\">\n<div class=\"container-hfX5E8 flow-markdown-body theme-samantha-yJEgBp\" dir=\"ltr\" data-testid=\"message_text_content\" data-show-indicator=\"false\">\n<div class=\"auto-hide-last-sibling-br paragraph-qzbcQC paragraph-element br-paragraph-space\">Kar\u015f\u0131n\u0131zda 1-3 ya\u015f aras\u0131 \u00e7ocuklar i\u00e7in g\u00fczel tasar\u0131ml\u0131 bir uyku vazge\u00e7ilmezi olan Shy Bear Kontur Yast\u0131k. B\u00fcy\u00fcleyici \u00f6zellikleri ile\u00a0<span class=\"container-x_WhZC math-inline\" data-custom-copy-text=\"\\(51 \\times 27 \\times 4\/3 \\text{CM}\\)\"><span class=\"katex\"><span class=\"katex-html\" aria-hidden=\"true\"><span class=\"base\"><span class=\"mord\">51<\/span><span class=\"mbin\">\u00d7<\/span><\/span><span class=\"base\"><span class=\"mord\">27<\/span><span class=\"mbin\">\u00d7<\/span><\/span><span class=\"base\"><span class=\"mord\">4\/3<\/span><span class=\"mord text\"><span class=\"mord\">CM<\/span><\/span><\/span><\/span><\/span><\/span>Bu yast\u0131k, gen\u00e7 uykucular i\u00e7in \u00f6zel olarak \u00fcretilmi\u015ftir. Pembe, Koyu Ye\u015fil ve Mavinin b\u00fcy\u00fcleyici tonlar\u0131nda mevcut olan bu yast\u0131k, her yatak odas\u0131na canl\u0131 ve keyifli bir dokunu\u015f katar. Sevimli bir utanga\u00e7 ay\u0131 deseniyle s\u00fcslenmi\u015f olan bu yast\u0131k, \u00e7ocuklar\u0131n hayal g\u00fcc\u00fcn\u00fc yakalayarak yatma zaman\u0131n\u0131 daha cazip hale getirir.<\/div>\n<p>&nbsp;<\/p>\n<div class=\"auto-hide-last-sibling-br paragraph-qzbcQC paragraph-element br-paragraph-space\">\u0130ster \u00f6\u011fleden sonra uyku vakti ister gece uykusu olsun, bu yast\u0131k m\u00fckemmel bir arkada\u015ft\u0131r. Uyku zaman\u0131 boyunca, k\u00fc\u00e7\u00fck \u00e7ocu\u011funuzun dinlenmesi i\u00e7in rahat ve destekleyici bir nokta sa\u011flayarak rahat ve ferah bir uyku sa\u011flar. Geceleri, \u00e7ocu\u011funuz uykuya dald\u0131\u011f\u0131nda, kontur tasar\u0131m\u0131 ba\u015f\u0131n\u0131 ve boynunu nazik\u00e7e destekleyerek uygun bir uyku duru\u015funu te\u015fvik eder. Yumu\u015fak ve rahat malzemeler \u00e7ocu\u011funuzu rahat\u00e7a sarar ve huzurlu bir uyku ortam\u0131 yarat\u0131r.<\/div>\n<p>&nbsp;<\/p>\n<div class=\"auto-hide-last-sibling-br paragraph-qzbcQC paragraph-element br-paragraph-space\">Ebeveynler bu yast\u0131k hakk\u0131nda \u00f6vg\u00fcler ya\u011fd\u0131r\u0131yor. \"2 ya\u015f\u0131ndaki \u00e7ocu\u011fum Utanga\u00e7 Ay\u0131 Kontur Yast\u0131\u011f\u0131na bay\u0131l\u0131yor! Renkler \u00e7ok canl\u0131 ve ay\u0131 deseni \u00e7ok sevimli. En sevdi\u011fi uyku zaman\u0131 ve yatma zaman\u0131 arkada\u015f\u0131 oldu,\" diyor mutlu bir anne. Bir ba\u015fka baba ise \u015funlar\u0131 payla\u015ft\u0131: \"Kalitesinden \u00e7ok etkilendik. Kontur tasar\u0131m\u0131 \u00e7ocu\u011fumuzun boynunu ger\u00e7ekten iyi destekliyor gibi g\u00f6r\u00fcn\u00fcyor. Yatak tak\u0131mlar\u0131na harika bir katk\u0131.\"<\/div>\n<p>&nbsp;<\/p>\n<div class=\"auto-hide-last-sibling-br paragraph-qzbcQC paragraph-element br-paragraph-space\">K\u0131sacas\u0131, Shy Bear Kontur Yast\u0131k i\u015flevsellik, konfor ve sevimlili\u011fi bir araya getirerek, \u00e7ocuklar\u0131n\u0131n yatma zaman\u0131 rutinine ne\u015fe katan kaliteli bir uyku aksesuar\u0131 arayan ebeveynler i\u00e7in ideal bir se\u00e7imdir.<\/div>\n<\/div>\n<\/div>\n<\/div>\n<\/div>\n<\/div>\n<\/div>\n<\/div>\n<\/div>\n<\/div>\n<\/div>\n<div class=\"top-bcSEDJ\">\n<div class=\"container-jODEnh chrome70-container\"><\/div>\n<\/div>\n<\/div>\n<\/div>\n<\/div>\n<\/div>\n<\/div>\n<\/div>","protected":false},"excerpt":{"rendered":"<p>Utanga\u00e7 Ay\u0131 Kontur Yast\u0131k 1-3 ya\u015f aras\u0131 \u00e7ocuklar i\u00e7in \u00f6zenle \u00fcretilmi\u015ftir. 51* \u00f6zelli\u011fiyle<em>27*<\/em>4 \/ 3CM, gen\u00e7 uyuyanlar i\u00e7in \u00f6zel bir uyum sunar. Pembe, Koyu Ye\u015fil ve Mavi gibi b\u00fcy\u00fcleyici tonlarda mevcut olup, her yatak odas\u0131na canl\u0131 bir dokunu\u015f katar. Sevimli bir utanga\u00e7 ay\u0131 deseniyle s\u00fcslenmi\u015f olan bu \u00fcr\u00fcn, \u00e7ocuklar\u0131n hayal g\u00fcc\u00fcne hitap eder. Kontur tasar\u0131m\u0131, ba\u015f ve boyun i\u00e7in nazik ama etkili bir destek sa\u011flayarak do\u011fru uyku duru\u015funu te\u015fvik eder. Yumu\u015fak, rahat malzemelerden \u00fcretilmi\u015ftir, rahat ve dinlendirici bir uyku sa\u011flar. \u0130ster uyku zaman\u0131 ister gece i\u00e7in olsun, bu yast\u0131k i\u015flevselli\u011fi sevimli bir estetikle birle\u015ftirerek \u00e7ocuklar\u0131n\u0131n yatak tak\u0131mlar\u0131nda kalite ve \u00e7ekicilik arayan ebeveynler i\u00e7in m\u00fckemmel bir se\u00e7imdir.<\/p>","protected":false},"featured_media":3394,"comment_status":"open","ping_status":"closed","template":"","meta":{"_uag_custom_page_level_css":"","site-sidebar-layout":"default","site-content-layout":"","ast-site-content-layout":"default","site-content-style":"default","site-sidebar-style":"default","ast-global-header-display":"","ast-banner-title-visibility":"","ast-main-header-display":"","ast-hfb-above-header-display":"","ast-hfb-below-header-display":"","ast-hfb-mobile-header-display":"","site-post-title":"","ast-breadcrumbs-content":"","ast-featured-img":"","footer-sml-layout":"","ast-disable-related-posts":"","theme-transparent-header-meta":"default","adv-header-id-meta":"","stick-header-meta":"","header-above-stick-meta":"","header-main-stick-meta":"","header-below-stick-meta":"","astra-migrate-meta-layouts":"set","ast-page-background-enabled":"default","ast-page-background-meta":{"desktop":{"background-color":"","background-image":"","background-repeat":"repeat","background-position":"center center","background-size":"auto","background-attachment":"scroll","background-type":"","background-media":"","overlay-type":"","overlay-color":"","overlay-opacity":"","overlay-gradient":""},"tablet":{"background-color":"","background-image":"","background-repeat":"repeat","background-position":"center center","background-size":"auto","background-attachment":"scroll","background-type":"","background-media":"","overlay-type":"","overlay-color":"","overlay-opacity":"","overlay-gradient":""},"mobile":{"background-color":"","background-image":"","background-repeat":"repeat","background-position":"center center","background-size":"auto","background-attachment":"scroll","background-type":"","background-media":"","overlay-type":"","overlay-color":"","overlay-opacity":"","overlay-gradient":""}},"ast-content-background-meta":{"desktop":{"background-color":"var(--ast-global-color-5)","background-image":"","background-repeat":"repeat","background-position":"center center","background-size":"auto","background-attachment":"scroll","background-type":"","background-media":"","overlay-type":"","overlay-color":"","overlay-opacity":"","overlay-gradient":""},"tablet":{"background-color":"var(--ast-global-color-5)","background-image":"","background-repeat":"repeat","background-position":"center center","background-size":"auto","background-attachment":"scroll","background-type":"","background-media":"","overlay-type":"","overlay-color":"","overlay-opacity":"","overlay-gradient":""},"mobile":{"background-color":"var(--ast-global-color-5)","background-image":"","background-repeat":"repeat","background-position":"center center","background-size":"auto","background-attachment":"scroll","background-type":"","background-media":"","overlay-type":"","overlay-color":"","overlay-opacity":"","overlay-gradient":""}}},"product_brand":[],"product_cat":[56,42],"product_tag":[70,68,71,69],"class_list":{"0":"post-3393","1":"product","2":"type-product","3":"status-publish","4":"has-post-thumbnail","6":"product_cat-1-to-3-years","7":"product_cat-merchandise","8":"product_tag-babypillow","9":"product_tag-cuteanimalpillow","10":"product_tag-headshapesupport","11":"product_tag-kouniushapingpillow","12":"desktop-align-left","13":"tablet-align-left","14":"mobile-align-left","16":"first","17":"instock","18":"shipping-taxable","19":"product-type-simple"},"aioseo_notices":[],"uagb_featured_image_src":{"full":["https:\/\/babypillowwholesale.com\/wp-content\/uploads\/2025\/04\/1611.jpg",1000,1000,false],"thumbnail":["https:\/\/babypillowwholesale.com\/wp-content\/uploads\/2025\/04\/1611-150x150.jpg",150,150,true],"medium":["https:\/\/babypillowwholesale.com\/wp-content\/uploads\/2025\/04\/1611-300x300.jpg",300,300,true],"medium_large":["https:\/\/babypillowwholesale.com\/wp-content\/uploads\/2025\/04\/1611-768x768.jpg",768,768,true],"large":["https:\/\/babypillowwholesale.com\/wp-content\/uploads\/2025\/04\/1611.jpg",1000,1000,false],"1536x1536":["https:\/\/babypillowwholesale.com\/wp-content\/uploads\/2025\/04\/1611.jpg",1000,1000,false],"2048x2048":["https:\/\/babypillowwholesale.com\/wp-content\/uploads\/2025\/04\/1611.jpg",1000,1000,false],"trp-custom-language-flag":["https:\/\/babypillowwholesale.com\/wp-content\/uploads\/2025\/04\/1611.jpg",12,12,false],"woocommerce_thumbnail":["https:\/\/babypillowwholesale.com\/wp-content\/uploads\/2025\/04\/1611-300x300.jpg",300,300,true],"woocommerce_single":["https:\/\/babypillowwholesale.com\/wp-content\/uploads\/2025\/04\/1611-600x600.jpg",600,600,true],"woocommerce_gallery_thumbnail":["https:\/\/babypillowwholesale.com\/wp-content\/uploads\/2025\/04\/1611-100x100.jpg",100,100,true]},"uagb_author_info":{"display_name":"Etnen zhong","author_link":"https:\/\/babypillowwholesale.com\/tr\/author\/"},"uagb_comment_info":0,"uagb_excerpt":"The Shy Bear Contour Pillow is thoughtfully crafted for children aged 1 - 3 years. With its specification of 51*27*4\/3CM, it offers a tailored fit for young sleepers. Available in charming hues\u2014Pink, Dark Green, and Blue, it adds a vibrant touch to any bedroom. Adorned with a cute shy bear pattern, it appeals to children\u2019s&hellip;","jetpack_sharing_enabled":true,"_links":{"self":[{"href":"https:\/\/babypillowwholesale.com\/tr\/wp-json\/wp\/v2\/product\/3393","targetHints":{"allow":["GET"]}}],"collection":[{"href":"https:\/\/babypillowwholesale.com\/tr\/wp-json\/wp\/v2\/product"}],"about":[{"href":"https:\/\/babypillowwholesale.com\/tr\/wp-json\/wp\/v2\/types\/product"}],"replies":[{"embeddable":true,"href":"https:\/\/babypillowwholesale.com\/tr\/wp-json\/wp\/v2\/comments?post=3393"}],"wp:featuredmedia":[{"embeddable":true,"href":"https:\/\/babypillowwholesale.com\/tr\/wp-json\/wp\/v2\/media\/3394"}],"wp:attachment":[{"href":"https:\/\/babypillowwholesale.com\/tr\/wp-json\/wp\/v2\/media?parent=3393"}],"wp:term":[{"taxonomy":"product_brand","embeddable":true,"href":"https:\/\/babypillowwholesale.com\/tr\/wp-json\/wp\/v2\/product_brand?post=3393"},{"taxonomy":"product_cat","embeddable":true,"href":"https:\/\/babypillowwholesale.com\/tr\/wp-json\/wp\/v2\/product_cat?post=3393"},{"taxonomy":"product_tag","embeddable":true,"href":"https:\/\/babypillowwholesale.com\/tr\/wp-json\/wp\/v2\/product_tag?post=3393"}],"curies":[{"name":"wp","href":"https:\/\/api.w.org\/{rel}","templated":true}]}}