{"id":3389,"date":"2025-04-11T08:14:21","date_gmt":"2025-04-11T08:14:21","guid":{"rendered":"https:\/\/babypillowwholesale.com\/?post_type=product&#038;p=3389"},"modified":"2025-06-08T08:00:10","modified_gmt":"2025-06-08T08:00:10","slug":"heart-printed-shaping-pillow","status":"publish","type":"product","link":"https:\/\/babypillowwholesale.com\/tr\/product\/heart-printed-shaping-pillow\/","title":{"rendered":"Kalp - Bask\u0131l\u0131 \u015eekillendirme Yast\u0131\u011f\u0131"},"content":{"rendered":"<div class=\"auto-hide-last-sibling-br paragraph-qzbcQC paragraph-element br-paragraph-space\" data-immersive-translate-walked=\"8e61f2e7-6af2-46e5-9672-3b9e4f4033d9\" data-immersive-translate-paragraph=\"1\">\n<div class=\"auto-hide-last-sibling-br paragraph-qzbcQC paragraph-element br-paragraph-space\">\n<div class=\"auto-hide-last-sibling-br paragraph-qzbcQC paragraph-element br-paragraph-space\">\n<div class=\"auto-hide-last-sibling-br paragraph-qzbcQC paragraph-element br-paragraph-space\">\n<div class=\"auto-hide-last-sibling-br paragraph-qzbcQC paragraph-element br-paragraph-space\">\n<div class=\"auto-hide-last-sibling-br paragraph-qzbcQC paragraph-element br-paragraph-space\">0-6 ayl\u0131k bebekler i\u00e7in \u00f6zel olarak tasarlanm\u0131\u015f b\u00fcy\u00fcleyici ve vazge\u00e7ilmez bir uyku arkada\u015f\u0131 olan Kalp Bask\u0131l\u0131 \u015eekillendirici Yast\u0131k ile tan\u0131\u015f\u0131n. Bu yast\u0131k g\u00fczellik ve i\u015flevselli\u011fin uyumlu bir kar\u0131\u015f\u0131m\u0131d\u0131r ve y\u00fczeyi rastgele bask\u0131lardan olu\u015fan keyifli bir dizi i\u00e7in bir tuval g\u00f6revi g\u00f6r\u00fcr. Narin kalpler, \u00e7\u0131rp\u0131nan ku\u015flar ve zarif \u00e7i\u00e7ek unsurlar\u0131 kuma\u015f \u00fczerinde dans ederek duyular\u0131 yat\u0131\u015ft\u0131ran, s\u0131cakl\u0131k ve \u015fefkat hissi uyand\u0131ran g\u00f6rsel bir senfoni yarat\u0131r.<\/div>\n<p>&nbsp;<\/p>\n<div class=\"auto-hide-last-sibling-br paragraph-qzbcQC paragraph-element br-paragraph-space\">Titizlikle haz\u0131rlanm\u0131\u015f olan yast\u0131k, bebe\u011finizin ba\u015f\u0131n\u0131 \u015fekillendirmeye ve korumaya yard\u0131mc\u0131 olmak i\u00e7in o \u00f6nemli ilk aylarda \u00e7ok \u00f6nemli olan nazik ama sa\u011flam bir destek sunar. \u00d6l\u00e7\u00fcleri 27*<em>26*<\/em>2.5CM, bebe\u011finizin be\u015fi\u011fine rahat\u00e7a yerle\u015ferek k\u00fc\u00e7\u00fck \u00e7ocu\u011funuz i\u00e7in rahat ve g\u00fcvenli bir s\u0131\u011f\u0131nak sa\u011flar.<\/div>\n<p>&nbsp;<\/p>\n<div class=\"auto-hide-last-sibling-br paragraph-qzbcQC paragraph-element br-paragraph-space\">De\u011ferli bebe\u011finizin be\u015fi\u011finde uzand\u0131\u011f\u0131n\u0131 ve ba\u015f\u0131n\u0131n bu yast\u0131k taraf\u0131ndan rahat\u00e7a sar\u0131ld\u0131\u011f\u0131n\u0131 hayal edin. G\u00fcnd\u00fcz uykular\u0131nda yumu\u015fak, davetkar bir s\u0131\u011f\u0131nak haline gelirken, geceleri bebe\u011finizin huzurlu bir uykuya dalmas\u0131na yard\u0131mc\u0131 olarak bir g\u00fcvenlik hissi sunar. Ayr\u0131ca \u00e7ocuk odas\u0131na cazibeli bir dokunu\u015f katarak alan\u0131 daha davetkar ve i\u00e7 \u0131s\u0131tan bir ortama d\u00f6n\u00fc\u015ft\u00fcr\u00fcr.<\/div>\n<p>&nbsp;<\/p>\n<div class=\"auto-hide-last-sibling-br paragraph-qzbcQC paragraph-element br-paragraph-space\">Ebeveynler bu \u00fcr\u00fcn i\u00e7in \u00f6vg\u00fc dolu s\u00f6zler sarf etti. \"Kalp Bask\u0131l\u0131 \u015eekillendirme Yast\u0131\u011f\u0131na kesinlikle bay\u0131ld\u0131m! Hem \u00e7ok sevimli hem de bebe\u011fimi \u00e7ok rahat ettiriyor. Bask\u0131lar \u00e7ok tatl\u0131 ve ba\u015f\u0131n \u015fekillendirilmesine yard\u0131mc\u0131 olmas\u0131na bay\u0131l\u0131yorum,\" diyor yeni bir anne. Bir baba ise \u015funlar\u0131 ekledi: \"Bu yast\u0131\u011f\u0131 kullanmaya ba\u015flad\u0131\u011f\u0131m\u0131zdan beri bebe\u011fimizin uykusunda ger\u00e7ek bir fark oldu\u011funu fark ettik. \u0130yi yap\u0131lm\u0131\u015f ve tasar\u0131m\u0131 \u00e7ocuk odam\u0131z i\u00e7in m\u00fckemmel. Harika bir ke\u015fif!\"<\/div>\n<p>&nbsp;<\/p>\n<div class=\"auto-hide-last-sibling-br paragraph-qzbcQC paragraph-element br-paragraph-space\">\u00d6z\u00fcnde, Kalp Bask\u0131l\u0131 \u015eekillendirici Yast\u0131k bir yatak tak\u0131m\u0131ndan daha fazlas\u0131d\u0131r; bebe\u011finizin erken d\u00f6nem ya\u015fam\u0131n\u0131n de\u011ferli bir par\u00e7as\u0131d\u0131r ve uyku dolu her an\u0131 rahatl\u0131k, sevimlilik ve g\u00fcvenlik duygusuyla doldurur.<\/div>\n<\/div>\n<\/div>\n<\/div>\n<\/div>\n<\/div>","protected":false},"excerpt":{"rendered":"<p>Kalp Bask\u0131l\u0131 \u015eekillendirme Yast\u0131\u011f\u0131, 0-6 ayl\u0131k bebekler i\u00e7in tasarlanm\u0131\u015f b\u00fcy\u00fcleyici ve i\u015flevsel bir uyku aksesuar\u0131d\u0131r. Y\u00fczeyi kalpler, ku\u015flar ve \u00e7i\u00e7eklerden olu\u015fan ho\u015f rastgele bask\u0131larla s\u00fcslenmi\u015f olup, tatl\u0131 ve yat\u0131\u015ft\u0131r\u0131c\u0131 bir g\u00f6rsel \u00e7ekicilik yarat\u0131r. \u00d6zenle haz\u0131rlanm\u0131\u015f olan bu \u00fcr\u00fcn, bebe\u011fin ba\u015f\u0131n\u0131 \u015fekillendirmeye ve korumaya yard\u0131mc\u0131 olmak i\u00e7in nazik bir destek sa\u011flar. \u00d6l\u00e7\u00fcleri 27*<em>26*<\/em>2.5CM, bebe\u011fin be\u015fi\u011fine rahat\u00e7a s\u0131\u011far. Bu yast\u0131k, bebek i\u00e7in yumu\u015fak ve rahat bir dinlenme yeri sunmakla kalmaz, ayn\u0131 zamanda \u00e7ocuk odas\u0131na s\u0131cakl\u0131k ve \u015firinlik katarak k\u00fc\u00e7\u00fck \u00e7ocu\u011funuz i\u00e7in huzurlu bir uyku ortam\u0131 sa\u011flamak i\u00e7in ideal bir se\u00e7imdir.<\/p>","protected":false},"featured_media":3390,"comment_status":"open","ping_status":"closed","template":"","meta":{"_uag_custom_page_level_css":"","site-sidebar-layout":"default","site-content-layout":"","ast-site-content-layout":"default","site-content-style":"default","site-sidebar-style":"default","ast-global-header-display":"","ast-banner-title-visibility":"","ast-main-header-display":"","ast-hfb-above-header-display":"","ast-hfb-below-header-display":"","ast-hfb-mobile-header-display":"","site-post-title":"","ast-breadcrumbs-content":"","ast-featured-img":"","footer-sml-layout":"","ast-disable-related-posts":"","theme-transparent-header-meta":"default","adv-header-id-meta":"","stick-header-meta":"","header-above-stick-meta":"","header-main-stick-meta":"","header-below-stick-meta":"","astra-migrate-meta-layouts":"set","ast-page-background-enabled":"default","ast-page-background-meta":{"desktop":{"background-color":"","background-image":"","background-repeat":"repeat","background-position":"center center","background-size":"auto","background-attachment":"scroll","background-type":"","background-media":"","overlay-type":"","overlay-color":"","overlay-opacity":"","overlay-gradient":""},"tablet":{"background-color":"","background-image":"","background-repeat":"repeat","background-position":"center center","background-size":"auto","background-attachment":"scroll","background-type":"","background-media":"","overlay-type":"","overlay-color":"","overlay-opacity":"","overlay-gradient":""},"mobile":{"background-color":"","background-image":"","background-repeat":"repeat","background-position":"center center","background-size":"auto","background-attachment":"scroll","background-type":"","background-media":"","overlay-type":"","overlay-color":"","overlay-opacity":"","overlay-gradient":""}},"ast-content-background-meta":{"desktop":{"background-color":"var(--ast-global-color-5)","background-image":"","background-repeat":"repeat","background-position":"center center","background-size":"auto","background-attachment":"scroll","background-type":"","background-media":"","overlay-type":"","overlay-color":"","overlay-opacity":"","overlay-gradient":""},"tablet":{"background-color":"var(--ast-global-color-5)","background-image":"","background-repeat":"repeat","background-position":"center center","background-size":"auto","background-attachment":"scroll","background-type":"","background-media":"","overlay-type":"","overlay-color":"","overlay-opacity":"","overlay-gradient":""},"mobile":{"background-color":"var(--ast-global-color-5)","background-image":"","background-repeat":"repeat","background-position":"center center","background-size":"auto","background-attachment":"scroll","background-type":"","background-media":"","overlay-type":"","overlay-color":"","overlay-opacity":"","overlay-gradient":""}}},"product_brand":[],"product_cat":[54,42],"product_tag":[70,68,71,69],"class_list":{"0":"post-3389","1":"product","2":"type-product","3":"status-publish","4":"has-post-thumbnail","6":"product_cat-0-to-6months","7":"product_cat-merchandise","8":"product_tag-babypillow","9":"product_tag-cuteanimalpillow","10":"product_tag-headshapesupport","11":"product_tag-kouniushapingpillow","12":"desktop-align-left","13":"tablet-align-left","14":"mobile-align-left","16":"first","17":"instock","18":"shipping-taxable","19":"product-type-simple"},"aioseo_notices":[],"uagb_featured_image_src":{"full":["https:\/\/babypillowwholesale.com\/wp-content\/uploads\/2025\/04\/1009.jpg",1000,1000,false],"thumbnail":["https:\/\/babypillowwholesale.com\/wp-content\/uploads\/2025\/04\/1009-150x150.jpg",150,150,true],"medium":["https:\/\/babypillowwholesale.com\/wp-content\/uploads\/2025\/04\/1009-300x300.jpg",300,300,true],"medium_large":["https:\/\/babypillowwholesale.com\/wp-content\/uploads\/2025\/04\/1009-768x768.jpg",768,768,true],"large":["https:\/\/babypillowwholesale.com\/wp-content\/uploads\/2025\/04\/1009.jpg",1000,1000,false],"1536x1536":["https:\/\/babypillowwholesale.com\/wp-content\/uploads\/2025\/04\/1009.jpg",1000,1000,false],"2048x2048":["https:\/\/babypillowwholesale.com\/wp-content\/uploads\/2025\/04\/1009.jpg",1000,1000,false],"trp-custom-language-flag":["https:\/\/babypillowwholesale.com\/wp-content\/uploads\/2025\/04\/1009.jpg",12,12,false],"woocommerce_thumbnail":["https:\/\/babypillowwholesale.com\/wp-content\/uploads\/2025\/04\/1009-300x300.jpg",300,300,true],"woocommerce_single":["https:\/\/babypillowwholesale.com\/wp-content\/uploads\/2025\/04\/1009-600x600.jpg",600,600,true],"woocommerce_gallery_thumbnail":["https:\/\/babypillowwholesale.com\/wp-content\/uploads\/2025\/04\/1009-100x100.jpg",100,100,true]},"uagb_author_info":{"display_name":"Etnen zhong","author_link":"https:\/\/babypillowwholesale.com\/tr\/author\/"},"uagb_comment_info":0,"uagb_excerpt":"The Heart - Printed Shaping Pillow is a charming and functional sleep accessory designed for infants aged 0 - 6 months. Its surface is adorned with lovely random prints of hearts, birds, and floral elements, creating a sweet and soothing visual appeal. Crafted with care, it provides gentle support to help shape and maintain the&hellip;","jetpack_sharing_enabled":true,"_links":{"self":[{"href":"https:\/\/babypillowwholesale.com\/tr\/wp-json\/wp\/v2\/product\/3389","targetHints":{"allow":["GET"]}}],"collection":[{"href":"https:\/\/babypillowwholesale.com\/tr\/wp-json\/wp\/v2\/product"}],"about":[{"href":"https:\/\/babypillowwholesale.com\/tr\/wp-json\/wp\/v2\/types\/product"}],"replies":[{"embeddable":true,"href":"https:\/\/babypillowwholesale.com\/tr\/wp-json\/wp\/v2\/comments?post=3389"}],"wp:featuredmedia":[{"embeddable":true,"href":"https:\/\/babypillowwholesale.com\/tr\/wp-json\/wp\/v2\/media\/3390"}],"wp:attachment":[{"href":"https:\/\/babypillowwholesale.com\/tr\/wp-json\/wp\/v2\/media?parent=3389"}],"wp:term":[{"taxonomy":"product_brand","embeddable":true,"href":"https:\/\/babypillowwholesale.com\/tr\/wp-json\/wp\/v2\/product_brand?post=3389"},{"taxonomy":"product_cat","embeddable":true,"href":"https:\/\/babypillowwholesale.com\/tr\/wp-json\/wp\/v2\/product_cat?post=3389"},{"taxonomy":"product_tag","embeddable":true,"href":"https:\/\/babypillowwholesale.com\/tr\/wp-json\/wp\/v2\/product_tag?post=3389"}],"curies":[{"name":"wp","href":"https:\/\/api.w.org\/{rel}","templated":true}]}}