{"id":3383,"date":"2025-04-11T07:55:31","date_gmt":"2025-04-11T07:55:31","guid":{"rendered":"https:\/\/babypillowwholesale.com\/?post_type=product&#038;p=3383"},"modified":"2025-06-08T08:07:13","modified_gmt":"2025-06-08T08:07:13","slug":"little-apple-memory-pillow","status":"publish","type":"product","link":"https:\/\/babypillowwholesale.com\/tr\/product\/little-apple-memory-pillow\/","title":{"rendered":"K\u00fc\u00e7\u00fck Elma Haf\u0131zal\u0131 Yast\u0131k"},"content":{"rendered":"<div class=\"auto-hide-last-sibling-br paragraph-qzbcQC paragraph-element br-paragraph-space\" data-immersive-translate-walked=\"8e61f2e7-6af2-46e5-9672-3b9e4f4033d9\" data-immersive-translate-paragraph=\"1\">\n<div class=\"auto-hide-last-sibling-br paragraph-qzbcQC paragraph-element br-paragraph-space\">\n<div class=\"auto-hide-last-sibling-br paragraph-qzbcQC paragraph-element br-paragraph-space\">\n<div class=\"auto-hide-last-sibling-br paragraph-qzbcQC paragraph-element br-paragraph-space\">\u00d6zellikle 0 - 3 ayl\u0131k bebekler i\u00e7in haz\u0131rlanm\u0131\u015f sevimli ve vazge\u00e7ilmez bir uyku arkada\u015f\u0131 olan K\u00fc\u00e7\u00fck Elma Haf\u0131zal\u0131 Yast\u0131k ile tan\u0131\u015f\u0131n. Bu yast\u0131k, sevimli elma \u015feklindeki siluetiyle an\u0131nda g\u00f6z al\u0131c\u0131d\u0131r ve en ba\u015f\u0131ndan itibaren bir tatl\u0131l\u0131k ve oyunculuk duygusu yayar.<\/div>\n<p>&nbsp;<\/p>\n<div class=\"auto-hide-last-sibling-br paragraph-qzbcQC paragraph-element br-paragraph-space\">Birinci s\u0131n\u0131f haf\u0131zal\u0131 k\u00f6p\u00fckten \u00fcretilen bu \u00fcr\u00fcn, konforun bir \u00f6rne\u011fidir. Bebe\u011finizin ba\u015f\u0131n\u0131n benzersiz hatlar\u0131na nazik\u00e7e ve kusursuz bir \u015fekilde uyum sa\u011flayarak hem hassas hem de g\u00fcven verici \u00f6zel bir destek seviyesi sunar. Yast\u0131\u011f\u0131n y\u00fczeyi, bir tutam tuhafl\u0131k ve s\u0131cakl\u0131k katan ho\u015f rastgele bask\u0131larla s\u00fcslenmi\u015f bir cazibe tuvalidir. Her bir bask\u0131, yast\u0131\u011f\u0131n genel sevimlili\u011fine katk\u0131da bulunan k\u00fc\u00e7\u00fck bir hikaye gibidir.<\/div>\n<p>&nbsp;<\/p>\n<div class=\"auto-hide-last-sibling-br paragraph-qzbcQC paragraph-element br-paragraph-space\">Zarif 20* \u00f6l\u00e7\u00fclerinde<em>22*<\/em>1.5CM, bebe\u011finizin be\u015fi\u011fine m\u00fckemmel bir \u015fekilde yerle\u015fir ve k\u00fc\u00e7\u00fck \u00e7ocu\u011funuz i\u00e7in rahat bir s\u0131\u011f\u0131nak olu\u015fturur. De\u011ferli bebe\u011finizin be\u015fi\u011finde uzand\u0131\u011f\u0131n\u0131 ve ba\u015f\u0131n\u0131n bu k\u00fc\u00e7\u00fck elma \u015feklindeki yast\u0131k taraf\u0131ndan nazik\u00e7e sar\u0131ld\u0131\u011f\u0131n\u0131 hayal edin. Haf\u0131zal\u0131 k\u00f6p\u00fc\u011f\u00fcn nazik kucaklamas\u0131 ve sevimli bask\u0131larla \u00e7evrili, huzurlu bir uykuya dalabilecekleri yumu\u015fak ve g\u00fcvenli bir nokta haline gelir.<\/div>\n<p>&nbsp;<\/p>\n<div class=\"auto-hide-last-sibling-br paragraph-qzbcQC paragraph-element br-paragraph-space\">Bebe\u011finizin zaman\u0131n\u0131n \u00e7o\u011funu uyuyarak ge\u00e7irdi\u011fi ilk g\u00fcnlerde, Little Apple Haf\u0131zal\u0131 Yast\u0131k s\u00fcrekli bir konfor kayna\u011f\u0131d\u0131r. \u0130ster g\u00fcnd\u00fcz k\u0131sa bir uyku ister gece uzun bir uyku olsun, bu yast\u0131k tutarl\u0131 ve rahatlat\u0131c\u0131 bir y\u00fczey sa\u011flar. Ayr\u0131ca \u00e7ocuk odas\u0131nda bir odak noktas\u0131 haline gelir ve genel dekora \u015firin bir dokunu\u015f katar.<\/div>\n<p>&nbsp;<\/p>\n<div class=\"auto-hide-last-sibling-br paragraph-qzbcQC paragraph-element br-paragraph-space\">Ebeveynler bu keyifli yast\u0131\u011fa \u00f6vg\u00fcler ya\u011fd\u0131r\u0131yor. \"K\u00fc\u00e7\u00fck Elma Haf\u0131zal\u0131 Yast\u0131\u011fa bay\u0131ld\u0131m! \u00c7ok \u015firin ve yeni do\u011fan bebe\u011fim \u00e7ok daha rahat g\u00f6r\u00fcn\u00fcyor. Haf\u0131zal\u0131 k\u00f6p\u00fck oyunun kurallar\u0131n\u0131 de\u011fi\u015ftiriyor,\" diye hayk\u0131rd\u0131 yeni bir anne. Bir baba ise \u015funlar\u0131 ekledi: \"\u00c7ocuk odas\u0131na biraz \u00e7ekicilik katmas\u0131n\u0131 seviyoruz. \u0130yi dayand\u0131 ve bebe\u011fimizin daha iyi uyumas\u0131na ger\u00e7ekten yard\u0131mc\u0131 oluyor gibi g\u00f6r\u00fcn\u00fcyor.\"<\/div>\n<p>&nbsp;<\/p>\n<div class=\"auto-hide-last-sibling-br paragraph-qzbcQC paragraph-element br-paragraph-space\">\u00d6z\u00fcnde, K\u00fc\u00e7\u00fck Elma Haf\u0131zal\u0131 Yast\u0131k konfor, \u015firinlik ve i\u015flevselli\u011fin uyumlu bir kar\u0131\u015f\u0131m\u0131d\u0131r. Sadece bir yatak e\u015fyas\u0131 de\u011fildir; bebe\u011finizin erken ya\u015fam\u0131n\u0131n de\u011ferli bir par\u00e7as\u0131d\u0131r ve uyku dolu her ana huzur ve \u015fefkat duygusu katar.<\/div>\n<\/div>\n<\/div>\n<\/div>","protected":false},"excerpt":{"rendered":"<p>K\u00fc\u00e7\u00fck Elma Haf\u0131zal\u0131 Yast\u0131k, 0 - 3 ayl\u0131k bebekler i\u00e7in tasarlanm\u0131\u015f tatl\u0131 ve pratik bir uyku vazge\u00e7ilmezidir. Sevimli bir elma \u015feklindeki bu yast\u0131k, sevimli formuyla hemen g\u00f6ze \u00e7arpar. Haf\u0131zal\u0131 k\u00f6p\u00fckten \u00fcretilmi\u015ftir, bebe\u011fin ba\u015f\u0131na yumu\u015fak bir \u015fekilde uyum sa\u011flayarak nazik ve \u00f6zelle\u015ftirilmi\u015f destek sa\u011flar. Y\u00fczey, sevimli bir dokunu\u015f katan b\u00fcy\u00fcleyici rastgele bask\u0131larla s\u00fcslenmi\u015ftir. 20* kompakt boyutuyla<em>22*<\/em>1.5CM, bebe\u011fin be\u015fi\u011fine m\u00fckemmel uyum sa\u011flar. Bu yast\u0131k sadece bebe\u011fin ba\u015f \u015feklini korumaya yard\u0131mc\u0131 olmakla kalmaz, ayn\u0131 zamanda rahat ve konforlu bir dinlenme yeri sunarak bebe\u011fin huzurlu uykusu i\u00e7in sakin bir ortam yarat\u0131r.<\/p>","protected":false},"featured_media":3384,"comment_status":"open","ping_status":"closed","template":"","meta":{"_uag_custom_page_level_css":"","site-sidebar-layout":"default","site-content-layout":"","ast-site-content-layout":"default","site-content-style":"default","site-sidebar-style":"default","ast-global-header-display":"","ast-banner-title-visibility":"","ast-main-header-display":"","ast-hfb-above-header-display":"","ast-hfb-below-header-display":"","ast-hfb-mobile-header-display":"","site-post-title":"","ast-breadcrumbs-content":"","ast-featured-img":"","footer-sml-layout":"","ast-disable-related-posts":"","theme-transparent-header-meta":"default","adv-header-id-meta":"","stick-header-meta":"","header-above-stick-meta":"","header-main-stick-meta":"","header-below-stick-meta":"","astra-migrate-meta-layouts":"set","ast-page-background-enabled":"default","ast-page-background-meta":{"desktop":{"background-color":"","background-image":"","background-repeat":"repeat","background-position":"center center","background-size":"auto","background-attachment":"scroll","background-type":"","background-media":"","overlay-type":"","overlay-color":"","overlay-opacity":"","overlay-gradient":""},"tablet":{"background-color":"","background-image":"","background-repeat":"repeat","background-position":"center center","background-size":"auto","background-attachment":"scroll","background-type":"","background-media":"","overlay-type":"","overlay-color":"","overlay-opacity":"","overlay-gradient":""},"mobile":{"background-color":"","background-image":"","background-repeat":"repeat","background-position":"center center","background-size":"auto","background-attachment":"scroll","background-type":"","background-media":"","overlay-type":"","overlay-color":"","overlay-opacity":"","overlay-gradient":""}},"ast-content-background-meta":{"desktop":{"background-color":"var(--ast-global-color-5)","background-image":"","background-repeat":"repeat","background-position":"center center","background-size":"auto","background-attachment":"scroll","background-type":"","background-media":"","overlay-type":"","overlay-color":"","overlay-opacity":"","overlay-gradient":""},"tablet":{"background-color":"var(--ast-global-color-5)","background-image":"","background-repeat":"repeat","background-position":"center center","background-size":"auto","background-attachment":"scroll","background-type":"","background-media":"","overlay-type":"","overlay-color":"","overlay-opacity":"","overlay-gradient":""},"mobile":{"background-color":"var(--ast-global-color-5)","background-image":"","background-repeat":"repeat","background-position":"center center","background-size":"auto","background-attachment":"scroll","background-type":"","background-media":"","overlay-type":"","overlay-color":"","overlay-opacity":"","overlay-gradient":""}}},"product_brand":[],"product_cat":[54,42],"product_tag":[70,68,71,69],"class_list":{"0":"post-3383","1":"product","2":"type-product","3":"status-publish","4":"has-post-thumbnail","6":"product_cat-0-to-6months","7":"product_cat-merchandise","8":"product_tag-babypillow","9":"product_tag-cuteanimalpillow","10":"product_tag-headshapesupport","11":"product_tag-kouniushapingpillow","12":"desktop-align-left","13":"tablet-align-left","14":"mobile-align-left","16":"first","17":"instock","18":"shipping-taxable","19":"product-type-simple"},"aioseo_notices":[],"uagb_featured_image_src":{"full":["https:\/\/babypillowwholesale.com\/wp-content\/uploads\/2025\/04\/1003.jpg",1000,1000,false],"thumbnail":["https:\/\/babypillowwholesale.com\/wp-content\/uploads\/2025\/04\/1003-150x150.jpg",150,150,true],"medium":["https:\/\/babypillowwholesale.com\/wp-content\/uploads\/2025\/04\/1003-300x300.jpg",300,300,true],"medium_large":["https:\/\/babypillowwholesale.com\/wp-content\/uploads\/2025\/04\/1003-768x768.jpg",768,768,true],"large":["https:\/\/babypillowwholesale.com\/wp-content\/uploads\/2025\/04\/1003.jpg",1000,1000,false],"1536x1536":["https:\/\/babypillowwholesale.com\/wp-content\/uploads\/2025\/04\/1003.jpg",1000,1000,false],"2048x2048":["https:\/\/babypillowwholesale.com\/wp-content\/uploads\/2025\/04\/1003.jpg",1000,1000,false],"trp-custom-language-flag":["https:\/\/babypillowwholesale.com\/wp-content\/uploads\/2025\/04\/1003.jpg",12,12,false],"woocommerce_thumbnail":["https:\/\/babypillowwholesale.com\/wp-content\/uploads\/2025\/04\/1003-300x300.jpg",300,300,true],"woocommerce_single":["https:\/\/babypillowwholesale.com\/wp-content\/uploads\/2025\/04\/1003-600x600.jpg",600,600,true],"woocommerce_gallery_thumbnail":["https:\/\/babypillowwholesale.com\/wp-content\/uploads\/2025\/04\/1003-100x100.jpg",100,100,true]},"uagb_author_info":{"display_name":"Etnen zhong","author_link":"https:\/\/babypillowwholesale.com\/tr\/author\/"},"uagb_comment_info":0,"uagb_excerpt":"The Little Apple Memory Pillow is a sweet and practical sleep essential designed for infants aged 0 - 3 months. Shaped like a cute apple, it immediately catches the eye with its adorable form. Made of memory foam, it softly conforms to the baby's head, providing gentle and customized support. The surface is decorated with&hellip;","jetpack_sharing_enabled":true,"_links":{"self":[{"href":"https:\/\/babypillowwholesale.com\/tr\/wp-json\/wp\/v2\/product\/3383","targetHints":{"allow":["GET"]}}],"collection":[{"href":"https:\/\/babypillowwholesale.com\/tr\/wp-json\/wp\/v2\/product"}],"about":[{"href":"https:\/\/babypillowwholesale.com\/tr\/wp-json\/wp\/v2\/types\/product"}],"replies":[{"embeddable":true,"href":"https:\/\/babypillowwholesale.com\/tr\/wp-json\/wp\/v2\/comments?post=3383"}],"wp:featuredmedia":[{"embeddable":true,"href":"https:\/\/babypillowwholesale.com\/tr\/wp-json\/wp\/v2\/media\/3384"}],"wp:attachment":[{"href":"https:\/\/babypillowwholesale.com\/tr\/wp-json\/wp\/v2\/media?parent=3383"}],"wp:term":[{"taxonomy":"product_brand","embeddable":true,"href":"https:\/\/babypillowwholesale.com\/tr\/wp-json\/wp\/v2\/product_brand?post=3383"},{"taxonomy":"product_cat","embeddable":true,"href":"https:\/\/babypillowwholesale.com\/tr\/wp-json\/wp\/v2\/product_cat?post=3383"},{"taxonomy":"product_tag","embeddable":true,"href":"https:\/\/babypillowwholesale.com\/tr\/wp-json\/wp\/v2\/product_tag?post=3383"}],"curies":[{"name":"wp","href":"https:\/\/api.w.org\/{rel}","templated":true}]}}