{"id":3380,"date":"2025-04-11T07:23:24","date_gmt":"2025-04-11T07:23:24","guid":{"rendered":"https:\/\/babypillowwholesale.com\/?post_type=product&#038;p=3380"},"modified":"2025-06-08T08:11:45","modified_gmt":"2025-06-08T08:11:45","slug":"little-bear-memory-pillow","status":"publish","type":"product","link":"https:\/\/babypillowwholesale.com\/tr\/product\/little-bear-memory-pillow\/","title":{"rendered":"K\u00fc\u00e7\u00fck Ay\u0131 Haf\u0131zal\u0131 Yast\u0131k"},"content":{"rendered":"<div class=\"auto-hide-last-sibling-br paragraph-qzbcQC paragraph-element br-paragraph-space\" data-immersive-translate-walked=\"8e61f2e7-6af2-46e5-9672-3b9e4f4033d9\" data-immersive-translate-paragraph=\"1\">\n<div class=\"auto-hide-last-sibling-br paragraph-qzbcQC paragraph-element br-paragraph-space\">\n<div class=\"auto-hide-last-sibling-br paragraph-qzbcQC paragraph-element br-paragraph-space\">0-6 ayl\u0131k bebekler i\u00e7in \u00f6zenle haz\u0131rlanm\u0131\u015f, hassas ve vazge\u00e7ilmez bir uyku arkada\u015f\u0131 olan Little Bear Haf\u0131zal\u0131 Yast\u0131k ile tan\u0131\u015f\u0131n. Bu yast\u0131k, bebe\u011finizin ba\u015f\u0131n\u0131n hatlar\u0131na zarif bir \u015fekilde uyum sa\u011flayan birinci s\u0131n\u0131f haf\u0131zal\u0131 k\u00f6p\u00fckten \u00fcretilmi\u015f bir konfor \u00f6rne\u011fidir. Ismarlama bir kucaklama sunarak, k\u00fc\u00e7\u00fck \u00e7ocu\u011funuzun geli\u015fmekte olan kafa \u015fekli i\u00e7in \u00e7ok \u00f6nemli olan nazik ama destekleyici bir konfor sa\u011flar.<\/div>\n<p>&nbsp;<\/p>\n<div class=\"auto-hide-last-sibling-br paragraph-qzbcQC paragraph-element br-paragraph-space\">Yast\u0131\u011f\u0131n y\u00fczeyi, sevimli k\u00fc\u00e7\u00fck ay\u0131 motifleri i\u00e7eren bir dizi ho\u015f rastgele bask\u0131yla s\u00fcslenmi\u015f bir \u015firinlik tuvalidir. Her bir ay\u0131n\u0131n sevimli ifadesi ve oyuncu tav\u0131rlar\u0131, yast\u0131\u011f\u0131 sadece i\u015flevsel bir \u00fcr\u00fcn de\u011fil, ayn\u0131 zamanda g\u00f6rsel bir ne\u015fe kayna\u011f\u0131 haline getirerek bir tutam tuhafl\u0131k ve s\u0131cakl\u0131k kat\u0131yor.<\/div>\n<p>&nbsp;<\/p>\n<div class=\"auto-hide-last-sibling-br paragraph-qzbcQC paragraph-element br-paragraph-space\">Kompakt 25* \u00f6l\u00e7\u00fclerinde<em>20*<\/em>1,5 CM, bir bebe\u011fin be\u015fi\u011fi veya be\u015fi\u011fi i\u00e7in m\u00fckemmel uyum sa\u011flar. De\u011ferli bebe\u011finizi rahat uyku alan\u0131nda, minik ba\u015f\u0131n\u0131 bu yast\u0131\u011f\u0131n \u00fczerinde nazik\u00e7e dinlenirken hayal edin. Buras\u0131, k\u00fc\u00e7\u00fck ay\u0131 bask\u0131lar\u0131n\u0131n rahatlat\u0131c\u0131 varl\u0131\u011f\u0131yla \u00e7evrili, huzurlu bir uykuya dalabilecekleri bir yer, bir yumu\u015fakl\u0131k cenneti haline gelir.<\/div>\n<p>&nbsp;<\/p>\n<div class=\"auto-hide-last-sibling-br paragraph-qzbcQC paragraph-element br-paragraph-space\">Bebe\u011finizin g\u00fcn boyunca k\u0131sa uykulara dald\u0131\u011f\u0131 ilk g\u00fcnlerde, Little Bear Haf\u0131zal\u0131 Yast\u0131k tutarl\u0131 ve rahat bir yer sa\u011flar. Ayr\u0131ca gece uykusu s\u0131ras\u0131nda g\u00fcven verici bir katk\u0131 sa\u011flayarak bebe\u011finizin kendini g\u00fcvende ve rahat hissetmesine yard\u0131mc\u0131 olur.<\/div>\n<p>&nbsp;<\/p>\n<div class=\"auto-hide-last-sibling-br paragraph-qzbcQC paragraph-element br-paragraph-space\">Ebeveynler bu \u00fcr\u00fcnden \u00e7ok memnun kald\u0131lar. \"Bu K\u00fc\u00e7\u00fck Ay\u0131 Haf\u0131zal\u0131 Yast\u0131k oyunun kurallar\u0131n\u0131 de\u011fi\u015ftiriyor! Yeni do\u011fan bebe\u011fim \u00e7ok daha rahat g\u00f6r\u00fcn\u00fcyor ve sevimli ay\u0131 bask\u0131lar\u0131na bay\u0131ld\u0131m. Kafa \u015fekline de yard\u0131mc\u0131 oldu\u011funu bilmek bana huzur veriyor,\" diyor yeni bir anne. Bir baba ise \u015funlar\u0131 ekledi: \"Kalitesinden ger\u00e7ekten etkilendik. \u0130yi dayand\u0131 ve bebe\u011fimizin uyku d\u00fczeninin vazge\u00e7ilmez bir par\u00e7as\u0131 haline geldi.\"<\/div>\n<p>&nbsp;<\/p>\n<div class=\"auto-hide-last-sibling-br paragraph-qzbcQC paragraph-element br-paragraph-space\">\u00d6z\u00fcnde, K\u00fc\u00e7\u00fck Ay\u0131 Haf\u0131zal\u0131 Yast\u0131k konfor, \u015firinlik ve i\u015flevselli\u011fin uyumlu bir kar\u0131\u015f\u0131m\u0131d\u0131r. Sadece bir yatak e\u015fyas\u0131 de\u011fildir; bebe\u011finizin ilk g\u00fcnlerinin de\u011ferli bir par\u00e7as\u0131d\u0131r ve uyku dolu her ana g\u00fcvenlik ve \u015fefkat duygusu katar.<\/div>\n<\/div>\n<\/div>","protected":false},"excerpt":{"rendered":"<p>Little Bear Haf\u0131zal\u0131 Yast\u0131k, 0 - 6 ayl\u0131k bebekler i\u00e7in tasarlanm\u0131\u015f hassas ve i\u015flevsel bir uyku aksesuar\u0131d\u0131r. Haf\u0131zal\u0131 k\u00f6p\u00fckten \u00fcretilen bu yast\u0131k, bebe\u011fin ba\u015f\u0131n\u0131n \u015fekline nazik\u00e7e uyum sa\u011flayarak ki\u015fiye \u00f6zel destek sunar. Y\u00fczeyi, k\u00fc\u00e7\u00fck ay\u0131 motiflerinden olu\u015fan sevimli rastgele bask\u0131larla s\u00fcslenmi\u015f ve bir \u00e7ekicilik unsuru katm\u0131\u015ft\u0131r. 25* kompakt boyutuyla<em>20*<\/em>1.5CM, bebe\u011fin be\u015fi\u011fi veya be\u015fi\u011fi i\u00e7in uygundur. Bu yast\u0131k sadece bebe\u011fin ba\u015f \u015feklini korumaya yard\u0131mc\u0131 olmakla kalmaz, ayn\u0131 zamanda yumu\u015fak ve rahat bir dinlenme yeri sunarak bebe\u011fin uykusu i\u00e7in rahat bir ortam yarat\u0131r.<\/p>","protected":false},"featured_media":3381,"comment_status":"open","ping_status":"closed","template":"","meta":{"_uag_custom_page_level_css":"","site-sidebar-layout":"default","site-content-layout":"","ast-site-content-layout":"default","site-content-style":"default","site-sidebar-style":"default","ast-global-header-display":"","ast-banner-title-visibility":"","ast-main-header-display":"","ast-hfb-above-header-display":"","ast-hfb-below-header-display":"","ast-hfb-mobile-header-display":"","site-post-title":"","ast-breadcrumbs-content":"","ast-featured-img":"","footer-sml-layout":"","ast-disable-related-posts":"","theme-transparent-header-meta":"default","adv-header-id-meta":"","stick-header-meta":"","header-above-stick-meta":"","header-main-stick-meta":"","header-below-stick-meta":"","astra-migrate-meta-layouts":"set","ast-page-background-enabled":"default","ast-page-background-meta":{"desktop":{"background-color":"","background-image":"","background-repeat":"repeat","background-position":"center center","background-size":"auto","background-attachment":"scroll","background-type":"","background-media":"","overlay-type":"","overlay-color":"","overlay-opacity":"","overlay-gradient":""},"tablet":{"background-color":"","background-image":"","background-repeat":"repeat","background-position":"center center","background-size":"auto","background-attachment":"scroll","background-type":"","background-media":"","overlay-type":"","overlay-color":"","overlay-opacity":"","overlay-gradient":""},"mobile":{"background-color":"","background-image":"","background-repeat":"repeat","background-position":"center center","background-size":"auto","background-attachment":"scroll","background-type":"","background-media":"","overlay-type":"","overlay-color":"","overlay-opacity":"","overlay-gradient":""}},"ast-content-background-meta":{"desktop":{"background-color":"var(--ast-global-color-5)","background-image":"","background-repeat":"repeat","background-position":"center center","background-size":"auto","background-attachment":"scroll","background-type":"","background-media":"","overlay-type":"","overlay-color":"","overlay-opacity":"","overlay-gradient":""},"tablet":{"background-color":"var(--ast-global-color-5)","background-image":"","background-repeat":"repeat","background-position":"center center","background-size":"auto","background-attachment":"scroll","background-type":"","background-media":"","overlay-type":"","overlay-color":"","overlay-opacity":"","overlay-gradient":""},"mobile":{"background-color":"var(--ast-global-color-5)","background-image":"","background-repeat":"repeat","background-position":"center center","background-size":"auto","background-attachment":"scroll","background-type":"","background-media":"","overlay-type":"","overlay-color":"","overlay-opacity":"","overlay-gradient":""}}},"product_brand":[],"product_cat":[54,42],"product_tag":[70,68,71,69],"class_list":{"0":"post-3380","1":"product","2":"type-product","3":"status-publish","4":"has-post-thumbnail","6":"product_cat-0-to-6months","7":"product_cat-merchandise","8":"product_tag-babypillow","9":"product_tag-cuteanimalpillow","10":"product_tag-headshapesupport","11":"product_tag-kouniushapingpillow","12":"desktop-align-left","13":"tablet-align-left","14":"mobile-align-left","16":"first","17":"instock","18":"shipping-taxable","19":"product-type-simple"},"aioseo_notices":[],"uagb_featured_image_src":{"full":["https:\/\/babypillowwholesale.com\/wp-content\/uploads\/2025\/04\/1002.jpg",1000,1000,false],"thumbnail":["https:\/\/babypillowwholesale.com\/wp-content\/uploads\/2025\/04\/1002-150x150.jpg",150,150,true],"medium":["https:\/\/babypillowwholesale.com\/wp-content\/uploads\/2025\/04\/1002-300x300.jpg",300,300,true],"medium_large":["https:\/\/babypillowwholesale.com\/wp-content\/uploads\/2025\/04\/1002-768x768.jpg",768,768,true],"large":["https:\/\/babypillowwholesale.com\/wp-content\/uploads\/2025\/04\/1002.jpg",1000,1000,false],"1536x1536":["https:\/\/babypillowwholesale.com\/wp-content\/uploads\/2025\/04\/1002.jpg",1000,1000,false],"2048x2048":["https:\/\/babypillowwholesale.com\/wp-content\/uploads\/2025\/04\/1002.jpg",1000,1000,false],"trp-custom-language-flag":["https:\/\/babypillowwholesale.com\/wp-content\/uploads\/2025\/04\/1002.jpg",12,12,false],"woocommerce_thumbnail":["https:\/\/babypillowwholesale.com\/wp-content\/uploads\/2025\/04\/1002-300x300.jpg",300,300,true],"woocommerce_single":["https:\/\/babypillowwholesale.com\/wp-content\/uploads\/2025\/04\/1002-600x600.jpg",600,600,true],"woocommerce_gallery_thumbnail":["https:\/\/babypillowwholesale.com\/wp-content\/uploads\/2025\/04\/1002-100x100.jpg",100,100,true]},"uagb_author_info":{"display_name":"Etnen zhong","author_link":"https:\/\/babypillowwholesale.com\/tr\/author\/"},"uagb_comment_info":0,"uagb_excerpt":"The Little Bear Memory Pillow is a delicate and functional sleep accessory designed for infants aged 0 - 6 months. Made with memory foam, it gently conforms to the shape of the baby's head, providing customized support. Its surface is adorned with cute random prints of little bear motifs, adding an element of charm. With&hellip;","jetpack_sharing_enabled":true,"_links":{"self":[{"href":"https:\/\/babypillowwholesale.com\/tr\/wp-json\/wp\/v2\/product\/3380","targetHints":{"allow":["GET"]}}],"collection":[{"href":"https:\/\/babypillowwholesale.com\/tr\/wp-json\/wp\/v2\/product"}],"about":[{"href":"https:\/\/babypillowwholesale.com\/tr\/wp-json\/wp\/v2\/types\/product"}],"replies":[{"embeddable":true,"href":"https:\/\/babypillowwholesale.com\/tr\/wp-json\/wp\/v2\/comments?post=3380"}],"wp:featuredmedia":[{"embeddable":true,"href":"https:\/\/babypillowwholesale.com\/tr\/wp-json\/wp\/v2\/media\/3381"}],"wp:attachment":[{"href":"https:\/\/babypillowwholesale.com\/tr\/wp-json\/wp\/v2\/media?parent=3380"}],"wp:term":[{"taxonomy":"product_brand","embeddable":true,"href":"https:\/\/babypillowwholesale.com\/tr\/wp-json\/wp\/v2\/product_brand?post=3380"},{"taxonomy":"product_cat","embeddable":true,"href":"https:\/\/babypillowwholesale.com\/tr\/wp-json\/wp\/v2\/product_cat?post=3380"},{"taxonomy":"product_tag","embeddable":true,"href":"https:\/\/babypillowwholesale.com\/tr\/wp-json\/wp\/v2\/product_tag?post=3380"}],"curies":[{"name":"wp","href":"https:\/\/api.w.org\/{rel}","templated":true}]}}