{"id":3374,"date":"2025-04-10T16:03:29","date_gmt":"2025-04-10T16:03:29","guid":{"rendered":"https:\/\/babypillowwholesale.com\/?post_type=product&#038;p=3374"},"modified":"2025-06-08T11:24:49","modified_gmt":"2025-06-08T11:24:49","slug":"dot-plush-infant-pillow","status":"publish","type":"product","link":"https:\/\/babypillowwholesale.com\/tr\/product\/dot-plush-infant-pillow\/","title":{"rendered":"Dot - Pelu\u015f Bebek Yast\u0131\u011f\u0131"},"content":{"rendered":"<div class=\"auto-hide-last-sibling-br paragraph-qzbcQC paragraph-element br-paragraph-space\" data-immersive-translate-walked=\"8e61f2e7-6af2-46e5-9672-3b9e4f4033d9\" data-immersive-translate-paragraph=\"1\">\n<div class=\"auto-hide-last-sibling-br paragraph-qzbcQC paragraph-element br-paragraph-space\">\n<div class=\"auto-hide-last-sibling-br paragraph-qzbcQC paragraph-element br-paragraph-space\">\n<div class=\"auto-hide-last-sibling-br paragraph-qzbcQC paragraph-element br-paragraph-space\">\n<div class=\"auto-hide-last-sibling-br paragraph-qzbcQC paragraph-element br-paragraph-space\">\n<div class=\"auto-hide-last-sibling-br paragraph-qzbcQC paragraph-element br-paragraph-space\">\n<div class=\"auto-hide-last-sibling-br paragraph-qzbcQC paragraph-element br-paragraph-space\">\n<div class=\"auto-hide-last-sibling-br paragraph-qzbcQC paragraph-element br-paragraph-space\">\n<div class=\"auto-hide-last-sibling-br paragraph-qzbcQC paragraph-element br-paragraph-space\">\n<div class=\"auto-hide-last-sibling-br paragraph-qzbcQC paragraph-element br-paragraph-space\">\n<div class=\"auto-hide-last-sibling-br paragraph-qzbcQC paragraph-element br-paragraph-space\">\n<div class=\"auto-hide-last-sibling-br paragraph-qzbcQC paragraph-element br-paragraph-space\">\n<div class=\"auto-hide-last-sibling-br paragraph-qzbcQC paragraph-element br-paragraph-space\">\n<div class=\"auto-hide-last-sibling-br paragraph-qzbcQC paragraph-element br-paragraph-space\">\n<div class=\"auto-hide-last-sibling-br paragraph-qzbcQC paragraph-element br-paragraph-space\">\n<div class=\"auto-hide-last-sibling-br paragraph-qzbcQC paragraph-element br-paragraph-space\">\n<div class=\"auto-hide-last-sibling-br paragraph-qzbcQC paragraph-element br-paragraph-space\">\n<div class=\"auto-hide-last-sibling-br paragraph-qzbcQC paragraph-element br-paragraph-space\">\n<div class=\"message-box-content-wrapper-srHdUj\">\n<div class=\"message-content message-box-content-otxGGw receive-message-box-content-_lREFj samantha-message-box-content-Qjmpja\" data-testid=\"message_content\">\n<div class=\"container-hfX5E8 flow-markdown-body theme-samantha-yJEgBp\" dir=\"ltr\" data-testid=\"message_text_content\" data-show-indicator=\"false\">\n<div class=\"auto-hide-last-sibling-br paragraph-qzbcQC paragraph-element br-paragraph-space\">\n<div class=\"inter-wlTS5w\">\n<div class=\"container-QE4ayg\">\n<div class=\"item-jU10IN\">\n<div class=\"container-jODEnh chrome70-container\">\n<div class=\"inner-eE95c9 inner-item-aL3Ui_\" data-target-id=\"message-box-target-id\" data-testid=\"union_message\">\n<div class=\"message-block-container-liuetz\" data-testid=\"message-block-container\">\n<div class=\"message-box-ZWbBdF\" data-testid=\"receive_message\">\n<div class=\"message-box-content-wrapper-srHdUj\">\n<div class=\"message-content message-box-content-otxGGw receive-message-box-content-_lREFj samantha-message-box-content-Qjmpja\" data-testid=\"message_content\">\n<div class=\"container-hfX5E8 flow-markdown-body theme-samantha-yJEgBp\" dir=\"ltr\" data-testid=\"message_text_content\" data-show-indicator=\"false\">\n<div class=\"auto-hide-last-sibling-br paragraph-qzbcQC paragraph-element br-paragraph-space\">\n<div class=\"auto-hide-last-sibling-br paragraph-qzbcQC paragraph-element br-paragraph-space\">\n<div class=\"auto-hide-last-sibling-br paragraph-qzbcQC paragraph-element br-paragraph-space\">\n<div class=\"auto-hide-last-sibling-br paragraph-qzbcQC paragraph-element br-paragraph-space\">Kar\u015f\u0131n\u0131zda 1-3 ya\u015f aras\u0131 \u00e7ocuklar i\u00e7in \u00f6zel olarak tasarlanm\u0131\u015f bir konfor ve \u015firinlik cenneti olan Dot - Pelu\u015f Bebek Yast\u0131\u011f\u0131. Y\u00fczeyi son derece yumu\u015fak bir nokta pelu\u015f kuma\u015fla bezenmi\u015ftir ve benzersiz bir \u015fekilde nazik ve yat\u0131\u015ft\u0131r\u0131c\u0131 bir dokunu\u015f sunan dokunsal bir harikalar diyar\u0131 yarat\u0131r. Her bir minik nokta yast\u0131\u011f\u0131n i\u015f\u00e7ili\u011finin bir kan\u0131t\u0131d\u0131r, k\u00fc\u00e7\u00fck elleri ke\u015ffetmeye davet eder ve g\u00fcvenlik hissi sa\u011flar.<\/div>\n<p>&nbsp;<\/p>\n<div class=\"auto-hide-last-sibling-br paragraph-qzbcQC paragraph-element br-paragraph-space\">Yast\u0131\u011f\u0131n tasar\u0131m\u0131, kar\u015f\u0131 konulmaz derecede sevimli bir ifadeye katk\u0131da bulunan, tatl\u0131 bir \u015fekilde uyuyan iki g\u00f6z ve minik bir burun gibi hassas y\u00fcz unsurlar\u0131 i\u00e7eren b\u00fcy\u00fcleyici bir minimalizm \u00e7al\u0131\u015fmas\u0131d\u0131r. Sanki yast\u0131\u011f\u0131n kendisi huzurlu bir \u015fekilde r\u00fcya g\u00f6r\u00fcyor ve k\u00fc\u00e7\u00fck \u00e7ocu\u011funuzu da ayn\u0131 s\u00fckunet haline sokmaya haz\u0131r.<\/div>\n<p>&nbsp;<\/p>\n<div class=\"auto-hide-last-sibling-br paragraph-qzbcQC paragraph-element br-paragraph-space\">\u00d6l\u00e7\u00fcm 40<em>24<\/em>3CM, \u00e7ocu\u011funuzun ba\u015f\u0131 ve boynu i\u00e7in m\u00fckemmel deste\u011fi sa\u011flamak \u00fczere ustal\u0131kla \u015fekillendirilmi\u015ftir. \u00c7ocu\u011funuz geceleri i\u00e7ine girdi\u011finde yast\u0131k onu nazik\u00e7e sararak sa\u011fl\u0131kl\u0131 ve rahat bir uyku duru\u015fu sa\u011flar. Pembe ve mavinin yumu\u015fak, davetkar tonlar\u0131nda mevcut olan bu yast\u0131k, her \u00e7ocu\u011fun ki\u015fisel tarz\u0131na ve tercihine hitap eder.<\/div>\n<p>&nbsp;<\/p>\n<div class=\"auto-hide-last-sibling-br paragraph-qzbcQC paragraph-element br-paragraph-space\">Bu yast\u0131k sadece uykunun vazge\u00e7ilmezi de\u011fil; \u00e7ok y\u00f6nl\u00fc bir arkada\u015ft\u0131r. Yatma vakti geldi\u011finde, \u00e7ocu\u011funuzun rahatlamas\u0131na ve tatl\u0131 r\u00fcyalar d\u00fcnyas\u0131na dalmas\u0131na yard\u0131mc\u0131 olan g\u00fcvenilir bir arkada\u015f olur. G\u00fcn i\u00e7inde ise bir oyun arkada\u015f\u0131na, sar\u0131labilece\u011fi, yan\u0131nda ta\u015f\u0131yabilece\u011fi ya da hayali maceralar\u0131nda bir dekor olarak kullanabilece\u011fi yumu\u015fak ve sevimli bir nesneye d\u00f6n\u00fc\u015f\u00fcr.<\/div>\n<p>&nbsp;<\/p>\n<div class=\"auto-hide-last-sibling-br paragraph-qzbcQC paragraph-element br-paragraph-space\">Ebeveynler bu \u00fcr\u00fcnden \u00e7ok memnun kald\u0131lar. \"2 ya\u015f\u0131ndaki \u00e7ocu\u011fum bu Dot Pelu\u015f Yast\u0131k olmadan uyuyam\u0131yor! Dokusu \u00e7ok yumu\u015fak ve sevimli y\u00fcz\u00fc de i\u015fin cabas\u0131. Yatma zaman\u0131 rutinimizi \u00e7ok daha kolay hale getirdi,\" diye payla\u015ft\u0131 rahatlam\u0131\u015f bir anne. Bir baba ise \u015funlar\u0131 ekledi: \"Hem i\u015flevsel hem de sevimli olmas\u0131n\u0131 seviyoruz. Say\u0131s\u0131z y\u0131kama ve kucaklamadan sonra \u00e7ok iyi dayand\u0131. Bu ya\u015f grubu i\u00e7in ger\u00e7ekten bir zorunluluk.\"<\/div>\n<p>&nbsp;<\/p>\n<div class=\"auto-hide-last-sibling-br paragraph-qzbcQC paragraph-element br-paragraph-space\">Dot - Pelu\u015f Bebek Yast\u0131\u011f\u0131 \u00f6z\u00fcnde konfor, sevimlilik ve i\u015flevselli\u011fin uyumlu bir kar\u0131\u015f\u0131m\u0131d\u0131r. Sadece bir yatak e\u015fyas\u0131 de\u011fildir; \u00e7ocu\u011funuzun g\u00fcnl\u00fck ya\u015fam\u0131n\u0131n ayr\u0131lmaz bir par\u00e7as\u0131d\u0131r, \u015fefkatli kucaklamas\u0131 ve b\u00fcy\u00fcleyici varl\u0131\u011f\u0131yla uyku ve oyun deneyimlerini zenginle\u015ftirir.<\/div>\n<\/div>\n<\/div>\n<\/div>\n<\/div>\n<\/div>\n<\/div>\n<\/div>\n<\/div>\n<\/div>\n<\/div>\n<\/div>\n<\/div>\n<\/div>\n<\/div>\n<\/div>\n<\/div>\n<\/div>\n<\/div>\n<\/div>\n<\/div>\n<\/div>\n<\/div>\n<\/div>\n<\/div>\n<\/div>\n<\/div>\n<\/div>\n<\/div>\n<\/div>\n<\/div>\n<\/div>\n<\/div>\n<\/div>\n<\/div>\n<\/div>","protected":false},"excerpt":{"rendered":"<div class=\"container-QE4ayg\">\n<div class=\"item-jU10IN\">\n<div class=\"container-jODEnh chrome70-container\">\n<div class=\"inner-eE95c9 inner-item-aL3Ui_\" data-target-id=\"message-box-target-id\" data-testid=\"union_message\">\n<div class=\"message-block-container-liuetz\" data-testid=\"message-block-container\">\n<div class=\"message-box-ZWbBdF\" data-testid=\"receive_message\">\n<div class=\"message-box-content-wrapper-srHdUj\">\n<div class=\"message-content message-box-content-otxGGw receive-message-box-content-_lREFj samantha-message-box-content-Qjmpja\" data-testid=\"message_content\">\n<div class=\"container-hfX5E8 flow-markdown-body theme-samantha-yJEgBp\" dir=\"ltr\" data-testid=\"message_text_content\" data-show-indicator=\"false\">\n<div class=\"auto-hide-last-sibling-br paragraph-qzbcQC paragraph-element br-paragraph-space\">\n<div class=\"container-QE4ayg\">\n<div class=\"item-jU10IN\">\n<div class=\"container-jODEnh chrome70-container\">\n<div class=\"inner-eE95c9 inner-item-aL3Ui_\" data-target-id=\"message-box-target-id\" data-testid=\"union_message\">\n<div class=\"message-block-container-liuetz\" data-testid=\"message-block-container\">\n<div class=\"message-box-ZWbBdF\" data-testid=\"receive_message\">\n<div class=\"message-box-content-wrapper-srHdUj\">\n<div class=\"message-content message-box-content-otxGGw receive-message-box-content-_lREFj samantha-message-box-content-Qjmpja\" data-testid=\"message_content\">\n<div class=\"container-hfX5E8 flow-markdown-body theme-samantha-yJEgBp\" dir=\"ltr\" data-testid=\"message_text_content\" data-show-indicator=\"false\">\n<div class=\"auto-hide-last-sibling-br paragraph-qzbcQC paragraph-element br-paragraph-space\">Dot - Pelu\u015f Bebek Yast\u0131\u011f\u0131, 1-3 ya\u015f aras\u0131 \u00e7ocuklar i\u00e7in \u00f6zel olarak tasarlanm\u0131\u015f rahat ve sevimli bir uyku aksesuar\u0131d\u0131r. Y\u00fczeyi, sadece benzersiz bir dokunma deneyimi sunmakla kalmay\u0131p ayn\u0131 zamanda nazik ve rahatlat\u0131c\u0131 bir dokunu\u015f sa\u011flayan yumu\u015fak nokta pelu\u015f kuma\u015fla kapl\u0131d\u0131r. Yast\u0131k, g\u00f6zler ve burun gibi sevimli, minimalist y\u00fcz unsurlar\u0131na sahiptir ve b\u00fcy\u00fcleyici ve sevecen bir nitelik katar. \u00d6l\u00e7\u00fcleri 40<em>24<\/em>3CM, bir \u00e7ocu\u011fun ba\u015f\u0131 ve boynu i\u00e7in uygun destek sa\u011flar. Pembe ve mavi renkleri mevcuttur, farkl\u0131 tercihlere uyabilir. Bu yast\u0131k, k\u00fc\u00e7\u00fck \u00e7ocu\u011funuzun rahatlamas\u0131na ve dinlendirici bir uykunun keyfini \u00e7\u0131karmas\u0131na yard\u0131mc\u0131 olmak i\u00e7in m\u00fckemmeldir ve ayn\u0131 zamanda oyun zaman\u0131 boyunca sevimli ve sevimli bir arkada\u015f olarak hizmet eder.<\/div>\n<\/div>\n<\/div>\n<\/div>\n<\/div>\n<\/div>\n<\/div>\n<\/div>\n<\/div>\n<\/div>\n<\/div>\n<\/div>\n<\/div>\n<\/div>\n<\/div>\n<\/div>\n<\/div>\n<\/div>\n<\/div>\n<\/div>","protected":false},"featured_media":3375,"comment_status":"open","ping_status":"closed","template":"","meta":{"_uag_custom_page_level_css":"","site-sidebar-layout":"default","site-content-layout":"","ast-site-content-layout":"default","site-content-style":"default","site-sidebar-style":"default","ast-global-header-display":"","ast-banner-title-visibility":"","ast-main-header-display":"","ast-hfb-above-header-display":"","ast-hfb-below-header-display":"","ast-hfb-mobile-header-display":"","site-post-title":"","ast-breadcrumbs-content":"","ast-featured-img":"","footer-sml-layout":"","ast-disable-related-posts":"","theme-transparent-header-meta":"default","adv-header-id-meta":"","stick-header-meta":"","header-above-stick-meta":"","header-main-stick-meta":"","header-below-stick-meta":"","astra-migrate-meta-layouts":"set","ast-page-background-enabled":"default","ast-page-background-meta":{"desktop":{"background-color":"","background-image":"","background-repeat":"repeat","background-position":"center center","background-size":"auto","background-attachment":"scroll","background-type":"","background-media":"","overlay-type":"","overlay-color":"","overlay-opacity":"","overlay-gradient":""},"tablet":{"background-color":"","background-image":"","background-repeat":"repeat","background-position":"center center","background-size":"auto","background-attachment":"scroll","background-type":"","background-media":"","overlay-type":"","overlay-color":"","overlay-opacity":"","overlay-gradient":""},"mobile":{"background-color":"","background-image":"","background-repeat":"repeat","background-position":"center center","background-size":"auto","background-attachment":"scroll","background-type":"","background-media":"","overlay-type":"","overlay-color":"","overlay-opacity":"","overlay-gradient":""}},"ast-content-background-meta":{"desktop":{"background-color":"var(--ast-global-color-5)","background-image":"","background-repeat":"repeat","background-position":"center center","background-size":"auto","background-attachment":"scroll","background-type":"","background-media":"","overlay-type":"","overlay-color":"","overlay-opacity":"","overlay-gradient":""},"tablet":{"background-color":"var(--ast-global-color-5)","background-image":"","background-repeat":"repeat","background-position":"center center","background-size":"auto","background-attachment":"scroll","background-type":"","background-media":"","overlay-type":"","overlay-color":"","overlay-opacity":"","overlay-gradient":""},"mobile":{"background-color":"var(--ast-global-color-5)","background-image":"","background-repeat":"repeat","background-position":"center center","background-size":"auto","background-attachment":"scroll","background-type":"","background-media":"","overlay-type":"","overlay-color":"","overlay-opacity":"","overlay-gradient":""}}},"product_brand":[],"product_cat":[56,42],"product_tag":[70,68,71,69],"class_list":{"0":"post-3374","1":"product","2":"type-product","3":"status-publish","4":"has-post-thumbnail","6":"product_cat-1-to-3-years","7":"product_cat-merchandise","8":"product_tag-babypillow","9":"product_tag-cuteanimalpillow","10":"product_tag-headshapesupport","11":"product_tag-kouniushapingpillow","12":"desktop-align-left","13":"tablet-align-left","14":"mobile-align-left","16":"first","17":"instock","18":"shipping-taxable","19":"product-type-simple"},"aioseo_notices":[],"uagb_featured_image_src":{"full":["https:\/\/babypillowwholesale.com\/wp-content\/uploads\/2025\/04\/\u4ea7\u54c1\u4e3b\u56fe-2.jpg",1000,1000,false],"thumbnail":["https:\/\/babypillowwholesale.com\/wp-content\/uploads\/2025\/04\/\u4ea7\u54c1\u4e3b\u56fe-2-150x150.jpg",150,150,true],"medium":["https:\/\/babypillowwholesale.com\/wp-content\/uploads\/2025\/04\/\u4ea7\u54c1\u4e3b\u56fe-2-300x300.jpg",300,300,true],"medium_large":["https:\/\/babypillowwholesale.com\/wp-content\/uploads\/2025\/04\/\u4ea7\u54c1\u4e3b\u56fe-2-768x768.jpg",768,768,true],"large":["https:\/\/babypillowwholesale.com\/wp-content\/uploads\/2025\/04\/\u4ea7\u54c1\u4e3b\u56fe-2.jpg",1000,1000,false],"1536x1536":["https:\/\/babypillowwholesale.com\/wp-content\/uploads\/2025\/04\/\u4ea7\u54c1\u4e3b\u56fe-2.jpg",1000,1000,false],"2048x2048":["https:\/\/babypillowwholesale.com\/wp-content\/uploads\/2025\/04\/\u4ea7\u54c1\u4e3b\u56fe-2.jpg",1000,1000,false],"trp-custom-language-flag":["https:\/\/babypillowwholesale.com\/wp-content\/uploads\/2025\/04\/\u4ea7\u54c1\u4e3b\u56fe-2.jpg",12,12,false],"woocommerce_thumbnail":["https:\/\/babypillowwholesale.com\/wp-content\/uploads\/2025\/04\/\u4ea7\u54c1\u4e3b\u56fe-2-300x300.jpg",300,300,true],"woocommerce_single":["https:\/\/babypillowwholesale.com\/wp-content\/uploads\/2025\/04\/\u4ea7\u54c1\u4e3b\u56fe-2-600x600.jpg",600,600,true],"woocommerce_gallery_thumbnail":["https:\/\/babypillowwholesale.com\/wp-content\/uploads\/2025\/04\/\u4ea7\u54c1\u4e3b\u56fe-2-100x100.jpg",100,100,true]},"uagb_author_info":{"display_name":"Etnen zhong","author_link":"https:\/\/babypillowwholesale.com\/tr\/author\/"},"uagb_comment_info":0,"uagb_excerpt":"The Dot - Plush Infant Pillow is a cozy and adorable sleep accessory tailored for children aged 1 - 3 years. Its surface is covered with soft dot - plush fabric, which not only offers a unique tactile experience but also provides a gentle and comforting touch. The pillow features cute, minimalist facial elements like&hellip;","jetpack_sharing_enabled":true,"_links":{"self":[{"href":"https:\/\/babypillowwholesale.com\/tr\/wp-json\/wp\/v2\/product\/3374","targetHints":{"allow":["GET"]}}],"collection":[{"href":"https:\/\/babypillowwholesale.com\/tr\/wp-json\/wp\/v2\/product"}],"about":[{"href":"https:\/\/babypillowwholesale.com\/tr\/wp-json\/wp\/v2\/types\/product"}],"replies":[{"embeddable":true,"href":"https:\/\/babypillowwholesale.com\/tr\/wp-json\/wp\/v2\/comments?post=3374"}],"wp:featuredmedia":[{"embeddable":true,"href":"https:\/\/babypillowwholesale.com\/tr\/wp-json\/wp\/v2\/media\/3375"}],"wp:attachment":[{"href":"https:\/\/babypillowwholesale.com\/tr\/wp-json\/wp\/v2\/media?parent=3374"}],"wp:term":[{"taxonomy":"product_brand","embeddable":true,"href":"https:\/\/babypillowwholesale.com\/tr\/wp-json\/wp\/v2\/product_brand?post=3374"},{"taxonomy":"product_cat","embeddable":true,"href":"https:\/\/babypillowwholesale.com\/tr\/wp-json\/wp\/v2\/product_cat?post=3374"},{"taxonomy":"product_tag","embeddable":true,"href":"https:\/\/babypillowwholesale.com\/tr\/wp-json\/wp\/v2\/product_tag?post=3374"}],"curies":[{"name":"wp","href":"https:\/\/api.w.org\/{rel}","templated":true}]}}