{"id":3371,"date":"2025-04-10T15:49:22","date_gmt":"2025-04-10T15:49:22","guid":{"rendered":"https:\/\/babypillowwholesale.com\/?post_type=product&#038;p=3371"},"modified":"2025-06-08T11:26:42","modified_gmt":"2025-06-08T11:26:42","slug":"hydrophilic-sponge-infant-pillow-3","status":"publish","type":"product","link":"https:\/\/babypillowwholesale.com\/tr\/product\/hydrophilic-sponge-infant-pillow-3\/","title":{"rendered":"Hidrofilik S\u00fcnger Bebek Yast\u0131\u011f\u0131"},"content":{"rendered":"<div class=\"auto-hide-last-sibling-br paragraph-qzbcQC paragraph-element br-paragraph-space\" data-immersive-translate-walked=\"8e61f2e7-6af2-46e5-9672-3b9e4f4033d9\" data-immersive-translate-paragraph=\"1\">\n<div class=\"auto-hide-last-sibling-br paragraph-qzbcQC paragraph-element br-paragraph-space\">\n<div class=\"auto-hide-last-sibling-br paragraph-qzbcQC paragraph-element br-paragraph-space\">\n<div class=\"auto-hide-last-sibling-br paragraph-qzbcQC paragraph-element br-paragraph-space\">\n<div class=\"auto-hide-last-sibling-br paragraph-qzbcQC paragraph-element br-paragraph-space\">\n<div class=\"auto-hide-last-sibling-br paragraph-qzbcQC paragraph-element br-paragraph-space\">\n<div class=\"auto-hide-last-sibling-br paragraph-qzbcQC paragraph-element br-paragraph-space\">\n<div class=\"auto-hide-last-sibling-br paragraph-qzbcQC paragraph-element br-paragraph-space\">\n<div class=\"auto-hide-last-sibling-br paragraph-qzbcQC paragraph-element br-paragraph-space\">\n<div class=\"auto-hide-last-sibling-br paragraph-qzbcQC paragraph-element br-paragraph-space\">\n<div class=\"auto-hide-last-sibling-br paragraph-qzbcQC paragraph-element br-paragraph-space\">\n<div class=\"auto-hide-last-sibling-br paragraph-qzbcQC paragraph-element br-paragraph-space\">\n<div class=\"auto-hide-last-sibling-br paragraph-qzbcQC paragraph-element br-paragraph-space\">\n<div class=\"auto-hide-last-sibling-br paragraph-qzbcQC paragraph-element br-paragraph-space\">\n<div class=\"auto-hide-last-sibling-br paragraph-qzbcQC paragraph-element br-paragraph-space\">\n<div class=\"auto-hide-last-sibling-br paragraph-qzbcQC paragraph-element br-paragraph-space\">\n<div class=\"auto-hide-last-sibling-br paragraph-qzbcQC paragraph-element br-paragraph-space\">\n<div class=\"auto-hide-last-sibling-br paragraph-qzbcQC paragraph-element br-paragraph-space\">\n<div class=\"message-box-content-wrapper-srHdUj\">\n<div class=\"message-content message-box-content-otxGGw receive-message-box-content-_lREFj samantha-message-box-content-Qjmpja\" data-testid=\"message_content\">\n<div class=\"container-hfX5E8 flow-markdown-body theme-samantha-yJEgBp\" dir=\"ltr\" data-testid=\"message_text_content\" data-show-indicator=\"false\">\n<div class=\"auto-hide-last-sibling-br paragraph-qzbcQC paragraph-element br-paragraph-space\">\n<div class=\"inter-wlTS5w\">\n<div class=\"container-QE4ayg\">\n<div class=\"item-jU10IN\">\n<div class=\"container-jODEnh chrome70-container\">\n<div class=\"inner-eE95c9 inner-item-aL3Ui_\" data-target-id=\"message-box-target-id\" data-testid=\"union_message\">\n<div class=\"message-block-container-liuetz\" data-testid=\"message-block-container\">\n<div class=\"message-box-ZWbBdF\" data-testid=\"receive_message\">\n<div class=\"message-box-content-wrapper-srHdUj\">\n<div class=\"message-content message-box-content-otxGGw receive-message-box-content-_lREFj samantha-message-box-content-Qjmpja\" data-testid=\"message_content\">\n<div class=\"container-hfX5E8 flow-markdown-body theme-samantha-yJEgBp\" dir=\"ltr\" data-testid=\"message_text_content\" data-show-indicator=\"false\">\n<div class=\"auto-hide-last-sibling-br paragraph-qzbcQC paragraph-element br-paragraph-space\">\n<div class=\"auto-hide-last-sibling-br paragraph-qzbcQC paragraph-element br-paragraph-space\">\n<div class=\"auto-hide-last-sibling-br paragraph-qzbcQC paragraph-element br-paragraph-space\">Kar\u015f\u0131n\u0131zda 1 - 3 ya\u015f aras\u0131 \u00e7ocuklar i\u00e7in tasarlanm\u0131\u015f b\u00fcy\u00fcleyici bir uyku vazge\u00e7ilmezi olan Hidrofilik S\u00fcnger Bebek Yast\u0131\u011f\u0131. Y\u00fcksek kaliteli hidrofilik s\u00fcngerden \u00fcretilen bu yast\u0131k, g\u00f6rkemli bir yumu\u015fakl\u0131k ve kadifemsi bir dokunu\u015f sunarak k\u00fc\u00e7\u00fck \u00e7ocu\u011funuzu huzurlu bir uykuya dald\u0131ran bir konfor cenneti yarat\u0131r.<\/div>\n<p>&nbsp;<\/p>\n<div class=\"auto-hide-last-sibling-br paragraph-qzbcQC paragraph-element br-paragraph-space\">Yast\u0131\u011f\u0131n tasar\u0131m\u0131 sevimlilik ve pozitifli\u011fin keyifli bir kar\u0131\u015f\u0131m\u0131d\u0131r. \u00c7ilek \u015feklinde bir balonu ne\u015feyle tutan ta\u00e7l\u0131 bir fig\u00fcr olan sevimli bir \u00e7izgi film karakteriyle s\u00fcslenen yast\u0131k, e\u011flenceli ve cazibeli bir his uyand\u0131r\u0131yor. \"Dertleri silip s\u00fcp\u00fcren\" s\u00f6zc\u00fckleri, endi\u015feleri kovmay\u0131 ve sadece g\u00fczel r\u00fcyalar getirmeyi vaat ederek i\u00e7 a\u00e7\u0131c\u0131 bir mesaj veriyor.<\/div>\n<p>&nbsp;<\/p>\n<div class=\"auto-hide-last-sibling-br paragraph-qzbcQC paragraph-element br-paragraph-space\">Uzay Baa - baa, \u00c7ilek K\u0131z, Pembe K\u00fc\u00e7\u00fck K\u0131z ve Gri K\u00fc\u00e7\u00fck O\u011flan gibi b\u00fcy\u00fcleyici renk se\u00e7enekleriyle her \u00e7ocu\u011fun e\u015fsiz zevkine hitap eder. \u00d6l\u00e7\u00fcleri 40*<em>24*<\/em>3CM, \u00e7ocu\u011funuzun ba\u015f ve boynuna optimum destek sa\u011flamak i\u00e7in ergonomik olarak \u015fekillendirilmi\u015ftir, sa\u011fl\u0131kl\u0131 ve rahat bir uyku duru\u015fu sa\u011flar.<\/div>\n<p>&nbsp;<\/p>\n<div class=\"auto-hide-last-sibling-br paragraph-qzbcQC paragraph-element br-paragraph-space\">Bu yast\u0131k bir uyku yard\u0131mc\u0131s\u0131ndan \u00e7ok daha fazlas\u0131d\u0131r; bir rahatl\u0131k ve ilham kayna\u011f\u0131d\u0131r. Yatma vakti geldi\u011finde g\u00fcvenilir bir arkada\u015fa d\u00f6n\u00fc\u015f\u00fcr, g\u00fcvenlik hissi verir ve \u00e7ocu\u011funuzun r\u00fcya alemine kolayl\u0131kla dalmas\u0131na yard\u0131mc\u0131 olur. G\u00fcn boyunca, bir oyun dekoruna d\u00f6n\u00fc\u015febilir, yarat\u0131c\u0131 maceralar\u0131 ate\u015fleyebilir ve \u00e7ocu\u011funuzun d\u00fcnyas\u0131na e\u011flenceli bir dokunu\u015f katabilir.<\/div>\n<p>&nbsp;<\/p>\n<div class=\"auto-hide-last-sibling-br paragraph-qzbcQC paragraph-element br-paragraph-space\">Ebeveynler bu harika yast\u0131k i\u00e7in \u00f6vg\u00fc dolu s\u00f6zler s\u00f6yl\u00fcyor. \"2 ya\u015f\u0131ndaki \u00e7ocu\u011fum bu yast\u0131\u011fa kesinlikle bay\u0131l\u0131yor! Yumu\u015fakl\u0131\u011f\u0131 inan\u0131lmaz ve pozitif mesajl\u0131 sevimli tasar\u0131m\u0131 onu ger\u00e7ekten \u00f6zel k\u0131l\u0131yor. Yatma zaman\u0131 rutinimizin vazge\u00e7ilmez bir par\u00e7as\u0131 haline geldi,\" diye payla\u015f\u0131yor memnun bir anne. Bir baba ise \u015funlar\u0131 ekledi: \"\u00c7ocu\u011fumuzun odas\u0131na renk ve \u00e7ekicilik katmas\u0131n\u0131 \u00e7ok seviyoruz. Dayan\u0131kl\u0131 da, ne kadar \u00e7ok kullan\u0131ld\u0131\u011f\u0131 d\u00fc\u015f\u00fcn\u00fcld\u00fc\u011f\u00fcnde bu harika. Harika bir sat\u0131n alma!\"<\/div>\n<p>&nbsp;<\/p>\n<div class=\"auto-hide-last-sibling-br paragraph-qzbcQC paragraph-element br-paragraph-space\">Hidrofilik S\u00fcnger Bebek Yast\u0131\u011f\u0131 \u00f6z\u00fcnde konfor, sevimlilik ve pozitif enerjinin uyumlu bir kar\u0131\u015f\u0131m\u0131d\u0131r. Sadece bir yatak e\u015fyas\u0131 de\u011fildir; \u00e7ocu\u011funuzun ilk y\u0131llar\u0131n\u0131n her de\u011ferli an\u0131n\u0131 zenginle\u015ftiren de\u011ferli bir arkada\u015ft\u0131r.<\/div>\n<\/div>\n<\/div>\n<\/div>\n<\/div>\n<\/div>\n<\/div>\n<\/div>\n<\/div>\n<\/div>\n<\/div>\n<\/div>\n<\/div>\n<\/div>\n<\/div>\n<\/div>\n<\/div>\n<\/div>\n<\/div>\n<\/div>\n<\/div>\n<\/div>\n<\/div>\n<\/div>\n<\/div>\n<\/div>\n<\/div>\n<\/div>\n<\/div>\n<\/div>\n<\/div>\n<\/div>\n<\/div>\n<\/div>\n<\/div>","protected":false},"excerpt":{"rendered":"<div class=\"container-QE4ayg\">\n<div class=\"item-jU10IN\">\n<div class=\"container-jODEnh chrome70-container\">\n<div class=\"inner-eE95c9 inner-item-aL3Ui_\" data-target-id=\"message-box-target-id\" data-testid=\"union_message\">\n<div class=\"message-block-container-liuetz\" data-testid=\"message-block-container\">\n<div class=\"message-box-ZWbBdF\" data-testid=\"receive_message\">\n<div class=\"message-box-content-wrapper-srHdUj\">\n<div class=\"message-content message-box-content-otxGGw receive-message-box-content-_lREFj samantha-message-box-content-Qjmpja\" data-testid=\"message_content\">\n<div class=\"container-hfX5E8 flow-markdown-body theme-samantha-yJEgBp\" dir=\"ltr\" data-testid=\"message_text_content\" data-show-indicator=\"false\">\n<div class=\"auto-hide-last-sibling-br paragraph-qzbcQC paragraph-element br-paragraph-space\">\n<div class=\"container-QE4ayg\">\n<div class=\"item-jU10IN\">\n<div class=\"container-jODEnh chrome70-container\">\n<div class=\"inner-eE95c9 inner-item-aL3Ui_\" data-target-id=\"message-box-target-id\" data-testid=\"union_message\">\n<div class=\"message-block-container-liuetz\" data-testid=\"message-block-container\">\n<div class=\"message-box-ZWbBdF\" data-testid=\"receive_message\">\n<div class=\"message-box-content-wrapper-srHdUj\">\n<div class=\"message-content message-box-content-otxGGw receive-message-box-content-_lREFj samantha-message-box-content-Qjmpja\" data-testid=\"message_content\">\n<div class=\"container-hfX5E8 flow-markdown-body theme-samantha-yJEgBp\" dir=\"ltr\" data-testid=\"message_text_content\" data-show-indicator=\"false\">\n<div class=\"auto-hide-last-sibling-br paragraph-qzbcQC paragraph-element br-paragraph-space\">Hidrofilik S\u00fcnger Bebek Yast\u0131\u011f\u0131 1 - 3 ya\u015f aras\u0131 \u00e7ocuklar i\u00e7in b\u00fcy\u00fcleyici bir uyku arkada\u015f\u0131d\u0131r. Hidrofilik s\u00fcngerden \u00fcretilmi\u015ftir, yumu\u015fak ve cilt dostu bir dokunu\u015f sunarak rahat bir uyku deneyimi sa\u011flar. Tasar\u0131m\u0131nda \u00e7ilek \u015feklinde bir balon tutan ta\u00e7l\u0131 bir fig\u00fcr gibi sevimli \u00e7izgi film karakterleri bulunur ve \"sorunlar\u0131 s\u00fcp\u00fcr\u00fcp atmak\" kelimeleri olumlu bir mesaj verir. Space Baa - baa, Strawberry Girl, Pink Little Girl ve Grey Little Boy gibi \u00e7e\u015fitli renklerde mevcut olup farkl\u0131 tercihlere hitap eder. \u00d6l\u00e7\u00fcleri 40*<em>24*<\/em>3CM, ba\u015f ve boyun i\u00e7in uygun destek sa\u011flar. Bu yast\u0131k sadece \u00e7ocu\u011funuzun dinlendirici bir uyku \u00e7ekmesine yard\u0131mc\u0131 olmakla kalmaz, ayn\u0131 zamanda yatma zamanlar\u0131na \u015firinlik ve pozitif enerji katar.<\/div>\n<\/div>\n<\/div>\n<\/div>\n<\/div>\n<\/div>\n<\/div>\n<\/div>\n<\/div>\n<\/div>\n<\/div>\n<\/div>\n<\/div>\n<\/div>\n<\/div>\n<\/div>\n<\/div>\n<\/div>\n<\/div>\n<\/div>","protected":false},"featured_media":3372,"comment_status":"open","ping_status":"closed","template":"","meta":{"_uag_custom_page_level_css":"","site-sidebar-layout":"default","site-content-layout":"","ast-site-content-layout":"default","site-content-style":"default","site-sidebar-style":"default","ast-global-header-display":"","ast-banner-title-visibility":"","ast-main-header-display":"","ast-hfb-above-header-display":"","ast-hfb-below-header-display":"","ast-hfb-mobile-header-display":"","site-post-title":"","ast-breadcrumbs-content":"","ast-featured-img":"","footer-sml-layout":"","ast-disable-related-posts":"","theme-transparent-header-meta":"default","adv-header-id-meta":"","stick-header-meta":"","header-above-stick-meta":"","header-main-stick-meta":"","header-below-stick-meta":"","astra-migrate-meta-layouts":"set","ast-page-background-enabled":"default","ast-page-background-meta":{"desktop":{"background-color":"","background-image":"","background-repeat":"repeat","background-position":"center center","background-size":"auto","background-attachment":"scroll","background-type":"","background-media":"","overlay-type":"","overlay-color":"","overlay-opacity":"","overlay-gradient":""},"tablet":{"background-color":"","background-image":"","background-repeat":"repeat","background-position":"center center","background-size":"auto","background-attachment":"scroll","background-type":"","background-media":"","overlay-type":"","overlay-color":"","overlay-opacity":"","overlay-gradient":""},"mobile":{"background-color":"","background-image":"","background-repeat":"repeat","background-position":"center center","background-size":"auto","background-attachment":"scroll","background-type":"","background-media":"","overlay-type":"","overlay-color":"","overlay-opacity":"","overlay-gradient":""}},"ast-content-background-meta":{"desktop":{"background-color":"var(--ast-global-color-5)","background-image":"","background-repeat":"repeat","background-position":"center center","background-size":"auto","background-attachment":"scroll","background-type":"","background-media":"","overlay-type":"","overlay-color":"","overlay-opacity":"","overlay-gradient":""},"tablet":{"background-color":"var(--ast-global-color-5)","background-image":"","background-repeat":"repeat","background-position":"center center","background-size":"auto","background-attachment":"scroll","background-type":"","background-media":"","overlay-type":"","overlay-color":"","overlay-opacity":"","overlay-gradient":""},"mobile":{"background-color":"var(--ast-global-color-5)","background-image":"","background-repeat":"repeat","background-position":"center center","background-size":"auto","background-attachment":"scroll","background-type":"","background-media":"","overlay-type":"","overlay-color":"","overlay-opacity":"","overlay-gradient":""}}},"product_brand":[],"product_cat":[56,42],"product_tag":[70,68,71,69],"class_list":{"0":"post-3371","1":"product","2":"type-product","3":"status-publish","4":"has-post-thumbnail","6":"product_cat-1-to-3-years","7":"product_cat-merchandise","8":"product_tag-babypillow","9":"product_tag-cuteanimalpillow","10":"product_tag-headshapesupport","11":"product_tag-kouniushapingpillow","12":"desktop-align-left","13":"tablet-align-left","14":"mobile-align-left","16":"first","17":"instock","18":"shipping-taxable","19":"product-type-simple"},"aioseo_notices":[],"uagb_featured_image_src":{"full":["https:\/\/babypillowwholesale.com\/wp-content\/uploads\/2025\/04\/1567.jpg",1000,1000,false],"thumbnail":["https:\/\/babypillowwholesale.com\/wp-content\/uploads\/2025\/04\/1567-150x150.jpg",150,150,true],"medium":["https:\/\/babypillowwholesale.com\/wp-content\/uploads\/2025\/04\/1567-300x300.jpg",300,300,true],"medium_large":["https:\/\/babypillowwholesale.com\/wp-content\/uploads\/2025\/04\/1567-768x768.jpg",768,768,true],"large":["https:\/\/babypillowwholesale.com\/wp-content\/uploads\/2025\/04\/1567.jpg",1000,1000,false],"1536x1536":["https:\/\/babypillowwholesale.com\/wp-content\/uploads\/2025\/04\/1567.jpg",1000,1000,false],"2048x2048":["https:\/\/babypillowwholesale.com\/wp-content\/uploads\/2025\/04\/1567.jpg",1000,1000,false],"trp-custom-language-flag":["https:\/\/babypillowwholesale.com\/wp-content\/uploads\/2025\/04\/1567.jpg",12,12,false],"woocommerce_thumbnail":["https:\/\/babypillowwholesale.com\/wp-content\/uploads\/2025\/04\/1567-300x300.jpg",300,300,true],"woocommerce_single":["https:\/\/babypillowwholesale.com\/wp-content\/uploads\/2025\/04\/1567-600x600.jpg",600,600,true],"woocommerce_gallery_thumbnail":["https:\/\/babypillowwholesale.com\/wp-content\/uploads\/2025\/04\/1567-100x100.jpg",100,100,true]},"uagb_author_info":{"display_name":"Etnen zhong","author_link":"https:\/\/babypillowwholesale.com\/tr\/author\/"},"uagb_comment_info":0,"uagb_excerpt":"The Hydrophilic Sponge Infant Pillow is a charming sleep companion for children aged 1 - 3 years. Made from hydrophilic sponge, it offers a soft and skin - friendly touch, ensuring a comfortable sleeping experience. Its design features cute cartoon characters like a crowned figure holding a strawberry - shaped balloon, with the words \u201csweeping&hellip;","jetpack_sharing_enabled":true,"_links":{"self":[{"href":"https:\/\/babypillowwholesale.com\/tr\/wp-json\/wp\/v2\/product\/3371","targetHints":{"allow":["GET"]}}],"collection":[{"href":"https:\/\/babypillowwholesale.com\/tr\/wp-json\/wp\/v2\/product"}],"about":[{"href":"https:\/\/babypillowwholesale.com\/tr\/wp-json\/wp\/v2\/types\/product"}],"replies":[{"embeddable":true,"href":"https:\/\/babypillowwholesale.com\/tr\/wp-json\/wp\/v2\/comments?post=3371"}],"wp:featuredmedia":[{"embeddable":true,"href":"https:\/\/babypillowwholesale.com\/tr\/wp-json\/wp\/v2\/media\/3372"}],"wp:attachment":[{"href":"https:\/\/babypillowwholesale.com\/tr\/wp-json\/wp\/v2\/media?parent=3371"}],"wp:term":[{"taxonomy":"product_brand","embeddable":true,"href":"https:\/\/babypillowwholesale.com\/tr\/wp-json\/wp\/v2\/product_brand?post=3371"},{"taxonomy":"product_cat","embeddable":true,"href":"https:\/\/babypillowwholesale.com\/tr\/wp-json\/wp\/v2\/product_cat?post=3371"},{"taxonomy":"product_tag","embeddable":true,"href":"https:\/\/babypillowwholesale.com\/tr\/wp-json\/wp\/v2\/product_tag?post=3371"}],"curies":[{"name":"wp","href":"https:\/\/api.w.org\/{rel}","templated":true}]}}