{"id":3359,"date":"2025-04-05T16:49:07","date_gmt":"2025-04-05T16:49:07","guid":{"rendered":"https:\/\/babypillowwholesale.com\/?post_type=product&#038;p=3359"},"modified":"2025-06-08T11:31:51","modified_gmt":"2025-06-08T11:31:51","slug":"cute-little-ox-infant-pillow","status":"publish","type":"product","link":"https:\/\/babypillowwholesale.com\/tr\/product\/cute-little-ox-infant-pillow\/","title":{"rendered":"Sevimli K\u00fc\u00e7\u00fck \u00d6k\u00fcz Bebek Yast\u0131\u011f\u0131"},"content":{"rendered":"<div class=\"auto-hide-last-sibling-br paragraph-qzbcQC paragraph-element br-paragraph-space\" data-immersive-translate-walked=\"8e61f2e7-6af2-46e5-9672-3b9e4f4033d9\" data-immersive-translate-paragraph=\"1\">\n<div class=\"auto-hide-last-sibling-br paragraph-qzbcQC paragraph-element br-paragraph-space\">\n<div class=\"auto-hide-last-sibling-br paragraph-qzbcQC paragraph-element br-paragraph-space\">\n<div class=\"auto-hide-last-sibling-br paragraph-qzbcQC paragraph-element br-paragraph-space\">\n<div class=\"auto-hide-last-sibling-br paragraph-qzbcQC paragraph-element br-paragraph-space\">\n<div class=\"auto-hide-last-sibling-br paragraph-qzbcQC paragraph-element br-paragraph-space\">\n<div class=\"auto-hide-last-sibling-br paragraph-qzbcQC paragraph-element br-paragraph-space\">\n<div class=\"auto-hide-last-sibling-br paragraph-qzbcQC paragraph-element br-paragraph-space\">\n<div class=\"auto-hide-last-sibling-br paragraph-qzbcQC paragraph-element br-paragraph-space\">\n<div class=\"auto-hide-last-sibling-br paragraph-qzbcQC paragraph-element br-paragraph-space\">\n<div class=\"auto-hide-last-sibling-br paragraph-qzbcQC paragraph-element br-paragraph-space\">\n<div class=\"auto-hide-last-sibling-br paragraph-qzbcQC paragraph-element br-paragraph-space\">\n<div class=\"auto-hide-last-sibling-br paragraph-qzbcQC paragraph-element br-paragraph-space\">\n<div class=\"auto-hide-last-sibling-br paragraph-qzbcQC paragraph-element br-paragraph-space\">\n<div class=\"auto-hide-last-sibling-br paragraph-qzbcQC paragraph-element br-paragraph-space\">\n<div class=\"auto-hide-last-sibling-br paragraph-qzbcQC paragraph-element br-paragraph-space\">\n<div class=\"auto-hide-last-sibling-br paragraph-qzbcQC paragraph-element br-paragraph-space\">\n<div class=\"auto-hide-last-sibling-br paragraph-qzbcQC paragraph-element br-paragraph-space\">\n<div class=\"message-box-content-wrapper-srHdUj\">\n<div class=\"message-content message-box-content-otxGGw receive-message-box-content-_lREFj samantha-message-box-content-Qjmpja\" data-testid=\"message_content\">\n<div class=\"container-hfX5E8 flow-markdown-body theme-samantha-yJEgBp\" dir=\"ltr\" data-testid=\"message_text_content\" data-show-indicator=\"false\">\n<div class=\"auto-hide-last-sibling-br paragraph-qzbcQC paragraph-element br-paragraph-space\">1-3 ya\u015f aras\u0131 \u00e7ocuklar i\u00e7in keyifli ve vazge\u00e7ilmez bir uyku arkada\u015f\u0131 olan Sevimli K\u00fc\u00e7\u00fck \u00d6k\u00fcz Bebek Yast\u0131\u011f\u0131 ile tan\u0131\u015f\u0131n. Bu yast\u0131k, sevimli k\u00fc\u00e7\u00fck bir \u00f6k\u00fczden esinlenerek tasarlanm\u0131\u015f bir \u015firinlik \u015faheseridir. B\u00fcy\u00fck, dost canl\u0131s\u0131 g\u00f6zleri, minik boynuzlar\u0131 ve s\u00fcrekli ne\u015feli ifadesiyle s\u0131cakl\u0131k ve \u00e7ekicilik yayar. G\u00f6kku\u015fa\u011f\u0131 ve par\u0131ldayan y\u0131ld\u0131zlar gibi tuhaf unsurlarla s\u00fcslenmi\u015f olan bu yast\u0131k, k\u00fc\u00e7\u00fck \u00e7ocu\u011funuzun hayal g\u00fcc\u00fcn\u00fc yakalayan b\u00fcy\u00fcleyici ve e\u011flenceli bir atmosfer yarat\u0131r.<\/div>\n<p>&nbsp;<\/p>\n<div class=\"auto-hide-last-sibling-br paragraph-qzbcQC paragraph-element br-paragraph-space\">\u00d6l\u00e7\u00fcm 40*<em>24*<\/em>3CM, \u00e7ocu\u011funuzun ba\u015f\u0131 ve boynu i\u00e7in en uygun deste\u011fi sa\u011flamak \u00fczere titizlikle tasarlanm\u0131\u015ft\u0131r. Gece yatarken yast\u0131k \u00e7ocu\u011funuzu nazik\u00e7e sararak rahat ve sa\u011fl\u0131kl\u0131 bir uyku duru\u015fu sa\u011flar. G\u00f6rkemli yumu\u015fak malzemelerden \u00fcretilen yast\u0131k, nazik bir kucaklama gibi kadifemsi p\u00fcr\u00fczs\u00fcz bir dokunu\u015f sunarak \u00e7ocu\u011funuzu huzurlu bir uykuya dald\u0131ran rahat bir s\u0131\u011f\u0131nak yarat\u0131r.<\/div>\n<p>&nbsp;<\/p>\n<div class=\"auto-hide-last-sibling-br paragraph-qzbcQC paragraph-element br-paragraph-space\">Alevli Sar\u0131 ve Mavinin canl\u0131 tonlar\u0131nda mevcut olan bu yast\u0131k, her \u00e7ocuk odas\u0131n\u0131 zahmetsizce ayd\u0131nlat\u0131r, renk ve karakter katar. \u00c7ocu\u011funuz Sevimli K\u00fc\u00e7\u00fck \u00d6k\u00fcz Bebek Yast\u0131\u011f\u0131na sar\u0131ld\u0131\u011f\u0131nda huzurlu ak\u015famlar\u0131 hayal edin. Bir yast\u0131ktan daha fazlas\u0131 haline gelir; g\u00fcvenilir bir arkada\u015f, bir konfor ve g\u00fcvenlik kayna\u011f\u0131d\u0131r. G\u00fcn boyunca, oyun zamanlar\u0131n\u0131n favorisi, yarat\u0131c\u0131 maceralar\u0131 i\u00e7in yumu\u015fak bir destek veya huzursuzluk anlar\u0131nda rahatlat\u0131c\u0131 bir varl\u0131\u011fa d\u00f6n\u00fc\u015febilir.<\/div>\n<p>&nbsp;<\/p>\n<div class=\"auto-hide-last-sibling-br paragraph-qzbcQC paragraph-element br-paragraph-space\">Ebeveynler bu sevimli yast\u0131k i\u00e7in \u00f6vg\u00fc dolu s\u00f6zler s\u00f6yl\u00fcyor. \"2 ya\u015f\u0131ndaki \u00e7ocu\u011fum Sevimli K\u00fc\u00e7\u00fck \u00d6k\u00fcz Yast\u0131\u011f\u0131'na bay\u0131ld\u0131! Tasar\u0131m\u0131 \u00e7ok sevimli ve \u00e7ok yumu\u015fak. Yatma vaktini d\u00f6rt g\u00f6zle bekledi\u011fi bir \u015fey haline getirdi,\" diye payla\u015ft\u0131 memnun bir anne. Bir baba ise \u015funlar\u0131 ekledi: \"\u00c7ocu\u011fumuzun odas\u0131na e\u011flenceli bir dokunu\u015f katmas\u0131n\u0131 seviyoruz. Dayan\u0131kl\u0131 da, ne kadar \u00e7ok kullan\u0131ld\u0131\u011f\u0131n\u0131 d\u00fc\u015f\u00fcn\u00fcrsek bu harika. Evimize harika bir katk\u0131!\"<\/div>\n<p>&nbsp;<\/p>\n<div class=\"auto-hide-last-sibling-br paragraph-qzbcQC paragraph-element br-paragraph-space\">\u00d6z\u00fcnde, Sevimli K\u00fc\u00e7\u00fck \u00d6k\u00fcz Bebek Yast\u0131\u011f\u0131 konfor, sevimlilik ve i\u015flevselli\u011fin uyumlu bir kar\u0131\u015f\u0131m\u0131d\u0131r. Sadece bir yatak e\u015fyas\u0131 de\u011fildir; \u00e7ocu\u011funuzun g\u00fcnl\u00fck ya\u015fam\u0131n\u0131n de\u011ferli bir par\u00e7as\u0131d\u0131r ve her an\u0131na bir tutam \u00f6k\u00fczden ilham alan sihir katar.<\/div>\n<\/div>\n<\/div>\n<\/div>\n<\/div>\n<\/div>\n<\/div>\n<\/div>\n<\/div>\n<\/div>\n<\/div>\n<\/div>\n<\/div>\n<\/div>\n<\/div>\n<\/div>\n<\/div>\n<\/div>\n<\/div>\n<\/div>\n<\/div>\n<\/div>","protected":false},"excerpt":{"rendered":"<div class=\"container-QE4ayg\">\n<div class=\"item-jU10IN\">\n<div class=\"container-jODEnh chrome70-container\">\n<div class=\"inner-eE95c9 inner-item-aL3Ui_\" data-target-id=\"message-box-target-id\" data-testid=\"union_message\">\n<div class=\"message-block-container-liuetz\" data-testid=\"message-block-container\">\n<div class=\"message-box-ZWbBdF\" data-testid=\"receive_message\">\n<div class=\"message-box-content-wrapper-srHdUj\">\n<div class=\"message-content message-box-content-otxGGw receive-message-box-content-_lREFj samantha-message-box-content-Qjmpja\" data-testid=\"message_content\">\n<div class=\"container-hfX5E8 flow-markdown-body theme-samantha-yJEgBp\" dir=\"ltr\" data-testid=\"message_text_content\" data-show-indicator=\"false\">\n<div class=\"auto-hide-last-sibling-br paragraph-qzbcQC paragraph-element br-paragraph-space\">\n<div class=\"container-QE4ayg\">\n<div class=\"item-jU10IN\">\n<div class=\"container-jODEnh chrome70-container\">\n<div class=\"inner-eE95c9 inner-item-aL3Ui_\" data-target-id=\"message-box-target-id\" data-testid=\"union_message\">\n<div class=\"message-block-container-liuetz\" data-testid=\"message-block-container\">\n<div class=\"message-box-ZWbBdF\" data-testid=\"receive_message\">\n<div class=\"message-box-content-wrapper-srHdUj\">\n<div class=\"message-content message-box-content-otxGGw receive-message-box-content-_lREFj samantha-message-box-content-Qjmpja\" data-testid=\"message_content\">\n<div class=\"container-hfX5E8 flow-markdown-body theme-samantha-yJEgBp\" dir=\"ltr\" data-testid=\"message_text_content\" data-show-indicator=\"false\">\n<div class=\"auto-hide-last-sibling-br paragraph-qzbcQC paragraph-element br-paragraph-space\">Sevimli K\u00fc\u00e7\u00fck \u00d6k\u00fcz Bebek Yast\u0131\u011f\u0131, 1 - 3 ya\u015f aras\u0131 \u00e7ocuklar i\u00e7in b\u00fcy\u00fcleyici bir uyku vazge\u00e7ilmezidir. Tasar\u0131m\u0131, dost canl\u0131s\u0131 y\u00fcz\u00fc, k\u00fc\u00e7\u00fck boynuzlar\u0131 ve ne\u015feli ifadesiyle sevimli k\u00fc\u00e7\u00fck bir \u00f6k\u00fczden esinlenmi\u015ftir. G\u00f6kku\u015fa\u011f\u0131 ve y\u0131ld\u0131zlar gibi tuhaf unsurlarla \u00e7evrili olan bu \u00fcr\u00fcn, e\u011flenceli ve keyifli bir atmosfer yarat\u0131r. \u00d6l\u00e7\u00fcleri 40*<em>24*<\/em>3CM, uyku s\u0131ras\u0131nda \u00e7ocu\u011fun ba\u015f\u0131 ve boynu i\u00e7in uygun destek sunar. Yumu\u015fak malzemelerden \u00fcretilmi\u015ftir, nazik ve rahat bir dokunu\u015f sa\u011flar. Alevli Sar\u0131 ve Mavi renkleri mevcuttur, her \u00e7ocuk odas\u0131na renk katabilir. Bu yast\u0131k sadece \u00e7ocu\u011funuzun rahat bir uyku \u00e7ekmesine yard\u0131mc\u0131 olmakla kalmaz, ayn\u0131 zamanda yatma zaman\u0131 rutinine fantezi ve ne\u015fe katar.<\/div>\n<\/div>\n<\/div>\n<\/div>\n<\/div>\n<\/div>\n<\/div>\n<\/div>\n<\/div>\n<\/div>\n<\/div>\n<\/div>\n<\/div>\n<\/div>\n<\/div>\n<\/div>\n<\/div>\n<\/div>\n<\/div>\n<\/div>","protected":false},"featured_media":3360,"comment_status":"open","ping_status":"closed","template":"","meta":{"_uag_custom_page_level_css":"","site-sidebar-layout":"default","site-content-layout":"","ast-site-content-layout":"default","site-content-style":"default","site-sidebar-style":"default","ast-global-header-display":"","ast-banner-title-visibility":"","ast-main-header-display":"","ast-hfb-above-header-display":"","ast-hfb-below-header-display":"","ast-hfb-mobile-header-display":"","site-post-title":"","ast-breadcrumbs-content":"","ast-featured-img":"","footer-sml-layout":"","ast-disable-related-posts":"","theme-transparent-header-meta":"default","adv-header-id-meta":"","stick-header-meta":"","header-above-stick-meta":"","header-main-stick-meta":"","header-below-stick-meta":"","astra-migrate-meta-layouts":"set","ast-page-background-enabled":"default","ast-page-background-meta":{"desktop":{"background-color":"","background-image":"","background-repeat":"repeat","background-position":"center center","background-size":"auto","background-attachment":"scroll","background-type":"","background-media":"","overlay-type":"","overlay-color":"","overlay-opacity":"","overlay-gradient":""},"tablet":{"background-color":"","background-image":"","background-repeat":"repeat","background-position":"center center","background-size":"auto","background-attachment":"scroll","background-type":"","background-media":"","overlay-type":"","overlay-color":"","overlay-opacity":"","overlay-gradient":""},"mobile":{"background-color":"","background-image":"","background-repeat":"repeat","background-position":"center center","background-size":"auto","background-attachment":"scroll","background-type":"","background-media":"","overlay-type":"","overlay-color":"","overlay-opacity":"","overlay-gradient":""}},"ast-content-background-meta":{"desktop":{"background-color":"var(--ast-global-color-5)","background-image":"","background-repeat":"repeat","background-position":"center center","background-size":"auto","background-attachment":"scroll","background-type":"","background-media":"","overlay-type":"","overlay-color":"","overlay-opacity":"","overlay-gradient":""},"tablet":{"background-color":"var(--ast-global-color-5)","background-image":"","background-repeat":"repeat","background-position":"center center","background-size":"auto","background-attachment":"scroll","background-type":"","background-media":"","overlay-type":"","overlay-color":"","overlay-opacity":"","overlay-gradient":""},"mobile":{"background-color":"var(--ast-global-color-5)","background-image":"","background-repeat":"repeat","background-position":"center center","background-size":"auto","background-attachment":"scroll","background-type":"","background-media":"","overlay-type":"","overlay-color":"","overlay-opacity":"","overlay-gradient":""}}},"product_brand":[],"product_cat":[56,42],"product_tag":[70,68,71,69],"class_list":{"0":"post-3359","1":"product","2":"type-product","3":"status-publish","4":"has-post-thumbnail","6":"product_cat-1-to-3-years","7":"product_cat-merchandise","8":"product_tag-babypillow","9":"product_tag-cuteanimalpillow","10":"product_tag-headshapesupport","11":"product_tag-kouniushapingpillow","12":"desktop-align-left","13":"tablet-align-left","14":"mobile-align-left","16":"first","17":"instock","18":"shipping-taxable","19":"product-type-simple"},"aioseo_notices":[],"uagb_featured_image_src":{"full":["https:\/\/babypillowwholesale.com\/wp-content\/uploads\/2025\/04\/1632.jpg",1000,1000,false],"thumbnail":["https:\/\/babypillowwholesale.com\/wp-content\/uploads\/2025\/04\/1632-150x150.jpg",150,150,true],"medium":["https:\/\/babypillowwholesale.com\/wp-content\/uploads\/2025\/04\/1632-300x300.jpg",300,300,true],"medium_large":["https:\/\/babypillowwholesale.com\/wp-content\/uploads\/2025\/04\/1632-768x768.jpg",768,768,true],"large":["https:\/\/babypillowwholesale.com\/wp-content\/uploads\/2025\/04\/1632.jpg",1000,1000,false],"1536x1536":["https:\/\/babypillowwholesale.com\/wp-content\/uploads\/2025\/04\/1632.jpg",1000,1000,false],"2048x2048":["https:\/\/babypillowwholesale.com\/wp-content\/uploads\/2025\/04\/1632.jpg",1000,1000,false],"trp-custom-language-flag":["https:\/\/babypillowwholesale.com\/wp-content\/uploads\/2025\/04\/1632.jpg",12,12,false],"woocommerce_thumbnail":["https:\/\/babypillowwholesale.com\/wp-content\/uploads\/2025\/04\/1632-300x300.jpg",300,300,true],"woocommerce_single":["https:\/\/babypillowwholesale.com\/wp-content\/uploads\/2025\/04\/1632-600x600.jpg",600,600,true],"woocommerce_gallery_thumbnail":["https:\/\/babypillowwholesale.com\/wp-content\/uploads\/2025\/04\/1632-100x100.jpg",100,100,true]},"uagb_author_info":{"display_name":"Etnen zhong","author_link":"https:\/\/babypillowwholesale.com\/tr\/author\/"},"uagb_comment_info":0,"uagb_excerpt":"The Cute Little Ox Infant Pillow is a charming sleep essential for children aged 1 - 3 years. Its design is inspired by a cute little ox, with a friendly face, small horns, and a cheerful expression. Surrounded by whimsical elements like rainbows and stars, it creates a playful and delightful atmosphere. Measuring 40*24*3CM, it&hellip;","jetpack_sharing_enabled":true,"_links":{"self":[{"href":"https:\/\/babypillowwholesale.com\/tr\/wp-json\/wp\/v2\/product\/3359","targetHints":{"allow":["GET"]}}],"collection":[{"href":"https:\/\/babypillowwholesale.com\/tr\/wp-json\/wp\/v2\/product"}],"about":[{"href":"https:\/\/babypillowwholesale.com\/tr\/wp-json\/wp\/v2\/types\/product"}],"replies":[{"embeddable":true,"href":"https:\/\/babypillowwholesale.com\/tr\/wp-json\/wp\/v2\/comments?post=3359"}],"wp:featuredmedia":[{"embeddable":true,"href":"https:\/\/babypillowwholesale.com\/tr\/wp-json\/wp\/v2\/media\/3360"}],"wp:attachment":[{"href":"https:\/\/babypillowwholesale.com\/tr\/wp-json\/wp\/v2\/media?parent=3359"}],"wp:term":[{"taxonomy":"product_brand","embeddable":true,"href":"https:\/\/babypillowwholesale.com\/tr\/wp-json\/wp\/v2\/product_brand?post=3359"},{"taxonomy":"product_cat","embeddable":true,"href":"https:\/\/babypillowwholesale.com\/tr\/wp-json\/wp\/v2\/product_cat?post=3359"},{"taxonomy":"product_tag","embeddable":true,"href":"https:\/\/babypillowwholesale.com\/tr\/wp-json\/wp\/v2\/product_tag?post=3359"}],"curies":[{"name":"wp","href":"https:\/\/api.w.org\/{rel}","templated":true}]}}