{"id":3339,"date":"2025-04-05T02:54:17","date_gmt":"2025-04-05T02:54:17","guid":{"rendered":"https:\/\/babypillowwholesale.com\/?post_type=product&#038;p=3339"},"modified":"2025-06-08T11:49:36","modified_gmt":"2025-06-08T11:49:36","slug":"long-eared-rabbit-infant-pillow","status":"publish","type":"product","link":"https:\/\/babypillowwholesale.com\/tr\/product\/long-eared-rabbit-infant-pillow\/","title":{"rendered":"Uzun Kulakl\u0131 Tav\u015fan Bebek Yast\u0131\u011f\u0131"},"content":{"rendered":"<div class=\"auto-hide-last-sibling-br paragraph-qzbcQC paragraph-element br-paragraph-space\" data-immersive-translate-walked=\"8e61f2e7-6af2-46e5-9672-3b9e4f4033d9\" data-immersive-translate-paragraph=\"1\">\n<div class=\"auto-hide-last-sibling-br paragraph-qzbcQC paragraph-element br-paragraph-space\">\n<div class=\"auto-hide-last-sibling-br paragraph-qzbcQC paragraph-element br-paragraph-space\">\n<div class=\"auto-hide-last-sibling-br paragraph-qzbcQC paragraph-element br-paragraph-space\">\n<div class=\"auto-hide-last-sibling-br paragraph-qzbcQC paragraph-element br-paragraph-space\">\n<div class=\"auto-hide-last-sibling-br paragraph-qzbcQC paragraph-element br-paragraph-space\">\n<div class=\"auto-hide-last-sibling-br paragraph-qzbcQC paragraph-element br-paragraph-space\">\n<div class=\"auto-hide-last-sibling-br paragraph-qzbcQC paragraph-element br-paragraph-space\">\n<div class=\"auto-hide-last-sibling-br paragraph-qzbcQC paragraph-element br-paragraph-space\">\n<div class=\"auto-hide-last-sibling-br paragraph-qzbcQC paragraph-element br-paragraph-space\">\n<div class=\"auto-hide-last-sibling-br paragraph-qzbcQC paragraph-element br-paragraph-space\">\n<div class=\"auto-hide-last-sibling-br paragraph-qzbcQC paragraph-element br-paragraph-space\">\n<div class=\"auto-hide-last-sibling-br paragraph-qzbcQC paragraph-element br-paragraph-space\">1-3 ya\u015f aras\u0131 \u00e7ocuklar i\u00e7in keyifli ve vazge\u00e7ilmez bir uyku arkada\u015f\u0131 olan Uzun Kulakl\u0131 Tav\u015fan Bebek Yast\u0131\u011f\u0131 ile tan\u0131\u015f\u0131n. Bu yast\u0131k, hem b\u00fcy\u00fcleyici hem de b\u00fcy\u00fcleyici \u00f6zelliklere sahip olan sevimli uzun kulakl\u0131 tav\u015fandan ilham al\u0131yor. Uzun, dik kulaklar\u0131 her zaman tetikte gibi g\u00f6r\u00fcn\u00fcrken, parlak, etkileyici g\u00f6zleri ve tatl\u0131 bir \u015fekilde k\u0131zaran yanaklar\u0131 ona kar\u015f\u0131 konulmaz derecede sevimli ve davetkar bir g\u00f6r\u00fcn\u00fcm kazand\u0131r\u0131r.<\/div>\n<p>&nbsp;<\/p>\n<div class=\"auto-hide-last-sibling-br paragraph-qzbcQC paragraph-element br-paragraph-space\">\u00d6l\u00e7\u00fcm 40*<em>24*<\/em>3CM, \u00e7ocu\u011funuzun ba\u015f\u0131 ve boynu i\u00e7in do\u011fru miktarda destek sa\u011flamak \u00fczere titizlikle tasarlanm\u0131\u015ft\u0131r. K\u00fc\u00e7\u00fck \u00e7ocu\u011funuz uyumak i\u00e7in uzand\u0131\u011f\u0131nda, yast\u0131k onu nazik\u00e7e sarar ve dinlendirici bir gece ge\u00e7irmesine yard\u0131mc\u0131 olan rahat ve sa\u011fl\u0131kl\u0131 bir uyku duru\u015fu sa\u011flar. Pel\u00fc\u015f, cilt dostu malzemelerden \u00fcretilen yast\u0131k, nazik bir kucaklama gibi kadifemsi yumu\u015fak bir dokunu\u015f sunarak \u00e7ocu\u011funuzu huzurlu bir uykuya dald\u0131ran rahat bir s\u0131\u011f\u0131nak yarat\u0131r.<\/div>\n<p>&nbsp;<\/p>\n<div class=\"auto-hide-last-sibling-br paragraph-qzbcQC paragraph-element br-paragraph-space\">Pembe ve mavinin yumu\u015fak, rahatlat\u0131c\u0131 tonlar\u0131nda mevcut olan bu yast\u0131k, her t\u00fcrl\u00fc \u00e7ocuk odas\u0131 dekorunu zahmetsizce tamamlayarak renk ve cazibe katar. \u00c7ocu\u011funuz Uzun Kulakl\u0131 Tav\u015fan Bebek Yast\u0131\u011f\u0131na sar\u0131ld\u0131\u011f\u0131nda huzurlu ak\u015famlar\u0131 hayal edin. Bir yast\u0131ktan daha fazlas\u0131 haline gelir; bir konfor ve g\u00fcvenlik kayna\u011f\u0131d\u0131r. G\u00fcn boyunca, oyun zamanlar\u0131n\u0131n favorisi, yarat\u0131c\u0131 maceralar\u0131 i\u00e7in yumu\u015fak bir destek veya yorgunluk ya da huzursuzluk anlar\u0131nda rahatlat\u0131c\u0131 bir arkada\u015fa d\u00f6n\u00fc\u015febilir.<\/div>\n<p>&nbsp;<\/p>\n<div class=\"auto-hide-last-sibling-br paragraph-qzbcQC paragraph-element br-paragraph-space\">Ebeveynler bu sevimli yast\u0131k i\u00e7in \u00f6vg\u00fc dolu s\u00f6zler s\u00f6yl\u00fcyor. \"Yeni y\u00fcr\u00fcmeye ba\u015flayan \u00e7ocu\u011fum Uzun Kulakl\u0131 Tav\u015fan Yast\u0131\u011f\u0131na kesinlikle bay\u0131l\u0131yor. Yatma zamanlar\u0131n\u0131n vazge\u00e7ilmezi haline geldi. Yumu\u015fakl\u0131\u011f\u0131 harika ve sevimli tasar\u0131m\u0131 onu \u00e7ok \u00f6zel k\u0131l\u0131yor,\" diye payla\u015ft\u0131 memnun bir anne. Bir baba ise \u015funlar\u0131 ekledi: \"Bunun sadece bir yast\u0131k de\u011fil, ayn\u0131 zamanda \u00e7ocu\u011fumuzun oyun zaman\u0131n\u0131n bir par\u00e7as\u0131 olmas\u0131n\u0131 seviyoruz. Dayan\u0131kl\u0131 da, ne kadar \u00e7ok kullan\u0131ld\u0131\u011f\u0131n\u0131 d\u00fc\u015f\u00fcn\u00fcrsek bu harika. Evimiz i\u00e7in harika bir eklenti.\"<\/div>\n<p>&nbsp;<\/p>\n<div class=\"auto-hide-last-sibling-br paragraph-qzbcQC paragraph-element br-paragraph-space\">Uzun Kulakl\u0131 Tav\u015fan Bebek Yast\u0131\u011f\u0131 \u00f6z\u00fcnde konfor, sevimlilik ve i\u015flevselli\u011fin uyumlu bir kar\u0131\u015f\u0131m\u0131d\u0131r. Sadece bir yatak e\u015fyas\u0131 de\u011fildir; \u00e7ocu\u011funuzun g\u00fcnl\u00fck ya\u015fam\u0131n\u0131n de\u011ferli bir par\u00e7as\u0131d\u0131r ve her an\u0131na tav\u015fandan ilham alan bir sihir serpi\u015ftirir.<\/div>\n<\/div>\n<\/div>\n<\/div>\n<\/div>\n<\/div>\n<\/div>\n<\/div>\n<\/div>\n<\/div>\n<\/div>\n<\/div>\n<\/div>","protected":false},"excerpt":{"rendered":"<div class=\"container-QE4ayg\">\n<div class=\"item-jU10IN\">\n<div class=\"container-jODEnh chrome70-container\">\n<div class=\"inner-eE95c9 inner-item-aL3Ui_\" data-target-id=\"message-box-target-id\" data-testid=\"union_message\">\n<div class=\"message-block-container-liuetz\" data-testid=\"message-block-container\">\n<div class=\"message-box-ZWbBdF\" data-testid=\"receive_message\">\n<div class=\"message-box-content-wrapper-srHdUj\">\n<div class=\"message-content message-box-content-otxGGw receive-message-box-content-_lREFj samantha-message-box-content-Qjmpja\" data-testid=\"message_content\">\n<div class=\"container-hfX5E8 flow-markdown-body theme-samantha-yJEgBp\" dir=\"ltr\" data-testid=\"message_text_content\" data-show-indicator=\"false\">\n<div class=\"auto-hide-last-sibling-br paragraph-qzbcQC paragraph-element br-paragraph-space\">Uzun Kulakl\u0131 Tav\u015fan Bebek Yast\u0131\u011f\u0131, 1 - 3 ya\u015f aras\u0131 \u00e7ocuklar i\u00e7in \u00f6zel olarak tasarlanm\u0131\u015f b\u00fcy\u00fcleyici bir uyku aksesuar\u0131d\u0131r. Tasar\u0131m\u0131, uzun, dik kulaklar\u0131, parlak g\u00f6zleri ve k\u0131zaran yanaklar\u0131yla kar\u015f\u0131 konulmaz derecede sevimli bir g\u00f6r\u00fcn\u00fcm veren uzun kulakl\u0131 sevimli bir tav\u015fandan esinlenmi\u015ftir. \u00d6l\u00e7\u00fcleri 40*<em>24*<\/em>3CM, \u00e7ocu\u011fun ba\u015f\u0131 ve boynu i\u00e7in yeterli destek sa\u011flayarak rahat bir uyku duru\u015fu sa\u011flamaya yard\u0131mc\u0131 olur. Yumu\u015fak ve cilt dostu malzemelerden \u00fcretilmi\u015ftir, nazik ve rahat bir dokunu\u015f sunar. Pembe ve mavi renkleri mevcuttur ve \u00e7e\u015fitli \u00e7ocuk odas\u0131 dekorlar\u0131na uyum sa\u011flayabilir. Bu yast\u0131k sadece \u00e7ocu\u011funuzun dinlendirici bir uyku \u00e7ekmesini sa\u011flamakla kalmaz, ayn\u0131 zamanda yatma zamanlar\u0131na tuhaf ve s\u0131cak bir dokunu\u015f katarak uyku ile ilgili e\u015fyalar\u0131na ho\u015f bir katk\u0131 sa\u011flar.<\/div>\n<\/div>\n<\/div>\n<\/div>\n<\/div>\n<\/div>\n<\/div>\n<\/div>\n<\/div>\n<\/div>","protected":false},"featured_media":3340,"comment_status":"open","ping_status":"closed","template":"","meta":{"_uag_custom_page_level_css":"","site-sidebar-layout":"default","site-content-layout":"","ast-site-content-layout":"default","site-content-style":"default","site-sidebar-style":"default","ast-global-header-display":"","ast-banner-title-visibility":"","ast-main-header-display":"","ast-hfb-above-header-display":"","ast-hfb-below-header-display":"","ast-hfb-mobile-header-display":"","site-post-title":"","ast-breadcrumbs-content":"","ast-featured-img":"","footer-sml-layout":"","ast-disable-related-posts":"","theme-transparent-header-meta":"default","adv-header-id-meta":"","stick-header-meta":"","header-above-stick-meta":"","header-main-stick-meta":"","header-below-stick-meta":"","astra-migrate-meta-layouts":"set","ast-page-background-enabled":"default","ast-page-background-meta":{"desktop":{"background-color":"","background-image":"","background-repeat":"repeat","background-position":"center center","background-size":"auto","background-attachment":"scroll","background-type":"","background-media":"","overlay-type":"","overlay-color":"","overlay-opacity":"","overlay-gradient":""},"tablet":{"background-color":"","background-image":"","background-repeat":"repeat","background-position":"center center","background-size":"auto","background-attachment":"scroll","background-type":"","background-media":"","overlay-type":"","overlay-color":"","overlay-opacity":"","overlay-gradient":""},"mobile":{"background-color":"","background-image":"","background-repeat":"repeat","background-position":"center center","background-size":"auto","background-attachment":"scroll","background-type":"","background-media":"","overlay-type":"","overlay-color":"","overlay-opacity":"","overlay-gradient":""}},"ast-content-background-meta":{"desktop":{"background-color":"var(--ast-global-color-5)","background-image":"","background-repeat":"repeat","background-position":"center center","background-size":"auto","background-attachment":"scroll","background-type":"","background-media":"","overlay-type":"","overlay-color":"","overlay-opacity":"","overlay-gradient":""},"tablet":{"background-color":"var(--ast-global-color-5)","background-image":"","background-repeat":"repeat","background-position":"center center","background-size":"auto","background-attachment":"scroll","background-type":"","background-media":"","overlay-type":"","overlay-color":"","overlay-opacity":"","overlay-gradient":""},"mobile":{"background-color":"var(--ast-global-color-5)","background-image":"","background-repeat":"repeat","background-position":"center center","background-size":"auto","background-attachment":"scroll","background-type":"","background-media":"","overlay-type":"","overlay-color":"","overlay-opacity":"","overlay-gradient":""}}},"product_brand":[],"product_cat":[56,42],"product_tag":[70,68,71,69],"class_list":{"0":"post-3339","1":"product","2":"type-product","3":"status-publish","4":"has-post-thumbnail","6":"product_cat-1-to-3-years","7":"product_cat-merchandise","8":"product_tag-babypillow","9":"product_tag-cuteanimalpillow","10":"product_tag-headshapesupport","11":"product_tag-kouniushapingpillow","12":"desktop-align-left","13":"tablet-align-left","14":"mobile-align-left","16":"first","17":"instock","18":"shipping-taxable","19":"product-type-simple"},"aioseo_notices":[],"uagb_featured_image_src":{"full":["https:\/\/babypillowwholesale.com\/wp-content\/uploads\/2025\/04\/1098.jpg",1000,1000,false],"thumbnail":["https:\/\/babypillowwholesale.com\/wp-content\/uploads\/2025\/04\/1098-150x150.jpg",150,150,true],"medium":["https:\/\/babypillowwholesale.com\/wp-content\/uploads\/2025\/04\/1098-300x300.jpg",300,300,true],"medium_large":["https:\/\/babypillowwholesale.com\/wp-content\/uploads\/2025\/04\/1098-768x768.jpg",768,768,true],"large":["https:\/\/babypillowwholesale.com\/wp-content\/uploads\/2025\/04\/1098.jpg",1000,1000,false],"1536x1536":["https:\/\/babypillowwholesale.com\/wp-content\/uploads\/2025\/04\/1098.jpg",1000,1000,false],"2048x2048":["https:\/\/babypillowwholesale.com\/wp-content\/uploads\/2025\/04\/1098.jpg",1000,1000,false],"trp-custom-language-flag":["https:\/\/babypillowwholesale.com\/wp-content\/uploads\/2025\/04\/1098.jpg",12,12,false],"woocommerce_thumbnail":["https:\/\/babypillowwholesale.com\/wp-content\/uploads\/2025\/04\/1098-300x300.jpg",300,300,true],"woocommerce_single":["https:\/\/babypillowwholesale.com\/wp-content\/uploads\/2025\/04\/1098-600x600.jpg",600,600,true],"woocommerce_gallery_thumbnail":["https:\/\/babypillowwholesale.com\/wp-content\/uploads\/2025\/04\/1098-100x100.jpg",100,100,true]},"uagb_author_info":{"display_name":"Etnen zhong","author_link":"https:\/\/babypillowwholesale.com\/tr\/author\/"},"uagb_comment_info":0,"uagb_excerpt":"The Long - Eared Rabbit Infant Pillow is a charming sleep accessory tailored for children aged 1 - 3 years. Its design is inspired by a cute long - eared rabbit, featuring long, upright ears, bright eyes, and blushing cheeks, which gives it an irresistibly adorable look. Measuring 40*24*3CM, it provides adequate support for a&hellip;","jetpack_sharing_enabled":true,"_links":{"self":[{"href":"https:\/\/babypillowwholesale.com\/tr\/wp-json\/wp\/v2\/product\/3339","targetHints":{"allow":["GET"]}}],"collection":[{"href":"https:\/\/babypillowwholesale.com\/tr\/wp-json\/wp\/v2\/product"}],"about":[{"href":"https:\/\/babypillowwholesale.com\/tr\/wp-json\/wp\/v2\/types\/product"}],"replies":[{"embeddable":true,"href":"https:\/\/babypillowwholesale.com\/tr\/wp-json\/wp\/v2\/comments?post=3339"}],"wp:featuredmedia":[{"embeddable":true,"href":"https:\/\/babypillowwholesale.com\/tr\/wp-json\/wp\/v2\/media\/3340"}],"wp:attachment":[{"href":"https:\/\/babypillowwholesale.com\/tr\/wp-json\/wp\/v2\/media?parent=3339"}],"wp:term":[{"taxonomy":"product_brand","embeddable":true,"href":"https:\/\/babypillowwholesale.com\/tr\/wp-json\/wp\/v2\/product_brand?post=3339"},{"taxonomy":"product_cat","embeddable":true,"href":"https:\/\/babypillowwholesale.com\/tr\/wp-json\/wp\/v2\/product_cat?post=3339"},{"taxonomy":"product_tag","embeddable":true,"href":"https:\/\/babypillowwholesale.com\/tr\/wp-json\/wp\/v2\/product_tag?post=3339"}],"curies":[{"name":"wp","href":"https:\/\/api.w.org\/{rel}","templated":true}]}}