{"id":3336,"date":"2025-04-04T08:45:12","date_gmt":"2025-04-04T08:45:12","guid":{"rendered":"https:\/\/babypillowwholesale.com\/?post_type=product&#038;p=3336"},"modified":"2025-06-08T14:07:34","modified_gmt":"2025-06-08T14:07:34","slug":"big-faced-cat-infant-pillow","status":"publish","type":"product","link":"https:\/\/babypillowwholesale.com\/tr\/product\/big-faced-cat-infant-pillow\/","title":{"rendered":"B\u00fcy\u00fck Y\u00fczl\u00fc Kedi Bebek Yast\u0131\u011f\u0131"},"content":{"rendered":"<div class=\"auto-hide-last-sibling-br paragraph-qzbcQC paragraph-element br-paragraph-space\" data-immersive-translate-walked=\"8e61f2e7-6af2-46e5-9672-3b9e4f4033d9\" data-immersive-translate-paragraph=\"1\">\n<div class=\"auto-hide-last-sibling-br paragraph-qzbcQC paragraph-element br-paragraph-space\">\n<div class=\"auto-hide-last-sibling-br paragraph-qzbcQC paragraph-element br-paragraph-space\">\n<div class=\"auto-hide-last-sibling-br paragraph-qzbcQC paragraph-element br-paragraph-space\">\n<div class=\"auto-hide-last-sibling-br paragraph-qzbcQC paragraph-element br-paragraph-space\">\n<div class=\"auto-hide-last-sibling-br paragraph-qzbcQC paragraph-element br-paragraph-space\">\n<div class=\"auto-hide-last-sibling-br paragraph-qzbcQC paragraph-element br-paragraph-space\">\n<div class=\"auto-hide-last-sibling-br paragraph-qzbcQC paragraph-element br-paragraph-space\">\n<div class=\"auto-hide-last-sibling-br paragraph-qzbcQC paragraph-element br-paragraph-space\">\n<div class=\"auto-hide-last-sibling-br paragraph-qzbcQC paragraph-element br-paragraph-space\">\n<div class=\"auto-hide-last-sibling-br paragraph-qzbcQC paragraph-element br-paragraph-space\">\n<div class=\"auto-hide-last-sibling-br paragraph-qzbcQC paragraph-element br-paragraph-space\">\u00d6zellikle 1-3 ya\u015f aral\u0131\u011f\u0131ndaki \u00e7ocuklar i\u00e7in haz\u0131rlanm\u0131\u015f sevimli bir uyku arkada\u015f\u0131 olan B\u00fcy\u00fck Y\u00fczl\u00fc Kedi Bebek Yast\u0131\u011f\u0131 ile tan\u0131\u015f\u0131n. Tasar\u0131m\u0131, sevimli b\u00fcy\u00fck y\u00fczl\u00fc kediye b\u00fcy\u00fcleyici bir sayg\u0131 duru\u015fu niteli\u011findedir; masumiyet dolu bir d\u00fcnyaya sahipmi\u015f gibi g\u00f6r\u00fcnen b\u00fcy\u00fck, duygulu g\u00f6zlere, oyunculu\u011fa bir dokunu\u015f katan zarif kulaklara ve hayran olmamak imkans\u0131z tatl\u0131 bir ifadeye sahiptir.<\/div>\n<p>&nbsp;<\/p>\n<div class=\"auto-hide-last-sibling-br paragraph-qzbcQC paragraph-element br-paragraph-space\">40* boyutlar\u0131 ile<em>24*<\/em>3CM olan bu yast\u0131k, \u00e7ocu\u011funuzun ba\u015f ve boynuna optimum destek sa\u011flamak i\u00e7in m\u00fckemmel bir \u015fekilde orant\u0131lanm\u0131\u015ft\u0131r. Gece yatarken \u00e7ocu\u011funuzu nazik\u00e7e sararak rahat ve sa\u011fl\u0131kl\u0131 bir uyku pozisyonu sa\u011flar. Son derece yumu\u015fak malzemelerden \u00fcretilen bu yast\u0131k, cilde nazik bir ok\u015fama hissi verir ve k\u00fc\u00e7\u00fck \u00e7ocu\u011funuzu huzurlu bir uykuya dald\u0131ran bir rahatl\u0131k cenneti yarat\u0131r.<\/div>\n<p>&nbsp;<\/p>\n<div class=\"auto-hide-last-sibling-br paragraph-qzbcQC paragraph-element br-paragraph-space\">Pembe ve mavinin yumu\u015fak tonlar\u0131nda mevcut olan bu \u00fcr\u00fcn, her t\u00fcrl\u00fc \u00e7ocuk odas\u0131 dekorunu zahmetsizce tamamlar, renk ve cazibe katar. \u00c7ocu\u011funuz B\u00fcy\u00fck Y\u00fczl\u00fc Kedi Bebek Yast\u0131\u011f\u0131na sar\u0131ld\u0131\u011f\u0131nda yatma vaktinin b\u00fcy\u00fcs\u00fcn\u00fc hayal edin. Bir yast\u0131ktan daha fazlas\u0131 haline gelir; gece boyunca onlara arkada\u015fl\u0131k eden bir arkada\u015ft\u0131r. G\u00fcn boyunca, yarat\u0131c\u0131 oyunlar i\u00e7in bir destek, oturma odas\u0131n\u0131n zemininde do\u011fa\u00e7lama \u015fekerlemeler i\u00e7in yumu\u015fak bir nokta veya huzursuzluk anlar\u0131nda rahatlat\u0131c\u0131 bir varl\u0131\u011fa d\u00f6n\u00fc\u015febilir.<\/div>\n<p>&nbsp;<\/p>\n<div class=\"auto-hide-last-sibling-br paragraph-qzbcQC paragraph-element br-paragraph-space\">Ebeveynler bu keyifli yast\u0131k i\u00e7in \u00f6vg\u00fc dolu s\u00f6zler s\u00f6yl\u00fcyor. \"2 ya\u015f\u0131ndaki \u00e7ocu\u011fum B\u00fcy\u00fck Y\u00fczl\u00fc Kedi Yast\u0131\u011f\u0131 olmadan uyuyam\u0131yor! \u00c7ok yumu\u015fak ve sevimli tasar\u0131m\u0131 yatma vaktini d\u00f6rt g\u00f6zle bekledikleri bir \u015fey haline getiriyor,\" diye payla\u015ft\u0131 mutlu bir anne. Bir baba ise \u015funlar\u0131 ekledi: \"\u00c7ocu\u011fumuzun odas\u0131na biraz e\u011flence katmas\u0131n\u0131 seviyoruz. T\u00fcm hoyratl\u0131klara ra\u011fmen iyi dayand\u0131. Kesinlikle harika bir sat\u0131n alma.\"<\/div>\n<p>&nbsp;<\/p>\n<div class=\"auto-hide-last-sibling-br paragraph-qzbcQC paragraph-element br-paragraph-space\">B\u00fcy\u00fck Y\u00fczl\u00fc Kedi Bebek Yast\u0131\u011f\u0131 \u00f6z\u00fcnde konfor, sevimlilik ve i\u015flevselli\u011fin uyumlu bir kar\u0131\u015f\u0131m\u0131d\u0131r. Sadece bir yatak e\u015fyas\u0131 de\u011fildir; \u00e7ocu\u011funuzun g\u00fcnl\u00fck ya\u015fam\u0131n\u0131n de\u011ferli bir par\u00e7as\u0131d\u0131r ve her an\u0131na kedilerden ilham alan bir cazibe katar.<\/div>\n<\/div>\n<\/div>\n<\/div>\n<\/div>\n<\/div>\n<\/div>\n<\/div>\n<\/div>\n<\/div>\n<\/div>\n<\/div>","protected":false},"excerpt":{"rendered":"<div class=\"container-QE4ayg\">\n<div class=\"item-jU10IN\">\n<div class=\"container-jODEnh chrome70-container\">\n<div class=\"inner-eE95c9 inner-item-aL3Ui_\" data-target-id=\"message-box-target-id\" data-testid=\"union_message\">\n<div class=\"message-block-container-liuetz\" data-testid=\"message-block-container\">\n<div class=\"message-box-ZWbBdF\" data-testid=\"receive_message\">\n<div class=\"message-box-content-wrapper-srHdUj\">\n<div class=\"message-content message-box-content-otxGGw receive-message-box-content-_lREFj samantha-message-box-content-Qjmpja\" data-testid=\"message_content\">\n<div class=\"container-hfX5E8 flow-markdown-body theme-samantha-yJEgBp\" dir=\"ltr\" data-testid=\"message_text_content\" data-show-indicator=\"false\">\n<div class=\"auto-hide-last-sibling-br paragraph-qzbcQC paragraph-element br-paragraph-space\">B\u00fcy\u00fck Y\u00fczl\u00fc Kedi Bebek Yast\u0131\u011f\u0131, 1 - 3 ya\u015f aras\u0131 \u00e7ocuklar i\u00e7in tasarlanm\u0131\u015f keyifli bir uyku vazge\u00e7ilmezidir. Tasar\u0131m\u0131, b\u00fcy\u00fck, yuvarlak g\u00f6zleri, sevimli kulaklar\u0131 ve sevimlili\u011fi yans\u0131tan b\u00fcy\u00fcleyici ifadesiyle b\u00fcy\u00fck y\u00fczl\u00fc sevimli bir kediden esinlenmi\u015ftir. \u00d6l\u00e7\u00fcleri 40*<em>24*<\/em>3CM, \u00e7ocu\u011fun ba\u015f ve boynu i\u00e7in uygun destek sunarak rahat bir uyku duru\u015fu sa\u011flar. Yumu\u015fak ve rahat malzemelerden \u00fcretilmi\u015ftir, cilde kar\u015f\u0131 nazik ve ho\u015f bir dokunu\u015f sa\u011flar. Pembe ve mavi renkleri mevcuttur, farkl\u0131 \u00e7ocuk odas\u0131 dekorlar\u0131na zahmetsizce uyum sa\u011flayabilir. Bu yast\u0131k, k\u00fc\u00e7\u00fck \u00e7ocu\u011funuzun dinlendirici bir uyku \u00e7ekmesine yard\u0131mc\u0131 olmakla kalmaz, ayn\u0131 zamanda yatma zaman\u0131 rutinine tuhaf ve s\u0131cak bir dokunu\u015f katarak uyku zaman\u0131n\u0131n vazge\u00e7ilmezlerine harika bir katk\u0131 sa\u011flar.<\/div>\n<\/div>\n<\/div>\n<\/div>\n<\/div>\n<\/div>\n<\/div>\n<\/div>\n<\/div>\n<\/div>","protected":false},"featured_media":3337,"comment_status":"open","ping_status":"closed","template":"","meta":{"_uag_custom_page_level_css":"","site-sidebar-layout":"default","site-content-layout":"","ast-site-content-layout":"default","site-content-style":"default","site-sidebar-style":"default","ast-global-header-display":"","ast-banner-title-visibility":"","ast-main-header-display":"","ast-hfb-above-header-display":"","ast-hfb-below-header-display":"","ast-hfb-mobile-header-display":"","site-post-title":"","ast-breadcrumbs-content":"","ast-featured-img":"","footer-sml-layout":"","ast-disable-related-posts":"","theme-transparent-header-meta":"default","adv-header-id-meta":"","stick-header-meta":"","header-above-stick-meta":"","header-main-stick-meta":"","header-below-stick-meta":"","astra-migrate-meta-layouts":"set","ast-page-background-enabled":"default","ast-page-background-meta":{"desktop":{"background-color":"","background-image":"","background-repeat":"repeat","background-position":"center center","background-size":"auto","background-attachment":"scroll","background-type":"","background-media":"","overlay-type":"","overlay-color":"","overlay-opacity":"","overlay-gradient":""},"tablet":{"background-color":"","background-image":"","background-repeat":"repeat","background-position":"center center","background-size":"auto","background-attachment":"scroll","background-type":"","background-media":"","overlay-type":"","overlay-color":"","overlay-opacity":"","overlay-gradient":""},"mobile":{"background-color":"","background-image":"","background-repeat":"repeat","background-position":"center center","background-size":"auto","background-attachment":"scroll","background-type":"","background-media":"","overlay-type":"","overlay-color":"","overlay-opacity":"","overlay-gradient":""}},"ast-content-background-meta":{"desktop":{"background-color":"var(--ast-global-color-5)","background-image":"","background-repeat":"repeat","background-position":"center center","background-size":"auto","background-attachment":"scroll","background-type":"","background-media":"","overlay-type":"","overlay-color":"","overlay-opacity":"","overlay-gradient":""},"tablet":{"background-color":"var(--ast-global-color-5)","background-image":"","background-repeat":"repeat","background-position":"center center","background-size":"auto","background-attachment":"scroll","background-type":"","background-media":"","overlay-type":"","overlay-color":"","overlay-opacity":"","overlay-gradient":""},"mobile":{"background-color":"var(--ast-global-color-5)","background-image":"","background-repeat":"repeat","background-position":"center center","background-size":"auto","background-attachment":"scroll","background-type":"","background-media":"","overlay-type":"","overlay-color":"","overlay-opacity":"","overlay-gradient":""}}},"product_brand":[],"product_cat":[56,42],"product_tag":[70,68,71,69],"class_list":{"0":"post-3336","1":"product","2":"type-product","3":"status-publish","4":"has-post-thumbnail","6":"product_cat-1-to-3-years","7":"product_cat-merchandise","8":"product_tag-babypillow","9":"product_tag-cuteanimalpillow","10":"product_tag-headshapesupport","11":"product_tag-kouniushapingpillow","12":"desktop-align-left","13":"tablet-align-left","14":"mobile-align-left","16":"first","17":"instock","18":"featured","19":"shipping-taxable","20":"product-type-simple"},"aioseo_notices":[],"uagb_featured_image_src":{"full":["https:\/\/babypillowwholesale.com\/wp-content\/uploads\/2025\/04\/1528.jpg",1000,1000,false],"thumbnail":["https:\/\/babypillowwholesale.com\/wp-content\/uploads\/2025\/04\/1528-150x150.jpg",150,150,true],"medium":["https:\/\/babypillowwholesale.com\/wp-content\/uploads\/2025\/04\/1528-300x300.jpg",300,300,true],"medium_large":["https:\/\/babypillowwholesale.com\/wp-content\/uploads\/2025\/04\/1528-768x768.jpg",768,768,true],"large":["https:\/\/babypillowwholesale.com\/wp-content\/uploads\/2025\/04\/1528.jpg",1000,1000,false],"1536x1536":["https:\/\/babypillowwholesale.com\/wp-content\/uploads\/2025\/04\/1528.jpg",1000,1000,false],"2048x2048":["https:\/\/babypillowwholesale.com\/wp-content\/uploads\/2025\/04\/1528.jpg",1000,1000,false],"trp-custom-language-flag":["https:\/\/babypillowwholesale.com\/wp-content\/uploads\/2025\/04\/1528.jpg",12,12,false],"woocommerce_thumbnail":["https:\/\/babypillowwholesale.com\/wp-content\/uploads\/2025\/04\/1528-300x300.jpg",300,300,true],"woocommerce_single":["https:\/\/babypillowwholesale.com\/wp-content\/uploads\/2025\/04\/1528-600x600.jpg",600,600,true],"woocommerce_gallery_thumbnail":["https:\/\/babypillowwholesale.com\/wp-content\/uploads\/2025\/04\/1528-100x100.jpg",100,100,true]},"uagb_author_info":{"display_name":"Etnen zhong","author_link":"https:\/\/babypillowwholesale.com\/tr\/author\/"},"uagb_comment_info":0,"uagb_excerpt":"The Big - Faced Cat Infant Pillow is a delightful sleep essential designed for children aged 1 - 3 years. Its design is inspired by a cute big - faced cat, featuring large, round eyes, adorable ears, and a charming expression that exudes cuteness. Measuring 40*24*3CM, it offers proper support for a child's head and&hellip;","jetpack_sharing_enabled":true,"_links":{"self":[{"href":"https:\/\/babypillowwholesale.com\/tr\/wp-json\/wp\/v2\/product\/3336","targetHints":{"allow":["GET"]}}],"collection":[{"href":"https:\/\/babypillowwholesale.com\/tr\/wp-json\/wp\/v2\/product"}],"about":[{"href":"https:\/\/babypillowwholesale.com\/tr\/wp-json\/wp\/v2\/types\/product"}],"replies":[{"embeddable":true,"href":"https:\/\/babypillowwholesale.com\/tr\/wp-json\/wp\/v2\/comments?post=3336"}],"wp:featuredmedia":[{"embeddable":true,"href":"https:\/\/babypillowwholesale.com\/tr\/wp-json\/wp\/v2\/media\/3337"}],"wp:attachment":[{"href":"https:\/\/babypillowwholesale.com\/tr\/wp-json\/wp\/v2\/media?parent=3336"}],"wp:term":[{"taxonomy":"product_brand","embeddable":true,"href":"https:\/\/babypillowwholesale.com\/tr\/wp-json\/wp\/v2\/product_brand?post=3336"},{"taxonomy":"product_cat","embeddable":true,"href":"https:\/\/babypillowwholesale.com\/tr\/wp-json\/wp\/v2\/product_cat?post=3336"},{"taxonomy":"product_tag","embeddable":true,"href":"https:\/\/babypillowwholesale.com\/tr\/wp-json\/wp\/v2\/product_tag?post=3336"}],"curies":[{"name":"wp","href":"https:\/\/api.w.org\/{rel}","templated":true}]}}