{"id":3333,"date":"2025-04-04T08:28:31","date_gmt":"2025-04-04T08:28:31","guid":{"rendered":"https:\/\/babypillowwholesale.com\/?post_type=product&#038;p=3333"},"modified":"2025-06-08T14:08:50","modified_gmt":"2025-06-08T14:08:50","slug":"pikachu-infant-pillow","status":"publish","type":"product","link":"https:\/\/babypillowwholesale.com\/tr\/product\/pikachu-infant-pillow\/","title":{"rendered":"Pikachu Bebek Yast\u0131\u011f\u0131"},"content":{"rendered":"<div class=\"auto-hide-last-sibling-br paragraph-qzbcQC paragraph-element br-paragraph-space\" data-immersive-translate-walked=\"8e61f2e7-6af2-46e5-9672-3b9e4f4033d9\" data-immersive-translate-paragraph=\"1\">\n<div class=\"auto-hide-last-sibling-br paragraph-qzbcQC paragraph-element br-paragraph-space\">\n<div class=\"auto-hide-last-sibling-br paragraph-qzbcQC paragraph-element br-paragraph-space\">\n<div class=\"auto-hide-last-sibling-br paragraph-qzbcQC paragraph-element br-paragraph-space\">\n<div class=\"auto-hide-last-sibling-br paragraph-qzbcQC paragraph-element br-paragraph-space\">\n<div class=\"auto-hide-last-sibling-br paragraph-qzbcQC paragraph-element br-paragraph-space\">\n<div class=\"auto-hide-last-sibling-br paragraph-qzbcQC paragraph-element br-paragraph-space\">\n<div class=\"auto-hide-last-sibling-br paragraph-qzbcQC paragraph-element br-paragraph-space\">\n<div class=\"auto-hide-last-sibling-br paragraph-qzbcQC paragraph-element br-paragraph-space\">\n<div class=\"auto-hide-last-sibling-br paragraph-qzbcQC paragraph-element br-paragraph-space\">\n<div class=\"auto-hide-last-sibling-br paragraph-qzbcQC paragraph-element br-paragraph-space\">1-3 ya\u015f aral\u0131\u011f\u0131ndaki \u00e7ocuklar i\u00e7in \u00f6zel olarak tasarlanm\u0131\u015f b\u00fcy\u00fcleyici bir uyku arkada\u015f\u0131 olan Pikachu Bebek Yast\u0131\u011f\u0131 ile tan\u0131\u015f\u0131n. \u0130konik ve \u00e7ok sevilen Pikachu'dan esinlenen bu yast\u0131k, uzun, sivri kulaklar\u0131, b\u00fcy\u00fck, etkileyici g\u00f6zleri ve an\u0131nda tan\u0131nan kar\u015f\u0131 konulmaz derecede sevimli k\u0131zaran yanaklar\u0131yla onun \u00f6z\u00fcn\u00fc ustal\u0131kla yakal\u0131yor.<\/div>\n<p>&nbsp;<\/p>\n<div class=\"auto-hide-last-sibling-br paragraph-qzbcQC paragraph-element br-paragraph-space\">\u00d6l\u00e7\u00fcm 40*<em>24*<\/em>3CM, k\u00fc\u00e7\u00fck \u00e7ocu\u011funuzun ba\u015f\u0131 ve boynu i\u00e7in en uygun deste\u011fi sunmak \u00fczere ergonomik olarak tasarlanm\u0131\u015ft\u0131r. \u00c7ocu\u011funuz uykuya dalarken yast\u0131k onu nazik\u00e7e sararak rahat ve sa\u011fl\u0131kl\u0131 bir uyku duru\u015fu sa\u011flar. Pel\u00fc\u015f, cilt dostu malzemelerden \u00fcretilen yast\u0131k, nazik bir kucaklama gibi kadifemsi yumu\u015fak bir dokunu\u015f sa\u011flayarak \u00e7ocu\u011funuzun gece boyunca kendini g\u00fcvende ve rahat hissetmesini sa\u011flar.<\/div>\n<p>&nbsp;<\/p>\n<div class=\"auto-hide-last-sibling-br paragraph-qzbcQC paragraph-element br-paragraph-space\">Pembe ve mavinin rahatlat\u0131c\u0131 tonlar\u0131nda mevcut olan bu yast\u0131k, her t\u00fcrl\u00fc \u00e7ocuk odas\u0131 dekorunu zahmetsizce tamamlar, renk ve \u00e7ekicilik katar. \u00c7ocu\u011funuz Pikachu Bebek Yast\u0131\u011f\u0131na sar\u0131l\u0131p uyurken uyku vaktinin b\u00fcy\u00fcs\u00fcn\u00fc hayal edin. Bir yast\u0131ktan daha fazlas\u0131 haline gelir; r\u00fcyalar\u0131n elektrikli maceralarla dolu oldu\u011fu bir hayal d\u00fcnyas\u0131na a\u00e7\u0131lan bir kap\u0131d\u0131r. G\u00fcn boyunca, ister Pikachu'nun heyecan verici sava\u015flar\u0131n\u0131 canland\u0131r\u0131yor olsunlar, ister sadece oyuna ara verdiklerinde dinlenmek i\u00e7in yumu\u015fak bir yer olarak kullan\u0131yor olsunlar, oyun zaman\u0131 ka\u00e7\u0131\u015flar\u0131nda g\u00fcvenilir bir yard\u0131mc\u0131 olabilir.<\/div>\n<p>&nbsp;<\/p>\n<div class=\"auto-hide-last-sibling-br paragraph-qzbcQC paragraph-element br-paragraph-space\">Ebeveynler bu keyifli yast\u0131k hakk\u0131nda \u00f6vg\u00fcler ya\u011fd\u0131r\u0131yor. \"2 ya\u015f\u0131ndaki \u00e7ocu\u011fum Pikachu Yast\u0131k'a takm\u0131\u015f durumda! Yatmadan \u00f6nce ilk uzand\u0131klar\u0131 \u015fey o oluyor. Yumu\u015fakl\u0131\u011f\u0131 harika ve onu kucaklad\u0131\u011f\u0131n\u0131 g\u00f6rmek \u00e7ok sevimli,\" diye hayk\u0131r\u0131yor ne\u015feli bir anne. Bir baba ise \u015funlar\u0131 payla\u015ft\u0131: \"Yatma zaman\u0131n\u0131 daha da e\u011flenceli hale getirmesini seviyoruz. Dayan\u0131kl\u0131 da, t\u00fcm kucaklamalara ve f\u0131rlatmalara dayan\u0131yor. Kesinlikle harika bir al\u0131\u015fveri\u015f!\"<\/div>\n<p>&nbsp;<\/p>\n<div class=\"auto-hide-last-sibling-br paragraph-qzbcQC paragraph-element br-paragraph-space\">K\u0131sacas\u0131, Pikachu Bebek Yast\u0131\u011f\u0131 konfor, sevimlilik ve i\u015flevselli\u011fin uyumlu bir kar\u0131\u015f\u0131m\u0131d\u0131r. Sadece bir uyku aksesuar\u0131 de\u011fildir; \u00e7ocu\u011funuzun g\u00fcnl\u00fck ya\u015fam\u0131n\u0131n de\u011ferli bir par\u00e7as\u0131d\u0131r ve her an\u0131na Pikachu'dan ilham alan bir tutam sihir katar.<\/div>\n<\/div>\n<\/div>\n<\/div>\n<\/div>\n<\/div>\n<\/div>\n<\/div>\n<\/div>\n<\/div>\n<\/div>","protected":false},"excerpt":{"rendered":"<div class=\"container-QE4ayg\">\n<div class=\"item-jU10IN\">\n<div class=\"container-jODEnh chrome70-container\">\n<div class=\"inner-eE95c9 inner-item-aL3Ui_\" data-target-id=\"message-box-target-id\" data-testid=\"union_message\">\n<div class=\"message-block-container-liuetz\" data-testid=\"message-block-container\">\n<div class=\"message-box-ZWbBdF\" data-testid=\"receive_message\">\n<div class=\"message-box-content-wrapper-srHdUj\">\n<div class=\"message-content message-box-content-otxGGw receive-message-box-content-_lREFj samantha-message-box-content-Qjmpja\" data-testid=\"message_content\">\n<div class=\"container-hfX5E8 flow-markdown-body theme-samantha-yJEgBp\" dir=\"ltr\" data-testid=\"message_text_content\" data-show-indicator=\"false\">\n<div class=\"auto-hide-last-sibling-br paragraph-qzbcQC paragraph-element br-paragraph-space\">Pikachu Bebek Yast\u0131\u011f\u0131, 1 - 3 ya\u015f aras\u0131 \u00e7ocuklar i\u00e7in b\u00fcy\u00fcleyici bir uyku vazge\u00e7ilmezidir. Sevilen Pikachu'dan esinlenerek tasarlanan bu \u00fcr\u00fcn, uzun kulaklar, parlak g\u00f6zler ve sevimli k\u0131zaran yanaklar gibi ikonik \u00f6zellikler sergiliyor. \u00d6l\u00e7\u00fcleri 40*<em>24*<\/em>3CM, bir \u00e7ocu\u011fun ba\u015f\u0131 ve boynu i\u00e7in do\u011fru deste\u011fi sa\u011flayarak rahat bir uyku sa\u011flar. Yumu\u015fak ve rahat malzemelerden \u00fcretilmi\u015ftir, cilde kar\u015f\u0131 nazik bir dokunu\u015f sunar. Pembe ve mavi renkleri mevcuttur, her t\u00fcrl\u00fc \u00e7ocuk odas\u0131 dekoruna kolayca uyum sa\u011flayabilir. Bu yast\u0131k sadece iyi bir gece uykusunu desteklemekle kalmaz, ayn\u0131 zamanda \u00e7ocu\u011fun yatma zaman\u0131na e\u011flenceli ve fantastik bir dokunu\u015f katarak uyku rutinine keyifli bir katk\u0131 sa\u011flar.<\/div>\n<\/div>\n<\/div>\n<\/div>\n<\/div>\n<\/div>\n<\/div>\n<\/div>\n<\/div>\n<\/div>","protected":false},"featured_media":3334,"comment_status":"open","ping_status":"closed","template":"","meta":{"_uag_custom_page_level_css":"","site-sidebar-layout":"default","site-content-layout":"","ast-site-content-layout":"default","site-content-style":"default","site-sidebar-style":"default","ast-global-header-display":"","ast-banner-title-visibility":"","ast-main-header-display":"","ast-hfb-above-header-display":"","ast-hfb-below-header-display":"","ast-hfb-mobile-header-display":"","site-post-title":"","ast-breadcrumbs-content":"","ast-featured-img":"","footer-sml-layout":"","ast-disable-related-posts":"","theme-transparent-header-meta":"default","adv-header-id-meta":"","stick-header-meta":"","header-above-stick-meta":"","header-main-stick-meta":"","header-below-stick-meta":"","astra-migrate-meta-layouts":"set","ast-page-background-enabled":"default","ast-page-background-meta":{"desktop":{"background-color":"","background-image":"","background-repeat":"repeat","background-position":"center center","background-size":"auto","background-attachment":"scroll","background-type":"","background-media":"","overlay-type":"","overlay-color":"","overlay-opacity":"","overlay-gradient":""},"tablet":{"background-color":"","background-image":"","background-repeat":"repeat","background-position":"center center","background-size":"auto","background-attachment":"scroll","background-type":"","background-media":"","overlay-type":"","overlay-color":"","overlay-opacity":"","overlay-gradient":""},"mobile":{"background-color":"","background-image":"","background-repeat":"repeat","background-position":"center center","background-size":"auto","background-attachment":"scroll","background-type":"","background-media":"","overlay-type":"","overlay-color":"","overlay-opacity":"","overlay-gradient":""}},"ast-content-background-meta":{"desktop":{"background-color":"var(--ast-global-color-5)","background-image":"","background-repeat":"repeat","background-position":"center center","background-size":"auto","background-attachment":"scroll","background-type":"","background-media":"","overlay-type":"","overlay-color":"","overlay-opacity":"","overlay-gradient":""},"tablet":{"background-color":"var(--ast-global-color-5)","background-image":"","background-repeat":"repeat","background-position":"center center","background-size":"auto","background-attachment":"scroll","background-type":"","background-media":"","overlay-type":"","overlay-color":"","overlay-opacity":"","overlay-gradient":""},"mobile":{"background-color":"var(--ast-global-color-5)","background-image":"","background-repeat":"repeat","background-position":"center center","background-size":"auto","background-attachment":"scroll","background-type":"","background-media":"","overlay-type":"","overlay-color":"","overlay-opacity":"","overlay-gradient":""}}},"product_brand":[],"product_cat":[56,42],"product_tag":[70,68,71,69],"class_list":{"0":"post-3333","1":"product","2":"type-product","3":"status-publish","4":"has-post-thumbnail","6":"product_cat-1-to-3-years","7":"product_cat-merchandise","8":"product_tag-babypillow","9":"product_tag-cuteanimalpillow","10":"product_tag-headshapesupport","11":"product_tag-kouniushapingpillow","12":"desktop-align-left","13":"tablet-align-left","14":"mobile-align-left","16":"first","17":"instock","18":"featured","19":"shipping-taxable","20":"product-type-simple"},"aioseo_notices":[],"uagb_featured_image_src":{"full":["https:\/\/babypillowwholesale.com\/wp-content\/uploads\/2025\/04\/1527.jpg",1000,1000,false],"thumbnail":["https:\/\/babypillowwholesale.com\/wp-content\/uploads\/2025\/04\/1527-150x150.jpg",150,150,true],"medium":["https:\/\/babypillowwholesale.com\/wp-content\/uploads\/2025\/04\/1527-300x300.jpg",300,300,true],"medium_large":["https:\/\/babypillowwholesale.com\/wp-content\/uploads\/2025\/04\/1527-768x768.jpg",768,768,true],"large":["https:\/\/babypillowwholesale.com\/wp-content\/uploads\/2025\/04\/1527.jpg",1000,1000,false],"1536x1536":["https:\/\/babypillowwholesale.com\/wp-content\/uploads\/2025\/04\/1527.jpg",1000,1000,false],"2048x2048":["https:\/\/babypillowwholesale.com\/wp-content\/uploads\/2025\/04\/1527.jpg",1000,1000,false],"trp-custom-language-flag":["https:\/\/babypillowwholesale.com\/wp-content\/uploads\/2025\/04\/1527.jpg",12,12,false],"woocommerce_thumbnail":["https:\/\/babypillowwholesale.com\/wp-content\/uploads\/2025\/04\/1527-300x300.jpg",300,300,true],"woocommerce_single":["https:\/\/babypillowwholesale.com\/wp-content\/uploads\/2025\/04\/1527-600x600.jpg",600,600,true],"woocommerce_gallery_thumbnail":["https:\/\/babypillowwholesale.com\/wp-content\/uploads\/2025\/04\/1527-100x100.jpg",100,100,true]},"uagb_author_info":{"display_name":"Etnen zhong","author_link":"https:\/\/babypillowwholesale.com\/tr\/author\/"},"uagb_comment_info":0,"uagb_excerpt":"The Pikachu Infant Pillow is a charming sleep essential for children aged 1 - 3 years. Inspired by the beloved Pikachu, it showcases iconic features like long ears, bright eyes, and cute blushing cheeks. Measuring 40*24*3CM, it provides just the right support for a child's head and neck, ensuring a comfortable sleep. Made from soft&hellip;","jetpack_sharing_enabled":true,"_links":{"self":[{"href":"https:\/\/babypillowwholesale.com\/tr\/wp-json\/wp\/v2\/product\/3333","targetHints":{"allow":["GET"]}}],"collection":[{"href":"https:\/\/babypillowwholesale.com\/tr\/wp-json\/wp\/v2\/product"}],"about":[{"href":"https:\/\/babypillowwholesale.com\/tr\/wp-json\/wp\/v2\/types\/product"}],"replies":[{"embeddable":true,"href":"https:\/\/babypillowwholesale.com\/tr\/wp-json\/wp\/v2\/comments?post=3333"}],"wp:featuredmedia":[{"embeddable":true,"href":"https:\/\/babypillowwholesale.com\/tr\/wp-json\/wp\/v2\/media\/3334"}],"wp:attachment":[{"href":"https:\/\/babypillowwholesale.com\/tr\/wp-json\/wp\/v2\/media?parent=3333"}],"wp:term":[{"taxonomy":"product_brand","embeddable":true,"href":"https:\/\/babypillowwholesale.com\/tr\/wp-json\/wp\/v2\/product_brand?post=3333"},{"taxonomy":"product_cat","embeddable":true,"href":"https:\/\/babypillowwholesale.com\/tr\/wp-json\/wp\/v2\/product_cat?post=3333"},{"taxonomy":"product_tag","embeddable":true,"href":"https:\/\/babypillowwholesale.com\/tr\/wp-json\/wp\/v2\/product_tag?post=3333"}],"curies":[{"name":"wp","href":"https:\/\/api.w.org\/{rel}","templated":true}]}}