{"id":3329,"date":"2025-04-03T15:57:48","date_gmt":"2025-04-03T15:57:48","guid":{"rendered":"https:\/\/babypillowwholesale.com\/?post_type=product&#038;p=3329"},"modified":"2025-06-08T14:55:14","modified_gmt":"2025-06-08T14:55:14","slug":"cute-pig-infant-pillow","status":"publish","type":"product","link":"https:\/\/babypillowwholesale.com\/tr\/product\/cute-pig-infant-pillow\/","title":{"rendered":"Sevimli Domuz Bebek Yast\u0131\u011f\u0131"},"content":{"rendered":"<div class=\"auto-hide-last-sibling-br paragraph-qzbcQC paragraph-element br-paragraph-space\" data-immersive-translate-walked=\"8e61f2e7-6af2-46e5-9672-3b9e4f4033d9\" data-immersive-translate-paragraph=\"1\">\n<div class=\"auto-hide-last-sibling-br paragraph-qzbcQC paragraph-element br-paragraph-space\">\n<div class=\"auto-hide-last-sibling-br paragraph-qzbcQC paragraph-element br-paragraph-space\">\n<div class=\"auto-hide-last-sibling-br paragraph-qzbcQC paragraph-element br-paragraph-space\">\n<div class=\"auto-hide-last-sibling-br paragraph-qzbcQC paragraph-element br-paragraph-space\">\n<div class=\"auto-hide-last-sibling-br paragraph-qzbcQC paragraph-element br-paragraph-space\">\n<div class=\"auto-hide-last-sibling-br paragraph-qzbcQC paragraph-element br-paragraph-space\">\n<div class=\"auto-hide-last-sibling-br paragraph-qzbcQC paragraph-element br-paragraph-space\">\n<div class=\"auto-hide-last-sibling-br paragraph-qzbcQC paragraph-element br-paragraph-space\">\n<div class=\"auto-hide-last-sibling-br paragraph-qzbcQC paragraph-element br-paragraph-space\">1-3 ya\u015f aras\u0131 \u00e7ocuklar i\u00e7in b\u00fcy\u00fcleyici ve vazge\u00e7ilmez bir uyku arkada\u015f\u0131 olan Sevimli Domuz Bebek Yast\u0131\u011f\u0131 ile tan\u0131\u015f\u0131n. Sevimli domuza bir \u00f6vg\u00fc niteli\u011findeki tasar\u0131m\u0131, dingin, kapal\u0131 g\u00f6z ifadesi, m\u00fckemmel yuvarlak burnu ve incelikli yumu\u015fak kulaklar\u0131yla kar\u015f\u0131 konulmaz derecede sevimli bir g\u00f6r\u00fcnt\u00fc olu\u015fturuyor.<\/div>\n<p>&nbsp;<\/p>\n<div class=\"auto-hide-last-sibling-br paragraph-qzbcQC paragraph-element br-paragraph-space\">\u00d6l\u00e7\u00fcm 40*<em>24*<\/em>3CM olan bu yast\u0131k, k\u00fc\u00e7\u00fck \u00e7ocu\u011funuzun ba\u015f\u0131 ve boynu i\u00e7in en uygun deste\u011fi sa\u011flamak \u00fczere ustal\u0131kla boyutland\u0131r\u0131lm\u0131\u015ft\u0131r. Sa\u011fl\u0131kl\u0131 bir uyku duru\u015funu nazik\u00e7e te\u015fvik ederek her uykunun tatl\u0131 oldu\u011fu kadar dinlendirici olmas\u0131n\u0131 sa\u011flar. G\u00f6rkemli yumu\u015fak malzemelerden \u00fcretilen bu \u00fcr\u00fcn, ok\u015far gibi bir dokunu\u015f sunarak \u00e7ocu\u011funuzu konforla koza gibi sarar. Pembe ve mavinin yumu\u015fak tonlar\u0131nda mevcut olan bu \u00fcr\u00fcn, her t\u00fcrl\u00fc \u00e7ocuk odas\u0131 dekorunu zahmetsizce tamamlar ve bireysel zevklere kolayl\u0131kla hitap eder.<\/div>\n<p>&nbsp;<\/p>\n<div class=\"auto-hide-last-sibling-br paragraph-qzbcQC paragraph-element br-paragraph-space\">\u00c7ocu\u011funuzun yata\u011f\u0131nda Sevimli Domuz Bebek Yast\u0131\u011f\u0131'na s\u0131ms\u0131k\u0131 sar\u0131ld\u0131\u011f\u0131 huzurlu ak\u015famlar\u0131 hayal edin. Bir rahatl\u0131k kayna\u011f\u0131, onlar\u0131 huzurlu r\u00fcyalara yat\u0131ran sessiz bir arkada\u015f haline gelir. G\u00fcnd\u00fczleri, yarat\u0131c\u0131 oyunlar\u0131nda e\u011flenceli bir destek, oturma odas\u0131n\u0131n zemininde do\u011fa\u00e7lama \u015fekerlemeler i\u00e7in yumu\u015fak bir ini\u015f noktas\u0131 veya yorgunluk anlar\u0131nda rahatlat\u0131c\u0131 bir kucak arkada\u015f\u0131 olarak ikiye katlanabilir.<\/div>\n<p>&nbsp;<\/p>\n<div class=\"auto-hide-last-sibling-br paragraph-qzbcQC paragraph-element br-paragraph-space\">Ebeveynler bu keyifli yast\u0131k i\u00e7in \u00f6vg\u00fc dolu s\u00f6zler s\u00f6yl\u00fcyor. \"Yeni y\u00fcr\u00fcmeye ba\u015flayan \u00e7ocu\u011fum Sevimli Domuz Yast\u0131\u011f\u0131'na kesinlikle bay\u0131l\u0131yor! Yatma zaman\u0131 i\u00e7in vazge\u00e7ilmezleri haline geldi. Yumu\u015fakl\u0131\u011f\u0131 harika ve sevimli tasar\u0131m\u0131 onu odas\u0131n\u0131n en sevdi\u011fi par\u00e7as\u0131 haline getiriyor,\" diye payla\u015f\u0131yor memnun bir anne. Bir baba ise \u015funlar\u0131 s\u00f6yledi: \"\u00c7ocu\u011fumuzun uyku alan\u0131na tuhaf bir dokunu\u015f katmas\u0131na bay\u0131l\u0131yoruz. Dayan\u0131kl\u0131 da, t\u00fcm kucaklamalara ve s\u0131kmalara dayan\u0131yor. Kesinlikle harika bir ke\u015fif!\"<\/div>\n<p>&nbsp;<\/p>\n<div class=\"auto-hide-last-sibling-br paragraph-qzbcQC paragraph-element br-paragraph-space\">\u00d6z\u00fcnde, Sevimli Domuz Bebek Yast\u0131\u011f\u0131 bir yast\u0131ktan daha fazlas\u0131d\u0131r; \u00e7ocu\u011funuzun 1-3 ya\u015f evresinin her de\u011ferli an\u0131n\u0131 zenginle\u015ftiren bir konfor, sevimlilik ve \u00e7ocukluk an\u0131lar\u0131 demetidir.<\/div>\n<\/div>\n<\/div>\n<\/div>\n<\/div>\n<\/div>\n<\/div>\n<\/div>\n<\/div>\n<\/div>","protected":false},"excerpt":{"rendered":"<div class=\"container-QE4ayg\">\n<div class=\"item-jU10IN\">\n<div class=\"container-jODEnh chrome70-container\">\n<div class=\"inner-eE95c9 inner-item-aL3Ui_\" data-target-id=\"message-box-target-id\" data-testid=\"union_message\">\n<div class=\"message-block-container-liuetz\" data-testid=\"message-block-container\">\n<div class=\"message-box-ZWbBdF\" data-testid=\"receive_message\">\n<div class=\"message-box-content-wrapper-srHdUj\">\n<div class=\"message-content message-box-content-otxGGw receive-message-box-content-_lREFj samantha-message-box-content-Qjmpja\" data-testid=\"message_content\">\n<div class=\"container-hfX5E8 flow-markdown-body theme-samantha-yJEgBp\" dir=\"ltr\" data-testid=\"message_text_content\" data-show-indicator=\"false\">\n<div class=\"auto-hide-last-sibling-br paragraph-qzbcQC paragraph-element br-paragraph-space\">Sevimli Domuz Bebek Yast\u0131\u011f\u0131 1 - 3 ya\u015f aras\u0131 \u00e7ocuklar i\u00e7in tasarlanm\u0131\u015f sevimli bir uyku aksesuar\u0131d\u0131r. Tasar\u0131m\u0131 sevimli bir domuzdan esinlenilmi\u015ftir; kapal\u0131 g\u00f6z ifadeleri, yuvarlak bir burun ve yumu\u015fak kulaklar gibi b\u00fcy\u00fcleyici \u00f6zellikleriyle kar\u015f\u0131 konulmaz derecede sevimli bir g\u00f6r\u00fcn\u00fcm yarat\u0131r. \u00d6l\u00e7\u00fcleri 40*<em>24*<\/em>3CM, \u00e7ocu\u011fun ba\u015f ve boynu i\u00e7in uygun destek sunarak rahat ve sa\u011fl\u0131kl\u0131 bir uyku duru\u015funu te\u015fvik eder. Yumu\u015fak malzemelerden \u00fcretilmi\u015ftir, nazik ve rahat bir dokunu\u015f sa\u011flar. Pembe ve mavi renkleri mevcuttur, farkl\u0131 \u00e7ocuk odas\u0131 dekorlar\u0131na ve ki\u015fisel tercihlere uyum sa\u011flayabilir. Bu yast\u0131k sadece iyi bir gece uykusu sa\u011flamaya yard\u0131mc\u0131 olmakla kalmaz, ayn\u0131 zamanda bir \u00e7ocu\u011fun yatma zaman\u0131 rutinine \u015firin ve s\u0131cak bir dokunu\u015f katar.<\/div>\n<\/div>\n<\/div>\n<\/div>\n<\/div>\n<\/div>\n<\/div>\n<\/div>\n<\/div>\n<\/div>","protected":false},"featured_media":3331,"comment_status":"open","ping_status":"closed","template":"","meta":{"_uag_custom_page_level_css":"","site-sidebar-layout":"default","site-content-layout":"","ast-site-content-layout":"default","site-content-style":"default","site-sidebar-style":"default","ast-global-header-display":"","ast-banner-title-visibility":"","ast-main-header-display":"","ast-hfb-above-header-display":"","ast-hfb-below-header-display":"","ast-hfb-mobile-header-display":"","site-post-title":"","ast-breadcrumbs-content":"","ast-featured-img":"","footer-sml-layout":"","ast-disable-related-posts":"","theme-transparent-header-meta":"default","adv-header-id-meta":"","stick-header-meta":"","header-above-stick-meta":"","header-main-stick-meta":"","header-below-stick-meta":"","astra-migrate-meta-layouts":"set","ast-page-background-enabled":"default","ast-page-background-meta":{"desktop":{"background-color":"","background-image":"","background-repeat":"repeat","background-position":"center center","background-size":"auto","background-attachment":"scroll","background-type":"","background-media":"","overlay-type":"","overlay-color":"","overlay-opacity":"","overlay-gradient":""},"tablet":{"background-color":"","background-image":"","background-repeat":"repeat","background-position":"center center","background-size":"auto","background-attachment":"scroll","background-type":"","background-media":"","overlay-type":"","overlay-color":"","overlay-opacity":"","overlay-gradient":""},"mobile":{"background-color":"","background-image":"","background-repeat":"repeat","background-position":"center center","background-size":"auto","background-attachment":"scroll","background-type":"","background-media":"","overlay-type":"","overlay-color":"","overlay-opacity":"","overlay-gradient":""}},"ast-content-background-meta":{"desktop":{"background-color":"var(--ast-global-color-5)","background-image":"","background-repeat":"repeat","background-position":"center center","background-size":"auto","background-attachment":"scroll","background-type":"","background-media":"","overlay-type":"","overlay-color":"","overlay-opacity":"","overlay-gradient":""},"tablet":{"background-color":"var(--ast-global-color-5)","background-image":"","background-repeat":"repeat","background-position":"center center","background-size":"auto","background-attachment":"scroll","background-type":"","background-media":"","overlay-type":"","overlay-color":"","overlay-opacity":"","overlay-gradient":""},"mobile":{"background-color":"var(--ast-global-color-5)","background-image":"","background-repeat":"repeat","background-position":"center center","background-size":"auto","background-attachment":"scroll","background-type":"","background-media":"","overlay-type":"","overlay-color":"","overlay-opacity":"","overlay-gradient":""}}},"product_brand":[],"product_cat":[56,42],"product_tag":[70,68,71,69],"class_list":{"0":"post-3329","1":"product","2":"type-product","3":"status-publish","4":"has-post-thumbnail","6":"product_cat-1-to-3-years","7":"product_cat-merchandise","8":"product_tag-babypillow","9":"product_tag-cuteanimalpillow","10":"product_tag-headshapesupport","11":"product_tag-kouniushapingpillow","12":"desktop-align-left","13":"tablet-align-left","14":"mobile-align-left","16":"first","17":"instock","18":"shipping-taxable","19":"product-type-simple"},"aioseo_notices":[],"uagb_featured_image_src":{"full":["https:\/\/babypillowwholesale.com\/wp-content\/uploads\/2025\/04\/1096-1.jpg",1000,1000,false],"thumbnail":["https:\/\/babypillowwholesale.com\/wp-content\/uploads\/2025\/04\/1096-1-150x150.jpg",150,150,true],"medium":["https:\/\/babypillowwholesale.com\/wp-content\/uploads\/2025\/04\/1096-1-300x300.jpg",300,300,true],"medium_large":["https:\/\/babypillowwholesale.com\/wp-content\/uploads\/2025\/04\/1096-1-768x768.jpg",768,768,true],"large":["https:\/\/babypillowwholesale.com\/wp-content\/uploads\/2025\/04\/1096-1.jpg",1000,1000,false],"1536x1536":["https:\/\/babypillowwholesale.com\/wp-content\/uploads\/2025\/04\/1096-1.jpg",1000,1000,false],"2048x2048":["https:\/\/babypillowwholesale.com\/wp-content\/uploads\/2025\/04\/1096-1.jpg",1000,1000,false],"trp-custom-language-flag":["https:\/\/babypillowwholesale.com\/wp-content\/uploads\/2025\/04\/1096-1.jpg",12,12,false],"woocommerce_thumbnail":["https:\/\/babypillowwholesale.com\/wp-content\/uploads\/2025\/04\/1096-1-300x300.jpg",300,300,true],"woocommerce_single":["https:\/\/babypillowwholesale.com\/wp-content\/uploads\/2025\/04\/1096-1-600x600.jpg",600,600,true],"woocommerce_gallery_thumbnail":["https:\/\/babypillowwholesale.com\/wp-content\/uploads\/2025\/04\/1096-1-100x100.jpg",100,100,true]},"uagb_author_info":{"display_name":"Etnen zhong","author_link":"https:\/\/babypillowwholesale.com\/tr\/author\/"},"uagb_comment_info":0,"uagb_excerpt":"The Cute Pig Infant Pillow is an endearing sleep accessory designed for children aged 1 - 3 years. Its design is inspired by a cute pig, with charming features like closed - eye expressions, a round nose, and soft ears, creating an irresistibly adorable look. Measuring 40*24*3CM, it offers proper support for a child's head&hellip;","jetpack_sharing_enabled":true,"_links":{"self":[{"href":"https:\/\/babypillowwholesale.com\/tr\/wp-json\/wp\/v2\/product\/3329","targetHints":{"allow":["GET"]}}],"collection":[{"href":"https:\/\/babypillowwholesale.com\/tr\/wp-json\/wp\/v2\/product"}],"about":[{"href":"https:\/\/babypillowwholesale.com\/tr\/wp-json\/wp\/v2\/types\/product"}],"replies":[{"embeddable":true,"href":"https:\/\/babypillowwholesale.com\/tr\/wp-json\/wp\/v2\/comments?post=3329"}],"wp:featuredmedia":[{"embeddable":true,"href":"https:\/\/babypillowwholesale.com\/tr\/wp-json\/wp\/v2\/media\/3331"}],"wp:attachment":[{"href":"https:\/\/babypillowwholesale.com\/tr\/wp-json\/wp\/v2\/media?parent=3329"}],"wp:term":[{"taxonomy":"product_brand","embeddable":true,"href":"https:\/\/babypillowwholesale.com\/tr\/wp-json\/wp\/v2\/product_brand?post=3329"},{"taxonomy":"product_cat","embeddable":true,"href":"https:\/\/babypillowwholesale.com\/tr\/wp-json\/wp\/v2\/product_cat?post=3329"},{"taxonomy":"product_tag","embeddable":true,"href":"https:\/\/babypillowwholesale.com\/tr\/wp-json\/wp\/v2\/product_tag?post=3329"}],"curies":[{"name":"wp","href":"https:\/\/api.w.org\/{rel}","templated":true}]}}