{"id":3326,"date":"2025-04-03T15:31:54","date_gmt":"2025-04-03T15:31:54","guid":{"rendered":"https:\/\/babypillowwholesale.com\/?post_type=product&#038;p=3326"},"modified":"2025-06-08T15:08:21","modified_gmt":"2025-06-08T15:08:21","slug":"childlike-infant-pillow","status":"publish","type":"product","link":"https:\/\/babypillowwholesale.com\/tr\/product\/childlike-infant-pillow\/","title":{"rendered":"\u00c7ocuksu Bebek Yast\u0131\u011f\u0131"},"content":{"rendered":"<div class=\"auto-hide-last-sibling-br paragraph-qzbcQC paragraph-element br-paragraph-space\" data-immersive-translate-walked=\"8e61f2e7-6af2-46e5-9672-3b9e4f4033d9\" data-immersive-translate-paragraph=\"1\">\n<div class=\"auto-hide-last-sibling-br paragraph-qzbcQC paragraph-element br-paragraph-space\">\n<div class=\"auto-hide-last-sibling-br paragraph-qzbcQC paragraph-element br-paragraph-space\">\n<div class=\"auto-hide-last-sibling-br paragraph-qzbcQC paragraph-element br-paragraph-space\">\n<div class=\"auto-hide-last-sibling-br paragraph-qzbcQC paragraph-element br-paragraph-space\">\n<div class=\"auto-hide-last-sibling-br paragraph-qzbcQC paragraph-element br-paragraph-space\">\n<div class=\"auto-hide-last-sibling-br paragraph-qzbcQC paragraph-element br-paragraph-space\">\n<div class=\"auto-hide-last-sibling-br paragraph-qzbcQC paragraph-element br-paragraph-space\">\n<div class=\"auto-hide-last-sibling-br paragraph-qzbcQC paragraph-element br-paragraph-space\">Kar\u015f\u0131n\u0131zda 1-3 ya\u015f aras\u0131 \u00e7ocuklar\u0131n hassas y\u0131llar\u0131 i\u00e7in tasarlanm\u0131\u015f sihirli bir uyku arkada\u015f\u0131 olan Childlike Bebek Yast\u0131\u011f\u0131. B\u00fcy\u00fcleyici tasar\u0131m\u0131, sevimli, fantastik bir hayvandan ilham al\u0131yor; tuhaf bir g\u00f6vdeye, sevimli kulaklara ve an\u0131nda masumiyet ve merak d\u00fcnyas\u0131n\u0131 \u00e7a\u011fr\u0131\u015ft\u0131ran nazik bir ifadeye sahip.<\/div>\n<p>&nbsp;<\/p>\n<div class=\"auto-hide-last-sibling-br paragraph-qzbcQC paragraph-element br-paragraph-space\">\u00d6l\u00e7\u00fcm 43*<em>26*<\/em>3CM olan bu yast\u0131k, k\u00fc\u00e7\u00fck \u00e7ocu\u011funuzun ba\u015f\u0131 ve boynu i\u00e7in do\u011fru miktarda destek sunarak her gece dinlendirici bir uyku sa\u011flar. G\u00f6rkemli yumu\u015fak malzemelerden \u00fcretilen bu yast\u0131k, \u00e7ocu\u011funuzun severek sar\u0131laca\u011f\u0131 l\u00fcks ve rahat bir dokunu\u015f sa\u011flar. B\u00fcy\u00fcleyici pembe ve mavi tonlar\u0131nda mevcut olan bu \u00fcr\u00fcn, her \u00e7ocuk odas\u0131na veya yatak odas\u0131na renk katarak bireysel tercihlere hitap eder.<\/div>\n<p>&nbsp;<\/p>\n<div class=\"auto-hide-last-sibling-br paragraph-qzbcQC paragraph-element br-paragraph-space\">\u00c7ocu\u011funuz bu yast\u0131\u011fa sar\u0131l\u0131p kendini g\u00fcvende ve rahat hissederken uyku vakti hikayelerinin canland\u0131\u011f\u0131n\u0131 hayal edin. Sadece uyku i\u00e7in de\u011fil; g\u00fcn boyunca oyun arkada\u015f\u0131, yarat\u0131c\u0131 maceralar i\u00e7in bir destek veya do\u011fa\u00e7lama i\u00e7 mekan \u015fekerlemeleri s\u0131ras\u0131nda yumu\u015fak bir ini\u015f noktas\u0131 olabilir.<\/div>\n<p>&nbsp;<\/p>\n<div class=\"auto-hide-last-sibling-br paragraph-qzbcQC paragraph-element br-paragraph-space\">Ebeveynler bu \u00fcr\u00fcnden \u00e7ok memnun. \"2 ya\u015f\u0131ndaki \u00e7ocu\u011fum bu yast\u0131\u011fa bay\u0131l\u0131yor! Birlikte uyumak i\u00e7in en sevdi\u011fi \u015fey haline geldi. Yumu\u015fakl\u0131\u011f\u0131 harika ve sevimli tasar\u0131m\u0131 yatma zaman\u0131n\u0131 \u00e7ocuk oyunca\u011f\u0131 haline getiriyor,\" diyor mutlu bir anne. Bir baba ise \u015funlar\u0131 ekledi: \"\u00c7ocu\u011fumuzun odas\u0131na biraz e\u011flence katmas\u0131n\u0131 seviyoruz. Dayan\u0131kl\u0131 da, bu da t\u00fcm oyunlara dayand\u0131\u011f\u0131 d\u00fc\u015f\u00fcn\u00fcld\u00fc\u011f\u00fcnde harika. Bu ya\u015f grubu i\u00e7in kesinlikle sahip olunmas\u0131 gereken bir \u00fcr\u00fcn.\"<\/div>\n<p>&nbsp;<\/p>\n<div class=\"auto-hide-last-sibling-br paragraph-qzbcQC paragraph-element br-paragraph-space\">K\u0131sacas\u0131, Childlike Bebek Yast\u0131\u011f\u0131 bir yatak e\u015fyas\u0131ndan \u00e7ok daha fazlas\u0131d\u0131r. Tatl\u0131 r\u00fcyalara a\u00e7\u0131lan bir kap\u0131, bir konfor kayna\u011f\u0131 ve \u00e7ocu\u011funuzun ilk y\u0131llar\u0131n\u0131n de\u011ferli bir par\u00e7as\u0131 olarak i\u015flevselli\u011fi \u00e7ocukluk sihriyle harmanl\u0131yor.<\/div>\n<\/div>\n<\/div>\n<\/div>\n<\/div>\n<\/div>\n<\/div>\n<\/div>\n<\/div>","protected":false},"excerpt":{"rendered":"<div class=\"container-QE4ayg\">\n<div class=\"item-jU10IN\">\n<div class=\"container-jODEnh chrome70-container\">\n<div class=\"inner-eE95c9 inner-item-aL3Ui_\" data-target-id=\"message-box-target-id\" data-testid=\"union_message\">\n<div class=\"message-block-container-liuetz\" data-testid=\"message-block-container\">\n<div class=\"message-box-ZWbBdF\" data-testid=\"receive_message\">\n<div class=\"message-box-content-wrapper-srHdUj\">\n<div class=\"message-content message-box-content-otxGGw receive-message-box-content-_lREFj samantha-message-box-content-Qjmpja\" data-testid=\"message_content\">\n<div class=\"container-hfX5E8 flow-markdown-body theme-samantha-yJEgBp\" dir=\"ltr\" data-testid=\"message_text_content\" data-show-indicator=\"false\">\n<div class=\"auto-hide-last-sibling-br paragraph-qzbcQC paragraph-element br-paragraph-space\">Childlike Bebek Yast\u0131\u011f\u0131, 1-3 ya\u015f aras\u0131 \u00e7ocuklar i\u00e7in \u00f6zel olarak tasarlanm\u0131\u015f b\u00fcy\u00fcleyici bir uyku arkada\u015f\u0131d\u0131r. Tasar\u0131m\u0131nda sevimli bir hayvan fig\u00fcr\u00fcnden esinlenilmi\u015ftir; tuhaf bir v\u00fccut \u015fekli, sevimli kulaklar ve masumiyet ve \u00e7ekicilik duygusu yayan dingin bir ifade i\u00e7erir. \u00d6l\u00e7\u00fcleri 43<em>26<\/em>3CM, uyku s\u0131ras\u0131nda \u00e7ocu\u011fun ba\u015f\u0131 ve boynu i\u00e7in yeterli destek sa\u011flar. Yumu\u015fak malzemelerden \u00fcretilmi\u015ftir, rahat ve konforlu bir dokunu\u015f sunar. Pembe ve mavi renkleri mevcuttur ve farkl\u0131 tercihlere hitap eder. Bu yast\u0131k sadece dinlendirici bir uyku sa\u011flamakla kalmaz, ayn\u0131 zamanda bir \u00e7ocu\u011fun yatma zaman\u0131 rutinine e\u011flenceli ve fantastik bir dokunu\u015f katarak uyku temellerine keyifli bir katk\u0131 sa\u011flar.<\/div>\n<\/div>\n<\/div>\n<\/div>\n<div class=\"answer-action-bar-uORVoB bottom-action-bar-wrapper-XE0wUd hide-SOehmu answer-action-bar\" data-testid=\"message_action_bar\"><\/div>\n<\/div>\n<\/div>\n<\/div>\n<\/div>\n<\/div>\n<\/div>\n<div class=\"container-QE4ayg\">\n<div class=\"item-jU10IN\">\n<div class=\"container-jODEnh chrome70-container\">\n<div class=\"inner-eE95c9 inner-item-aL3Ui_\" data-target-id=\"message-box-target-id\" data-testid=\"union_message\">\n<div class=\"message-block-container-liuetz\" data-testid=\"message-block-container\">\n<div class=\"message-box-ZWbBdF message-box__reverse-vkxp8L\" data-testid=\"send_message\">\n<div class=\"message-box-content-wrapper-srHdUj send-message-e0EUGT\">\n<div class=\"message-content message-box-content-otxGGw send-message-box-content-N1r3Gh samantha-message-box-content-Qjmpja\" data-testid=\"message_content\"><\/div>\n<\/div>\n<\/div>\n<\/div>\n<\/div>\n<\/div>\n<\/div>\n<\/div>","protected":false},"featured_media":3327,"comment_status":"open","ping_status":"closed","template":"","meta":{"_uag_custom_page_level_css":"","site-sidebar-layout":"default","site-content-layout":"","ast-site-content-layout":"default","site-content-style":"default","site-sidebar-style":"default","ast-global-header-display":"","ast-banner-title-visibility":"","ast-main-header-display":"","ast-hfb-above-header-display":"","ast-hfb-below-header-display":"","ast-hfb-mobile-header-display":"","site-post-title":"","ast-breadcrumbs-content":"","ast-featured-img":"","footer-sml-layout":"","ast-disable-related-posts":"","theme-transparent-header-meta":"default","adv-header-id-meta":"","stick-header-meta":"","header-above-stick-meta":"","header-main-stick-meta":"","header-below-stick-meta":"","astra-migrate-meta-layouts":"set","ast-page-background-enabled":"default","ast-page-background-meta":{"desktop":{"background-color":"","background-image":"","background-repeat":"repeat","background-position":"center center","background-size":"auto","background-attachment":"scroll","background-type":"","background-media":"","overlay-type":"","overlay-color":"","overlay-opacity":"","overlay-gradient":""},"tablet":{"background-color":"","background-image":"","background-repeat":"repeat","background-position":"center center","background-size":"auto","background-attachment":"scroll","background-type":"","background-media":"","overlay-type":"","overlay-color":"","overlay-opacity":"","overlay-gradient":""},"mobile":{"background-color":"","background-image":"","background-repeat":"repeat","background-position":"center center","background-size":"auto","background-attachment":"scroll","background-type":"","background-media":"","overlay-type":"","overlay-color":"","overlay-opacity":"","overlay-gradient":""}},"ast-content-background-meta":{"desktop":{"background-color":"var(--ast-global-color-5)","background-image":"","background-repeat":"repeat","background-position":"center center","background-size":"auto","background-attachment":"scroll","background-type":"","background-media":"","overlay-type":"","overlay-color":"","overlay-opacity":"","overlay-gradient":""},"tablet":{"background-color":"var(--ast-global-color-5)","background-image":"","background-repeat":"repeat","background-position":"center center","background-size":"auto","background-attachment":"scroll","background-type":"","background-media":"","overlay-type":"","overlay-color":"","overlay-opacity":"","overlay-gradient":""},"mobile":{"background-color":"var(--ast-global-color-5)","background-image":"","background-repeat":"repeat","background-position":"center center","background-size":"auto","background-attachment":"scroll","background-type":"","background-media":"","overlay-type":"","overlay-color":"","overlay-opacity":"","overlay-gradient":""}}},"product_brand":[],"product_cat":[56,42],"product_tag":[70,68,71,69],"class_list":{"0":"post-3326","1":"product","2":"type-product","3":"status-publish","4":"has-post-thumbnail","6":"product_cat-1-to-3-years","7":"product_cat-merchandise","8":"product_tag-babypillow","9":"product_tag-cuteanimalpillow","10":"product_tag-headshapesupport","11":"product_tag-kouniushapingpillow","12":"desktop-align-left","13":"tablet-align-left","14":"mobile-align-left","16":"first","17":"instock","18":"shipping-taxable","19":"product-type-simple"},"aioseo_notices":[],"uagb_featured_image_src":{"full":["https:\/\/babypillowwholesale.com\/wp-content\/uploads\/2025\/04\/1526.jpg",1000,1000,false],"thumbnail":["https:\/\/babypillowwholesale.com\/wp-content\/uploads\/2025\/04\/1526-150x150.jpg",150,150,true],"medium":["https:\/\/babypillowwholesale.com\/wp-content\/uploads\/2025\/04\/1526-300x300.jpg",300,300,true],"medium_large":["https:\/\/babypillowwholesale.com\/wp-content\/uploads\/2025\/04\/1526-768x768.jpg",768,768,true],"large":["https:\/\/babypillowwholesale.com\/wp-content\/uploads\/2025\/04\/1526.jpg",1000,1000,false],"1536x1536":["https:\/\/babypillowwholesale.com\/wp-content\/uploads\/2025\/04\/1526.jpg",1000,1000,false],"2048x2048":["https:\/\/babypillowwholesale.com\/wp-content\/uploads\/2025\/04\/1526.jpg",1000,1000,false],"trp-custom-language-flag":["https:\/\/babypillowwholesale.com\/wp-content\/uploads\/2025\/04\/1526.jpg",12,12,false],"woocommerce_thumbnail":["https:\/\/babypillowwholesale.com\/wp-content\/uploads\/2025\/04\/1526-300x300.jpg",300,300,true],"woocommerce_single":["https:\/\/babypillowwholesale.com\/wp-content\/uploads\/2025\/04\/1526-600x600.jpg",600,600,true],"woocommerce_gallery_thumbnail":["https:\/\/babypillowwholesale.com\/wp-content\/uploads\/2025\/04\/1526-100x100.jpg",100,100,true]},"uagb_author_info":{"display_name":"Etnen zhong","author_link":"https:\/\/babypillowwholesale.com\/tr\/author\/"},"uagb_comment_info":0,"uagb_excerpt":"The Childlike Infant Pillow is an enchanting sleep companion tailored for children aged 1 - 3 years. Its design is inspired by a cute animal figure, featuring a whimsical body shape, adorable ears, and a serene expression that exudes a sense of innocence and charm. Measuring 43263CM, it provides ample support for a child's head&hellip;","jetpack_sharing_enabled":true,"_links":{"self":[{"href":"https:\/\/babypillowwholesale.com\/tr\/wp-json\/wp\/v2\/product\/3326","targetHints":{"allow":["GET"]}}],"collection":[{"href":"https:\/\/babypillowwholesale.com\/tr\/wp-json\/wp\/v2\/product"}],"about":[{"href":"https:\/\/babypillowwholesale.com\/tr\/wp-json\/wp\/v2\/types\/product"}],"replies":[{"embeddable":true,"href":"https:\/\/babypillowwholesale.com\/tr\/wp-json\/wp\/v2\/comments?post=3326"}],"wp:featuredmedia":[{"embeddable":true,"href":"https:\/\/babypillowwholesale.com\/tr\/wp-json\/wp\/v2\/media\/3327"}],"wp:attachment":[{"href":"https:\/\/babypillowwholesale.com\/tr\/wp-json\/wp\/v2\/media?parent=3326"}],"wp:term":[{"taxonomy":"product_brand","embeddable":true,"href":"https:\/\/babypillowwholesale.com\/tr\/wp-json\/wp\/v2\/product_brand?post=3326"},{"taxonomy":"product_cat","embeddable":true,"href":"https:\/\/babypillowwholesale.com\/tr\/wp-json\/wp\/v2\/product_cat?post=3326"},{"taxonomy":"product_tag","embeddable":true,"href":"https:\/\/babypillowwholesale.com\/tr\/wp-json\/wp\/v2\/product_tag?post=3326"}],"curies":[{"name":"wp","href":"https:\/\/api.w.org\/{rel}","templated":true}]}}