{"id":3323,"date":"2025-04-02T16:47:01","date_gmt":"2025-04-02T16:47:01","guid":{"rendered":"https:\/\/babypillowwholesale.com\/?post_type=product&#038;p=3323"},"modified":"2025-06-08T15:14:33","modified_gmt":"2025-06-08T15:14:33","slug":"hydrophilic-sponge-soothing-cloud-shaped-pillow","status":"publish","type":"product","link":"https:\/\/babypillowwholesale.com\/tr\/product\/hydrophilic-sponge-soothing-cloud-shaped-pillow\/","title":{"rendered":"Hidrofilik S\u00fcnger Yat\u0131\u015ft\u0131r\u0131c\u0131 Bulut \u015eeklinde Yast\u0131k"},"content":{"rendered":"<div class=\"auto-hide-last-sibling-br paragraph-qzbcQC paragraph-element br-paragraph-space\" data-immersive-translate-walked=\"8e61f2e7-6af2-46e5-9672-3b9e4f4033d9\" data-immersive-translate-paragraph=\"1\">\n<div class=\"auto-hide-last-sibling-br paragraph-qzbcQC paragraph-element br-paragraph-space\">\n<div class=\"auto-hide-last-sibling-br paragraph-qzbcQC paragraph-element br-paragraph-space\">\n<div class=\"auto-hide-last-sibling-br paragraph-qzbcQC paragraph-element br-paragraph-space\">\n<div class=\"auto-hide-last-sibling-br paragraph-qzbcQC paragraph-element br-paragraph-space\">\n<div class=\"auto-hide-last-sibling-br paragraph-qzbcQC paragraph-element br-paragraph-space\">\n<div class=\"auto-hide-last-sibling-br paragraph-qzbcQC paragraph-element br-paragraph-space\">\n<div class=\"auto-hide-last-sibling-br paragraph-qzbcQC paragraph-element br-paragraph-space\">Hidrofilik S\u00fcnger Yat\u0131\u015ft\u0131r\u0131c\u0131 Bulut \u015eeklinde Yast\u0131k ile tan\u0131\u015f\u0131n, ya\u015famlar\u0131n\u0131n ilk y\u0131l\u0131ndaki bebekler i\u00e7in \u015fefkatli bir kucaklama. Bir bulutun yumu\u015fak ve rahatlat\u0131c\u0131 formunu taklit edecek \u015fekilde tasarlanan bu yast\u0131k, mini\u011finizi an\u0131nda g\u00fcvenlik ve s\u0131cakl\u0131k hissiyle sarar. Yast\u0131k, birinci s\u0131n\u0131f hidrofilik s\u00fcngerden yap\u0131lm\u0131\u015ft\u0131r ve bebe\u011fin hassas cildine son derece nazik davranan kadifemsi p\u00fcr\u00fczs\u00fcz bir dokunu\u015f sunar.<\/div>\n<p>&nbsp;<\/p>\n<div class=\"auto-hide-last-sibling-br paragraph-qzbcQC paragraph-element br-paragraph-space\">Y\u00fczeyine rastgele da\u011f\u0131t\u0131lm\u0131\u015f bir dizi sevimli hayvan bask\u0131s\u0131yla s\u00fcslenmi\u015f olan bu yast\u0131k, bebe\u011finizin d\u00fcnyas\u0131nda merak ve ne\u015fe uyand\u0131ran g\u00f6rsel bir zevktir. \u00d6l\u00e7\u00fcleri 45<em>28<\/em>1.5CM, bebe\u011finizin ba\u015f\u0131n\u0131 ve v\u00fccudunu hem uyku hem de oyun zamanlar\u0131nda rahat\u00e7a saran geni\u015f bir alan sa\u011flar.<\/div>\n<p>&nbsp;<\/p>\n<div class=\"auto-hide-last-sibling-br paragraph-qzbcQC paragraph-element br-paragraph-space\">Bebe\u011finizin yast\u0131\u011fa sokuldu\u011fu, yumu\u015fak bir bulut taraf\u0131ndan kucaklanm\u0131\u015f gibi hayal d\u00fcnyas\u0131na dal\u0131p gitti\u011fi sakin uyku zamanlar\u0131n\u0131 hayal edin. Ya da bebe\u011finizin sevimli hayvan bask\u0131lar\u0131ndan etkilenerek uzand\u0131\u011f\u0131 e\u011flenceli anlar hayal edin. Ayr\u0131ca tela\u015fl\u0131 zamanlarda m\u00fckemmel bir yat\u0131\u015ft\u0131r\u0131c\u0131d\u0131r, tan\u0131d\u0131k ve rahatlat\u0131c\u0131 bir dokunu\u015f sunar.<\/div>\n<p>&nbsp;<\/p>\n<div class=\"auto-hide-last-sibling-br paragraph-qzbcQC paragraph-element br-paragraph-space\">Ebeveynler \u00f6vg\u00fclerini esirgemiyor. \"Bu bulut \u015feklindeki yast\u0131k hayat kurtar\u0131c\u0131! Bebe\u011fim \u00fczerine konuldu\u011funda neredeyse an\u0131nda sakinle\u015fiyor. Hidrofilik s\u00fcngerin yumu\u015fakl\u0131\u011f\u0131 ve sevimli bask\u0131lar harika,\" diyor rahatlam\u0131\u015f bir anne. Bir baba ise \u015f\u00f6yle ekliyor: \"Bebe\u011fimizin rutininde vazge\u00e7ilmez bir yere sahip oldu. \u0130ster k\u0131sa bir uyku isterse sessiz bir zaman ge\u00e7irmek i\u00e7in olsun, bu yast\u0131k her zaman yan\u0131m\u0131zda, rahatl\u0131k ve biraz da e\u011flence sa\u011fl\u0131yor.\"<\/div>\n<p>&nbsp;<\/p>\n<div class=\"auto-hide-last-sibling-br paragraph-qzbcQC paragraph-element br-paragraph-space\">\u00d6z\u00fcnde, Hidrofilik S\u00fcnger Yat\u0131\u015ft\u0131r\u0131c\u0131 Bulut \u015eeklinde Yast\u0131k, bir yatak e\u015fyas\u0131ndan daha fazlas\u0131d\u0131r. \u0130\u015flevsellik, konfor ve sevimlili\u011fin bir kar\u0131\u015f\u0131m\u0131, bebe\u011finizin ilk g\u00fcnlerinin her de\u011ferli an\u0131n\u0131 zenginle\u015ftiren \u00f6nemli bir arkada\u015ft\u0131r.<\/div>\n<\/div>\n<\/div>\n<\/div>\n<\/div>\n<\/div>\n<\/div>\n<\/div>","protected":false},"excerpt":{"rendered":"<p>Hidrofilik S\u00fcnger Yat\u0131\u015ft\u0131r\u0131c\u0131 Bulut \u015eeklinde Yast\u0131k, 0 - 1 ya\u015f aras\u0131 bebekler i\u00e7in harika bir arkada\u015ft\u0131r. Yumu\u015fak bir bulut \u015feklindeki tasar\u0131m\u0131, g\u00fcvenlik ve rahatl\u0131k hissi yarat\u0131r. Hidrofilik s\u00fcngerden yap\u0131lm\u0131\u015f olup, bebe\u011fin hassas cildi i\u00e7in m\u00fckemmel olan nazik ve ho\u015f bir dokunu\u015f sunar. Yast\u0131k, rastgele da\u011f\u0131t\u0131lm\u0131\u015f sevimli hayvan bask\u0131lar\u0131yla s\u00fcslenmi\u015f olup, e\u011flenceli ve b\u00fcy\u00fcleyici bir unsur katmaktad\u0131r. 45*'lik bir \u00f6zellik ile<em>28*<\/em>1,5CM, bebe\u011fin ba\u015f\u0131 ve v\u00fccudu i\u00e7in geni\u015f bir alan sa\u011flar. Bu yast\u0131k sadece uyuklamak i\u00e7in de\u011fil, ayn\u0131 zamanda oyun zaman\u0131 veya bebe\u011fin yat\u0131\u015ft\u0131r\u0131lmaya ihtiyac\u0131 oldu\u011funda rahatlat\u0131c\u0131 bir nesne olarak da hizmet eder. \u0130\u015flevselli\u011fi, yumu\u015fakl\u0131\u011f\u0131 ve sevimli esteti\u011fi bir araya getirerek bebe\u011fin ilk g\u00fcnleri i\u00e7in vazge\u00e7ilmez bir \u00fcr\u00fcn haline getirir.<\/p>","protected":false},"featured_media":3324,"comment_status":"open","ping_status":"closed","template":"","meta":{"_uag_custom_page_level_css":"","site-sidebar-layout":"default","site-content-layout":"","ast-site-content-layout":"default","site-content-style":"default","site-sidebar-style":"default","ast-global-header-display":"","ast-banner-title-visibility":"","ast-main-header-display":"","ast-hfb-above-header-display":"","ast-hfb-below-header-display":"","ast-hfb-mobile-header-display":"","site-post-title":"","ast-breadcrumbs-content":"","ast-featured-img":"","footer-sml-layout":"","ast-disable-related-posts":"","theme-transparent-header-meta":"default","adv-header-id-meta":"","stick-header-meta":"","header-above-stick-meta":"","header-main-stick-meta":"","header-below-stick-meta":"","astra-migrate-meta-layouts":"set","ast-page-background-enabled":"default","ast-page-background-meta":{"desktop":{"background-color":"","background-image":"","background-repeat":"repeat","background-position":"center center","background-size":"auto","background-attachment":"scroll","background-type":"","background-media":"","overlay-type":"","overlay-color":"","overlay-opacity":"","overlay-gradient":""},"tablet":{"background-color":"","background-image":"","background-repeat":"repeat","background-position":"center center","background-size":"auto","background-attachment":"scroll","background-type":"","background-media":"","overlay-type":"","overlay-color":"","overlay-opacity":"","overlay-gradient":""},"mobile":{"background-color":"","background-image":"","background-repeat":"repeat","background-position":"center center","background-size":"auto","background-attachment":"scroll","background-type":"","background-media":"","overlay-type":"","overlay-color":"","overlay-opacity":"","overlay-gradient":""}},"ast-content-background-meta":{"desktop":{"background-color":"var(--ast-global-color-5)","background-image":"","background-repeat":"repeat","background-position":"center center","background-size":"auto","background-attachment":"scroll","background-type":"","background-media":"","overlay-type":"","overlay-color":"","overlay-opacity":"","overlay-gradient":""},"tablet":{"background-color":"var(--ast-global-color-5)","background-image":"","background-repeat":"repeat","background-position":"center center","background-size":"auto","background-attachment":"scroll","background-type":"","background-media":"","overlay-type":"","overlay-color":"","overlay-opacity":"","overlay-gradient":""},"mobile":{"background-color":"var(--ast-global-color-5)","background-image":"","background-repeat":"repeat","background-position":"center center","background-size":"auto","background-attachment":"scroll","background-type":"","background-media":"","overlay-type":"","overlay-color":"","overlay-opacity":"","overlay-gradient":""}}},"product_brand":[],"product_cat":[55,42],"product_tag":[70,68,71,69],"class_list":{"0":"post-3323","1":"product","2":"type-product","3":"status-publish","4":"has-post-thumbnail","6":"product_cat-0-to-1-year","7":"product_cat-merchandise","8":"product_tag-babypillow","9":"product_tag-cuteanimalpillow","10":"product_tag-headshapesupport","11":"product_tag-kouniushapingpillow","12":"desktop-align-left","13":"tablet-align-left","14":"mobile-align-left","16":"first","17":"instock","18":"shipping-taxable","19":"product-type-simple"},"aioseo_notices":[],"uagb_featured_image_src":{"full":["https:\/\/babypillowwholesale.com\/wp-content\/uploads\/2025\/04\/1026.jpg",1000,1000,false],"thumbnail":["https:\/\/babypillowwholesale.com\/wp-content\/uploads\/2025\/04\/1026-150x150.jpg",150,150,true],"medium":["https:\/\/babypillowwholesale.com\/wp-content\/uploads\/2025\/04\/1026-300x300.jpg",300,300,true],"medium_large":["https:\/\/babypillowwholesale.com\/wp-content\/uploads\/2025\/04\/1026-768x768.jpg",768,768,true],"large":["https:\/\/babypillowwholesale.com\/wp-content\/uploads\/2025\/04\/1026.jpg",1000,1000,false],"1536x1536":["https:\/\/babypillowwholesale.com\/wp-content\/uploads\/2025\/04\/1026.jpg",1000,1000,false],"2048x2048":["https:\/\/babypillowwholesale.com\/wp-content\/uploads\/2025\/04\/1026.jpg",1000,1000,false],"trp-custom-language-flag":["https:\/\/babypillowwholesale.com\/wp-content\/uploads\/2025\/04\/1026.jpg",12,12,false],"woocommerce_thumbnail":["https:\/\/babypillowwholesale.com\/wp-content\/uploads\/2025\/04\/1026-300x300.jpg",300,300,true],"woocommerce_single":["https:\/\/babypillowwholesale.com\/wp-content\/uploads\/2025\/04\/1026-600x600.jpg",600,600,true],"woocommerce_gallery_thumbnail":["https:\/\/babypillowwholesale.com\/wp-content\/uploads\/2025\/04\/1026-100x100.jpg",100,100,true]},"uagb_author_info":{"display_name":"Etnen zhong","author_link":"https:\/\/babypillowwholesale.com\/tr\/author\/"},"uagb_comment_info":0,"uagb_excerpt":"The Hydrophilic Sponge Soothing Cloud - Shaped Pillow is a wonderful companion for babies aged 0 - 1 year. Its design takes the form of a soft cloud, creating a sense of security and comfort. Made from hydrophilic sponge, it offers a gentle and pleasant touch, perfect for a baby's sensitive skin. The pillow is&hellip;","jetpack_sharing_enabled":true,"_links":{"self":[{"href":"https:\/\/babypillowwholesale.com\/tr\/wp-json\/wp\/v2\/product\/3323","targetHints":{"allow":["GET"]}}],"collection":[{"href":"https:\/\/babypillowwholesale.com\/tr\/wp-json\/wp\/v2\/product"}],"about":[{"href":"https:\/\/babypillowwholesale.com\/tr\/wp-json\/wp\/v2\/types\/product"}],"replies":[{"embeddable":true,"href":"https:\/\/babypillowwholesale.com\/tr\/wp-json\/wp\/v2\/comments?post=3323"}],"wp:featuredmedia":[{"embeddable":true,"href":"https:\/\/babypillowwholesale.com\/tr\/wp-json\/wp\/v2\/media\/3324"}],"wp:attachment":[{"href":"https:\/\/babypillowwholesale.com\/tr\/wp-json\/wp\/v2\/media?parent=3323"}],"wp:term":[{"taxonomy":"product_brand","embeddable":true,"href":"https:\/\/babypillowwholesale.com\/tr\/wp-json\/wp\/v2\/product_brand?post=3323"},{"taxonomy":"product_cat","embeddable":true,"href":"https:\/\/babypillowwholesale.com\/tr\/wp-json\/wp\/v2\/product_cat?post=3323"},{"taxonomy":"product_tag","embeddable":true,"href":"https:\/\/babypillowwholesale.com\/tr\/wp-json\/wp\/v2\/product_tag?post=3323"}],"curies":[{"name":"wp","href":"https:\/\/api.w.org\/{rel}","templated":true}]}}