{"id":3317,"date":"2025-03-31T02:51:30","date_gmt":"2025-03-31T02:51:30","guid":{"rendered":"https:\/\/babypillowwholesale.com\/?post_type=product&#038;p=3317"},"modified":"2025-06-08T15:19:36","modified_gmt":"2025-06-08T15:19:36","slug":"obedient-bear-contour-pillow","status":"publish","type":"product","link":"https:\/\/babypillowwholesale.com\/tr\/product\/obedient-bear-contour-pillow\/","title":{"rendered":"\u0130taatkar Ay\u0131 Kontur Yast\u0131k"},"content":{"rendered":"<div class=\"auto-hide-last-sibling-br paragraph-qzbcQC paragraph-element br-paragraph-space\" data-immersive-translate-walked=\"8e61f2e7-6af2-46e5-9672-3b9e4f4033d9\" data-immersive-translate-paragraph=\"1\">\n<div class=\"auto-hide-last-sibling-br paragraph-qzbcQC paragraph-element br-paragraph-space\">\n<div class=\"auto-hide-last-sibling-br paragraph-qzbcQC paragraph-element br-paragraph-space\">\n<div class=\"auto-hide-last-sibling-br paragraph-qzbcQC paragraph-element br-paragraph-space\">\n<div class=\"auto-hide-last-sibling-br paragraph-qzbcQC paragraph-element br-paragraph-space\">\n<div class=\"auto-hide-last-sibling-br paragraph-qzbcQC paragraph-element br-paragraph-space\">\u00d6zellikle 0-12 ayl\u0131k bebekler i\u00e7in tasarlanm\u0131\u015f, \u015firinli\u011fin ve i\u015flevselli\u011fin m\u00fckemmel bir birle\u015fimi olan Obedient Bear Kontur Yast\u0131k ile tan\u0131\u015f\u0131n. Bu yast\u0131k, ilk g\u00f6r\u00fc\u015fte kalbinizi eritecek kabar\u0131k kulaklar, b\u00fcy\u00fck, duygulu g\u00f6zler ve sevimli bir \u015fekilde k\u0131zaran yanaklarla tamamlanan kar\u015f\u0131 konulmaz derecede sevimli bir ay\u0131 tasar\u0131m\u0131n\u0131 sergiliyor.<\/div>\n<p>&nbsp;<\/p>\n<div class=\"auto-hide-last-sibling-br paragraph-qzbcQC paragraph-element br-paragraph-space\">Yast\u0131\u011f\u0131n kontur tasar\u0131m\u0131 ergonomik m\u00fchendisli\u011fin bir \u015faheseridir. Bebe\u011finizin ba\u015f\u0131n\u0131n \u015fekline g\u00f6re nazik\u00e7e \u015fekillenir, hassas ve hassas destek sa\u011flar, bu da bu \u00f6nemli ilk aylarda sa\u011fl\u0131kl\u0131 bir ba\u015f \u015feklini beslemek i\u00e7in \u00e7ok \u00f6nemlidir. \u00d6l\u00e7\u00fcleri 29*<em>21*<\/em>1,5 CM, \u00e7e\u015fitli ortamlara sorunsuzca uyum sa\u011flar. \u0130ster huzurlu bir uyku zaman\u0131 i\u00e7in rahat bir be\u015fi\u011fe yerle\u015ftirilmi\u015f olsun, ister parkta keyifli bir gezinti s\u0131ras\u0131nda k\u00fc\u00e7\u00fck \u00e7ocu\u011funuza bebek arabas\u0131nda e\u015flik etsin ya da evde e\u011flence dolu oyun seanslar\u0131 i\u00e7in yumu\u015fak bir oyun mat\u0131 \u00fczerine yerle\u015ftirilmi\u015f olsun, bu yast\u0131k s\u00fcrekli bir konfor kayna\u011f\u0131d\u0131r.<\/div>\n<p>&nbsp;<\/p>\n<div class=\"auto-hide-last-sibling-br paragraph-qzbcQC paragraph-element br-paragraph-space\">Ebeveynler Obedient Bear Kontur Yast\u0131k hakk\u0131nda \u00e7ok mutlu. \"Bebe\u011fim bu yast\u0131\u011f\u0131 kesinlikle \u00e7ok seviyor! \u00c7ok yumu\u015fak ve ay\u0131 tasar\u0131m\u0131 \u00e7ok sevimli. Ba\u015f\u0131n\u0131 iyi bir pozisyonda tutmas\u0131na ger\u00e7ekten yard\u0131mc\u0131 oldu\u011funu fark ettim,\" diyor memnun bir anne. Bir baba ise \u015f\u00f6yle diyor: \"Bu yast\u0131\u011f\u0131 gitti\u011fimiz her yere g\u00f6t\u00fcr\u00fcyoruz. Dayan\u0131kl\u0131, temizlemesi kolay ve renk se\u00e7enekleri harika. Bebe\u011fimizin g\u00fcnl\u00fck hayat\u0131n\u0131n vazge\u00e7ilmez bir par\u00e7as\u0131 haline geldi.\"<\/div>\n<p>&nbsp;<\/p>\n<div class=\"auto-hide-last-sibling-br paragraph-qzbcQC paragraph-element br-paragraph-space\">Pembe ve mavinin b\u00fcy\u00fcleyici tonlar\u0131nda sunulan Obedient Bear Kontur Yast\u0131k sadece bir bebek aksesuar\u0131 de\u011fildir; ay\u0131 temal\u0131 tasar\u0131m\u0131n sevimli \u00e7ekicili\u011fini profesyonel ba\u015f \u015fekillendirme deste\u011fiyle birle\u015ftiren, k\u00fc\u00e7\u00fck \u00e7ocu\u011funuzun ilk g\u00fcnlerinin her de\u011ferli an\u0131n\u0131 en \u00fcst d\u00fczeyde konfor ve \u00f6zenle ge\u00e7irmesini sa\u011flayan de\u011ferli bir arkada\u015ft\u0131r.<\/div>\n<\/div>\n<\/div>\n<\/div>\n<\/div>\n<\/div>","protected":false},"excerpt":{"rendered":"<p>Obedient Bear Kontur Yast\u0131k 0 - 12 ayl\u0131k bebekler i\u00e7in ideal bir se\u00e7imdir. Sevimli kulaklar\u0131, iri g\u00f6zleri ve k\u0131zaran yanaklar\u0131yla sevimli bir ay\u0131dan esinlenerek tasarlanan yast\u0131k, kar\u015f\u0131 konulmaz bir \u00e7ekicili\u011fe sahiptir. Yast\u0131\u011f\u0131n kontur tasar\u0131m\u0131 sadece g\u00f6rsel olarak \u00e7ekici olmakla kalmaz, ayn\u0131 zamanda pratik bir amaca da hizmet eder. Sa\u011fl\u0131kl\u0131 bir ba\u015f \u015feklinin korunmas\u0131na yard\u0131mc\u0131 olmak i\u00e7in bebe\u011fin ba\u015f\u0131n\u0131n \u015fekline nazik\u00e7e uyum sa\u011flayarak ergonomik destek sa\u011flar. \u00d6l\u00e7\u00fcleri 29*<em>21*<\/em>1.5CM, be\u015fiklere, bebek arabalar\u0131na veya di\u011fer bebek dinlenme yerlerine iyi uyum sa\u011flar. Pembe ve mavi renkleri mevcuttur, farkl\u0131 \u00e7ocuk odas\u0131 dekorlar\u0131na uyum sa\u011flayabilir. Bu yast\u0131k, ay\u0131 temal\u0131 bir tasar\u0131m\u0131n sevimlili\u011fini profesyonel ba\u015f \u015fekillendirme deste\u011fiyle birle\u015ftirerek k\u00fc\u00e7\u00fck \u00e7ocu\u011funuzun ilk g\u00fcnlerine konfor ve bak\u0131m getirir.<\/p>","protected":false},"featured_media":3318,"comment_status":"open","ping_status":"closed","template":"","meta":{"_uag_custom_page_level_css":"","site-sidebar-layout":"default","site-content-layout":"","ast-site-content-layout":"default","site-content-style":"default","site-sidebar-style":"default","ast-global-header-display":"","ast-banner-title-visibility":"","ast-main-header-display":"","ast-hfb-above-header-display":"","ast-hfb-below-header-display":"","ast-hfb-mobile-header-display":"","site-post-title":"","ast-breadcrumbs-content":"","ast-featured-img":"","footer-sml-layout":"","ast-disable-related-posts":"","theme-transparent-header-meta":"default","adv-header-id-meta":"","stick-header-meta":"","header-above-stick-meta":"","header-main-stick-meta":"","header-below-stick-meta":"","astra-migrate-meta-layouts":"set","ast-page-background-enabled":"default","ast-page-background-meta":{"desktop":{"background-color":"","background-image":"","background-repeat":"repeat","background-position":"center center","background-size":"auto","background-attachment":"scroll","background-type":"","background-media":"","overlay-type":"","overlay-color":"","overlay-opacity":"","overlay-gradient":""},"tablet":{"background-color":"","background-image":"","background-repeat":"repeat","background-position":"center center","background-size":"auto","background-attachment":"scroll","background-type":"","background-media":"","overlay-type":"","overlay-color":"","overlay-opacity":"","overlay-gradient":""},"mobile":{"background-color":"","background-image":"","background-repeat":"repeat","background-position":"center center","background-size":"auto","background-attachment":"scroll","background-type":"","background-media":"","overlay-type":"","overlay-color":"","overlay-opacity":"","overlay-gradient":""}},"ast-content-background-meta":{"desktop":{"background-color":"var(--ast-global-color-5)","background-image":"","background-repeat":"repeat","background-position":"center center","background-size":"auto","background-attachment":"scroll","background-type":"","background-media":"","overlay-type":"","overlay-color":"","overlay-opacity":"","overlay-gradient":""},"tablet":{"background-color":"var(--ast-global-color-5)","background-image":"","background-repeat":"repeat","background-position":"center center","background-size":"auto","background-attachment":"scroll","background-type":"","background-media":"","overlay-type":"","overlay-color":"","overlay-opacity":"","overlay-gradient":""},"mobile":{"background-color":"var(--ast-global-color-5)","background-image":"","background-repeat":"repeat","background-position":"center center","background-size":"auto","background-attachment":"scroll","background-type":"","background-media":"","overlay-type":"","overlay-color":"","overlay-opacity":"","overlay-gradient":""}}},"product_brand":[],"product_cat":[55,42],"product_tag":[70,68,71,69],"class_list":{"0":"post-3317","1":"product","2":"type-product","3":"status-publish","4":"has-post-thumbnail","6":"product_cat-0-to-1-year","7":"product_cat-merchandise","8":"product_tag-babypillow","9":"product_tag-cuteanimalpillow","10":"product_tag-headshapesupport","11":"product_tag-kouniushapingpillow","12":"desktop-align-left","13":"tablet-align-left","14":"mobile-align-left","16":"first","17":"instock","18":"shipping-taxable","19":"product-type-simple"},"aioseo_notices":[],"uagb_featured_image_src":{"full":["https:\/\/babypillowwholesale.com\/wp-content\/uploads\/2025\/03\/1066.jpg",1000,1000,false],"thumbnail":["https:\/\/babypillowwholesale.com\/wp-content\/uploads\/2025\/03\/1066-150x150.jpg",150,150,true],"medium":["https:\/\/babypillowwholesale.com\/wp-content\/uploads\/2025\/03\/1066-300x300.jpg",300,300,true],"medium_large":["https:\/\/babypillowwholesale.com\/wp-content\/uploads\/2025\/03\/1066-768x768.jpg",768,768,true],"large":["https:\/\/babypillowwholesale.com\/wp-content\/uploads\/2025\/03\/1066.jpg",1000,1000,false],"1536x1536":["https:\/\/babypillowwholesale.com\/wp-content\/uploads\/2025\/03\/1066.jpg",1000,1000,false],"2048x2048":["https:\/\/babypillowwholesale.com\/wp-content\/uploads\/2025\/03\/1066.jpg",1000,1000,false],"trp-custom-language-flag":["https:\/\/babypillowwholesale.com\/wp-content\/uploads\/2025\/03\/1066.jpg",12,12,false],"woocommerce_thumbnail":["https:\/\/babypillowwholesale.com\/wp-content\/uploads\/2025\/03\/1066-300x300.jpg",300,300,true],"woocommerce_single":["https:\/\/babypillowwholesale.com\/wp-content\/uploads\/2025\/03\/1066-600x600.jpg",600,600,true],"woocommerce_gallery_thumbnail":["https:\/\/babypillowwholesale.com\/wp-content\/uploads\/2025\/03\/1066-100x100.jpg",100,100,true]},"uagb_author_info":{"display_name":"Etnen zhong","author_link":"https:\/\/babypillowwholesale.com\/tr\/author\/"},"uagb_comment_info":0,"uagb_excerpt":"The Obedient Bear Contour Pillow is an ideal choice for infants aged 0 - 12 months. Its design is inspired by an adorable bear, with cute ears, big eyes, and blushing cheeks, which makes it irresistibly charming. The pillow's contour design is not only visually appealing but also serves a practical purpose. It provides ergonomic&hellip;","jetpack_sharing_enabled":true,"_links":{"self":[{"href":"https:\/\/babypillowwholesale.com\/tr\/wp-json\/wp\/v2\/product\/3317","targetHints":{"allow":["GET"]}}],"collection":[{"href":"https:\/\/babypillowwholesale.com\/tr\/wp-json\/wp\/v2\/product"}],"about":[{"href":"https:\/\/babypillowwholesale.com\/tr\/wp-json\/wp\/v2\/types\/product"}],"replies":[{"embeddable":true,"href":"https:\/\/babypillowwholesale.com\/tr\/wp-json\/wp\/v2\/comments?post=3317"}],"wp:featuredmedia":[{"embeddable":true,"href":"https:\/\/babypillowwholesale.com\/tr\/wp-json\/wp\/v2\/media\/3318"}],"wp:attachment":[{"href":"https:\/\/babypillowwholesale.com\/tr\/wp-json\/wp\/v2\/media?parent=3317"}],"wp:term":[{"taxonomy":"product_brand","embeddable":true,"href":"https:\/\/babypillowwholesale.com\/tr\/wp-json\/wp\/v2\/product_brand?post=3317"},{"taxonomy":"product_cat","embeddable":true,"href":"https:\/\/babypillowwholesale.com\/tr\/wp-json\/wp\/v2\/product_cat?post=3317"},{"taxonomy":"product_tag","embeddable":true,"href":"https:\/\/babypillowwholesale.com\/tr\/wp-json\/wp\/v2\/product_tag?post=3317"}],"curies":[{"name":"wp","href":"https:\/\/api.w.org\/{rel}","templated":true}]}}