{"id":3313,"date":"2025-03-26T08:34:46","date_gmt":"2025-03-26T08:34:46","guid":{"rendered":"https:\/\/babypillowwholesale.com\/?post_type=product&#038;p=3313"},"modified":"2025-06-08T15:21:39","modified_gmt":"2025-06-08T15:21:39","slug":"little-raccoon-contour-pillow","status":"publish","type":"product","link":"https:\/\/babypillowwholesale.com\/tr\/product\/little-raccoon-contour-pillow\/","title":{"rendered":"K\u00fc\u00e7\u00fck Rakun Kontur Yast\u0131k"},"content":{"rendered":"<div class=\"auto-hide-last-sibling-br paragraph-qzbcQC paragraph-element br-paragraph-space\" data-immersive-translate-walked=\"8e61f2e7-6af2-46e5-9672-3b9e4f4033d9\" data-immersive-translate-paragraph=\"1\">\n<div class=\"auto-hide-last-sibling-br paragraph-qzbcQC paragraph-element br-paragraph-space\">\n<div class=\"auto-hide-last-sibling-br paragraph-qzbcQC paragraph-element br-paragraph-space\">\n<div class=\"auto-hide-last-sibling-br paragraph-qzbcQC paragraph-element br-paragraph-space\">\n<div class=\"auto-hide-last-sibling-br paragraph-qzbcQC paragraph-element br-paragraph-space\">0-12 ayl\u0131k bebekler i\u00e7in titizlikle haz\u0131rlanm\u0131\u015f, sevimli tasar\u0131m ve profesyonel bak\u0131m\u0131n keyifli bir kar\u0131\u015f\u0131m\u0131 olan Little Raccoon Kontur Yast\u0131k ile tan\u0131\u015f\u0131n. Pel\u00fc\u015f yuvarlak kulaklar\u0131 ve dingin ifadesiyle sevimli bir rakundan olu\u015fan b\u00fcy\u00fcleyici tasar\u0131m\u0131, bebeklerin temel ihtiya\u00e7lar\u0131na s\u0131cakl\u0131k katar. \u015eirinli\u011finin \u00f6tesinde, yast\u0131\u011f\u0131n konturlu yap\u0131s\u0131 bilimsel, ergonomik destek sunar ve sa\u011fl\u0131kl\u0131 ba\u015f - \u015fekil geli\u015fimini beslemek i\u00e7in bebe\u011finizin ba\u015f\u0131n\u0131 \u015fefkatle sarar.<\/div>\n<p>&nbsp;<\/p>\n<div class=\"auto-hide-last-sibling-br paragraph-qzbcQC paragraph-element br-paragraph-space\">G\u00fcnl\u00fck ya\u015famda, \u00e7e\u015fitli sahnelere sorunsuzca uyum sa\u011flar. Evde be\u015fi\u011fe yerle\u015ftirin: Bebe\u011finiz uykuya dalarken yast\u0131\u011f\u0131n yumu\u015fak hatlar\u0131 huzurlu bir s\u0131\u011f\u0131nak yarat\u0131r. \u0130ster park gezintisi ister aile ziyareti olsun, a\u00e7\u0131k hava gezintileri s\u0131ras\u0131nda bebek arabas\u0131na m\u00fckemmel bir \u015fekilde yerle\u015ferek s\u00fcrekli konfor sa\u011flar. Yumu\u015fak bir minder \u00fczerinde oyun oynarken bile yast\u0131k bebe\u011finizin ba\u015f\u0131n\u0131 destekleyerek her aktivitede rahatl\u0131k sa\u011flar.<\/div>\n<p>&nbsp;<\/p>\n<div class=\"auto-hide-last-sibling-br paragraph-qzbcQC paragraph-element br-paragraph-space\">Ebeveynler bu yast\u0131k hakk\u0131nda \u00f6vg\u00fcler ya\u011fd\u0131r\u0131yor. \"Bebe\u011fim Little Raccoon Contour Pillow'un \u00fczerinde \u00e7ok rahat g\u00f6r\u00fcn\u00fcyor! \u0130nan\u0131lmaz yumu\u015fak ve kontur tasar\u0131m\u0131n\u0131n ba\u015f\u0131n\u0131 nazik\u00e7e desteklemesine bay\u0131l\u0131yorum. Pembe rengi de \u00e7ocuk odas\u0131n\u0131 ayd\u0131nlat\u0131yor,\" diye payla\u015f\u0131yor sevin\u00e7li bir anne. Bir baba ise \u015funlar\u0131 ekledi: \"Bu yast\u0131\u011f\u0131 her yere g\u00f6t\u00fcr\u00fcyoruz. Dayan\u0131kl\u0131, temizlemesi kolay ve mavi se\u00e7ene\u011fi bebe\u011fimizin e\u015fyalar\u0131yla m\u00fckemmel uyum sa\u011fl\u0131yor. Hem konfor hem de ba\u015f \u015fekillendirme faydalar\u0131 i\u00e7in mutlaka edinilmesi gereken bir \u00fcr\u00fcn!\"<\/div>\n<p>&nbsp;<\/p>\n<div class=\"auto-hide-last-sibling-br paragraph-qzbcQC paragraph-element br-paragraph-space\">Yumu\u015fak pembe veya sakinle\u015ftirici mavi renkleri bulunan Little Raccoon Contour Pillow, sadece bir bebek aksesuar\u0131 olman\u0131n \u00f6tesine ge\u00e7er. Sevecen esteti\u011fi profesyonel ba\u015f \u015fekillendirme deste\u011fiyle birle\u015ftiren, k\u00fc\u00e7\u00fck \u00e7ocu\u011funuzun erken b\u00fcy\u00fcmesinin her de\u011ferli an\u0131nda konfor ve bak\u0131m\u0131n keyfini \u00e7\u0131karmas\u0131n\u0131 sa\u011flayan sad\u0131k bir arkada\u015ft\u0131r.<\/div>\n<\/div>\n<\/div>\n<\/div>\n<\/div>","protected":false},"excerpt":{"rendered":"<p>0-12 ayl\u0131k bebekler i\u00e7in \u00f6zel olarak tasarlanan Little Raccoon Kontur Yast\u0131k, \u015firinli\u011fi profesyonel bak\u0131mla harmanl\u0131yor. Yuvarlak kulaklar\u0131 ve sakin ifadesiyle sevimli bir rakundan ilham alan tasar\u0131m\u0131, bebeklerin vazge\u00e7ilmezlerine sevimli bir dokunu\u015f katar. Yast\u0131\u011f\u0131n kontur yap\u0131s\u0131 bilimsel, ergonomik destek sunar ve sa\u011fl\u0131kl\u0131 kafa \u015fekli geli\u015fimini beslemek i\u00e7in bebe\u011fin ba\u015f\u0131n\u0131 nazik\u00e7e sarar. 29* boyutunda<em>21*<\/em>1.5CM, dinlendirici uykular i\u00e7in be\u015fiklere, gezintiler s\u0131ras\u0131nda bebek arabalar\u0131na veya evde oyun zaman\u0131 kurulumlar\u0131na sorunsuz bir \u015fekilde uyar. Yumu\u015fak pembe veya sakinle\u015ftirici mavi renkleri bulunan bu yast\u0131k, sadece ba\u015f deste\u011fi i\u00e7in i\u015flevsel bir \u00fcr\u00fcn de\u011fil, bebe\u011finizin de\u011ferli erken b\u00fcy\u00fcme a\u015famalar\u0131 boyunca konfor ve \u00e7ekicilik sa\u011flayan s\u0131cak bir arkada\u015ft\u0131r.<\/p>","protected":false},"featured_media":3314,"comment_status":"open","ping_status":"closed","template":"","meta":{"_uag_custom_page_level_css":"","site-sidebar-layout":"default","site-content-layout":"","ast-site-content-layout":"default","site-content-style":"default","site-sidebar-style":"default","ast-global-header-display":"","ast-banner-title-visibility":"","ast-main-header-display":"","ast-hfb-above-header-display":"","ast-hfb-below-header-display":"","ast-hfb-mobile-header-display":"","site-post-title":"","ast-breadcrumbs-content":"","ast-featured-img":"","footer-sml-layout":"","ast-disable-related-posts":"","theme-transparent-header-meta":"default","adv-header-id-meta":"","stick-header-meta":"","header-above-stick-meta":"","header-main-stick-meta":"","header-below-stick-meta":"","astra-migrate-meta-layouts":"set","ast-page-background-enabled":"default","ast-page-background-meta":{"desktop":{"background-color":"","background-image":"","background-repeat":"repeat","background-position":"center center","background-size":"auto","background-attachment":"scroll","background-type":"","background-media":"","overlay-type":"","overlay-color":"","overlay-opacity":"","overlay-gradient":""},"tablet":{"background-color":"","background-image":"","background-repeat":"repeat","background-position":"center center","background-size":"auto","background-attachment":"scroll","background-type":"","background-media":"","overlay-type":"","overlay-color":"","overlay-opacity":"","overlay-gradient":""},"mobile":{"background-color":"","background-image":"","background-repeat":"repeat","background-position":"center center","background-size":"auto","background-attachment":"scroll","background-type":"","background-media":"","overlay-type":"","overlay-color":"","overlay-opacity":"","overlay-gradient":""}},"ast-content-background-meta":{"desktop":{"background-color":"var(--ast-global-color-5)","background-image":"","background-repeat":"repeat","background-position":"center center","background-size":"auto","background-attachment":"scroll","background-type":"","background-media":"","overlay-type":"","overlay-color":"","overlay-opacity":"","overlay-gradient":""},"tablet":{"background-color":"var(--ast-global-color-5)","background-image":"","background-repeat":"repeat","background-position":"center center","background-size":"auto","background-attachment":"scroll","background-type":"","background-media":"","overlay-type":"","overlay-color":"","overlay-opacity":"","overlay-gradient":""},"mobile":{"background-color":"var(--ast-global-color-5)","background-image":"","background-repeat":"repeat","background-position":"center center","background-size":"auto","background-attachment":"scroll","background-type":"","background-media":"","overlay-type":"","overlay-color":"","overlay-opacity":"","overlay-gradient":""}}},"product_brand":[],"product_cat":[55,42],"product_tag":[70,68,71,69],"class_list":{"0":"post-3313","1":"product","2":"type-product","3":"status-publish","4":"has-post-thumbnail","6":"product_cat-0-to-1-year","7":"product_cat-merchandise","8":"product_tag-babypillow","9":"product_tag-cuteanimalpillow","10":"product_tag-headshapesupport","11":"product_tag-kouniushapingpillow","12":"desktop-align-left","13":"tablet-align-left","14":"mobile-align-left","16":"first","17":"instock","18":"featured","19":"shipping-taxable","20":"product-type-simple"},"aioseo_notices":[],"uagb_featured_image_src":{"full":["https:\/\/babypillowwholesale.com\/wp-content\/uploads\/2025\/03\/1520.jpg",1000,1000,false],"thumbnail":["https:\/\/babypillowwholesale.com\/wp-content\/uploads\/2025\/03\/1520-150x150.jpg",150,150,true],"medium":["https:\/\/babypillowwholesale.com\/wp-content\/uploads\/2025\/03\/1520-300x300.jpg",300,300,true],"medium_large":["https:\/\/babypillowwholesale.com\/wp-content\/uploads\/2025\/03\/1520-768x768.jpg",768,768,true],"large":["https:\/\/babypillowwholesale.com\/wp-content\/uploads\/2025\/03\/1520.jpg",1000,1000,false],"1536x1536":["https:\/\/babypillowwholesale.com\/wp-content\/uploads\/2025\/03\/1520.jpg",1000,1000,false],"2048x2048":["https:\/\/babypillowwholesale.com\/wp-content\/uploads\/2025\/03\/1520.jpg",1000,1000,false],"trp-custom-language-flag":["https:\/\/babypillowwholesale.com\/wp-content\/uploads\/2025\/03\/1520.jpg",12,12,false],"woocommerce_thumbnail":["https:\/\/babypillowwholesale.com\/wp-content\/uploads\/2025\/03\/1520-300x300.jpg",300,300,true],"woocommerce_single":["https:\/\/babypillowwholesale.com\/wp-content\/uploads\/2025\/03\/1520-600x600.jpg",600,600,true],"woocommerce_gallery_thumbnail":["https:\/\/babypillowwholesale.com\/wp-content\/uploads\/2025\/03\/1520-100x100.jpg",100,100,true]},"uagb_author_info":{"display_name":"Etnen zhong","author_link":"https:\/\/babypillowwholesale.com\/tr\/author\/"},"uagb_comment_info":0,"uagb_excerpt":"The Little Raccoon Contour Pillow, tailored for infants aged 0\u201312 months, harmonizes cuteness with professional care. Its design, inspired by a cuddly little raccoon with round ears and a serene expression, adds an endearing touch to baby essentials. The pillow\u2019s contour structure offers scientific, ergonomic support, gently embracing the baby\u2019s head to nurture healthy head&hellip;","jetpack_sharing_enabled":true,"_links":{"self":[{"href":"https:\/\/babypillowwholesale.com\/tr\/wp-json\/wp\/v2\/product\/3313","targetHints":{"allow":["GET"]}}],"collection":[{"href":"https:\/\/babypillowwholesale.com\/tr\/wp-json\/wp\/v2\/product"}],"about":[{"href":"https:\/\/babypillowwholesale.com\/tr\/wp-json\/wp\/v2\/types\/product"}],"replies":[{"embeddable":true,"href":"https:\/\/babypillowwholesale.com\/tr\/wp-json\/wp\/v2\/comments?post=3313"}],"wp:featuredmedia":[{"embeddable":true,"href":"https:\/\/babypillowwholesale.com\/tr\/wp-json\/wp\/v2\/media\/3314"}],"wp:attachment":[{"href":"https:\/\/babypillowwholesale.com\/tr\/wp-json\/wp\/v2\/media?parent=3313"}],"wp:term":[{"taxonomy":"product_brand","embeddable":true,"href":"https:\/\/babypillowwholesale.com\/tr\/wp-json\/wp\/v2\/product_brand?post=3313"},{"taxonomy":"product_cat","embeddable":true,"href":"https:\/\/babypillowwholesale.com\/tr\/wp-json\/wp\/v2\/product_cat?post=3313"},{"taxonomy":"product_tag","embeddable":true,"href":"https:\/\/babypillowwholesale.com\/tr\/wp-json\/wp\/v2\/product_tag?post=3313"}],"curies":[{"name":"wp","href":"https:\/\/api.w.org\/{rel}","templated":true}]}}