{"id":3303,"date":"2025-03-24T15:07:17","date_gmt":"2025-03-24T15:07:17","guid":{"rendered":"https:\/\/babypillowwholesale.com\/?post_type=product&#038;p=3303"},"modified":"2025-06-08T15:36:07","modified_gmt":"2025-06-08T15:36:07","slug":"leopard-cat-shaping-pillow","status":"publish","type":"product","link":"https:\/\/babypillowwholesale.com\/tr\/product\/leopard-cat-shaping-pillow\/","title":{"rendered":"Leopar Kedi \u015eekillendirme Yast\u0131\u011f\u0131"},"content":{"rendered":"<div class=\"auto-hide-last-sibling-br paragraph-qzbcQC paragraph-element br-paragraph-space\" data-immersive-translate-walked=\"8e61f2e7-6af2-46e5-9672-3b9e4f4033d9\" data-immersive-translate-paragraph=\"1\">\n<div class=\"auto-hide-last-sibling-br paragraph-qzbcQC paragraph-element br-paragraph-space\">\n<p>0-6 ayl\u0131k bebekler i\u00e7in \u00f6zenle haz\u0131rlanm\u0131\u015f, sevimlilik ve kullan\u0131\u015fl\u0131l\u0131\u011f\u0131n m\u00fckemmel bir uyumu olan leopar kedi \u015eekillendirici Yast\u0131k'a g\u00f6z at\u0131n. \u015e\u0131mar\u0131k leopar kedi kulaklar\u0131 ve narin b\u0131y\u0131k detaylar\u0131ndan olu\u015fan b\u00fcy\u00fcleyici tasar\u0131m\u0131 cazibe yayar. Ergonomik olarak tasarlanm\u0131\u015f merkezi kesik, bebe\u011finizin ba\u015f\u0131n\u0131 nazik\u00e7e destekler ve hayati \u00f6nem ta\u015f\u0131yan ilk aylar\u0131nda sa\u011fl\u0131kl\u0131 ba\u015f geli\u015fimine nazik\u00e7e rehberlik eder.<\/p>\n<p>26,5*25*1,5CM \u00f6l\u00e7\u00fcleriyle farkl\u0131 sahnelere sorunsuzca uyum sa\u011flar. Evde, be\u015fi\u011fe yerle\u015ftirerek uyku zaman\u0131n\u0131 rahat, r\u00fcya dolu bir rit\u00fcele d\u00f6n\u00fc\u015ft\u00fcr\u00fcn. D\u0131\u015far\u0131dayken - ister park gezintisi ister aile ziyareti i\u00e7in olsun - bebek arabalar\u0131na m\u00fckemmel uyum sa\u011flar ve k\u00fc\u00e7\u00fck \u00e7ocu\u011funuzu yolculuk boyunca rahat tutar.<\/p>\n<p>Ebeveynler bu yast\u0131\u011fa bay\u0131l\u0131yor. \"Bebe\u011fim bu leopar kedi \u015eekillendirici Yast\u0131\u011f\u0131 g\u00f6r\u00fcnce \u0131\u015f\u0131ld\u0131yor! L\u00fcks bir yumu\u015fakl\u0131kta ve sevimli tasar\u0131m\u0131yla her zaman g\u00f6z dolduruyor. Kafa \u015fekillerinde harika geli\u015fmeler g\u00f6rd\u00fcm,\" diye payla\u015f\u0131yor memnun bir anne. Bir baba ise \u015funlar\u0131 ekledi: \"Bebek e\u015fyalar\u0131m\u0131z aras\u0131nda mutlaka bulunmas\u0131 gereken bir \u00fcr\u00fcn. Ta\u015f\u0131mas\u0131 kolay ve renk se\u00e7enekleri her \u00e7ocuk odas\u0131na uygun. Mini\u011fimiz onunla her zaman rahat ve mutlu g\u00f6r\u00fcn\u00fcyor.\"<\/p>\n<p>B\u00fcy\u00fcleyici pembe veya mavi renklerde sunulan leopar kedi \u015eekillendirme Yast\u0131\u011f\u0131, bir bebek aksesuar\u0131ndan \u00e7ok daha fazlas\u0131d\u0131r. Bebe\u011finizi ilk g\u00fcnlerinin her de\u011ferli an\u0131nda rahatl\u0131k, sevimlilik ve g\u00fcvenilir destekle saran sevgi dolu bir arkada\u015ft\u0131r.<\/p>\n<\/div>\n<\/div>","protected":false},"excerpt":{"rendered":"<p>Leopar Kedi \u015eekillendirici Yast\u0131k, 0-6 ayl\u0131k bebekler i\u00e7in tasarlanm\u0131\u015f, \u015firinli\u011fin ve pratikli\u011fin keyifli bir birle\u015fimidir. \u015e\u0131mar\u0131k kulaklar\u0131 ve narin b\u0131y\u0131k detaylar\u0131yla leopar kedisinden esinlenen tasar\u0131m\u0131 cazibesini ortaya koyar. Ergonomik merkezi kesik, bebe\u011fin ba\u015f\u0131n\u0131 nazik\u00e7e destekleyerek kritik erken b\u00fcy\u00fcme evresinde sa\u011fl\u0131kl\u0131 bir ba\u015f \u015feklinin korunmas\u0131na yard\u0131mc\u0131 olur. 26,5*25*1,5CM boyutlar\u0131ndaki bu \u00fcr\u00fcn, evdeki sakin uyku zamanlar\u0131 i\u00e7in be\u015fiklere veya a\u00e7\u0131k hava maceralar\u0131 s\u0131ras\u0131nda bebek arabalar\u0131na sorunsuzca s\u0131\u011far. Yumu\u015fak pembe veya mavi renkleri bulunan bu \u00fcr\u00fcn, \u00e7ocuk odas\u0131 dekoruna dekoratif bir dokunu\u015f katmakla kalmaz, ayn\u0131 zamanda g\u00fcvenilir bir destek sunarak bebe\u011finizin g\u00fcn\u00fcndeki her rahat an i\u00e7in onu vazge\u00e7ilmez bir arkada\u015f haline getirir.<\/p>","protected":false},"featured_media":3304,"comment_status":"open","ping_status":"closed","template":"","meta":{"_uag_custom_page_level_css":"","site-sidebar-layout":"default","site-content-layout":"","ast-site-content-layout":"default","site-content-style":"default","site-sidebar-style":"default","ast-global-header-display":"","ast-banner-title-visibility":"","ast-main-header-display":"","ast-hfb-above-header-display":"","ast-hfb-below-header-display":"","ast-hfb-mobile-header-display":"","site-post-title":"","ast-breadcrumbs-content":"","ast-featured-img":"","footer-sml-layout":"","ast-disable-related-posts":"","theme-transparent-header-meta":"default","adv-header-id-meta":"","stick-header-meta":"","header-above-stick-meta":"","header-main-stick-meta":"","header-below-stick-meta":"","astra-migrate-meta-layouts":"set","ast-page-background-enabled":"default","ast-page-background-meta":{"desktop":{"background-color":"","background-image":"","background-repeat":"repeat","background-position":"center center","background-size":"auto","background-attachment":"scroll","background-type":"","background-media":"","overlay-type":"","overlay-color":"","overlay-opacity":"","overlay-gradient":""},"tablet":{"background-color":"","background-image":"","background-repeat":"repeat","background-position":"center center","background-size":"auto","background-attachment":"scroll","background-type":"","background-media":"","overlay-type":"","overlay-color":"","overlay-opacity":"","overlay-gradient":""},"mobile":{"background-color":"","background-image":"","background-repeat":"repeat","background-position":"center center","background-size":"auto","background-attachment":"scroll","background-type":"","background-media":"","overlay-type":"","overlay-color":"","overlay-opacity":"","overlay-gradient":""}},"ast-content-background-meta":{"desktop":{"background-color":"var(--ast-global-color-5)","background-image":"","background-repeat":"repeat","background-position":"center center","background-size":"auto","background-attachment":"scroll","background-type":"","background-media":"","overlay-type":"","overlay-color":"","overlay-opacity":"","overlay-gradient":""},"tablet":{"background-color":"var(--ast-global-color-5)","background-image":"","background-repeat":"repeat","background-position":"center center","background-size":"auto","background-attachment":"scroll","background-type":"","background-media":"","overlay-type":"","overlay-color":"","overlay-opacity":"","overlay-gradient":""},"mobile":{"background-color":"var(--ast-global-color-5)","background-image":"","background-repeat":"repeat","background-position":"center center","background-size":"auto","background-attachment":"scroll","background-type":"","background-media":"","overlay-type":"","overlay-color":"","overlay-opacity":"","overlay-gradient":""}}},"product_brand":[],"product_cat":[54,42],"product_tag":[70,68,71,69],"class_list":{"0":"post-3303","1":"product","2":"type-product","3":"status-publish","4":"has-post-thumbnail","6":"product_cat-0-to-6months","7":"product_cat-merchandise","8":"product_tag-babypillow","9":"product_tag-cuteanimalpillow","10":"product_tag-headshapesupport","11":"product_tag-kouniushapingpillow","12":"desktop-align-left","13":"tablet-align-left","14":"mobile-align-left","16":"first","17":"instock","18":"shipping-taxable","19":"product-type-simple"},"aioseo_notices":[],"uagb_featured_image_src":{"full":["https:\/\/babypillowwholesale.com\/wp-content\/uploads\/2025\/03\/1512.jpg",1000,1000,false],"thumbnail":["https:\/\/babypillowwholesale.com\/wp-content\/uploads\/2025\/03\/1512-150x150.jpg",150,150,true],"medium":["https:\/\/babypillowwholesale.com\/wp-content\/uploads\/2025\/03\/1512-300x300.jpg",300,300,true],"medium_large":["https:\/\/babypillowwholesale.com\/wp-content\/uploads\/2025\/03\/1512-768x768.jpg",768,768,true],"large":["https:\/\/babypillowwholesale.com\/wp-content\/uploads\/2025\/03\/1512.jpg",1000,1000,false],"1536x1536":["https:\/\/babypillowwholesale.com\/wp-content\/uploads\/2025\/03\/1512.jpg",1000,1000,false],"2048x2048":["https:\/\/babypillowwholesale.com\/wp-content\/uploads\/2025\/03\/1512.jpg",1000,1000,false],"trp-custom-language-flag":["https:\/\/babypillowwholesale.com\/wp-content\/uploads\/2025\/03\/1512.jpg",12,12,false],"woocommerce_thumbnail":["https:\/\/babypillowwholesale.com\/wp-content\/uploads\/2025\/03\/1512-300x300.jpg",300,300,true],"woocommerce_single":["https:\/\/babypillowwholesale.com\/wp-content\/uploads\/2025\/03\/1512-600x600.jpg",600,600,true],"woocommerce_gallery_thumbnail":["https:\/\/babypillowwholesale.com\/wp-content\/uploads\/2025\/03\/1512-100x100.jpg",100,100,true]},"uagb_author_info":{"display_name":"Etnen zhong","author_link":"https:\/\/babypillowwholesale.com\/tr\/author\/"},"uagb_comment_info":0,"uagb_excerpt":"The leopard cat Shaping Pillow is a delightful fusion of cuteness and practicality, tailored for infants aged 0 to 6 months. Its design, inspired by a leopard cat with perky ears and delicate whisker details, exudes charm. The ergonomic central cut - out gently supports the baby\u2019s head, helping maintain a healthy head shape during&hellip;","jetpack_sharing_enabled":true,"_links":{"self":[{"href":"https:\/\/babypillowwholesale.com\/tr\/wp-json\/wp\/v2\/product\/3303","targetHints":{"allow":["GET"]}}],"collection":[{"href":"https:\/\/babypillowwholesale.com\/tr\/wp-json\/wp\/v2\/product"}],"about":[{"href":"https:\/\/babypillowwholesale.com\/tr\/wp-json\/wp\/v2\/types\/product"}],"replies":[{"embeddable":true,"href":"https:\/\/babypillowwholesale.com\/tr\/wp-json\/wp\/v2\/comments?post=3303"}],"wp:featuredmedia":[{"embeddable":true,"href":"https:\/\/babypillowwholesale.com\/tr\/wp-json\/wp\/v2\/media\/3304"}],"wp:attachment":[{"href":"https:\/\/babypillowwholesale.com\/tr\/wp-json\/wp\/v2\/media?parent=3303"}],"wp:term":[{"taxonomy":"product_brand","embeddable":true,"href":"https:\/\/babypillowwholesale.com\/tr\/wp-json\/wp\/v2\/product_brand?post=3303"},{"taxonomy":"product_cat","embeddable":true,"href":"https:\/\/babypillowwholesale.com\/tr\/wp-json\/wp\/v2\/product_cat?post=3303"},{"taxonomy":"product_tag","embeddable":true,"href":"https:\/\/babypillowwholesale.com\/tr\/wp-json\/wp\/v2\/product_tag?post=3303"}],"curies":[{"name":"wp","href":"https:\/\/api.w.org\/{rel}","templated":true}]}}