{"id":3300,"date":"2025-03-22T02:53:38","date_gmt":"2025-03-22T02:53:38","guid":{"rendered":"https:\/\/babypillowwholesale.com\/?post_type=product&#038;p=3300"},"modified":"2025-06-08T15:41:34","modified_gmt":"2025-06-08T15:41:34","slug":"penguin-shaping-pillow","status":"publish","type":"product","link":"https:\/\/babypillowwholesale.com\/tr\/product\/penguin-shaping-pillow\/","title":{"rendered":"Penguen \u015eekillendirici Yast\u0131k"},"content":{"rendered":"<div class=\"auto-hide-last-sibling-br paragraph-qzbcQC paragraph-element br-paragraph-space\" data-immersive-translate-walked=\"8e61f2e7-6af2-46e5-9672-3b9e4f4033d9\" data-immersive-translate-paragraph=\"1\">\n<div class=\"auto-hide-last-sibling-br paragraph-qzbcQC paragraph-element br-paragraph-space\">0-6 ayl\u0131k minik macerac\u0131lar i\u00e7in sevgiyle haz\u0131rlanm\u0131\u015f Penguen \u015eekillendirici Yast\u0131\u011f\u0131m\u0131z\u0131n saf cazibesini kucaklay\u0131n. Dolgun g\u00f6vdesi, zarif y\u00fczge\u00e7leri ve k\u00fc\u00e7\u00fck sevimli gagas\u0131yla sevimli bir pengueni and\u0131ran bu yast\u0131k, bebe\u011finizin d\u00fcnyas\u0131na an\u0131nda bir doz sevimlilik getiren g\u00f6rsel bir ikramd\u0131r. Bu yast\u0131kla i\u015flevsellik stil ile bulu\u015fuyor. D\u00fc\u015f\u00fcnceli bir \u015fekilde \u015fekillendirilmi\u015f merkezi kesik, bebe\u011finizin narin kafas\u0131na nazik, be\u015fik bir destek sunar ve de\u011ferli ilk g\u00fcnlerinde yolculuk ederken onu m\u00fckemmel bir \u015fekle do\u011fru sorunsuz bir \u015fekilde y\u00f6nlendirir. 26,5*25*1,5CM boyutlar\u0131nda, inan\u0131lmaz derecede uyarlanabilir. Evdeki sessiz ak\u015famlarda bebe\u011finizin be\u015fi\u011fine yerle\u015ftirin ve penguen temal\u0131 rahat bir s\u0131\u011f\u0131nak yaratarak mini\u011finizi huzurlu bir uykuya dald\u0131rmas\u0131n\u0131 izleyin. K\u0131\u015f mevsiminde gezintiye \u00e7\u0131kt\u0131\u011f\u0131n\u0131zda veya hayvanat bah\u00e7esini ziyaret etti\u011finizde, yast\u0131k bebek arabas\u0131na sorunsuz bir \u015fekilde s\u0131\u011far ve bebe\u011finizin keyifli penguen tasar\u0131m\u0131yla \u00e7evrelenirken rahat etmesini sa\u011flar. Ebeveynler bu yast\u0131\u011fa kesinlikle bay\u0131l\u0131yor! Bir anne \u015f\u00f6yle diyor: \"Bebe\u011fim bu penguen yast\u0131\u011fa doyam\u0131yor. \u00c7ok yumu\u015fak ve tasar\u0131m\u0131 \u00e7ok sevimli. Ayr\u0131ca, ba\u015f\u0131n\u0131 iyi bir pozisyonda tutmak i\u00e7in ger\u00e7ekten yard\u0131mc\u0131 oldu.\" Bir baba da \u015f\u00f6yle ekliyor: \"Her gezintide kulland\u0131\u011f\u0131m\u0131z bir \u00fcr\u00fcn haline geldi. Renk se\u00e7enekleri harika ve bebe\u011fimiz pengueni g\u00f6rd\u00fc\u011f\u00fcnde her zaman \u00e7ok mutlu g\u00f6r\u00fcn\u00fcyor. \u015eiddetle tavsiye edilir!\" Pembe ve mavinin b\u00fcy\u00fcleyici tonlar\u0131nda sunulan Penguen \u015eekillendirici Yast\u0131k, bir bebek aksesuar\u0131ndan \u00e7ok daha fazlas\u0131d\u0131r; bebe\u011finizin ilk aylar\u0131 i\u00e7in konfor, destek ve penguenlerden ilham alan bir ne\u015fe vaat eden, \u00e7ok sevilen bir arkada\u015ft\u0131r.<\/div>\n<\/div>","protected":false},"excerpt":{"rendered":"<p>Penguen \u015eekillendirme Yast\u0131\u011f\u0131, 0-6 ayl\u0131k bebekler i\u00e7in \u00f6zel olarak tasarlanm\u0131\u015f, kar\u015f\u0131 konulmaz derecede sevimli ve pratik bir \u00fcr\u00fcnd\u00fcr. Tombul g\u00f6vdesi, y\u00fczge\u00e7leri ve tatl\u0131 gagas\u0131yla sevimli bir penguenden esinlenerek tasarlanan bu yast\u0131\u011f\u0131n ilk g\u00f6r\u00fc\u015fte kalpleri kazanaca\u011f\u0131ndan emin olabilirsiniz. Yast\u0131\u011f\u0131n merkezi kesimi, bebe\u011fin kafas\u0131na nazik ve ergonomik bir destek sa\u011flamak \u00fczere \u00f6zenle tasarlanm\u0131\u015ft\u0131r ve bebe\u011fin geli\u015fiminin erken d\u00f6nemlerinde d\u00fczg\u00fcn bir kafa \u015feklinin korunmas\u0131na yard\u0131mc\u0131 olur. \u00d6l\u00e7\u00fcleri 26,5*<em>25*<\/em>1.5CM, be\u015fiklere, bebek arabalar\u0131na veya bebek ta\u015f\u0131y\u0131c\u0131lar\u0131na rahat\u00e7a s\u0131\u011far ve nerede olurlarsa olsunlar k\u00fc\u00e7\u00fck \u00e7ocu\u011funuz i\u00e7in rahat ve tan\u0131d\u0131k bir dinlenme yeri sunar. Pembe ve mavi renkleri mevcut olup, ebeveynlerin tercihlerine veya \u00e7ocuk odas\u0131 dekoruna uygun bir renk se\u00e7melerine olanak tan\u0131r ve bebek bak\u0131m\u0131n\u0131 geli\u015ftirmek i\u00e7in hem cazibeyi hem de i\u015flevselli\u011fi birle\u015ftirir.<\/p>","protected":false},"featured_media":3301,"comment_status":"open","ping_status":"closed","template":"","meta":{"_uag_custom_page_level_css":"","site-sidebar-layout":"default","site-content-layout":"","ast-site-content-layout":"default","site-content-style":"default","site-sidebar-style":"default","ast-global-header-display":"","ast-banner-title-visibility":"","ast-main-header-display":"","ast-hfb-above-header-display":"","ast-hfb-below-header-display":"","ast-hfb-mobile-header-display":"","site-post-title":"","ast-breadcrumbs-content":"","ast-featured-img":"","footer-sml-layout":"","ast-disable-related-posts":"","theme-transparent-header-meta":"default","adv-header-id-meta":"","stick-header-meta":"","header-above-stick-meta":"","header-main-stick-meta":"","header-below-stick-meta":"","astra-migrate-meta-layouts":"set","ast-page-background-enabled":"default","ast-page-background-meta":{"desktop":{"background-color":"","background-image":"","background-repeat":"repeat","background-position":"center center","background-size":"auto","background-attachment":"scroll","background-type":"","background-media":"","overlay-type":"","overlay-color":"","overlay-opacity":"","overlay-gradient":""},"tablet":{"background-color":"","background-image":"","background-repeat":"repeat","background-position":"center center","background-size":"auto","background-attachment":"scroll","background-type":"","background-media":"","overlay-type":"","overlay-color":"","overlay-opacity":"","overlay-gradient":""},"mobile":{"background-color":"","background-image":"","background-repeat":"repeat","background-position":"center center","background-size":"auto","background-attachment":"scroll","background-type":"","background-media":"","overlay-type":"","overlay-color":"","overlay-opacity":"","overlay-gradient":""}},"ast-content-background-meta":{"desktop":{"background-color":"var(--ast-global-color-5)","background-image":"","background-repeat":"repeat","background-position":"center center","background-size":"auto","background-attachment":"scroll","background-type":"","background-media":"","overlay-type":"","overlay-color":"","overlay-opacity":"","overlay-gradient":""},"tablet":{"background-color":"var(--ast-global-color-5)","background-image":"","background-repeat":"repeat","background-position":"center center","background-size":"auto","background-attachment":"scroll","background-type":"","background-media":"","overlay-type":"","overlay-color":"","overlay-opacity":"","overlay-gradient":""},"mobile":{"background-color":"var(--ast-global-color-5)","background-image":"","background-repeat":"repeat","background-position":"center center","background-size":"auto","background-attachment":"scroll","background-type":"","background-media":"","overlay-type":"","overlay-color":"","overlay-opacity":"","overlay-gradient":""}}},"product_brand":[],"product_cat":[54,42],"product_tag":[70,68,71,69],"class_list":{"0":"post-3300","1":"product","2":"type-product","3":"status-publish","4":"has-post-thumbnail","6":"product_cat-0-to-6months","7":"product_cat-merchandise","8":"product_tag-babypillow","9":"product_tag-cuteanimalpillow","10":"product_tag-headshapesupport","11":"product_tag-kouniushapingpillow","12":"desktop-align-left","13":"tablet-align-left","14":"mobile-align-left","16":"first","17":"instock","18":"shipping-taxable","19":"product-type-simple"},"aioseo_notices":[],"uagb_featured_image_src":{"full":["https:\/\/babypillowwholesale.com\/wp-content\/uploads\/2025\/03\/1511.jpg",1000,1000,false],"thumbnail":["https:\/\/babypillowwholesale.com\/wp-content\/uploads\/2025\/03\/1511-150x150.jpg",150,150,true],"medium":["https:\/\/babypillowwholesale.com\/wp-content\/uploads\/2025\/03\/1511-300x300.jpg",300,300,true],"medium_large":["https:\/\/babypillowwholesale.com\/wp-content\/uploads\/2025\/03\/1511-768x768.jpg",768,768,true],"large":["https:\/\/babypillowwholesale.com\/wp-content\/uploads\/2025\/03\/1511.jpg",1000,1000,false],"1536x1536":["https:\/\/babypillowwholesale.com\/wp-content\/uploads\/2025\/03\/1511.jpg",1000,1000,false],"2048x2048":["https:\/\/babypillowwholesale.com\/wp-content\/uploads\/2025\/03\/1511.jpg",1000,1000,false],"trp-custom-language-flag":["https:\/\/babypillowwholesale.com\/wp-content\/uploads\/2025\/03\/1511.jpg",12,12,false],"woocommerce_thumbnail":["https:\/\/babypillowwholesale.com\/wp-content\/uploads\/2025\/03\/1511-300x300.jpg",300,300,true],"woocommerce_single":["https:\/\/babypillowwholesale.com\/wp-content\/uploads\/2025\/03\/1511-600x600.jpg",600,600,true],"woocommerce_gallery_thumbnail":["https:\/\/babypillowwholesale.com\/wp-content\/uploads\/2025\/03\/1511-100x100.jpg",100,100,true]},"uagb_author_info":{"display_name":"Etnen zhong","author_link":"https:\/\/babypillowwholesale.com\/tr\/author\/"},"uagb_comment_info":0,"uagb_excerpt":"The Penguin Shaping Pillow is an irresistibly cute and practical product tailored for infants aged 0 to 6 months. Its design, modeled after an adorable penguin with a chubby body, flippers, and a sweet beak, is sure to win hearts at first sight. The central cut - out of the pillow is carefully engineered to&hellip;","jetpack_sharing_enabled":true,"_links":{"self":[{"href":"https:\/\/babypillowwholesale.com\/tr\/wp-json\/wp\/v2\/product\/3300","targetHints":{"allow":["GET"]}}],"collection":[{"href":"https:\/\/babypillowwholesale.com\/tr\/wp-json\/wp\/v2\/product"}],"about":[{"href":"https:\/\/babypillowwholesale.com\/tr\/wp-json\/wp\/v2\/types\/product"}],"replies":[{"embeddable":true,"href":"https:\/\/babypillowwholesale.com\/tr\/wp-json\/wp\/v2\/comments?post=3300"}],"wp:featuredmedia":[{"embeddable":true,"href":"https:\/\/babypillowwholesale.com\/tr\/wp-json\/wp\/v2\/media\/3301"}],"wp:attachment":[{"href":"https:\/\/babypillowwholesale.com\/tr\/wp-json\/wp\/v2\/media?parent=3300"}],"wp:term":[{"taxonomy":"product_brand","embeddable":true,"href":"https:\/\/babypillowwholesale.com\/tr\/wp-json\/wp\/v2\/product_brand?post=3300"},{"taxonomy":"product_cat","embeddable":true,"href":"https:\/\/babypillowwholesale.com\/tr\/wp-json\/wp\/v2\/product_cat?post=3300"},{"taxonomy":"product_tag","embeddable":true,"href":"https:\/\/babypillowwholesale.com\/tr\/wp-json\/wp\/v2\/product_tag?post=3300"}],"curies":[{"name":"wp","href":"https:\/\/api.w.org\/{rel}","templated":true}]}}