{"id":3297,"date":"2025-03-22T02:36:47","date_gmt":"2025-03-22T02:36:47","guid":{"rendered":"https:\/\/babypillowwholesale.com\/?post_type=product&#038;p=3297"},"modified":"2025-06-08T16:05:37","modified_gmt":"2025-06-08T16:05:37","slug":"snotty-elephant-shaping-pillow","status":"publish","type":"product","link":"https:\/\/babypillowwholesale.com\/tr\/product\/snotty-elephant-shaping-pillow\/","title":{"rendered":"S\u00fcm\u00fckl\u00fc Fil \u015eekillendirme Yast\u0131\u011f\u0131"},"content":{"rendered":"<div class=\"auto-hide-last-sibling-br paragraph-qzbcQC paragraph-element br-paragraph-space\" data-immersive-translate-walked=\"8e61f2e7-6af2-46e5-9672-3b9e4f4033d9\" data-immersive-translate-paragraph=\"1\">\n<div class=\"auto-hide-last-sibling-br paragraph-qzbcQC paragraph-element br-paragraph-space\">\u00d6zellikle 0 ila 6 ayl\u0131k minik hazineler i\u00e7in tasarlanm\u0131\u015f r\u00fcya gibi bir temel olan Snotty Elephant \u015eekillendirme Yast\u0131\u011f\u0131m\u0131zla konfor ve \u015firinlik d\u00fcnyas\u0131na dal\u0131n. Nazik Snotty filinden ilham alan b\u00fcy\u00fcleyici tasar\u0131m\u0131, b\u00fcy\u00fck, sark\u0131k kulaklara ve tatl\u0131, minimalist bir y\u00fcze sahiptir ve bebe\u011finizin odas\u0131na an\u0131nda okyanus cazibesi katar. Bu yast\u0131k sadece sevimli g\u00f6r\u00fcn\u00fcm\u00fcyle de\u011fil, ayn\u0131 zamanda g\u00fc\u00e7l\u00fc bir destek merkezidir. Hassas konturlu merkezi kesik, bebe\u011finizin narin ba\u015f\u0131n\u0131 \u015fefkatli ve g\u00fcven verici bir \u015fekilde kucaklayarak, ilk g\u00fcnlerinin harikalar\u0131n\u0131 ke\u015ffederken onu m\u00fckemmel bir \u015fekle do\u011fru zarif\u00e7e y\u00f6nlendirir. 26,5*25*1,5CM \u00f6l\u00e7\u00fcleriyle inan\u0131lmaz derecede \u00e7ok y\u00f6nl\u00fcd\u00fcr. Evde ge\u00e7irdi\u011finiz huzurlu \u00f6\u011fleden sonralar\u0131nda bebe\u011finizin be\u015fi\u011fine yerle\u015ftirin ve uyku zaman\u0131n\u0131 sakin bir okyanus maceras\u0131na d\u00f6n\u00fc\u015ft\u00fcrmesini izleyin. \u0130ster plaj gezisi ister akvaryum ziyareti olsun, ailece d\u0131\u015far\u0131 \u00e7\u0131kt\u0131\u011f\u0131n\u0131zda yast\u0131k bebek arabas\u0131na rahat\u00e7a oturur ve k\u00fc\u00e7\u00fck \u00e7ocu\u011funuzun Snotty filinin tan\u0131d\u0131k cazibesiyle \u00e7evrili rahat bir yolculuk ge\u00e7irmesini sa\u011flar. Ebeveynler bu yast\u0131\u011fa bay\u0131l\u0131yor! \"Bebe\u011fim bu Snotty fil yast\u0131\u011f\u0131na sar\u0131l\u0131p yatmaya bay\u0131l\u0131yor. \u00c7ok yumu\u015fak ve tasar\u0131m\u0131 benzersiz. Ayr\u0131ca ba\u015f \u015feklini korumak i\u00e7in de harika oldu\u011funu fark ettim,\" diyor memnun bir anne. Bir baba ise \u015funlar\u0131 payla\u015ft\u0131: \"Bizim i\u00e7in olmazsa olmazlardan biri haline geldi. Ta\u015f\u0131mas\u0131 kolay ve renk se\u00e7enekleri ger\u00e7ekten \u00e7ok g\u00fczel. Bebe\u011fimiz onu kullan\u0131rken her zaman \u00e7ok mutlu g\u00f6r\u00fcn\u00fcyor.\" Pembe ve mavinin b\u00fcy\u00fcleyici tonlar\u0131nda sunulan Ocean Elephant \u015eekillendirme Yast\u0131\u011f\u0131, bir bebek aksesuar\u0131ndan \u00e7ok daha fazlas\u0131d\u0131r; bebe\u011finizin de\u011ferli ilk aylar\u0131 i\u00e7in konfor, destek ve okyanus cazibesi vaat eden sevgili bir arkada\u015ft\u0131r.<\/div>\n<\/div>","protected":false},"excerpt":{"rendered":"<p>Snotty Elephant \u015eekillendirici Yast\u0131k, 0-6 ayl\u0131k bebekler i\u00e7in \u00e7ekici ve pratik bir se\u00e7imdir. B\u00fcy\u00fck kulaklar\u0131 ve sade, sevimli bir y\u00fcz\u00fc olan okyanus temal\u0131 bir filden esinlenerek tasarlanan tasar\u0131m\u0131 g\u00f6z al\u0131c\u0131d\u0131r. Yast\u0131\u011f\u0131n merkezi kesimi, bebe\u011fin kafas\u0131na nazik bir destek sa\u011flamak i\u00e7in dikkatlice \u015fekillendirilmi\u015ftir ve erken geli\u015fimleri s\u0131ras\u0131nda uygun bir kafa \u015feklinin korunmas\u0131na yard\u0131mc\u0131 olur. \u00d6l\u00e7\u00fcleri 26,5*<em>25*<\/em>1.5CM, be\u015fiklere, bebek arabalar\u0131na veya bebek bir oyun mat\u0131 \u00fczerinde dinlenirken iyi uyum sa\u011flar. Pembe ve mavi renkleri bulunan bu \u00fcr\u00fcn, ebeveynlere kendi zevklerine veya \u00e7ocuk odas\u0131 dekorlar\u0131na uygun bir renk se\u00e7me se\u00e7ene\u011fi sunarak bebek bak\u0131m\u0131 i\u00e7in hem cazibeyi hem de i\u015flevselli\u011fi bir araya getiriyor.<\/p>","protected":false},"featured_media":3298,"comment_status":"open","ping_status":"closed","template":"","meta":{"_uag_custom_page_level_css":"","site-sidebar-layout":"default","site-content-layout":"","ast-site-content-layout":"default","site-content-style":"default","site-sidebar-style":"default","ast-global-header-display":"","ast-banner-title-visibility":"","ast-main-header-display":"","ast-hfb-above-header-display":"","ast-hfb-below-header-display":"","ast-hfb-mobile-header-display":"","site-post-title":"","ast-breadcrumbs-content":"","ast-featured-img":"","footer-sml-layout":"","ast-disable-related-posts":"","theme-transparent-header-meta":"default","adv-header-id-meta":"","stick-header-meta":"","header-above-stick-meta":"","header-main-stick-meta":"","header-below-stick-meta":"","astra-migrate-meta-layouts":"set","ast-page-background-enabled":"default","ast-page-background-meta":{"desktop":{"background-color":"","background-image":"","background-repeat":"repeat","background-position":"center center","background-size":"auto","background-attachment":"scroll","background-type":"","background-media":"","overlay-type":"","overlay-color":"","overlay-opacity":"","overlay-gradient":""},"tablet":{"background-color":"","background-image":"","background-repeat":"repeat","background-position":"center center","background-size":"auto","background-attachment":"scroll","background-type":"","background-media":"","overlay-type":"","overlay-color":"","overlay-opacity":"","overlay-gradient":""},"mobile":{"background-color":"","background-image":"","background-repeat":"repeat","background-position":"center center","background-size":"auto","background-attachment":"scroll","background-type":"","background-media":"","overlay-type":"","overlay-color":"","overlay-opacity":"","overlay-gradient":""}},"ast-content-background-meta":{"desktop":{"background-color":"var(--ast-global-color-5)","background-image":"","background-repeat":"repeat","background-position":"center center","background-size":"auto","background-attachment":"scroll","background-type":"","background-media":"","overlay-type":"","overlay-color":"","overlay-opacity":"","overlay-gradient":""},"tablet":{"background-color":"var(--ast-global-color-5)","background-image":"","background-repeat":"repeat","background-position":"center center","background-size":"auto","background-attachment":"scroll","background-type":"","background-media":"","overlay-type":"","overlay-color":"","overlay-opacity":"","overlay-gradient":""},"mobile":{"background-color":"var(--ast-global-color-5)","background-image":"","background-repeat":"repeat","background-position":"center center","background-size":"auto","background-attachment":"scroll","background-type":"","background-media":"","overlay-type":"","overlay-color":"","overlay-opacity":"","overlay-gradient":""}}},"product_brand":[],"product_cat":[54,42],"product_tag":[70,68,71,69],"class_list":{"0":"post-3297","1":"product","2":"type-product","3":"status-publish","4":"has-post-thumbnail","6":"product_cat-0-to-6months","7":"product_cat-merchandise","8":"product_tag-babypillow","9":"product_tag-cuteanimalpillow","10":"product_tag-headshapesupport","11":"product_tag-kouniushapingpillow","12":"desktop-align-left","13":"tablet-align-left","14":"mobile-align-left","16":"first","17":"instock","18":"shipping-taxable","19":"product-type-simple"},"aioseo_notices":[],"uagb_featured_image_src":{"full":["https:\/\/babypillowwholesale.com\/wp-content\/uploads\/2025\/03\/1510.jpg",1000,1000,false],"thumbnail":["https:\/\/babypillowwholesale.com\/wp-content\/uploads\/2025\/03\/1510-150x150.jpg",150,150,true],"medium":["https:\/\/babypillowwholesale.com\/wp-content\/uploads\/2025\/03\/1510-300x300.jpg",300,300,true],"medium_large":["https:\/\/babypillowwholesale.com\/wp-content\/uploads\/2025\/03\/1510-768x768.jpg",768,768,true],"large":["https:\/\/babypillowwholesale.com\/wp-content\/uploads\/2025\/03\/1510.jpg",1000,1000,false],"1536x1536":["https:\/\/babypillowwholesale.com\/wp-content\/uploads\/2025\/03\/1510.jpg",1000,1000,false],"2048x2048":["https:\/\/babypillowwholesale.com\/wp-content\/uploads\/2025\/03\/1510.jpg",1000,1000,false],"trp-custom-language-flag":["https:\/\/babypillowwholesale.com\/wp-content\/uploads\/2025\/03\/1510.jpg",12,12,false],"woocommerce_thumbnail":["https:\/\/babypillowwholesale.com\/wp-content\/uploads\/2025\/03\/1510-300x300.jpg",300,300,true],"woocommerce_single":["https:\/\/babypillowwholesale.com\/wp-content\/uploads\/2025\/03\/1510-600x600.jpg",600,600,true],"woocommerce_gallery_thumbnail":["https:\/\/babypillowwholesale.com\/wp-content\/uploads\/2025\/03\/1510-100x100.jpg",100,100,true]},"uagb_author_info":{"display_name":"Etnen zhong","author_link":"https:\/\/babypillowwholesale.com\/tr\/author\/"},"uagb_comment_info":1,"uagb_excerpt":"The Snotty Elephant Shaping Pillow is an appealing and practical choice for infants aged 0 to 6 months. Its design, modeled after an ocean - themed elephant with large ears and a simple, cute face, is eye - catching. The central cut - out of the pillow is carefully shaped to provide gentle support for&hellip;","jetpack_sharing_enabled":true,"_links":{"self":[{"href":"https:\/\/babypillowwholesale.com\/tr\/wp-json\/wp\/v2\/product\/3297","targetHints":{"allow":["GET"]}}],"collection":[{"href":"https:\/\/babypillowwholesale.com\/tr\/wp-json\/wp\/v2\/product"}],"about":[{"href":"https:\/\/babypillowwholesale.com\/tr\/wp-json\/wp\/v2\/types\/product"}],"replies":[{"embeddable":true,"href":"https:\/\/babypillowwholesale.com\/tr\/wp-json\/wp\/v2\/comments?post=3297"}],"wp:featuredmedia":[{"embeddable":true,"href":"https:\/\/babypillowwholesale.com\/tr\/wp-json\/wp\/v2\/media\/3298"}],"wp:attachment":[{"href":"https:\/\/babypillowwholesale.com\/tr\/wp-json\/wp\/v2\/media?parent=3297"}],"wp:term":[{"taxonomy":"product_brand","embeddable":true,"href":"https:\/\/babypillowwholesale.com\/tr\/wp-json\/wp\/v2\/product_brand?post=3297"},{"taxonomy":"product_cat","embeddable":true,"href":"https:\/\/babypillowwholesale.com\/tr\/wp-json\/wp\/v2\/product_cat?post=3297"},{"taxonomy":"product_tag","embeddable":true,"href":"https:\/\/babypillowwholesale.com\/tr\/wp-json\/wp\/v2\/product_tag?post=3297"}],"curies":[{"name":"wp","href":"https:\/\/api.w.org\/{rel}","templated":true}]}}