{"id":3291,"date":"2025-03-22T01:54:48","date_gmt":"2025-03-22T01:54:48","guid":{"rendered":"https:\/\/babypillowwholesale.com\/?post_type=product&#038;p=3291"},"modified":"2025-06-08T16:08:25","modified_gmt":"2025-06-08T16:08:25","slug":"kitten-shaping-pillow","status":"publish","type":"product","link":"https:\/\/babypillowwholesale.com\/tr\/product\/kitten-shaping-pillow\/","title":{"rendered":"Yavru Kedi \u015eekillendirme Yast\u0131\u011f\u0131"},"content":{"rendered":"<div class=\"auto-hide-last-sibling-br paragraph-qzbcQC paragraph-element br-paragraph-space\" data-immersive-translate-walked=\"8e61f2e7-6af2-46e5-9672-3b9e4f4033d9\" data-immersive-translate-paragraph=\"1\">\n<div class=\"auto-hide-last-sibling-br paragraph-qzbcQC paragraph-element br-paragraph-space\">0-6 ayl\u0131k minik ne\u015fe yumaklar\u0131 i\u00e7in \u00f6zel olarak \u00fcretilmi\u015f bir konfor cenneti olan son derece b\u00fcy\u00fcleyici Yavru Kedi \u015eekillendirme Yast\u0131\u011f\u0131na ho\u015f geldiniz. \u015e\u0131mar\u0131k kulaklar\u0131 ve tatl\u0131, sevimli ifadesiyle sevimli bir yavru kediden esinlenen tasar\u0131m\u0131, bebe\u011finizin d\u00fcnyas\u0131na kedi cazibesi katan g\u00f6rsel bir zevktir. Bu yast\u0131k sadece g\u00f6zler i\u00e7in bir \u015f\u00f6len de\u011fil; ayn\u0131 zamanda i\u015flevselli\u011fin de bir ba\u015fyap\u0131t\u0131d\u0131r. Stratejik olarak yerle\u015ftirilmi\u015f merkezi kesik, bebe\u011finizin narin ba\u015f\u0131na nazik, ergonomik bir kucaklama sunarak, ilk g\u00fcnlerinin b\u00fcy\u00fcs\u00fcn\u00fc ya\u015farken m\u00fckemmel bir \u015fekle do\u011fru zarif\u00e7e y\u00f6nlendirir. 26,5*25*1,5CM boyutlar\u0131 ile \u00e7e\u015fitli ortamlar i\u00e7in \u00e7ok y\u00f6nl\u00fc bir arkada\u015ft\u0131r. Evdeki tembel sabahlarda, bebe\u011fin be\u015fi\u011fine yerle\u015ftirin ve alan\u0131 rahat bir kedi yavrusu temal\u0131 cennete d\u00f6n\u00fc\u015ft\u00fcrerek k\u00fc\u00e7\u00fck \u00e7ocu\u011funuzu huzurlu bir uykuya dald\u0131rmas\u0131n\u0131 izleyin. \u0130ster akvaryum gezisi ister b\u00fcy\u00fckanne ve b\u00fcy\u00fckbabay\u0131 ziyaret olsun, bir aile maceras\u0131na \u00e7\u0131kt\u0131\u011f\u0131n\u0131zda, yast\u0131k bebek arabas\u0131na rahat\u00e7a oturur ve bebe\u011finizin yolculuk boyunca rahat etmesini sa\u011flar. Ebeveynler bu yast\u0131\u011f\u0131 \u00e7ok be\u011feniyor! Bir anne \u015funlar\u0131 payla\u015ft\u0131: \"Bebe\u011fim bu kedi yavrusu yast\u0131\u011f\u0131n\u0131 her g\u00f6rd\u00fc\u011f\u00fcnde \u0131\u015f\u0131ld\u0131yor. S\u00fcper yumu\u015fak ve tasar\u0131m\u0131 \u00e7ok sevimli. Ayr\u0131ca, ba\u015f\u0131n\u0131 iyi bir pozisyonda tutmak i\u00e7in harika.\" Bir baba ise \u015funlar\u0131 ekledi: \"Ta\u015f\u0131mas\u0131 \u00e7ok kolay. Farkl\u0131 renk se\u00e7enekleri de b\u00fcy\u00fck bir art\u0131. Bebe\u011fimizin g\u00fcnl\u00fck rutininin vazge\u00e7ilmez bir par\u00e7as\u0131 haline geldi.\" Pembe, mavi ve koyu ye\u015filin b\u00fcy\u00fcleyici tonlar\u0131nda mevcut olan Yavru Kedi \u015eekillendirme Yast\u0131\u011f\u0131, bir bebek aksesuar\u0131ndan \u00e7ok daha fazlas\u0131d\u0131r; bebe\u011finizin de\u011ferli ilk aylar\u0131 i\u00e7in konfor, destek ve bolca sevimlilik vaat eden sevgili bir arkada\u015ft\u0131r.<\/div>\n<\/div>","protected":false},"excerpt":{"rendered":"<p>Yavru Kedi \u015eekillendirme Yast\u0131\u011f\u0131, 0 ila 6 ayl\u0131k bebekler i\u00e7in tasarlanm\u0131\u015f b\u00fcy\u00fcleyici ve i\u015flevsel bir \u00fcr\u00fcnd\u00fcr. \u015e\u0131mar\u0131k kulaklar\u0131 ve tatl\u0131 y\u00fcz ifadesiyle kedi yavrusundan esinlenen sevimli tasar\u0131m\u0131 g\u00f6rsel olarak \u00e7ekicidir ve hem ebeveynlerin hem de bebeklerin kalbini fethedece\u011finden emin olabilirsiniz. Yast\u0131\u011f\u0131n merkezi kesimi, bebe\u011fin ba\u015f\u0131 i\u00e7in nazik ve ergonomik bir destek sa\u011flayarak, \u00f6nemli erken geli\u015fim a\u015famas\u0131nda uygun bir ba\u015f \u015feklinin korunmas\u0131na yard\u0131mc\u0131 olur. \u00d6l\u00e7\u00fcleri 26,5*<em>25*<\/em>1.5CM, be\u015fiklere, bebek arabalar\u0131na veya bebek araba koltuklar\u0131na rahat\u00e7a s\u0131\u011far ve nerede olurlarsa olsunlar k\u00fc\u00e7\u00fck \u00e7ocu\u011funuz i\u00e7in rahat bir dinlenme noktas\u0131 sunar. Pembe, mavi ve koyu ye\u015fil renklerde mevcut olan bu \u00fcr\u00fcn, ebeveynlere tercihlerine veya \u00e7ocuk odas\u0131 dekoruna uygun bir renk se\u00e7me se\u00e7ene\u011fi sunarak bebek bak\u0131m\u0131n\u0131 geli\u015ftirmek i\u00e7in \u015firinli\u011fi ve pratikli\u011fi bir araya getirir.<\/p>","protected":false},"featured_media":3292,"comment_status":"open","ping_status":"closed","template":"","meta":{"_uag_custom_page_level_css":"","site-sidebar-layout":"default","site-content-layout":"","ast-site-content-layout":"default","site-content-style":"default","site-sidebar-style":"default","ast-global-header-display":"","ast-banner-title-visibility":"","ast-main-header-display":"","ast-hfb-above-header-display":"","ast-hfb-below-header-display":"","ast-hfb-mobile-header-display":"","site-post-title":"","ast-breadcrumbs-content":"","ast-featured-img":"","footer-sml-layout":"","ast-disable-related-posts":"","theme-transparent-header-meta":"default","adv-header-id-meta":"","stick-header-meta":"","header-above-stick-meta":"","header-main-stick-meta":"","header-below-stick-meta":"","astra-migrate-meta-layouts":"set","ast-page-background-enabled":"default","ast-page-background-meta":{"desktop":{"background-color":"","background-image":"","background-repeat":"repeat","background-position":"center center","background-size":"auto","background-attachment":"scroll","background-type":"","background-media":"","overlay-type":"","overlay-color":"","overlay-opacity":"","overlay-gradient":""},"tablet":{"background-color":"","background-image":"","background-repeat":"repeat","background-position":"center center","background-size":"auto","background-attachment":"scroll","background-type":"","background-media":"","overlay-type":"","overlay-color":"","overlay-opacity":"","overlay-gradient":""},"mobile":{"background-color":"","background-image":"","background-repeat":"repeat","background-position":"center center","background-size":"auto","background-attachment":"scroll","background-type":"","background-media":"","overlay-type":"","overlay-color":"","overlay-opacity":"","overlay-gradient":""}},"ast-content-background-meta":{"desktop":{"background-color":"var(--ast-global-color-5)","background-image":"","background-repeat":"repeat","background-position":"center center","background-size":"auto","background-attachment":"scroll","background-type":"","background-media":"","overlay-type":"","overlay-color":"","overlay-opacity":"","overlay-gradient":""},"tablet":{"background-color":"var(--ast-global-color-5)","background-image":"","background-repeat":"repeat","background-position":"center center","background-size":"auto","background-attachment":"scroll","background-type":"","background-media":"","overlay-type":"","overlay-color":"","overlay-opacity":"","overlay-gradient":""},"mobile":{"background-color":"var(--ast-global-color-5)","background-image":"","background-repeat":"repeat","background-position":"center center","background-size":"auto","background-attachment":"scroll","background-type":"","background-media":"","overlay-type":"","overlay-color":"","overlay-opacity":"","overlay-gradient":""}}},"product_brand":[],"product_cat":[54,42],"product_tag":[70,68,71,69],"class_list":{"0":"post-3291","1":"product","2":"type-product","3":"status-publish","4":"has-post-thumbnail","6":"product_cat-0-to-6months","7":"product_cat-merchandise","8":"product_tag-babypillow","9":"product_tag-cuteanimalpillow","10":"product_tag-headshapesupport","11":"product_tag-kouniushapingpillow","12":"desktop-align-left","13":"tablet-align-left","14":"mobile-align-left","16":"first","17":"instock","18":"shipping-taxable","19":"product-type-simple"},"aioseo_notices":[],"uagb_featured_image_src":{"full":["https:\/\/babypillowwholesale.com\/wp-content\/uploads\/2025\/03\/1509.jpg",1000,1000,false],"thumbnail":["https:\/\/babypillowwholesale.com\/wp-content\/uploads\/2025\/03\/1509-150x150.jpg",150,150,true],"medium":["https:\/\/babypillowwholesale.com\/wp-content\/uploads\/2025\/03\/1509-300x300.jpg",300,300,true],"medium_large":["https:\/\/babypillowwholesale.com\/wp-content\/uploads\/2025\/03\/1509-768x768.jpg",768,768,true],"large":["https:\/\/babypillowwholesale.com\/wp-content\/uploads\/2025\/03\/1509.jpg",1000,1000,false],"1536x1536":["https:\/\/babypillowwholesale.com\/wp-content\/uploads\/2025\/03\/1509.jpg",1000,1000,false],"2048x2048":["https:\/\/babypillowwholesale.com\/wp-content\/uploads\/2025\/03\/1509.jpg",1000,1000,false],"trp-custom-language-flag":["https:\/\/babypillowwholesale.com\/wp-content\/uploads\/2025\/03\/1509.jpg",12,12,false],"woocommerce_thumbnail":["https:\/\/babypillowwholesale.com\/wp-content\/uploads\/2025\/03\/1509-300x300.jpg",300,300,true],"woocommerce_single":["https:\/\/babypillowwholesale.com\/wp-content\/uploads\/2025\/03\/1509-600x600.jpg",600,600,true],"woocommerce_gallery_thumbnail":["https:\/\/babypillowwholesale.com\/wp-content\/uploads\/2025\/03\/1509-100x100.jpg",100,100,true]},"uagb_author_info":{"display_name":"Etnen zhong","author_link":"https:\/\/babypillowwholesale.com\/tr\/author\/"},"uagb_comment_info":0,"uagb_excerpt":"The Kitten Shaping Pillow is a charming and functional product designed for infants aged 0 to 6 months. Its cute kitten - inspired design, with perky ears and a sweet - faced expression, is visually appealing and sure to capture the hearts of both parents and babies. The central cut - out of the pillow&hellip;","jetpack_sharing_enabled":true,"_links":{"self":[{"href":"https:\/\/babypillowwholesale.com\/tr\/wp-json\/wp\/v2\/product\/3291","targetHints":{"allow":["GET"]}}],"collection":[{"href":"https:\/\/babypillowwholesale.com\/tr\/wp-json\/wp\/v2\/product"}],"about":[{"href":"https:\/\/babypillowwholesale.com\/tr\/wp-json\/wp\/v2\/types\/product"}],"replies":[{"embeddable":true,"href":"https:\/\/babypillowwholesale.com\/tr\/wp-json\/wp\/v2\/comments?post=3291"}],"wp:featuredmedia":[{"embeddable":true,"href":"https:\/\/babypillowwholesale.com\/tr\/wp-json\/wp\/v2\/media\/3292"}],"wp:attachment":[{"href":"https:\/\/babypillowwholesale.com\/tr\/wp-json\/wp\/v2\/media?parent=3291"}],"wp:term":[{"taxonomy":"product_brand","embeddable":true,"href":"https:\/\/babypillowwholesale.com\/tr\/wp-json\/wp\/v2\/product_brand?post=3291"},{"taxonomy":"product_cat","embeddable":true,"href":"https:\/\/babypillowwholesale.com\/tr\/wp-json\/wp\/v2\/product_cat?post=3291"},{"taxonomy":"product_tag","embeddable":true,"href":"https:\/\/babypillowwholesale.com\/tr\/wp-json\/wp\/v2\/product_tag?post=3291"}],"curies":[{"name":"wp","href":"https:\/\/api.w.org\/{rel}","templated":true}]}}