{"id":3289,"date":"2025-03-20T08:23:07","date_gmt":"2025-03-20T08:23:07","guid":{"rendered":"https:\/\/babypillowwholesale.com\/?post_type=product&#038;p=3289"},"modified":"2025-06-08T16:10:06","modified_gmt":"2025-06-08T16:10:06","slug":"crown-shaping-pillow","status":"publish","type":"product","link":"https:\/\/babypillowwholesale.com\/tr\/product\/crown-shaping-pillow\/","title":{"rendered":"Ta\u00e7 \u015eekillendirme Yast\u0131\u011f\u0131"},"content":{"rendered":"<div class=\"auto-hide-last-sibling-br paragraph-qzbcQC paragraph-element br-paragraph-space\" data-immersive-translate-walked=\"8e61f2e7-6af2-46e5-9672-3b9e4f4033d9\" data-immersive-translate-paragraph=\"1\">\n<div class=\"auto-hide-last-sibling-br paragraph-qzbcQC paragraph-element br-paragraph-space\">0-6 ayl\u0131k minik kraliyet ailesi i\u00e7in titizlikle haz\u0131rlanm\u0131\u015f, zarafet ve i\u015flevselli\u011fin m\u00fckemmel bir kar\u0131\u015f\u0131m\u0131 olan Crown Shaping Pillow'u sunuyoruz. Tepesinde zarif bir ta\u00e7la s\u00fcslenmi\u015f kendine \u00f6zg\u00fc tasar\u0131m\u0131, muhte\u015fem bir cazibe katarak onu sadece bir yast\u0131k de\u011fil, her \u00e7ocuk odas\u0131nda bir ifade par\u00e7as\u0131 haline getirir. Bu yast\u0131k bir konfor ve destek s\u0131\u011f\u0131na\u011f\u0131d\u0131r. Hassas konturlu merkezi kesik, bebe\u011finizin narin ba\u015f\u0131n\u0131 \u015fefkatle kucaklar ve de\u011ferli ilk g\u00fcnlerinde s\u00fcr\u00fcklenirken m\u00fckemmel bir \u015fekle do\u011fru zarif\u00e7e y\u00f6nlendirir. 26,5*25*1,5CM boyutlar\u0131 ile \u00e7e\u015fitli ortamlar i\u00e7in idealdir. \u0130ster bebe\u011finizin be\u015fi\u011finin l\u00fcks yumu\u015fakl\u0131\u011f\u0131na yerle\u015ftirilmi\u015f olsun, ister huzurlu uykular\u0131 i\u00e7in rahat bir taht olu\u015ftursun, ister mahallede g\u00fcne\u015fli bir gezinti s\u0131ras\u0131nda bebek arabas\u0131nda ona e\u015flik etsin, bu yast\u0131k sars\u0131lmaz bir konfor sa\u011flar. Ayn\u0131 zamanda bebek ta\u015f\u0131y\u0131c\u0131lar\u0131na da rahat\u00e7a s\u0131\u011far ve k\u00fc\u00e7\u00fck \u00e7ocu\u011funuzu rahat\u00e7a desteklerken gezintileri \u00e7ocuk oyunca\u011f\u0131 haline getirir. Ebeveynler bu yast\u0131kla b\u00fcy\u00fcleniyor! Sevin\u00e7li bir anne \u015funlar\u0131 payla\u015ft\u0131: \"Bebe\u011fim bu ta\u00e7 yast\u0131\u011f\u0131n \u00fczerinde dinlenirken k\u00fc\u00e7\u00fck bir prens\/prenses gibi g\u00f6r\u00fcn\u00fcyor. \u0130nan\u0131lmaz yumu\u015fak ve ba\u015f \u015feklinde b\u00fcy\u00fck bir geli\u015fme oldu\u011funu fark ettim. Se\u00e7ti\u011fimiz mavi renk \u00e7ocuk odas\u0131nda \u00e7ok \u00e7arp\u0131c\u0131.\" Bir baba ise \u015funlar\u0131 ekledi: \"Her yere yan\u0131m\u0131zda g\u00f6t\u00fcrmek i\u00e7in \u00e7ok uygun. Tasar\u0131m\u0131 benzersiz ve bebe\u011fim onu seviyor gibi g\u00f6r\u00fcn\u00fcyor. Bebe\u011fimizin temel ihtiya\u00e7lar\u0131na harika bir katk\u0131.\" Pembe ve mavinin b\u00fcy\u00fcleyici tonlar\u0131nda sunulan Crown Shaping Pillow, bir bebek aksesuar\u0131ndan \u00e7ok daha fazlas\u0131d\u0131r; bebe\u011finizin de\u011ferli ilk aylar\u0131 i\u00e7in konfor, destek ve bir tutam kraliyet cazibesi vaat eden de\u011ferli bir arkada\u015ft\u0131r.<\/div>\n<\/div>","protected":false},"excerpt":{"rendered":"<p>Ta\u00e7 \u015eekillendirme Yast\u0131\u011f\u0131, 0-6 ayl\u0131k bebekler i\u00e7in tasarlanm\u0131\u015f sevimli ve pratik bir \u00fcr\u00fcnd\u00fcr. Tepesinde sevimli bir ta\u00e7 bulunan benzersiz tasar\u0131m\u0131, ona muhte\u015fem ve sevimli bir g\u00f6r\u00fcn\u00fcm kazand\u0131r\u0131r. Yast\u0131\u011f\u0131n merkezi kesimi, bebe\u011fin kafas\u0131na nazik bir destek sa\u011flamak i\u00e7in \u00f6zenle haz\u0131rlanm\u0131\u015ft\u0131r ve \u00f6nemli erken geli\u015fim a\u015famas\u0131nda uygun bir kafa \u015feklinin korunmas\u0131na yard\u0131mc\u0131 olur. \u00d6l\u00e7\u00fcleri 26,5<em>25<\/em>1.5CM, be\u015fiklere, bebek arabalar\u0131na veya bebek battaniye \u00fczerinde dinlenirken rahat\u00e7a s\u0131\u011far. Pembe ve mavi renkleri mevcuttur, ebeveynlerin zevklerine veya \u00e7ocuk odas\u0131 dekorlar\u0131na uygun bir renk se\u00e7melerine olanak tan\u0131r ve optimum bebek bak\u0131m\u0131 i\u00e7in hem stil hem de i\u015flevselli\u011fi birle\u015ftirir.<\/p>","protected":false},"featured_media":3290,"comment_status":"open","ping_status":"closed","template":"","meta":{"_uag_custom_page_level_css":"","site-sidebar-layout":"default","site-content-layout":"","ast-site-content-layout":"default","site-content-style":"default","site-sidebar-style":"default","ast-global-header-display":"","ast-banner-title-visibility":"","ast-main-header-display":"","ast-hfb-above-header-display":"","ast-hfb-below-header-display":"","ast-hfb-mobile-header-display":"","site-post-title":"","ast-breadcrumbs-content":"","ast-featured-img":"","footer-sml-layout":"","ast-disable-related-posts":"","theme-transparent-header-meta":"default","adv-header-id-meta":"","stick-header-meta":"","header-above-stick-meta":"","header-main-stick-meta":"","header-below-stick-meta":"","astra-migrate-meta-layouts":"set","ast-page-background-enabled":"default","ast-page-background-meta":{"desktop":{"background-color":"","background-image":"","background-repeat":"repeat","background-position":"center center","background-size":"auto","background-attachment":"scroll","background-type":"","background-media":"","overlay-type":"","overlay-color":"","overlay-opacity":"","overlay-gradient":""},"tablet":{"background-color":"","background-image":"","background-repeat":"repeat","background-position":"center center","background-size":"auto","background-attachment":"scroll","background-type":"","background-media":"","overlay-type":"","overlay-color":"","overlay-opacity":"","overlay-gradient":""},"mobile":{"background-color":"","background-image":"","background-repeat":"repeat","background-position":"center center","background-size":"auto","background-attachment":"scroll","background-type":"","background-media":"","overlay-type":"","overlay-color":"","overlay-opacity":"","overlay-gradient":""}},"ast-content-background-meta":{"desktop":{"background-color":"var(--ast-global-color-5)","background-image":"","background-repeat":"repeat","background-position":"center center","background-size":"auto","background-attachment":"scroll","background-type":"","background-media":"","overlay-type":"","overlay-color":"","overlay-opacity":"","overlay-gradient":""},"tablet":{"background-color":"var(--ast-global-color-5)","background-image":"","background-repeat":"repeat","background-position":"center center","background-size":"auto","background-attachment":"scroll","background-type":"","background-media":"","overlay-type":"","overlay-color":"","overlay-opacity":"","overlay-gradient":""},"mobile":{"background-color":"var(--ast-global-color-5)","background-image":"","background-repeat":"repeat","background-position":"center center","background-size":"auto","background-attachment":"scroll","background-type":"","background-media":"","overlay-type":"","overlay-color":"","overlay-opacity":"","overlay-gradient":""}}},"product_brand":[],"product_cat":[54,42],"product_tag":[70,68,71,69],"class_list":{"0":"post-3289","1":"product","2":"type-product","3":"status-publish","4":"has-post-thumbnail","6":"product_cat-0-to-6months","7":"product_cat-merchandise","8":"product_tag-babypillow","9":"product_tag-cuteanimalpillow","10":"product_tag-headshapesupport","11":"product_tag-kouniushapingpillow","12":"desktop-align-left","13":"tablet-align-left","14":"mobile-align-left","16":"first","17":"instock","18":"shipping-taxable","19":"product-type-simple"},"aioseo_notices":[],"uagb_featured_image_src":{"full":["https:\/\/babypillowwholesale.com\/wp-content\/uploads\/2025\/03\/1508.jpg",1000,1000,false],"thumbnail":["https:\/\/babypillowwholesale.com\/wp-content\/uploads\/2025\/03\/1508-150x150.jpg",150,150,true],"medium":["https:\/\/babypillowwholesale.com\/wp-content\/uploads\/2025\/03\/1508-300x300.jpg",300,300,true],"medium_large":["https:\/\/babypillowwholesale.com\/wp-content\/uploads\/2025\/03\/1508-768x768.jpg",768,768,true],"large":["https:\/\/babypillowwholesale.com\/wp-content\/uploads\/2025\/03\/1508.jpg",1000,1000,false],"1536x1536":["https:\/\/babypillowwholesale.com\/wp-content\/uploads\/2025\/03\/1508.jpg",1000,1000,false],"2048x2048":["https:\/\/babypillowwholesale.com\/wp-content\/uploads\/2025\/03\/1508.jpg",1000,1000,false],"trp-custom-language-flag":["https:\/\/babypillowwholesale.com\/wp-content\/uploads\/2025\/03\/1508.jpg",12,12,false],"woocommerce_thumbnail":["https:\/\/babypillowwholesale.com\/wp-content\/uploads\/2025\/03\/1508-300x300.jpg",300,300,true],"woocommerce_single":["https:\/\/babypillowwholesale.com\/wp-content\/uploads\/2025\/03\/1508-600x600.jpg",600,600,true],"woocommerce_gallery_thumbnail":["https:\/\/babypillowwholesale.com\/wp-content\/uploads\/2025\/03\/1508-100x100.jpg",100,100,true]},"uagb_author_info":{"display_name":"yangli","author_link":"https:\/\/babypillowwholesale.com\/tr\/author\/"},"uagb_comment_info":0,"uagb_excerpt":"The Crown Shaping Pillow is a charming and practical product designed for infants aged 0 to 6 months. Its unique design, featuring a cute crown on top, gives it a regal and adorable look. The central cut - out of the pillow is carefully crafted to provide gentle support for a baby's head, helping to&hellip;","jetpack_sharing_enabled":true,"_links":{"self":[{"href":"https:\/\/babypillowwholesale.com\/tr\/wp-json\/wp\/v2\/product\/3289","targetHints":{"allow":["GET"]}}],"collection":[{"href":"https:\/\/babypillowwholesale.com\/tr\/wp-json\/wp\/v2\/product"}],"about":[{"href":"https:\/\/babypillowwholesale.com\/tr\/wp-json\/wp\/v2\/types\/product"}],"replies":[{"embeddable":true,"href":"https:\/\/babypillowwholesale.com\/tr\/wp-json\/wp\/v2\/comments?post=3289"}],"wp:featuredmedia":[{"embeddable":true,"href":"https:\/\/babypillowwholesale.com\/tr\/wp-json\/wp\/v2\/media\/3290"}],"wp:attachment":[{"href":"https:\/\/babypillowwholesale.com\/tr\/wp-json\/wp\/v2\/media?parent=3289"}],"wp:term":[{"taxonomy":"product_brand","embeddable":true,"href":"https:\/\/babypillowwholesale.com\/tr\/wp-json\/wp\/v2\/product_brand?post=3289"},{"taxonomy":"product_cat","embeddable":true,"href":"https:\/\/babypillowwholesale.com\/tr\/wp-json\/wp\/v2\/product_cat?post=3289"},{"taxonomy":"product_tag","embeddable":true,"href":"https:\/\/babypillowwholesale.com\/tr\/wp-json\/wp\/v2\/product_tag?post=3289"}],"curies":[{"name":"wp","href":"https:\/\/api.w.org\/{rel}","templated":true}]}}