{"id":3286,"date":"2025-03-18T15:34:57","date_gmt":"2025-03-18T15:34:57","guid":{"rendered":"https:\/\/babypillowwholesale.com\/?post_type=product&#038;p=3286"},"modified":"2025-06-08T16:11:21","modified_gmt":"2025-06-08T16:11:21","slug":"monster-shaping-pillow","status":"publish","type":"product","link":"https:\/\/babypillowwholesale.com\/tr\/product\/monster-shaping-pillow\/","title":{"rendered":"Canavar \u015eekillendirme Yast\u0131\u011f\u0131"},"content":{"rendered":"<div class=\"auto-hide-last-sibling-br paragraph-qzbcQC paragraph-element br-paragraph-space\" data-immersive-translate-walked=\"8e61f2e7-6af2-46e5-9672-3b9e4f4033d9\" data-immersive-translate-paragraph=\"1\">\n<div class=\"auto-hide-last-sibling-br paragraph-qzbcQC paragraph-element br-paragraph-space\">0-6 ayl\u0131k minik macerac\u0131lar i\u00e7in mutlak bir gereklilik olan Canavar \u015eekillendirici Yast\u0131\u011f\u0131m\u0131z ile tuhaf ve rahat bir d\u00fcnyaya ad\u0131m at\u0131n. B\u00fcy\u00fck, merakl\u0131 yuvarlak g\u00f6zler, sevimli k\u00fc\u00e7\u00fck bir burun ve \u015f\u0131mar\u0131k kulaklar i\u00e7eren sevimli canavar esintili tasar\u0131m\u0131, her \u00e7ocuk odas\u0131n\u0131 an\u0131nda ayd\u0131nlatan e\u011flenceli bir eklentidir. Bu yast\u0131k sadece b\u00fcy\u00fcleyici g\u00f6r\u00fcn\u00fcm\u00fcyle de\u011fil, ayn\u0131 zamanda bir destek cennetidir. \u00d6zenle \u015fekillendirilmi\u015f merkezi kesik, bebe\u011finizin narin ba\u015f\u0131n\u0131 nazik ve g\u00fcven verici bir \u015fekilde kucaklayarak, hayat\u0131n\u0131n ilk g\u00fcnlerini ke\u015ffederken m\u00fckemmel bir \u015fekle do\u011fru zarif\u00e7e y\u00f6nlendirir. 26,5*25*1,5CM boyutlar\u0131 ile inan\u0131lmaz derecede \u00e7ok y\u00f6nl\u00fcd\u00fcr. Evdeki tembel Pazar \u00f6\u011fleden sonralar\u0131nda, bebe\u011fin be\u015fi\u011fine yerle\u015ftirin ve uyku zaman\u0131n\u0131 rahat, r\u00fcya dolu bir deneyime d\u00f6n\u00fc\u015ft\u00fcrmesini izleyin. \u0130ster hayvanat bah\u00e7esi gezisi ister parkta piknik olsun, ailece d\u0131\u015far\u0131 \u00e7\u0131kt\u0131\u011f\u0131n\u0131zda yast\u0131k bebek arabas\u0131na rahat\u00e7a oturur ve k\u00fc\u00e7\u00fck \u00e7ocu\u011funuzun rahat bir yolculuk ge\u00e7irmesini sa\u011flar. Ebeveynler bu keyifli yast\u0131k hakk\u0131nda \u00f6vg\u00fcler ya\u011fd\u0131r\u0131yor! Bir anne \u015f\u00f6yle diyor: \"Bebe\u011fim bu canavar yast\u0131\u011fa takm\u0131\u015f durumda. \u00c7ok yumu\u015fak ve tasar\u0131m\u0131 onlar\u0131 her zaman k\u0131k\u0131rdat\u0131yor. Ayr\u0131ca, ba\u015f\u0131n\u0131 iyi bir pozisyonda tutmak i\u00e7in harika.\" Bir baba ise \u015funlar\u0131 payla\u015ft\u0131: \"Ta\u015f\u0131mas\u0131n\u0131n bu kadar kolay olmas\u0131na bay\u0131l\u0131yorum. Seyahatlerimizin vazge\u00e7ilmezi haline geldi ve renk se\u00e7enekleri ger\u00e7ekten \u00e7ok g\u00fczel. Di\u011fer ebeveynlere \u015fiddetle tavsiye ederim.\" Pembe ve mavinin b\u00fcy\u00fcleyici tonlar\u0131nda mevcut olan Canavar \u015eekillendirme Yast\u0131\u011f\u0131, bir bebek aksesuar\u0131ndan \u00e7ok daha fazlas\u0131d\u0131r; bebe\u011finizin de\u011ferli ilk g\u00fcnleri i\u00e7in rahatl\u0131k, destek ve bolca e\u011flence vaat eden sevgili bir arkada\u015ft\u0131r.<\/div>\n<\/div>","protected":false},"excerpt":{"rendered":"<p>Canavar \u015eekillendirme Yast\u0131\u011f\u0131, 0-6 ayl\u0131k bebekler i\u00e7in tasarlanm\u0131\u015f ilgi \u00e7ekici ve pratik bir \u00fcr\u00fcnd\u00fcr. Yuvarlak g\u00f6zleri, k\u00fc\u00e7\u00fck burnu ve k\u00fc\u00e7\u00fck kulaklar\u0131yla sevimli canavar temal\u0131 g\u00f6r\u00fcn\u00fcm\u00fc, onu g\u00f6rsel olarak ilgin\u00e7 k\u0131lar. Yast\u0131\u011f\u0131n benzersiz merkezi kesimi, bebe\u011fin kafas\u0131na nazik bir destek sa\u011flayarak erken b\u00fcy\u00fcme d\u00f6neminde d\u00fczg\u00fcn bir kafa \u015feklinin korunmas\u0131na yard\u0131mc\u0131 olur. \u00d6l\u00e7\u00fcleri 26,5<em>25<\/em>1,5 CM, be\u015fiklerde, bebek arabalar\u0131nda veya bebek bir oyun mat\u0131 \u00fczerinde yatarken kullan\u0131m i\u00e7in uygundur. Pembe ve mavi renkleri bulunan bu \u00fcr\u00fcn, ebeveynlere kendi tercihlerine veya bebek odas\u0131 dekoruna uygun bir renk se\u00e7me se\u00e7ene\u011fi sunarak bebek bak\u0131m\u0131 i\u00e7in hem e\u011flenceyi hem de i\u015flevselli\u011fi bir araya getirir.<\/p>","protected":false},"featured_media":3287,"comment_status":"open","ping_status":"closed","template":"","meta":{"_uag_custom_page_level_css":"","site-sidebar-layout":"default","site-content-layout":"","ast-site-content-layout":"default","site-content-style":"default","site-sidebar-style":"default","ast-global-header-display":"","ast-banner-title-visibility":"","ast-main-header-display":"","ast-hfb-above-header-display":"","ast-hfb-below-header-display":"","ast-hfb-mobile-header-display":"","site-post-title":"","ast-breadcrumbs-content":"","ast-featured-img":"","footer-sml-layout":"","ast-disable-related-posts":"","theme-transparent-header-meta":"default","adv-header-id-meta":"","stick-header-meta":"","header-above-stick-meta":"","header-main-stick-meta":"","header-below-stick-meta":"","astra-migrate-meta-layouts":"set","ast-page-background-enabled":"default","ast-page-background-meta":{"desktop":{"background-color":"","background-image":"","background-repeat":"repeat","background-position":"center center","background-size":"auto","background-attachment":"scroll","background-type":"","background-media":"","overlay-type":"","overlay-color":"","overlay-opacity":"","overlay-gradient":""},"tablet":{"background-color":"","background-image":"","background-repeat":"repeat","background-position":"center center","background-size":"auto","background-attachment":"scroll","background-type":"","background-media":"","overlay-type":"","overlay-color":"","overlay-opacity":"","overlay-gradient":""},"mobile":{"background-color":"","background-image":"","background-repeat":"repeat","background-position":"center center","background-size":"auto","background-attachment":"scroll","background-type":"","background-media":"","overlay-type":"","overlay-color":"","overlay-opacity":"","overlay-gradient":""}},"ast-content-background-meta":{"desktop":{"background-color":"var(--ast-global-color-5)","background-image":"","background-repeat":"repeat","background-position":"center center","background-size":"auto","background-attachment":"scroll","background-type":"","background-media":"","overlay-type":"","overlay-color":"","overlay-opacity":"","overlay-gradient":""},"tablet":{"background-color":"var(--ast-global-color-5)","background-image":"","background-repeat":"repeat","background-position":"center center","background-size":"auto","background-attachment":"scroll","background-type":"","background-media":"","overlay-type":"","overlay-color":"","overlay-opacity":"","overlay-gradient":""},"mobile":{"background-color":"var(--ast-global-color-5)","background-image":"","background-repeat":"repeat","background-position":"center center","background-size":"auto","background-attachment":"scroll","background-type":"","background-media":"","overlay-type":"","overlay-color":"","overlay-opacity":"","overlay-gradient":""}}},"product_brand":[],"product_cat":[54,42],"product_tag":[70,68,71,69],"class_list":{"0":"post-3286","1":"product","2":"type-product","3":"status-publish","4":"has-post-thumbnail","6":"product_cat-0-to-6months","7":"product_cat-merchandise","8":"product_tag-babypillow","9":"product_tag-cuteanimalpillow","10":"product_tag-headshapesupport","11":"product_tag-kouniushapingpillow","12":"desktop-align-left","13":"tablet-align-left","14":"mobile-align-left","16":"first","17":"instock","18":"shipping-taxable","19":"product-type-simple"},"aioseo_notices":[],"uagb_featured_image_src":{"full":["https:\/\/babypillowwholesale.com\/wp-content\/uploads\/2025\/03\/1507.jpg",1000,1000,false],"thumbnail":["https:\/\/babypillowwholesale.com\/wp-content\/uploads\/2025\/03\/1507-150x150.jpg",150,150,true],"medium":["https:\/\/babypillowwholesale.com\/wp-content\/uploads\/2025\/03\/1507-300x300.jpg",300,300,true],"medium_large":["https:\/\/babypillowwholesale.com\/wp-content\/uploads\/2025\/03\/1507-768x768.jpg",768,768,true],"large":["https:\/\/babypillowwholesale.com\/wp-content\/uploads\/2025\/03\/1507.jpg",1000,1000,false],"1536x1536":["https:\/\/babypillowwholesale.com\/wp-content\/uploads\/2025\/03\/1507.jpg",1000,1000,false],"2048x2048":["https:\/\/babypillowwholesale.com\/wp-content\/uploads\/2025\/03\/1507.jpg",1000,1000,false],"trp-custom-language-flag":["https:\/\/babypillowwholesale.com\/wp-content\/uploads\/2025\/03\/1507.jpg",12,12,false],"woocommerce_thumbnail":["https:\/\/babypillowwholesale.com\/wp-content\/uploads\/2025\/03\/1507-300x300.jpg",300,300,true],"woocommerce_single":["https:\/\/babypillowwholesale.com\/wp-content\/uploads\/2025\/03\/1507-600x600.jpg",600,600,true],"woocommerce_gallery_thumbnail":["https:\/\/babypillowwholesale.com\/wp-content\/uploads\/2025\/03\/1507-100x100.jpg",100,100,true]},"uagb_author_info":{"display_name":"Etnen zhong","author_link":"https:\/\/babypillowwholesale.com\/tr\/author\/"},"uagb_comment_info":0,"uagb_excerpt":"The Monster Shaping Pillow is an engaging and practical product designed for infants aged 0 to 6 months. Its cute monster - themed appearance, with round eyes, a small nose, and little ears, makes it visually interesting. The unique central cut - out of the pillow provides gentle support for a baby's head, helping to&hellip;","jetpack_sharing_enabled":true,"_links":{"self":[{"href":"https:\/\/babypillowwholesale.com\/tr\/wp-json\/wp\/v2\/product\/3286","targetHints":{"allow":["GET"]}}],"collection":[{"href":"https:\/\/babypillowwholesale.com\/tr\/wp-json\/wp\/v2\/product"}],"about":[{"href":"https:\/\/babypillowwholesale.com\/tr\/wp-json\/wp\/v2\/types\/product"}],"replies":[{"embeddable":true,"href":"https:\/\/babypillowwholesale.com\/tr\/wp-json\/wp\/v2\/comments?post=3286"}],"wp:featuredmedia":[{"embeddable":true,"href":"https:\/\/babypillowwholesale.com\/tr\/wp-json\/wp\/v2\/media\/3287"}],"wp:attachment":[{"href":"https:\/\/babypillowwholesale.com\/tr\/wp-json\/wp\/v2\/media?parent=3286"}],"wp:term":[{"taxonomy":"product_brand","embeddable":true,"href":"https:\/\/babypillowwholesale.com\/tr\/wp-json\/wp\/v2\/product_brand?post=3286"},{"taxonomy":"product_cat","embeddable":true,"href":"https:\/\/babypillowwholesale.com\/tr\/wp-json\/wp\/v2\/product_cat?post=3286"},{"taxonomy":"product_tag","embeddable":true,"href":"https:\/\/babypillowwholesale.com\/tr\/wp-json\/wp\/v2\/product_tag?post=3286"}],"curies":[{"name":"wp","href":"https:\/\/api.w.org\/{rel}","templated":true}]}}