{"id":3273,"date":"2025-03-18T07:02:19","date_gmt":"2025-03-18T07:02:19","guid":{"rendered":"https:\/\/babypillowwholesale.com\/?post_type=product&#038;p=3273"},"modified":"2025-06-08T16:12:27","modified_gmt":"2025-06-08T16:12:27","slug":"adorable-bunny-shaping-pillow","status":"publish","type":"product","link":"https:\/\/babypillowwholesale.com\/tr\/product\/adorable-bunny-shaping-pillow\/","title":{"rendered":"Sevimli Tav\u015fan \u015eekillendirme Yast\u0131\u011f\u0131"},"content":{"rendered":"<div class=\"auto-hide-last-sibling-br paragraph-qzbcQC paragraph-element br-paragraph-space\" data-immersive-translate-walked=\"8e61f2e7-6af2-46e5-9672-3b9e4f4033d9\" data-immersive-translate-paragraph=\"1\">\n<div class=\"auto-hide-last-sibling-br paragraph-qzbcQC paragraph-element br-paragraph-space\">0-6 ayl\u0131k bebekler i\u00e7in mutlaka sahip olunmas\u0131 gereken Sevimli Tav\u015fan \u015eekillendirme Yast\u0131\u011f\u0131m\u0131z ile mini\u011finizi konforun kuca\u011f\u0131nda \u015f\u0131mart\u0131n. Sark\u0131k kulaklar\u0131 ve dingin, yar\u0131 kapal\u0131 g\u00f6zl\u00fc ifadesiyle de\u011ferli bir tav\u015fan\u0131 taklit edecek \u015fekilde haz\u0131rlanm\u0131\u015f olan bu yast\u0131k, her \u00e7ocuk odas\u0131na masals\u0131 bir cazibe katan g\u00f6rsel bir \u015faheserdir. Bu yast\u0131k i\u015flevselli\u011fin bir \u00f6rne\u011fidir. Stratejik olarak yerle\u015ftirilmi\u015f merkezi kesik, bebe\u011finizin narin ba\u015f\u0131n\u0131 nazik\u00e7e destekler ve ilk aylar\u0131n\u0131n harikalar\u0131n\u0131 ya\u015farken onu m\u00fckemmel bir \u015fekle do\u011fru zarif\u00e7e y\u00f6nlendirir. 26,5*25*1,5CM boyutlar\u0131nda, inan\u0131lmaz derecede \u00e7ok y\u00f6nl\u00fcd\u00fcr. \u0130ster bebe\u011finizin be\u015fi\u011finin yumu\u015fak kuca\u011f\u0131na yerle\u015ftirilsin, ister uyku zaman\u0131n\u0131 r\u00fcya gibi bir ka\u00e7\u0131\u015fa d\u00f6n\u00fc\u015ft\u00fcrs\u00fcn, ister sahilde esintili bir y\u00fcr\u00fcy\u00fc\u015f i\u00e7in bebek arabas\u0131na yerle\u015ftirilsin, bu yast\u0131k k\u00fc\u00e7\u00fck sevin\u00e7 demetinizin her zaman rahat olmas\u0131n\u0131 sa\u011flar. Ayr\u0131ca bebek araba koltuklar\u0131na da rahat\u00e7a s\u0131\u011far ve uzun araba yolculuklar\u0131n\u0131 bebe\u011finiz i\u00e7in huzurlu bir hale getirir. Ebeveynler bu yast\u0131\u011fa a\u015f\u0131k! \"Bu Sevimli Tav\u015fan \u015eekillendirici Yast\u0131\u011f\u0131 bebe\u011fimin be\u015fi\u011fine yerle\u015ftirdi\u011fim anda bunun bir kazanan oldu\u011funu anlad\u0131m. Sadece s\u00fcper yumu\u015fak de\u011fil, ayn\u0131 zamanda bebe\u011fimin kafa \u015feklinde de g\u00f6zle g\u00f6r\u00fcl\u00fcr bir fark yaratt\u0131,\" diye hayk\u0131rd\u0131 mutlu bir anne. Bir baba ise \u015funlar\u0131 payla\u015ft\u0131: \"Gitti\u011fimiz her yere yan\u0131m\u0131zda g\u00f6t\u00fcr\u00fcyorum. Farkl\u0131 renk se\u00e7enekleri harika ve tav\u015fan tasar\u0131m\u0131 bebe\u011fimi her zaman g\u00fcl\u00fcmsetiyor. Yeni ebeveynler i\u00e7in kesinlikle sat\u0131n al\u0131nmas\u0131 gereken bir \u00fcr\u00fcn.\" Pembe, mavi ve koyu ye\u015filin b\u00fcy\u00fcleyici tonlar\u0131nda mevcut olan Sevimli Tav\u015fan \u015eekillendirme Yast\u0131\u011f\u0131, bir bebek aksesuar\u0131ndan \u00e7ok daha fazlas\u0131d\u0131r; bebe\u011finizin ilk g\u00fcnleri i\u00e7in rahatl\u0131k, destek ve bolca sevimlilik vaat eden sevgili bir arkada\u015ft\u0131r.<\/div>\n<\/div>","protected":false},"excerpt":{"rendered":"<p>Sevimli Tav\u015fan \u015eekillendirme Yast\u0131\u011f\u0131, 0 ila 6 ayl\u0131k bebekler i\u00e7in \u00f6zel olarak tasarlanm\u0131\u015f keyifli bir \u00fcr\u00fcnd\u00fcr. Uzun kulakl\u0131 ve tatl\u0131, uykulu g\u00f6zl\u00fc bir ifadeye sahip sevimli bir tav\u015fandan esinlenerek tasarlanan bu \u00fcr\u00fcn, g\u00f6rsel olarak \u00e7ekici olup hem ebeveynleri hem de bebekleri b\u00fcy\u00fcleyecektir. Yast\u0131\u011f\u0131n merkezi kesimi, bebe\u011fin ba\u015f\u0131n\u0131 nazik\u00e7e desteklemek i\u00e7in ergonomik olarak tasarlanm\u0131\u015ft\u0131r ve kritik erken geli\u015fim d\u00f6neminde uygun bir ba\u015f \u015feklinin korunmas\u0131na yard\u0131mc\u0131 olur. \u00d6l\u00e7\u00fcleri 26,5*<em>25*<\/em>1.5CM, be\u015fiklere, bebek arabalar\u0131na veya bebek araba koltuklar\u0131na rahat\u00e7a s\u0131\u011far ve bebe\u011finizin oldu\u011fu her yerde rahat bir dinlenme yeri sa\u011flar. Pembe, mavi ve koyu ye\u015fil renk se\u00e7enekleriyle, ebeveynlerin tercihlerine veya kre\u015f dekorlar\u0131na uygun bir renk tonu se\u00e7melerine olanak tan\u0131r ve optimum bebek bak\u0131m\u0131 i\u00e7in sevimlili\u011fi ve pratikli\u011fi birle\u015ftirir.<\/p>","protected":false},"featured_media":3285,"comment_status":"open","ping_status":"closed","template":"","meta":{"_uag_custom_page_level_css":"","site-sidebar-layout":"default","site-content-layout":"","ast-site-content-layout":"default","site-content-style":"default","site-sidebar-style":"default","ast-global-header-display":"","ast-banner-title-visibility":"","ast-main-header-display":"","ast-hfb-above-header-display":"","ast-hfb-below-header-display":"","ast-hfb-mobile-header-display":"","site-post-title":"","ast-breadcrumbs-content":"","ast-featured-img":"","footer-sml-layout":"","ast-disable-related-posts":"","theme-transparent-header-meta":"default","adv-header-id-meta":"","stick-header-meta":"","header-above-stick-meta":"","header-main-stick-meta":"","header-below-stick-meta":"","astra-migrate-meta-layouts":"set","ast-page-background-enabled":"default","ast-page-background-meta":{"desktop":{"background-color":"","background-image":"","background-repeat":"repeat","background-position":"center center","background-size":"auto","background-attachment":"scroll","background-type":"","background-media":"","overlay-type":"","overlay-color":"","overlay-opacity":"","overlay-gradient":""},"tablet":{"background-color":"","background-image":"","background-repeat":"repeat","background-position":"center center","background-size":"auto","background-attachment":"scroll","background-type":"","background-media":"","overlay-type":"","overlay-color":"","overlay-opacity":"","overlay-gradient":""},"mobile":{"background-color":"","background-image":"","background-repeat":"repeat","background-position":"center center","background-size":"auto","background-attachment":"scroll","background-type":"","background-media":"","overlay-type":"","overlay-color":"","overlay-opacity":"","overlay-gradient":""}},"ast-content-background-meta":{"desktop":{"background-color":"var(--ast-global-color-5)","background-image":"","background-repeat":"repeat","background-position":"center center","background-size":"auto","background-attachment":"scroll","background-type":"","background-media":"","overlay-type":"","overlay-color":"","overlay-opacity":"","overlay-gradient":""},"tablet":{"background-color":"var(--ast-global-color-5)","background-image":"","background-repeat":"repeat","background-position":"center center","background-size":"auto","background-attachment":"scroll","background-type":"","background-media":"","overlay-type":"","overlay-color":"","overlay-opacity":"","overlay-gradient":""},"mobile":{"background-color":"var(--ast-global-color-5)","background-image":"","background-repeat":"repeat","background-position":"center center","background-size":"auto","background-attachment":"scroll","background-type":"","background-media":"","overlay-type":"","overlay-color":"","overlay-opacity":"","overlay-gradient":""}}},"product_brand":[],"product_cat":[54,42],"product_tag":[70,68,71,69],"class_list":{"0":"post-3273","1":"product","2":"type-product","3":"status-publish","4":"has-post-thumbnail","6":"product_cat-0-to-6months","7":"product_cat-merchandise","8":"product_tag-babypillow","9":"product_tag-cuteanimalpillow","10":"product_tag-headshapesupport","11":"product_tag-kouniushapingpillow","12":"desktop-align-left","13":"tablet-align-left","14":"mobile-align-left","16":"first","17":"instock","18":"shipping-taxable","19":"product-type-simple"},"aioseo_notices":[],"uagb_featured_image_src":{"full":["https:\/\/babypillowwholesale.com\/wp-content\/uploads\/2025\/03\/1506-1.jpg",1000,1000,false],"thumbnail":["https:\/\/babypillowwholesale.com\/wp-content\/uploads\/2025\/03\/1506-1-150x150.jpg",150,150,true],"medium":["https:\/\/babypillowwholesale.com\/wp-content\/uploads\/2025\/03\/1506-1-300x300.jpg",300,300,true],"medium_large":["https:\/\/babypillowwholesale.com\/wp-content\/uploads\/2025\/03\/1506-1-768x768.jpg",768,768,true],"large":["https:\/\/babypillowwholesale.com\/wp-content\/uploads\/2025\/03\/1506-1.jpg",1000,1000,false],"1536x1536":["https:\/\/babypillowwholesale.com\/wp-content\/uploads\/2025\/03\/1506-1.jpg",1000,1000,false],"2048x2048":["https:\/\/babypillowwholesale.com\/wp-content\/uploads\/2025\/03\/1506-1.jpg",1000,1000,false],"trp-custom-language-flag":["https:\/\/babypillowwholesale.com\/wp-content\/uploads\/2025\/03\/1506-1.jpg",12,12,false],"woocommerce_thumbnail":["https:\/\/babypillowwholesale.com\/wp-content\/uploads\/2025\/03\/1506-1-300x300.jpg",300,300,true],"woocommerce_single":["https:\/\/babypillowwholesale.com\/wp-content\/uploads\/2025\/03\/1506-1-600x600.jpg",600,600,true],"woocommerce_gallery_thumbnail":["https:\/\/babypillowwholesale.com\/wp-content\/uploads\/2025\/03\/1506-1-100x100.jpg",100,100,true]},"uagb_author_info":{"display_name":"Etnen zhong","author_link":"https:\/\/babypillowwholesale.com\/tr\/author\/"},"uagb_comment_info":1,"uagb_excerpt":"The Adorable Bunny Shaping Pillow is a delightful product tailored for infants aged 0 to 6 months. Its design, modeled after an adorable bunny with long ears and a sweet, sleepy - eyed expression, is visually appealing and sure to charm both parents and babies. The central cut - out of the pillow is ergonomically&hellip;","jetpack_sharing_enabled":true,"_links":{"self":[{"href":"https:\/\/babypillowwholesale.com\/tr\/wp-json\/wp\/v2\/product\/3273","targetHints":{"allow":["GET"]}}],"collection":[{"href":"https:\/\/babypillowwholesale.com\/tr\/wp-json\/wp\/v2\/product"}],"about":[{"href":"https:\/\/babypillowwholesale.com\/tr\/wp-json\/wp\/v2\/types\/product"}],"replies":[{"embeddable":true,"href":"https:\/\/babypillowwholesale.com\/tr\/wp-json\/wp\/v2\/comments?post=3273"}],"wp:featuredmedia":[{"embeddable":true,"href":"https:\/\/babypillowwholesale.com\/tr\/wp-json\/wp\/v2\/media\/3285"}],"wp:attachment":[{"href":"https:\/\/babypillowwholesale.com\/tr\/wp-json\/wp\/v2\/media?parent=3273"}],"wp:term":[{"taxonomy":"product_brand","embeddable":true,"href":"https:\/\/babypillowwholesale.com\/tr\/wp-json\/wp\/v2\/product_brand?post=3273"},{"taxonomy":"product_cat","embeddable":true,"href":"https:\/\/babypillowwholesale.com\/tr\/wp-json\/wp\/v2\/product_cat?post=3273"},{"taxonomy":"product_tag","embeddable":true,"href":"https:\/\/babypillowwholesale.com\/tr\/wp-json\/wp\/v2\/product_tag?post=3273"}],"curies":[{"name":"wp","href":"https:\/\/api.w.org\/{rel}","templated":true}]}}