{"id":3271,"date":"2025-03-18T06:30:20","date_gmt":"2025-03-18T06:30:20","guid":{"rendered":"https:\/\/babypillowwholesale.com\/?post_type=product&#038;p=3271"},"modified":"2025-06-08T16:13:28","modified_gmt":"2025-06-08T16:13:28","slug":"cute-one-shaping-pillow","status":"publish","type":"product","link":"https:\/\/babypillowwholesale.com\/tr\/product\/cute-one-shaping-pillow\/","title":{"rendered":"Sevimli Tek \u015eekilli Yast\u0131k"},"content":{"rendered":"<div class=\"auto-hide-last-sibling-br paragraph-qzbcQC paragraph-element br-paragraph-space\" data-immersive-translate-walked=\"8e61f2e7-6af2-46e5-9672-3b9e4f4033d9\" data-immersive-translate-paragraph=\"1\">\n<div class=\"auto-hide-last-sibling-br paragraph-qzbcQC paragraph-element br-paragraph-space\">Son derece b\u00fcy\u00fcleyici Sevimli Bir \u015eekillendirme Yast\u0131\u011f\u0131, 0 ila 6 ayl\u0131k minikler i\u00e7in \u00f6zenle haz\u0131rlanm\u0131\u015f r\u00fcya gibi bir temel \u00fcr\u00fcnd\u00fcr. Hayvanlardan ilham alan sevimli kulaklar\u0131 ve tatl\u0131, sevimli y\u00fcz\u00fcyle bu yast\u0131\u011fa ilk g\u00f6r\u00fc\u015fte a\u015f\u0131k olmamak imkans\u0131z.<\/div>\n<div class=\"auto-hide-last-sibling-br paragraph-qzbcQC paragraph-element br-paragraph-space\">B\u00fcy\u00fcleyici d\u0131\u015f g\u00f6r\u00fcn\u00fc\u015f\u00fcn\u00fcn \u00f6tesinde, bu yast\u0131k i\u015flevselli\u011fin bir \u00f6rne\u011fidir. Ustaca tasarlanm\u0131\u015f merkezi kesik, bebe\u011finizin narin ba\u015f\u0131n\u0131 \u015fefkatli ve destekleyici bir \u015fekilde kucaklayarak, de\u011ferli ilk g\u00fcnlerinde yolculuk ederken m\u00fckemmel bir \u015fekle do\u011fru nazik\u00e7e y\u00f6nlendirir. \u00d6l\u00e7\u00fcleri 26,5*<em>25*<\/em>1,5 CM, \u00e7e\u015fitli ortamlara sorunsuz bir \u015fekilde uyacak \u015fekilde m\u00fckemmel boyuttad\u0131r.<\/div>\n<div class=\"auto-hide-last-sibling-br paragraph-qzbcQC paragraph-element br-paragraph-space\">\u0130ster bebe\u011finizin be\u015fi\u011finin pel\u00fc\u015f konforuna yerle\u015ftirin, ister o uzun, onar\u0131c\u0131 uykular i\u00e7in bir huzur cenneti yarat\u0131n, ister parkta keyifli bir gezinti s\u0131ras\u0131nda k\u00fc\u00e7\u00fck \u00e7ocu\u011funuza bebek arabas\u0131nda e\u015flik edin, bu yast\u0131k sars\u0131lmaz bir konfor sa\u011flar. Ayr\u0131ca, bebe\u011finizin yumu\u015fak bir battaniye \u00fczerinde dinlendi\u011fi evdeki rahat \u00f6\u011fleden sonralar\u0131 i\u00e7in de ideal bir arkada\u015ft\u0131r ve tan\u0131d\u0131k ve yat\u0131\u015ft\u0131r\u0131c\u0131 bir nokta sa\u011flar.<\/div>\n<div class=\"auto-hide-last-sibling-br paragraph-qzbcQC paragraph-element br-paragraph-space\">Ebeveynler Cute One \u015eekillendirme Yast\u0131\u011f\u0131na kesinlikle bay\u0131ld\u0131! Memnun bir anne \u015funlar\u0131 payla\u015ft\u0131: \"Bu yast\u0131k sadece inan\u0131lmaz derecede sevimli de\u011fil, ayn\u0131 zamanda bebe\u011fimin kafa \u015fekli i\u00e7in de harikalar yarat\u0131yor. \u00c7ok yumu\u015fak ve mini\u011fim \u00fczerinde dinlenmeyi \u00e7ok seviyor. Ayr\u0131ca, renk se\u00e7enekleri de harika - biz mavi olan\u0131 se\u00e7tik ve \u00e7ocuk odas\u0131nda harika g\u00f6r\u00fcn\u00fcyor.\" Bir ba\u015fka baba da \u015f\u00f6yle ekliyor: \"G\u00fcnl\u00fck rutinimizin vazge\u00e7ilmezi haline geldi. Ta\u015f\u0131mas\u0131 kolay ve bebe\u011fimin y\u00fcz\u00fcne her zaman bir g\u00fcl\u00fcmseme getiriyor. \u015eiddetle tavsiye edilir!\"<\/div>\n<div class=\"auto-hide-last-sibling-br paragraph-qzbcQC paragraph-element br-paragraph-space\">Pembe, mavi ve koyu ye\u015filin b\u00fcy\u00fcleyici tonlar\u0131nda sunulan Cute One \u015eekillendirici Yast\u0131k, bir bebek aksesuar\u0131ndan \u00e7ok daha fazlas\u0131d\u0131r; bebe\u011finizin de\u011ferli ilk aylar\u0131 i\u00e7in \u015firinli\u011fi, konforu ve pratikli\u011fi kusursuz bir \u015fekilde harmanlayan de\u011ferli bir arkada\u015ft\u0131r.<\/div>\n<\/div>","protected":false},"excerpt":{"rendered":"<p>Sevimli Bir \u015eekillendirme Yast\u0131\u011f\u0131, 0-6 ayl\u0131k bebekler i\u00e7in tasarlanm\u0131\u015f keyifli ve i\u015flevsel bir \u00fcr\u00fcnd\u00fcr. Sevimli hayvan benzeri kulaklar\u0131 ve tatl\u0131 y\u00fczl\u00fc tasar\u0131m\u0131yla b\u00fcy\u00fcleyici g\u00f6r\u00fcn\u00fcm\u00fc kalpleri fethedecektir. Yast\u0131\u011f\u0131n ortas\u0131ndaki benzersiz kesik tasar\u0131m, bebe\u011fin kafas\u0131na nazik bir destek sa\u011flayarak, \u00f6nemli erken geli\u015fim a\u015famas\u0131nda sa\u011fl\u0131kl\u0131 bir kafa \u015feklinin korunmas\u0131na yard\u0131mc\u0131 olur. 26,5* boyutunda<em>25*<\/em>1.5CM, be\u015fi\u011fe, bebek arabas\u0131na veya bebek battaniye \u00fczerinde dinlenirken rahat\u00e7a s\u0131\u011far. Pembe, mavi ve koyu ye\u015fil renkleri bulunan bu \u00fcr\u00fcn, ebeveynlere tercihlerine veya \u00e7ocuk odas\u0131 dekoruna uygun se\u00e7enekler sunarak bebek bak\u0131m\u0131 i\u00e7in hem \u015firinli\u011fi hem de pratikli\u011fi bir araya getirir.<\/p>","protected":false},"featured_media":3284,"comment_status":"open","ping_status":"closed","template":"","meta":{"_uag_custom_page_level_css":"","site-sidebar-layout":"default","site-content-layout":"","ast-site-content-layout":"default","site-content-style":"default","site-sidebar-style":"default","ast-global-header-display":"","ast-banner-title-visibility":"","ast-main-header-display":"","ast-hfb-above-header-display":"","ast-hfb-below-header-display":"","ast-hfb-mobile-header-display":"","site-post-title":"","ast-breadcrumbs-content":"","ast-featured-img":"","footer-sml-layout":"","ast-disable-related-posts":"","theme-transparent-header-meta":"default","adv-header-id-meta":"","stick-header-meta":"","header-above-stick-meta":"","header-main-stick-meta":"","header-below-stick-meta":"","astra-migrate-meta-layouts":"set","ast-page-background-enabled":"default","ast-page-background-meta":{"desktop":{"background-color":"","background-image":"","background-repeat":"repeat","background-position":"center center","background-size":"auto","background-attachment":"scroll","background-type":"","background-media":"","overlay-type":"","overlay-color":"","overlay-opacity":"","overlay-gradient":""},"tablet":{"background-color":"","background-image":"","background-repeat":"repeat","background-position":"center center","background-size":"auto","background-attachment":"scroll","background-type":"","background-media":"","overlay-type":"","overlay-color":"","overlay-opacity":"","overlay-gradient":""},"mobile":{"background-color":"","background-image":"","background-repeat":"repeat","background-position":"center center","background-size":"auto","background-attachment":"scroll","background-type":"","background-media":"","overlay-type":"","overlay-color":"","overlay-opacity":"","overlay-gradient":""}},"ast-content-background-meta":{"desktop":{"background-color":"var(--ast-global-color-5)","background-image":"","background-repeat":"repeat","background-position":"center center","background-size":"auto","background-attachment":"scroll","background-type":"","background-media":"","overlay-type":"","overlay-color":"","overlay-opacity":"","overlay-gradient":""},"tablet":{"background-color":"var(--ast-global-color-5)","background-image":"","background-repeat":"repeat","background-position":"center center","background-size":"auto","background-attachment":"scroll","background-type":"","background-media":"","overlay-type":"","overlay-color":"","overlay-opacity":"","overlay-gradient":""},"mobile":{"background-color":"var(--ast-global-color-5)","background-image":"","background-repeat":"repeat","background-position":"center center","background-size":"auto","background-attachment":"scroll","background-type":"","background-media":"","overlay-type":"","overlay-color":"","overlay-opacity":"","overlay-gradient":""}}},"product_brand":[],"product_cat":[54,42],"product_tag":[70,68,71,69],"class_list":{"0":"post-3271","1":"product","2":"type-product","3":"status-publish","4":"has-post-thumbnail","6":"product_cat-0-to-6months","7":"product_cat-merchandise","8":"product_tag-babypillow","9":"product_tag-cuteanimalpillow","10":"product_tag-headshapesupport","11":"product_tag-kouniushapingpillow","12":"desktop-align-left","13":"tablet-align-left","14":"mobile-align-left","16":"first","17":"instock","18":"shipping-taxable","19":"product-type-simple"},"aioseo_notices":[],"uagb_featured_image_src":{"full":["https:\/\/babypillowwholesale.com\/wp-content\/uploads\/2025\/03\/1167-1.jpg",1000,1000,false],"thumbnail":["https:\/\/babypillowwholesale.com\/wp-content\/uploads\/2025\/03\/1167-1-150x150.jpg",150,150,true],"medium":["https:\/\/babypillowwholesale.com\/wp-content\/uploads\/2025\/03\/1167-1-300x300.jpg",300,300,true],"medium_large":["https:\/\/babypillowwholesale.com\/wp-content\/uploads\/2025\/03\/1167-1-768x768.jpg",768,768,true],"large":["https:\/\/babypillowwholesale.com\/wp-content\/uploads\/2025\/03\/1167-1.jpg",1000,1000,false],"1536x1536":["https:\/\/babypillowwholesale.com\/wp-content\/uploads\/2025\/03\/1167-1.jpg",1000,1000,false],"2048x2048":["https:\/\/babypillowwholesale.com\/wp-content\/uploads\/2025\/03\/1167-1.jpg",1000,1000,false],"trp-custom-language-flag":["https:\/\/babypillowwholesale.com\/wp-content\/uploads\/2025\/03\/1167-1.jpg",12,12,false],"woocommerce_thumbnail":["https:\/\/babypillowwholesale.com\/wp-content\/uploads\/2025\/03\/1167-1-300x300.jpg",300,300,true],"woocommerce_single":["https:\/\/babypillowwholesale.com\/wp-content\/uploads\/2025\/03\/1167-1-600x600.jpg",600,600,true],"woocommerce_gallery_thumbnail":["https:\/\/babypillowwholesale.com\/wp-content\/uploads\/2025\/03\/1167-1-100x100.jpg",100,100,true]},"uagb_author_info":{"display_name":"Etnen zhong","author_link":"https:\/\/babypillowwholesale.com\/tr\/author\/"},"uagb_comment_info":0,"uagb_excerpt":"The Cute One Shaping Pillow is a delightful and functional product designed for infants aged 0 to 6 months. Its charming appearance, featuring cute animal - like ears and a sweet - faced design, is sure to capture hearts. The pillow's unique cut - out design in the middle provides gentle support for a baby's&hellip;","jetpack_sharing_enabled":true,"_links":{"self":[{"href":"https:\/\/babypillowwholesale.com\/tr\/wp-json\/wp\/v2\/product\/3271","targetHints":{"allow":["GET"]}}],"collection":[{"href":"https:\/\/babypillowwholesale.com\/tr\/wp-json\/wp\/v2\/product"}],"about":[{"href":"https:\/\/babypillowwholesale.com\/tr\/wp-json\/wp\/v2\/types\/product"}],"replies":[{"embeddable":true,"href":"https:\/\/babypillowwholesale.com\/tr\/wp-json\/wp\/v2\/comments?post=3271"}],"wp:featuredmedia":[{"embeddable":true,"href":"https:\/\/babypillowwholesale.com\/tr\/wp-json\/wp\/v2\/media\/3284"}],"wp:attachment":[{"href":"https:\/\/babypillowwholesale.com\/tr\/wp-json\/wp\/v2\/media?parent=3271"}],"wp:term":[{"taxonomy":"product_brand","embeddable":true,"href":"https:\/\/babypillowwholesale.com\/tr\/wp-json\/wp\/v2\/product_brand?post=3271"},{"taxonomy":"product_cat","embeddable":true,"href":"https:\/\/babypillowwholesale.com\/tr\/wp-json\/wp\/v2\/product_cat?post=3271"},{"taxonomy":"product_tag","embeddable":true,"href":"https:\/\/babypillowwholesale.com\/tr\/wp-json\/wp\/v2\/product_tag?post=3271"}],"curies":[{"name":"wp","href":"https:\/\/api.w.org\/{rel}","templated":true}]}}