{"id":3267,"date":"2025-03-17T15:38:34","date_gmt":"2025-03-17T15:38:34","guid":{"rendered":"https:\/\/babypillowwholesale.com\/?post_type=product&#038;p=3267"},"modified":"2025-06-08T16:15:31","modified_gmt":"2025-06-08T16:15:31","slug":"little-tiger-shaping-pillow","status":"publish","type":"product","link":"https:\/\/babypillowwholesale.com\/tr\/product\/little-tiger-shaping-pillow\/","title":{"rendered":"K\u00fc\u00e7\u00fck Kaplan \u015eekillendirme Yast\u0131\u011f\u0131"},"content":{"rendered":"<div class=\"auto-hide-last-sibling-br paragraph-qzbcQC paragraph-element br-paragraph-space\" data-immersive-translate-walked=\"8e61f2e7-6af2-46e5-9672-3b9e4f4033d9\" data-immersive-translate-paragraph=\"1\">Cazibe ve i\u015flevselli\u011fin b\u00fcy\u00fcleyici bir kar\u0131\u015f\u0131m\u0131 olan K\u00fc\u00e7\u00fck Kaplan \u015eekillendirme Yast\u0131\u011f\u0131, 0 ila 6 ayl\u0131k en k\u00fc\u00e7\u00fck hazineler i\u00e7in titizlikle haz\u0131rlanm\u0131\u015ft\u0131r. B\u00fcy\u00fck, masum yuvarlak g\u00f6zler ve kendine \u00f6zg\u00fc \u00e7izgilerle bezenmi\u015f sevimli kaplan esintili tasar\u0131m\u0131, bebe\u011finizin d\u00fcnyas\u0131na an\u0131nda vah\u015fi bir dokunu\u015f katarak mutlak bir zevktir. Bu yast\u0131k sadece sevimli g\u00f6r\u00fcn\u00fcm\u00fcyle de\u011fil, ayn\u0131 zamanda bir konfor ve destek cennetidir. Ustal\u0131kla \u015fekillendirilmi\u015f bu yast\u0131k, bebe\u011finizin narin ba\u015f\u0131n\u0131 nazik\u00e7e sarar ve erken b\u00fcy\u00fcme yolculu\u011funa \u00e7\u0131karken m\u00fckemmel bir \u015fekil almas\u0131n\u0131 sa\u011flamak i\u00e7in \u00f6zenle y\u00f6nlendirir. 26*23*0\/3CM \u00f6l\u00e7\u00fcleriyle \u00e7e\u015fitli ortamlar i\u00e7in ideal bir arkada\u015ft\u0131r. K\u00fc\u00e7\u00fck Kaplan \u015eekillendirici Yast\u0131k, be\u015fi\u011fin yumu\u015fakl\u0131\u011f\u0131na g\u00f6m\u00fclm\u00fc\u015f o huzurlu kre\u015f uykular\u0131nda k\u00fc\u00e7\u00fck \u00e7ocu\u011funuz i\u00e7in rahat ve g\u00fcvenli bir alan yarat\u0131r. Aile gezilerinde, ister parkta piknik ister plajda bir g\u00fcn olsun, bebek arabas\u0131na rahat\u00e7a s\u0131\u011far ve hareket halindeyken tan\u0131d\u0131k bir rahatl\u0131k sunar. Ebeveynler bu \u00fcr\u00fcnden \u00e7ok memnun! Bir anne \u015funlar\u0131 payla\u015ft\u0131: \"Bebe\u011fim bu k\u00fc\u00e7\u00fck kaplan yast\u0131\u011fa sar\u0131lmaya bay\u0131l\u0131yor. \u00c7ok yumu\u015fak ve kafa \u015feklinde b\u00fcy\u00fck bir geli\u015fme oldu\u011funu fark ettim. Ayr\u0131ca mavi rengi de muhte\u015fem.\" Bir ba\u015fka baba ise \u015f\u00f6yle diyor: \"Seyahatlerimizin vazge\u00e7ilmezi haline geldi. Ta\u015f\u0131mas\u0131 kolay ve sevimli kaplan tasar\u0131m\u0131n\u0131 g\u00f6rd\u00fcklerinde bebe\u011fimin y\u00fcz\u00fcnde her zaman bir g\u00fcl\u00fcmseme olu\u015fuyor.\" Pembe ve mavinin b\u00fcy\u00fcleyici tonlar\u0131nda sunulan K\u00fc\u00e7\u00fck Kaplan \u015eekillendirme Yast\u0131\u011f\u0131, bir bebek aksesuar\u0131ndan \u00e7ok daha fazlas\u0131d\u0131r; bebe\u011finizin de\u011ferli ilk g\u00fcnleri i\u00e7in sevimlilik, rahatl\u0131k ve i\u015flevselli\u011fi bir araya getiren g\u00fcvenilir bir arkada\u015ft\u0131r.<\/div>","protected":false},"excerpt":{"rendered":"<p>K\u00fc\u00e7\u00fck Kaplan \u015eekillendirici Yast\u0131k, 0-6 ayl\u0131k bebekler i\u00e7in tasarlanm\u0131\u015f sevimli ve i\u015flevsel bir \u00fcr\u00fcnd\u00fcr. B\u00fcy\u00fck yuvarlak g\u00f6zleri ve belirgin \u00e7izgileriyle sevimli kaplan temal\u0131 g\u00f6r\u00fcn\u00fcm\u00fcyle an\u0131nda dikkat \u00e7eker. Yast\u0131\u011f\u0131n tasar\u0131m\u0131, bebe\u011fin narin kafas\u0131na nazik bir destek sa\u011flamak i\u00e7in dikkatlice \u015fekillendirilmi\u015ftir ve \u00f6nemli erken geli\u015fimleri s\u0131ras\u0131nda uygun bir kafa \u015feklini desteklemeye yard\u0131mc\u0131 olur. \u00d6l\u00e7\u00fcleri 26*<em data-immersive-translate-walked=\"af7bf617-a59f-4215-833d-5c6d97166ab5\">23*<\/em>0\/3CM, be\u015fiklere, bebek arabalar\u0131na veya bebe\u011finiz bir battaniyenin \u00fczerinde dinlenirken iyi uyum sa\u011flar. Hem pembe hem de mavi renkleri mevcuttur, ebeveynlere tercihlerine veya kre\u015f dekorlar\u0131na uygun bir renk se\u00e7me se\u00e7ene\u011fi sunar ve bebek bak\u0131m\u0131 i\u00e7in \u015firinli\u011fi pratiklikle birle\u015ftirir.<\/p>","protected":false},"featured_media":3282,"comment_status":"open","ping_status":"closed","template":"","meta":{"_uag_custom_page_level_css":"","site-sidebar-layout":"default","site-content-layout":"","ast-site-content-layout":"default","site-content-style":"default","site-sidebar-style":"default","ast-global-header-display":"","ast-banner-title-visibility":"","ast-main-header-display":"","ast-hfb-above-header-display":"","ast-hfb-below-header-display":"","ast-hfb-mobile-header-display":"","site-post-title":"","ast-breadcrumbs-content":"","ast-featured-img":"","footer-sml-layout":"","ast-disable-related-posts":"","theme-transparent-header-meta":"default","adv-header-id-meta":"","stick-header-meta":"","header-above-stick-meta":"","header-main-stick-meta":"","header-below-stick-meta":"","astra-migrate-meta-layouts":"set","ast-page-background-enabled":"default","ast-page-background-meta":{"desktop":{"background-color":"","background-image":"","background-repeat":"repeat","background-position":"center center","background-size":"auto","background-attachment":"scroll","background-type":"","background-media":"","overlay-type":"","overlay-color":"","overlay-opacity":"","overlay-gradient":""},"tablet":{"background-color":"","background-image":"","background-repeat":"repeat","background-position":"center center","background-size":"auto","background-attachment":"scroll","background-type":"","background-media":"","overlay-type":"","overlay-color":"","overlay-opacity":"","overlay-gradient":""},"mobile":{"background-color":"","background-image":"","background-repeat":"repeat","background-position":"center center","background-size":"auto","background-attachment":"scroll","background-type":"","background-media":"","overlay-type":"","overlay-color":"","overlay-opacity":"","overlay-gradient":""}},"ast-content-background-meta":{"desktop":{"background-color":"var(--ast-global-color-5)","background-image":"","background-repeat":"repeat","background-position":"center center","background-size":"auto","background-attachment":"scroll","background-type":"","background-media":"","overlay-type":"","overlay-color":"","overlay-opacity":"","overlay-gradient":""},"tablet":{"background-color":"var(--ast-global-color-5)","background-image":"","background-repeat":"repeat","background-position":"center center","background-size":"auto","background-attachment":"scroll","background-type":"","background-media":"","overlay-type":"","overlay-color":"","overlay-opacity":"","overlay-gradient":""},"mobile":{"background-color":"var(--ast-global-color-5)","background-image":"","background-repeat":"repeat","background-position":"center center","background-size":"auto","background-attachment":"scroll","background-type":"","background-media":"","overlay-type":"","overlay-color":"","overlay-opacity":"","overlay-gradient":""}}},"product_brand":[],"product_cat":[54,42],"product_tag":[70,68,71,69],"class_list":{"0":"post-3267","1":"product","2":"type-product","3":"status-publish","4":"has-post-thumbnail","6":"product_cat-0-to-6months","7":"product_cat-merchandise","8":"product_tag-babypillow","9":"product_tag-cuteanimalpillow","10":"product_tag-headshapesupport","11":"product_tag-kouniushapingpillow","12":"desktop-align-left","13":"tablet-align-left","14":"mobile-align-left","16":"first","17":"instock","18":"shipping-taxable","19":"product-type-simple"},"aioseo_notices":[],"uagb_featured_image_src":{"full":["https:\/\/babypillowwholesale.com\/wp-content\/uploads\/2025\/03\/1131-1.jpg",1000,1000,false],"thumbnail":["https:\/\/babypillowwholesale.com\/wp-content\/uploads\/2025\/03\/1131-1-150x150.jpg",150,150,true],"medium":["https:\/\/babypillowwholesale.com\/wp-content\/uploads\/2025\/03\/1131-1-300x300.jpg",300,300,true],"medium_large":["https:\/\/babypillowwholesale.com\/wp-content\/uploads\/2025\/03\/1131-1-768x768.jpg",768,768,true],"large":["https:\/\/babypillowwholesale.com\/wp-content\/uploads\/2025\/03\/1131-1.jpg",1000,1000,false],"1536x1536":["https:\/\/babypillowwholesale.com\/wp-content\/uploads\/2025\/03\/1131-1.jpg",1000,1000,false],"2048x2048":["https:\/\/babypillowwholesale.com\/wp-content\/uploads\/2025\/03\/1131-1.jpg",1000,1000,false],"trp-custom-language-flag":["https:\/\/babypillowwholesale.com\/wp-content\/uploads\/2025\/03\/1131-1.jpg",12,12,false],"woocommerce_thumbnail":["https:\/\/babypillowwholesale.com\/wp-content\/uploads\/2025\/03\/1131-1-300x300.jpg",300,300,true],"woocommerce_single":["https:\/\/babypillowwholesale.com\/wp-content\/uploads\/2025\/03\/1131-1-600x600.jpg",600,600,true],"woocommerce_gallery_thumbnail":["https:\/\/babypillowwholesale.com\/wp-content\/uploads\/2025\/03\/1131-1-100x100.jpg",100,100,true]},"uagb_author_info":{"display_name":"Etnen zhong","author_link":"https:\/\/babypillowwholesale.com\/tr\/author\/"},"uagb_comment_info":0,"uagb_excerpt":"The Little Tiger Shaping Pillow is a charming and functional product designed for infants aged 0 to 6 months. With its cute tiger - themed appearance, featuring big round eyes and distinctive stripes, it instantly catches the eye. The pillow's design is carefully contoured to provide gentle support for a baby's delicate head, helping to&hellip;","jetpack_sharing_enabled":true,"_links":{"self":[{"href":"https:\/\/babypillowwholesale.com\/tr\/wp-json\/wp\/v2\/product\/3267","targetHints":{"allow":["GET"]}}],"collection":[{"href":"https:\/\/babypillowwholesale.com\/tr\/wp-json\/wp\/v2\/product"}],"about":[{"href":"https:\/\/babypillowwholesale.com\/tr\/wp-json\/wp\/v2\/types\/product"}],"replies":[{"embeddable":true,"href":"https:\/\/babypillowwholesale.com\/tr\/wp-json\/wp\/v2\/comments?post=3267"}],"wp:featuredmedia":[{"embeddable":true,"href":"https:\/\/babypillowwholesale.com\/tr\/wp-json\/wp\/v2\/media\/3282"}],"wp:attachment":[{"href":"https:\/\/babypillowwholesale.com\/tr\/wp-json\/wp\/v2\/media?parent=3267"}],"wp:term":[{"taxonomy":"product_brand","embeddable":true,"href":"https:\/\/babypillowwholesale.com\/tr\/wp-json\/wp\/v2\/product_brand?post=3267"},{"taxonomy":"product_cat","embeddable":true,"href":"https:\/\/babypillowwholesale.com\/tr\/wp-json\/wp\/v2\/product_cat?post=3267"},{"taxonomy":"product_tag","embeddable":true,"href":"https:\/\/babypillowwholesale.com\/tr\/wp-json\/wp\/v2\/product_tag?post=3267"}],"curies":[{"name":"wp","href":"https:\/\/api.w.org\/{rel}","templated":true}]}}