{"id":3265,"date":"2025-03-17T15:04:04","date_gmt":"2025-03-17T15:04:04","guid":{"rendered":"https:\/\/babypillowwholesale.com\/?post_type=product&#038;p=3265"},"modified":"2025-06-08T16:16:25","modified_gmt":"2025-06-08T16:16:25","slug":"naughty-bunny-shaping-pillow","status":"publish","type":"product","link":"https:\/\/babypillowwholesale.com\/tr\/product\/naughty-bunny-shaping-pillow\/","title":{"rendered":"Yaramaz Tav\u015fan \u015eekillendirme Yast\u0131\u011f\u0131"},"content":{"rendered":"<div class=\"auto-hide-last-sibling-br paragraph-qzbcQC paragraph-element br-paragraph-space\" data-immersive-translate-walked=\"8e61f2e7-6af2-46e5-9672-3b9e4f4033d9\" data-immersive-translate-paragraph=\"1\">0-6 ayl\u0131k minik maceraperestler i\u00e7in \u00f6zel olarak tasarlanm\u0131\u015f keyifli bir konfor cenneti olan Yaramaz Tav\u015fan \u015eekillendirme Yast\u0131\u011f\u0131na ho\u015f geldiniz. Duygulu iri g\u00f6zleri, kalp eriten g\u00fcl\u00fcmsemesi ve \u015f\u0131mar\u0131k uzun kulaklar\u0131yla tamamlanan b\u00fcy\u00fcleyici tav\u015fan esintili tasar\u0131m\u0131, bebe\u011finizin d\u00fcnyas\u0131na bir tutam sihir katan an\u0131nda bir ruh hali y\u00fckselticidir. Bu yast\u0131k sadece g\u00f6rsel bir \u015f\u00f6len de\u011fil, ayn\u0131 zamanda i\u015flevsellik a\u00e7\u0131s\u0131ndan da bir g\u00fc\u00e7 merkezidir. \u00d6zenle tasarlanan benzersiz \u015fekli, bebe\u011finizin narin ba\u015f\u0131na nazik, be\u015fik gibi bir destek sunarak, de\u011ferli ilk aylar\u0131nda yolculuk ederken m\u00fckemmel bir forma do\u011fru y\u00f6nlendirir. 26*23*0\/3CM \u00f6l\u00e7\u00fcleriyle \u00e7e\u015fitli ortamlara sorunsuz entegrasyon i\u00e7in ideal boyuttad\u0131r. Evdeki tembel \u00f6\u011fleden sonralar\u0131nda bebe\u011fin be\u015fi\u011fine yerle\u015ftirin ve yumu\u015fak kuca\u011f\u0131nda huzurlu bir uykuya dalmas\u0131n\u0131 izleyin. D\u00fcnyay\u0131 ke\u015ffetmek i\u00e7in d\u0131\u015far\u0131 \u00e7\u0131kt\u0131\u011f\u0131n\u0131zda, ister yerel parka bir gezi ister b\u00fcy\u00fckanne ve b\u00fcy\u00fckbabay\u0131 ziyaret olsun, onu bebek arabas\u0131na koyun. K\u00fc\u00e7\u00fck \u00e7ocu\u011funuzun tav\u015fan\u0131n tan\u0131d\u0131k cazibesiyle \u00e7evrili rahat bir yolculuk ge\u00e7irmesini sa\u011flar. Ebeveynler ona \u00f6vg\u00fcler ya\u011fd\u0131r\u0131yor! Sevin\u00e7li bir ebeveyn \u015funlar\u0131 payla\u015ft\u0131: \"Bebe\u011fim bu sevimli tav\u015fan yast\u0131\u011f\u0131n\u0131 her g\u00f6rd\u00fc\u011f\u00fcnde y\u00fcz\u00fc ayd\u0131nlan\u0131yor. Sadece s\u00fcper yumu\u015fak de\u011fil, ayn\u0131 zamanda g\u00fczel bir kafa \u015feklini korumak i\u00e7in de harika. \u0130ki g\u00fczel renkte mevcut olmas\u0131na bay\u0131ld\u0131m.\" Bir ba\u015fka anne de \u015f\u00f6yle diyor: \"Yan\u0131m\u0131zda ta\u015f\u0131mas\u0131 \u00e7ok kolay. \u0130ster evde ister yolda olal\u0131m, bebe\u011fimin konforu i\u00e7in vazge\u00e7ilmez bir \u00fcr\u00fcn haline geldi.\" Pembe ve mavinin b\u00fcy\u00fcleyici tonlar\u0131nda mevcut olan Yaramaz Tav\u015fan \u015eekillendirme Yast\u0131\u011f\u0131, bir bebek aksesuar\u0131ndan \u00e7ok daha fazlas\u0131d\u0131r; k\u00fc\u00e7\u00fck \u00e7ocu\u011funuzun ilk g\u00fcnleri i\u00e7in de\u011ferli bir arkada\u015ft\u0131r.<\/div>","protected":false},"excerpt":{"rendered":"<p>Yaramaz Tav\u015fan \u015eekillendirme Yast\u0131\u011f\u0131, 0-6 ayl\u0131k bebekler i\u00e7in tasarlanm\u0131\u015f sevimli ve pratik bir \u00fcr\u00fcnd\u00fcr. B\u00fcy\u00fck g\u00f6zleri, tatl\u0131 g\u00fcl\u00fcmsemesi ve uzun kulaklar\u0131yla sevimli tav\u015fan benzeri g\u00f6r\u00fcn\u00fcm\u00fc son derece \u00e7ekicidir. Yast\u0131\u011f\u0131n \u00f6zel tasar\u0131m\u0131, bebe\u011fin ba\u015f\u0131 i\u00e7in nazik bir destek sa\u011flayarak, \u00f6nemli erken b\u00fcy\u00fcme a\u015famas\u0131nda sa\u011fl\u0131kl\u0131 bir kafa \u015feklini desteklemeye yard\u0131mc\u0131 olur. 26'l\u0131k bir boyut ile<em>23<\/em>0\/3CM, be\u015fiklerde, bebek arabalar\u0131nda veya bebek bir oyun mat\u0131 \u00fczerinde dinlenirken kullan\u0131m i\u00e7in uygundur. Pembe ve mavi renkleri bulunan bu \u00fcr\u00fcn, ebeveynlere kendi tercihlerine veya bebe\u011fin oda dekoruna uygun se\u00e7enekler sunarak bebek bak\u0131m\u0131 i\u00e7in hem i\u015flevselli\u011fi hem de \u00e7ekicili\u011fi bir araya getirir.<\/p>","protected":false},"featured_media":3281,"comment_status":"open","ping_status":"closed","template":"","meta":{"_uag_custom_page_level_css":"","site-sidebar-layout":"default","site-content-layout":"","ast-site-content-layout":"default","site-content-style":"default","site-sidebar-style":"default","ast-global-header-display":"","ast-banner-title-visibility":"","ast-main-header-display":"","ast-hfb-above-header-display":"","ast-hfb-below-header-display":"","ast-hfb-mobile-header-display":"","site-post-title":"","ast-breadcrumbs-content":"","ast-featured-img":"","footer-sml-layout":"","ast-disable-related-posts":"","theme-transparent-header-meta":"default","adv-header-id-meta":"","stick-header-meta":"","header-above-stick-meta":"","header-main-stick-meta":"","header-below-stick-meta":"","astra-migrate-meta-layouts":"set","ast-page-background-enabled":"default","ast-page-background-meta":{"desktop":{"background-color":"","background-image":"","background-repeat":"repeat","background-position":"center center","background-size":"auto","background-attachment":"scroll","background-type":"","background-media":"","overlay-type":"","overlay-color":"","overlay-opacity":"","overlay-gradient":""},"tablet":{"background-color":"","background-image":"","background-repeat":"repeat","background-position":"center center","background-size":"auto","background-attachment":"scroll","background-type":"","background-media":"","overlay-type":"","overlay-color":"","overlay-opacity":"","overlay-gradient":""},"mobile":{"background-color":"","background-image":"","background-repeat":"repeat","background-position":"center center","background-size":"auto","background-attachment":"scroll","background-type":"","background-media":"","overlay-type":"","overlay-color":"","overlay-opacity":"","overlay-gradient":""}},"ast-content-background-meta":{"desktop":{"background-color":"var(--ast-global-color-5)","background-image":"","background-repeat":"repeat","background-position":"center center","background-size":"auto","background-attachment":"scroll","background-type":"","background-media":"","overlay-type":"","overlay-color":"","overlay-opacity":"","overlay-gradient":""},"tablet":{"background-color":"var(--ast-global-color-5)","background-image":"","background-repeat":"repeat","background-position":"center center","background-size":"auto","background-attachment":"scroll","background-type":"","background-media":"","overlay-type":"","overlay-color":"","overlay-opacity":"","overlay-gradient":""},"mobile":{"background-color":"var(--ast-global-color-5)","background-image":"","background-repeat":"repeat","background-position":"center center","background-size":"auto","background-attachment":"scroll","background-type":"","background-media":"","overlay-type":"","overlay-color":"","overlay-opacity":"","overlay-gradient":""}}},"product_brand":[],"product_cat":[54,42],"product_tag":[70,68,71,69],"class_list":{"0":"post-3265","1":"product","2":"type-product","3":"status-publish","4":"has-post-thumbnail","6":"product_cat-0-to-6months","7":"product_cat-merchandise","8":"product_tag-babypillow","9":"product_tag-cuteanimalpillow","10":"product_tag-headshapesupport","11":"product_tag-kouniushapingpillow","12":"desktop-align-left","13":"tablet-align-left","14":"mobile-align-left","16":"first","17":"instock","18":"shipping-taxable","19":"product-type-simple"},"aioseo_notices":[],"uagb_featured_image_src":{"full":["https:\/\/babypillowwholesale.com\/wp-content\/uploads\/2025\/03\/1130-1.jpg",1000,1000,false],"thumbnail":["https:\/\/babypillowwholesale.com\/wp-content\/uploads\/2025\/03\/1130-1-150x150.jpg",150,150,true],"medium":["https:\/\/babypillowwholesale.com\/wp-content\/uploads\/2025\/03\/1130-1-300x300.jpg",300,300,true],"medium_large":["https:\/\/babypillowwholesale.com\/wp-content\/uploads\/2025\/03\/1130-1-768x768.jpg",768,768,true],"large":["https:\/\/babypillowwholesale.com\/wp-content\/uploads\/2025\/03\/1130-1.jpg",1000,1000,false],"1536x1536":["https:\/\/babypillowwholesale.com\/wp-content\/uploads\/2025\/03\/1130-1.jpg",1000,1000,false],"2048x2048":["https:\/\/babypillowwholesale.com\/wp-content\/uploads\/2025\/03\/1130-1.jpg",1000,1000,false],"trp-custom-language-flag":["https:\/\/babypillowwholesale.com\/wp-content\/uploads\/2025\/03\/1130-1.jpg",12,12,false],"woocommerce_thumbnail":["https:\/\/babypillowwholesale.com\/wp-content\/uploads\/2025\/03\/1130-1-300x300.jpg",300,300,true],"woocommerce_single":["https:\/\/babypillowwholesale.com\/wp-content\/uploads\/2025\/03\/1130-1-600x600.jpg",600,600,true],"woocommerce_gallery_thumbnail":["https:\/\/babypillowwholesale.com\/wp-content\/uploads\/2025\/03\/1130-1-100x100.jpg",100,100,true]},"uagb_author_info":{"display_name":"Etnen zhong","author_link":"https:\/\/babypillowwholesale.com\/tr\/author\/"},"uagb_comment_info":0,"uagb_excerpt":"The Naughty Bunny Shaping Pillow is an adorable and practical product designed for infants aged 0 to 6 months. Its cute bunny - like appearance, with big eyes, a sweet smile, and long ears, is extremely appealing. The special design of the pillow provides gentle support for the baby's head, helping to promote a healthy&hellip;","jetpack_sharing_enabled":true,"_links":{"self":[{"href":"https:\/\/babypillowwholesale.com\/tr\/wp-json\/wp\/v2\/product\/3265","targetHints":{"allow":["GET"]}}],"collection":[{"href":"https:\/\/babypillowwholesale.com\/tr\/wp-json\/wp\/v2\/product"}],"about":[{"href":"https:\/\/babypillowwholesale.com\/tr\/wp-json\/wp\/v2\/types\/product"}],"replies":[{"embeddable":true,"href":"https:\/\/babypillowwholesale.com\/tr\/wp-json\/wp\/v2\/comments?post=3265"}],"wp:featuredmedia":[{"embeddable":true,"href":"https:\/\/babypillowwholesale.com\/tr\/wp-json\/wp\/v2\/media\/3281"}],"wp:attachment":[{"href":"https:\/\/babypillowwholesale.com\/tr\/wp-json\/wp\/v2\/media?parent=3265"}],"wp:term":[{"taxonomy":"product_brand","embeddable":true,"href":"https:\/\/babypillowwholesale.com\/tr\/wp-json\/wp\/v2\/product_brand?post=3265"},{"taxonomy":"product_cat","embeddable":true,"href":"https:\/\/babypillowwholesale.com\/tr\/wp-json\/wp\/v2\/product_cat?post=3265"},{"taxonomy":"product_tag","embeddable":true,"href":"https:\/\/babypillowwholesale.com\/tr\/wp-json\/wp\/v2\/product_tag?post=3265"}],"curies":[{"name":"wp","href":"https:\/\/api.w.org\/{rel}","templated":true}]}}