{"id":3259,"date":"2025-03-17T03:01:05","date_gmt":"2025-03-17T03:01:05","guid":{"rendered":"https:\/\/babypillowwholesale.com\/?post_type=product&#038;p=3259"},"modified":"2025-06-08T16:19:14","modified_gmt":"2025-06-08T16:19:14","slug":"hydrophilic-cotton-shaping-pillow","status":"publish","type":"product","link":"https:\/\/babypillowwholesale.com\/tr\/product\/hydrophilic-cotton-shaping-pillow\/","title":{"rendered":"Hidrofil pamuk \u015eekillendirici Yast\u0131k"},"content":{"rendered":"<div class=\"auto-hide-last-sibling-br paragraph-qzbcQC paragraph-element br-paragraph-space\" data-immersive-translate-walked=\"8e61f2e7-6af2-46e5-9672-3b9e4f4033d9\" data-immersive-translate-paragraph=\"1\">Kar\u015f\u0131n\u0131zda, 0-6 ayl\u0131k minik uykucular i\u00e7in \u00f6zel olarak tasarlanm\u0131\u015f, cazibe ve i\u015flevselli\u011fin keyifli bir kar\u0131\u015f\u0131m\u0131 olan Hidrofilik pamuk \u015eekillendirme Yast\u0131\u011f\u0131. Sevimli kulaklar ve zarif bir fiyonkla s\u00fcslenmi\u015f bu yast\u0131k, her \u00e7ocuk odas\u0131n\u0131 an\u0131nda ayd\u0131nlatan g\u00f6rsel bir \u015faheserdir.<br \/>\nTitiz bir hassasiyetle tasarlanan benzersiz konturu, bebe\u011finizin narin ba\u015f\u0131n\u0131 \u015fefkatle kucaklar ve erken b\u00fcy\u00fcme yolculu\u011funa \u00e7\u0131karken onu m\u00fckemmel bir \u015fekle do\u011fru nazik\u00e7e y\u00f6nlendirir. 26230\/3CM \u00f6l\u00e7\u00fcleriyle \u00e7e\u015fitli ortamlara sorunsuz entegrasyon i\u00e7in ideal boyuttad\u0131r.<br \/>\n\u0130ster bebe\u011finizin be\u015fi\u011finin pel\u00fc\u015f s\u0131n\u0131rlar\u0131na yerle\u015ftirilmi\u015f olsun, ister g\u00fcn ortas\u0131 uykular\u0131 i\u00e7in rahat bir vaha sa\u011flas\u0131n, ister hayvanat bah\u00e7esine yap\u0131lan bir aile gezisi s\u0131ras\u0131nda bebek ta\u015f\u0131y\u0131c\u0131s\u0131nda ona e\u015flik etsin, bu yast\u0131k s\u00fcrekli konfor sa\u011flar. Ayn\u0131 zamanda uzun mesafeli u\u00e7u\u015flar i\u00e7in de harika bir arkada\u015ft\u0131r ve k\u00fc\u00e7\u00fck \u00e7ocu\u011funuzun ko\u015fu\u015fturman\u0131n ortas\u0131nda dinlenmesi i\u00e7in tan\u0131d\u0131k ve rahatlat\u0131c\u0131 bir nokta sunar.<br \/>\nYumu\u015fak pembe ve zengin koyu ye\u015filin b\u00fcy\u00fcleyici tonlar\u0131nda mevcut olup, estetik duyarl\u0131l\u0131klar\u0131n\u0131za veya kre\u015f teman\u0131za en uygun rengi se\u00e7ebilirsiniz. Bebe\u011finizin uyku deneyimini, her uykunun g\u00fczelce \u015fekillendirilmi\u015f bir kafaya ve tatl\u0131 r\u00fcyalara do\u011fru bir ad\u0131m oldu\u011fu Hidrofilik pamuklu \u015eekillendirme Yast\u0131\u011f\u0131 ile y\u00fckseltin.<\/div>","protected":false},"excerpt":{"rendered":"<p>Hidrofil pamuk \u015eekillendirici Yast\u0131k, 0-6 ayl\u0131k bebekler i\u00e7in tasarlanm\u0131\u015f \u00e7ekici ve pratik bir \u00fcr\u00fcnd\u00fcr. Sevimli kulaklar\u0131 ve ho\u015f bir fiyonkuyla b\u00fcy\u00fcleyici bir g\u00f6r\u00fcn\u00fcme sahip olan bu \u00fcr\u00fcn g\u00f6rsel olarak da \u00e7ekicidir. Yast\u0131\u011f\u0131n tasar\u0131m\u0131, bebe\u011fin kafas\u0131na nazik bir destek sa\u011flamak ve erken geli\u015fimleri s\u0131ras\u0131nda d\u00fczg\u00fcn bir \u015feklin korunmas\u0131na yard\u0131mc\u0131 olmak i\u00e7in \u00f6zenle haz\u0131rlanm\u0131\u015ft\u0131r. 26230\/3CM \u00f6l\u00e7\u00fcs\u00fcyle be\u015fiklere veya bebek ta\u015f\u0131y\u0131c\u0131lar\u0131na rahatl\u0131kla s\u0131\u011far. Hem tatl\u0131 pembe hem de zarif koyu ye\u015fil renklerde sunulan bu \u00fcr\u00fcn, ebeveynlere tercihlerine veya bebek odas\u0131 dekoruna uygun se\u00e7enekler sunarak i\u015flevselli\u011fi bebek bak\u0131m\u0131 i\u00e7in \u015firin bir dokunu\u015fla birle\u015ftirir.<\/p>","protected":false},"featured_media":3278,"comment_status":"open","ping_status":"closed","template":"","meta":{"_uag_custom_page_level_css":"","site-sidebar-layout":"default","site-content-layout":"","ast-site-content-layout":"default","site-content-style":"default","site-sidebar-style":"default","ast-global-header-display":"","ast-banner-title-visibility":"","ast-main-header-display":"","ast-hfb-above-header-display":"","ast-hfb-below-header-display":"","ast-hfb-mobile-header-display":"","site-post-title":"","ast-breadcrumbs-content":"","ast-featured-img":"","footer-sml-layout":"","ast-disable-related-posts":"","theme-transparent-header-meta":"default","adv-header-id-meta":"","stick-header-meta":"","header-above-stick-meta":"","header-main-stick-meta":"","header-below-stick-meta":"","astra-migrate-meta-layouts":"set","ast-page-background-enabled":"default","ast-page-background-meta":{"desktop":{"background-color":"","background-image":"","background-repeat":"repeat","background-position":"center center","background-size":"auto","background-attachment":"scroll","background-type":"","background-media":"","overlay-type":"","overlay-color":"","overlay-opacity":"","overlay-gradient":""},"tablet":{"background-color":"","background-image":"","background-repeat":"repeat","background-position":"center center","background-size":"auto","background-attachment":"scroll","background-type":"","background-media":"","overlay-type":"","overlay-color":"","overlay-opacity":"","overlay-gradient":""},"mobile":{"background-color":"","background-image":"","background-repeat":"repeat","background-position":"center center","background-size":"auto","background-attachment":"scroll","background-type":"","background-media":"","overlay-type":"","overlay-color":"","overlay-opacity":"","overlay-gradient":""}},"ast-content-background-meta":{"desktop":{"background-color":"var(--ast-global-color-5)","background-image":"","background-repeat":"repeat","background-position":"center center","background-size":"auto","background-attachment":"scroll","background-type":"","background-media":"","overlay-type":"","overlay-color":"","overlay-opacity":"","overlay-gradient":""},"tablet":{"background-color":"var(--ast-global-color-5)","background-image":"","background-repeat":"repeat","background-position":"center center","background-size":"auto","background-attachment":"scroll","background-type":"","background-media":"","overlay-type":"","overlay-color":"","overlay-opacity":"","overlay-gradient":""},"mobile":{"background-color":"var(--ast-global-color-5)","background-image":"","background-repeat":"repeat","background-position":"center center","background-size":"auto","background-attachment":"scroll","background-type":"","background-media":"","overlay-type":"","overlay-color":"","overlay-opacity":"","overlay-gradient":""}}},"product_brand":[],"product_cat":[54,42],"product_tag":[70,68,71,69],"class_list":{"0":"post-3259","1":"product","2":"type-product","3":"status-publish","4":"has-post-thumbnail","6":"product_cat-0-to-6months","7":"product_cat-merchandise","8":"product_tag-babypillow","9":"product_tag-cuteanimalpillow","10":"product_tag-headshapesupport","11":"product_tag-kouniushapingpillow","12":"desktop-align-left","13":"tablet-align-left","14":"mobile-align-left","16":"first","17":"instock","18":"shipping-taxable","19":"product-type-simple"},"aioseo_notices":[],"uagb_featured_image_src":{"full":["https:\/\/babypillowwholesale.com\/wp-content\/uploads\/2025\/03\/1125-1.jpg",1000,1000,false],"thumbnail":["https:\/\/babypillowwholesale.com\/wp-content\/uploads\/2025\/03\/1125-1-150x150.jpg",150,150,true],"medium":["https:\/\/babypillowwholesale.com\/wp-content\/uploads\/2025\/03\/1125-1-300x300.jpg",300,300,true],"medium_large":["https:\/\/babypillowwholesale.com\/wp-content\/uploads\/2025\/03\/1125-1-768x768.jpg",768,768,true],"large":["https:\/\/babypillowwholesale.com\/wp-content\/uploads\/2025\/03\/1125-1.jpg",1000,1000,false],"1536x1536":["https:\/\/babypillowwholesale.com\/wp-content\/uploads\/2025\/03\/1125-1.jpg",1000,1000,false],"2048x2048":["https:\/\/babypillowwholesale.com\/wp-content\/uploads\/2025\/03\/1125-1.jpg",1000,1000,false],"trp-custom-language-flag":["https:\/\/babypillowwholesale.com\/wp-content\/uploads\/2025\/03\/1125-1.jpg",12,12,false],"woocommerce_thumbnail":["https:\/\/babypillowwholesale.com\/wp-content\/uploads\/2025\/03\/1125-1-300x300.jpg",300,300,true],"woocommerce_single":["https:\/\/babypillowwholesale.com\/wp-content\/uploads\/2025\/03\/1125-1-600x600.jpg",600,600,true],"woocommerce_gallery_thumbnail":["https:\/\/babypillowwholesale.com\/wp-content\/uploads\/2025\/03\/1125-1-100x100.jpg",100,100,true]},"uagb_author_info":{"display_name":"Etnen zhong","author_link":"https:\/\/babypillowwholesale.com\/tr\/author\/"},"uagb_comment_info":0,"uagb_excerpt":"The Hydrophilic cotton Shaping Pillow is an appealing and practical product designed for infants between 0 and 6 months old. With a charming appearance featuring cute ears and a lovely bow, it's visually attractive. The pillow's design is carefully crafted to provide gentle support for a baby's head, helping to maintain a proper shape during&hellip;","jetpack_sharing_enabled":true,"_links":{"self":[{"href":"https:\/\/babypillowwholesale.com\/tr\/wp-json\/wp\/v2\/product\/3259","targetHints":{"allow":["GET"]}}],"collection":[{"href":"https:\/\/babypillowwholesale.com\/tr\/wp-json\/wp\/v2\/product"}],"about":[{"href":"https:\/\/babypillowwholesale.com\/tr\/wp-json\/wp\/v2\/types\/product"}],"replies":[{"embeddable":true,"href":"https:\/\/babypillowwholesale.com\/tr\/wp-json\/wp\/v2\/comments?post=3259"}],"wp:featuredmedia":[{"embeddable":true,"href":"https:\/\/babypillowwholesale.com\/tr\/wp-json\/wp\/v2\/media\/3278"}],"wp:attachment":[{"href":"https:\/\/babypillowwholesale.com\/tr\/wp-json\/wp\/v2\/media?parent=3259"}],"wp:term":[{"taxonomy":"product_brand","embeddable":true,"href":"https:\/\/babypillowwholesale.com\/tr\/wp-json\/wp\/v2\/product_brand?post=3259"},{"taxonomy":"product_cat","embeddable":true,"href":"https:\/\/babypillowwholesale.com\/tr\/wp-json\/wp\/v2\/product_cat?post=3259"},{"taxonomy":"product_tag","embeddable":true,"href":"https:\/\/babypillowwholesale.com\/tr\/wp-json\/wp\/v2\/product_tag?post=3259"}],"curies":[{"name":"wp","href":"https:\/\/api.w.org\/{rel}","templated":true}]}}