{"id":3256,"date":"2025-03-15T07:30:39","date_gmt":"2025-03-15T07:30:39","guid":{"rendered":"https:\/\/babypillowwholesale.com\/?post_type=product&#038;p=3256"},"modified":"2025-06-08T16:20:33","modified_gmt":"2025-06-08T16:20:33","slug":"cute-bunny-shaping-pillow","status":"publish","type":"product","link":"https:\/\/babypillowwholesale.com\/tr\/product\/cute-bunny-shaping-pillow\/","title":{"rendered":"Sevimli Tav\u015fan \u015eekillendirme Yast\u0131\u011f\u0131"},"content":{"rendered":"<div class=\"auto-hide-last-sibling-br paragraph-qzbcQC paragraph-element br-paragraph-space\" data-immersive-translate-walked=\"8e61f2e7-6af2-46e5-9672-3b9e4f4033d9\" data-immersive-translate-paragraph=\"1\">0-6 ayl\u0131k bebekler i\u00e7in mutlak bir ihtiya\u00e7 olan b\u00fcy\u00fcleyici Sevimli Tav\u015fan \u015eekillendirici Yast\u0131\u011f\u0131m\u0131z ile mini\u011finizi konfor d\u00fcnyas\u0131nda \u015f\u0131mart\u0131n. Bir \u00e7ift \u015f\u0131mar\u0131k tav\u015fan kula\u011f\u0131 ve tatl\u0131 y\u00fczl\u00fc bir tasar\u0131mla s\u00fcslenmi\u015f olan bu yast\u0131k, sadece bir uyku aksesuar\u0131 de\u011fil, bebe\u011finizin alan\u0131na tuhaf bir dokunu\u015f katan b\u00fcy\u00fcleyici bir par\u00e7ad\u0131r.<\/div>\n<div class=\"auto-hide-last-sibling-br paragraph-qzbcQC paragraph-element br-paragraph-space\" data-immersive-translate-walked=\"8e61f2e7-6af2-46e5-9672-3b9e4f4033d9\" data-immersive-translate-paragraph=\"1\">Hassasiyetle tasarlanan benzersiz \u015fekli, bebe\u011finizin narin ba\u015f\u0131na nazik ama s\u0131k\u0131 bir destek sunarak, de\u011ferli ilk aylar\u0131 boyunca uyurken m\u00fckemmel bir ba\u015f \u015feklini te\u015fvik eder. Uygun boyutta 26<em data-immersive-translate-walked=\"8e61f2e7-6af2-46e5-9672-3b9e4f4033d9\">23<\/em>0\/3CM, \u00e7e\u015fitli ortamlara rahat\u00e7a uyan \u00e7ok y\u00f6nl\u00fc bir arkada\u015ft\u0131r.<\/div>\n<div class=\"auto-hide-last-sibling-br paragraph-qzbcQC paragraph-element br-paragraph-space\" data-immersive-translate-walked=\"8e61f2e7-6af2-46e5-9672-3b9e4f4033d9\" data-immersive-translate-paragraph=\"1\">\u0130ster be\u015fi\u011fin kalbine yerle\u015ftirilerek uzun zamand\u0131r beklenen uykular i\u00e7in r\u00fcya gibi bir s\u0131\u011f\u0131nak olu\u015ftursun, ister g\u00fcne\u015fli bir \u00f6\u011fleden sonra parkta gezinirken bebek arabas\u0131na s\u0131k\u0131\u015ft\u0131r\u0131ls\u0131n, bu yast\u0131k bebe\u011finizin hareket halindeyken rahat etmesini sa\u011flar. B\u00fcy\u00fckannenin evinde ge\u00e7irilen gecelerde bile, tan\u0131d\u0131k ve rahat bir uyku ortam\u0131 yaratmak i\u00e7in kolayca paketlenebilir.<\/div>\n<div class=\"auto-hide-last-sibling-br paragraph-qzbcQC paragraph-element br-paragraph-space\" data-immersive-translate-walked=\"8e61f2e7-6af2-46e5-9672-3b9e4f4033d9\" data-immersive-translate-paragraph=\"1\">Yumu\u015fak pembe ve dingin mavinin b\u00fcy\u00fcleyici tonlar\u0131nda mevcut olup, bebe\u011finizin oda dekorunu en iyi \u015fekilde tamamlayan veya sadece ki\u015fisel tercihinize uyan rengi se\u00e7ebilirsiniz. \u0130\u015flevselli\u011fin sevimlilikle en keyifli \u015fekilde bulu\u015ftu\u011fu bu Sevimli Tav\u015fan \u015eekillendirici Yast\u0131k ile bebe\u011finizin uyku deneyimini y\u00fckseltin.<\/div>","protected":false},"excerpt":{"rendered":"<p>Sevimli Tav\u015fan \u015eekillendirme Yast\u0131\u011f\u0131, 0 ila 6 ayl\u0131k bebekler i\u00e7in sevimli ve i\u015flevsel bir aksesuard\u0131r. Sevimli kulaklar\u0131 ve tatl\u0131 y\u00fcz\u00fcyle sevimli bir tav\u015fan \u015feklindeki bu yast\u0131k hemen g\u00f6ze \u00e7arpar. \u00d6zel tasar\u0131m\u0131, bebe\u011fin ba\u015f\u0131n\u0131 nazik\u00e7e desteklemek i\u00e7in \u00fcretilmi\u015ftir ve \u00f6nemli ilk aylarda sa\u011fl\u0131kl\u0131 bir ba\u015f \u015feklinin korunmas\u0131na yard\u0131mc\u0131 olur. \u00d6l\u00e7\u00fcleri 26<em data-immersive-translate-walked=\"8e61f2e7-6af2-46e5-9672-3b9e4f4033d9\">23<\/em>0\/3CM, be\u015fi\u011fe veya bebek arabas\u0131na rahat\u00e7a s\u0131\u011facak m\u00fckemmel boyuttad\u0131r. Yumu\u015fak pembe ve sakinle\u015ftirici mavi renkleri ile farkl\u0131 estetik tercihlere hitap ederken, k\u00fc\u00e7\u00fck \u00e7ocu\u011funuzun dinlenmesi i\u00e7in yumu\u015fak ve rahat bir yer sa\u011flar.<\/p>","protected":false},"featured_media":3277,"comment_status":"open","ping_status":"closed","template":"","meta":{"_uag_custom_page_level_css":"","site-sidebar-layout":"default","site-content-layout":"","ast-site-content-layout":"default","site-content-style":"default","site-sidebar-style":"default","ast-global-header-display":"","ast-banner-title-visibility":"","ast-main-header-display":"","ast-hfb-above-header-display":"","ast-hfb-below-header-display":"","ast-hfb-mobile-header-display":"","site-post-title":"","ast-breadcrumbs-content":"","ast-featured-img":"","footer-sml-layout":"","ast-disable-related-posts":"","theme-transparent-header-meta":"default","adv-header-id-meta":"","stick-header-meta":"","header-above-stick-meta":"","header-main-stick-meta":"","header-below-stick-meta":"","astra-migrate-meta-layouts":"set","ast-page-background-enabled":"default","ast-page-background-meta":{"desktop":{"background-color":"","background-image":"","background-repeat":"repeat","background-position":"center center","background-size":"auto","background-attachment":"scroll","background-type":"","background-media":"","overlay-type":"","overlay-color":"","overlay-opacity":"","overlay-gradient":""},"tablet":{"background-color":"","background-image":"","background-repeat":"repeat","background-position":"center center","background-size":"auto","background-attachment":"scroll","background-type":"","background-media":"","overlay-type":"","overlay-color":"","overlay-opacity":"","overlay-gradient":""},"mobile":{"background-color":"","background-image":"","background-repeat":"repeat","background-position":"center center","background-size":"auto","background-attachment":"scroll","background-type":"","background-media":"","overlay-type":"","overlay-color":"","overlay-opacity":"","overlay-gradient":""}},"ast-content-background-meta":{"desktop":{"background-color":"var(--ast-global-color-5)","background-image":"","background-repeat":"repeat","background-position":"center center","background-size":"auto","background-attachment":"scroll","background-type":"","background-media":"","overlay-type":"","overlay-color":"","overlay-opacity":"","overlay-gradient":""},"tablet":{"background-color":"var(--ast-global-color-5)","background-image":"","background-repeat":"repeat","background-position":"center center","background-size":"auto","background-attachment":"scroll","background-type":"","background-media":"","overlay-type":"","overlay-color":"","overlay-opacity":"","overlay-gradient":""},"mobile":{"background-color":"var(--ast-global-color-5)","background-image":"","background-repeat":"repeat","background-position":"center center","background-size":"auto","background-attachment":"scroll","background-type":"","background-media":"","overlay-type":"","overlay-color":"","overlay-opacity":"","overlay-gradient":""}}},"product_brand":[],"product_cat":[54,42],"product_tag":[70,68,71,69],"class_list":{"0":"post-3256","1":"product","2":"type-product","3":"status-publish","4":"has-post-thumbnail","6":"product_cat-0-to-6months","7":"product_cat-merchandise","8":"product_tag-babypillow","9":"product_tag-cuteanimalpillow","10":"product_tag-headshapesupport","11":"product_tag-kouniushapingpillow","12":"desktop-align-left","13":"tablet-align-left","14":"mobile-align-left","16":"first","17":"instock","18":"featured","19":"shipping-taxable","20":"product-type-simple"},"aioseo_notices":[],"uagb_featured_image_src":{"full":["https:\/\/babypillowwholesale.com\/wp-content\/uploads\/2025\/03\/1123.jpg",1000,1000,false],"thumbnail":["https:\/\/babypillowwholesale.com\/wp-content\/uploads\/2025\/03\/1123-150x150.jpg",150,150,true],"medium":["https:\/\/babypillowwholesale.com\/wp-content\/uploads\/2025\/03\/1123-300x300.jpg",300,300,true],"medium_large":["https:\/\/babypillowwholesale.com\/wp-content\/uploads\/2025\/03\/1123-768x768.jpg",768,768,true],"large":["https:\/\/babypillowwholesale.com\/wp-content\/uploads\/2025\/03\/1123.jpg",1000,1000,false],"1536x1536":["https:\/\/babypillowwholesale.com\/wp-content\/uploads\/2025\/03\/1123.jpg",1000,1000,false],"2048x2048":["https:\/\/babypillowwholesale.com\/wp-content\/uploads\/2025\/03\/1123.jpg",1000,1000,false],"trp-custom-language-flag":["https:\/\/babypillowwholesale.com\/wp-content\/uploads\/2025\/03\/1123.jpg",12,12,false],"woocommerce_thumbnail":["https:\/\/babypillowwholesale.com\/wp-content\/uploads\/2025\/03\/1123-300x300.jpg",300,300,true],"woocommerce_single":["https:\/\/babypillowwholesale.com\/wp-content\/uploads\/2025\/03\/1123-600x600.jpg",600,600,true],"woocommerce_gallery_thumbnail":["https:\/\/babypillowwholesale.com\/wp-content\/uploads\/2025\/03\/1123-100x100.jpg",100,100,true]},"uagb_author_info":{"display_name":"Etnen zhong","author_link":"https:\/\/babypillowwholesale.com\/tr\/author\/"},"uagb_comment_info":0,"uagb_excerpt":"The Cute Bunny Shaping Pillow is an adorable and functional accessory for infants aged 0 to 6 months. Shaped like a charming bunny with cute ears and a sweet face, it immediately catches the eye. Its specialized design is crafted to gently support a baby's head, helping to maintain a healthy head shape during the&hellip;","jetpack_sharing_enabled":true,"_links":{"self":[{"href":"https:\/\/babypillowwholesale.com\/tr\/wp-json\/wp\/v2\/product\/3256","targetHints":{"allow":["GET"]}}],"collection":[{"href":"https:\/\/babypillowwholesale.com\/tr\/wp-json\/wp\/v2\/product"}],"about":[{"href":"https:\/\/babypillowwholesale.com\/tr\/wp-json\/wp\/v2\/types\/product"}],"replies":[{"embeddable":true,"href":"https:\/\/babypillowwholesale.com\/tr\/wp-json\/wp\/v2\/comments?post=3256"}],"wp:featuredmedia":[{"embeddable":true,"href":"https:\/\/babypillowwholesale.com\/tr\/wp-json\/wp\/v2\/media\/3277"}],"wp:attachment":[{"href":"https:\/\/babypillowwholesale.com\/tr\/wp-json\/wp\/v2\/media?parent=3256"}],"wp:term":[{"taxonomy":"product_brand","embeddable":true,"href":"https:\/\/babypillowwholesale.com\/tr\/wp-json\/wp\/v2\/product_brand?post=3256"},{"taxonomy":"product_cat","embeddable":true,"href":"https:\/\/babypillowwholesale.com\/tr\/wp-json\/wp\/v2\/product_cat?post=3256"},{"taxonomy":"product_tag","embeddable":true,"href":"https:\/\/babypillowwholesale.com\/tr\/wp-json\/wp\/v2\/product_tag?post=3256"}],"curies":[{"name":"wp","href":"https:\/\/api.w.org\/{rel}","templated":true}]}}