{"id":3152,"date":"2025-02-24T03:46:58","date_gmt":"2025-02-24T03:46:58","guid":{"rendered":"https:\/\/babypillowwholesale.com\/?post_type=product&#038;p=3152"},"modified":"2025-06-08T16:21:25","modified_gmt":"2025-06-08T16:21:25","slug":"koala-shaping-pillow","status":"publish","type":"product","link":"https:\/\/babypillowwholesale.com\/tr\/product\/koala-shaping-pillow\/","title":{"rendered":"Koala \u015eekillendirici Yast\u0131k"},"content":{"rendered":"<p>0-6 ayl\u0131k minik uykucular i\u00e7in titizlikle tasarlanm\u0131\u015f, konfor ve i\u015flevselli\u011fin ba\u015fyap\u0131t\u0131 Koala \u015eekillendirici Yast\u0131\u011f\u0131 ke\u015ffedin. Hayvanlardan ilham alan sevimli silueti sadece g\u00f6rsel bir ziyafet de\u011fil, ayn\u0131 zamanda k\u00fc\u00e7\u00fck sevin\u00e7 yuma\u011f\u0131n\u0131z i\u00e7in tatl\u0131 r\u00fcyalara a\u00e7\u0131lan bir kap\u0131d\u0131r. Bu yast\u0131\u011f\u0131n ergonomik formu, bebe\u011finizin narin ba\u015f\u0131n\u0131 nazik\u00e7e kucaklar ve b\u00fcy\u00fcd\u00fck\u00e7e m\u00fckemmel bir \u015fekil almas\u0131 i\u00e7in \u00f6zenle ve hassasiyetle ona rehberlik eder. 26*23*3CM \u00f6l\u00e7\u00fclerindeki bu yast\u0131k, \u00e7e\u015fitli ortamlara sorunsuzca uyum sa\u011flayan \u00e7ok y\u00f6nl\u00fc bir arkada\u015ft\u0131r. Bebe\u011finizin be\u015fi\u011finin yumu\u015fakl\u0131\u011f\u0131nda yuvaland\u0131\u011f\u0131n\u0131 ve g\u00fcn boyunca uzun, huzurlu uykular i\u00e7in rahat bir s\u0131\u011f\u0131nak olu\u015fturdu\u011funu hayal edin. Hareket halindeyken, ister bebek arabas\u0131nda yava\u015f bir gezinti ister arabada bir aile maceras\u0131 olsun, Koala \u015eekillendirici Yast\u0131k tutarl\u0131 destek ve konfor sa\u011flayarak her yolculu\u011fu dinlendirici bir hale getirir. Pembe ve mavinin b\u00fcy\u00fcleyici tonlar\u0131nda mevcut olan bu \u00fcr\u00fcn, bebe\u011finizin kre\u015f dekoruna veya ki\u015fisel zevkinize en uygun rengi se\u00e7menize olanak tan\u0131r. Bir yast\u0131ktan \u00e7ok daha fazlas\u0131 olan Koala \u015eekillendirici Yast\u0131k, pratiklik ve cazibenin bir kar\u0131\u015f\u0131m\u0131d\u0131r; uyku sanat\u0131n\u0131 \u015fekillendirme bilimiyle birle\u015ftiren, bebe\u011finizin d\u00fcnyas\u0131na mutlaka eklenmesi gereken bir \u00fcr\u00fcnd\u00fcr.<\/p>","protected":false},"excerpt":{"rendered":"<p>Koala \u015eekillendirme Yast\u0131\u011f\u0131, 0 ila 6 ayl\u0131k bebekler i\u00e7in \u00f6zel olarak tasarlanm\u0131\u015ft\u0131r. Sevimli bir hayvan\u0131 and\u0131ran tasar\u0131m\u0131 hem bebeklerin hem de ebeveynlerin ilgisini \u00e7ekecektir. Yast\u0131\u011f\u0131n ergonomik \u015fekli, bebe\u011fin ba\u015f\u0131n\u0131 nazik\u00e7e y\u00f6nlendirmek ve desteklemek i\u00e7in \u00fcretilmi\u015ftir ve uygun ba\u015f \u015fekli geli\u015fimini destekler. Kullan\u0131\u015fl\u0131 boyutuyla 26<em data-immersive-translate-walked=\"000db34a-f9f0-4794-a784-0d6465363590\">23<\/em>0\/3CM, be\u015fik veya bebek arabas\u0131 gibi bebekle ilgili \u00e7e\u015fitli ortamlara kolayca yerle\u015ftirilebilir. Pembe ve mavi olmak \u00fczere iki g\u00fczel renkte mevcut olan bu \u00fcr\u00fcn, farkl\u0131 stil tercihlerine uygun se\u00e7enekler sunarak i\u015flevselli\u011fi k\u00fc\u00e7\u00fck \u00e7ocu\u011funuz i\u00e7in \u015firin bir dokunu\u015fla birle\u015ftirir.<\/p>","protected":false},"featured_media":3276,"comment_status":"open","ping_status":"closed","template":"","meta":{"_uag_custom_page_level_css":"","site-sidebar-layout":"default","site-content-layout":"","ast-site-content-layout":"default","site-content-style":"default","site-sidebar-style":"default","ast-global-header-display":"","ast-banner-title-visibility":"","ast-main-header-display":"","ast-hfb-above-header-display":"","ast-hfb-below-header-display":"","ast-hfb-mobile-header-display":"","site-post-title":"","ast-breadcrumbs-content":"","ast-featured-img":"","footer-sml-layout":"","ast-disable-related-posts":"","theme-transparent-header-meta":"default","adv-header-id-meta":"","stick-header-meta":"","header-above-stick-meta":"","header-main-stick-meta":"","header-below-stick-meta":"","astra-migrate-meta-layouts":"set","ast-page-background-enabled":"default","ast-page-background-meta":{"desktop":{"background-color":"","background-image":"","background-repeat":"repeat","background-position":"center center","background-size":"auto","background-attachment":"scroll","background-type":"","background-media":"","overlay-type":"","overlay-color":"","overlay-opacity":"","overlay-gradient":""},"tablet":{"background-color":"","background-image":"","background-repeat":"repeat","background-position":"center center","background-size":"auto","background-attachment":"scroll","background-type":"","background-media":"","overlay-type":"","overlay-color":"","overlay-opacity":"","overlay-gradient":""},"mobile":{"background-color":"","background-image":"","background-repeat":"repeat","background-position":"center center","background-size":"auto","background-attachment":"scroll","background-type":"","background-media":"","overlay-type":"","overlay-color":"","overlay-opacity":"","overlay-gradient":""}},"ast-content-background-meta":{"desktop":{"background-color":"var(--ast-global-color-5)","background-image":"","background-repeat":"repeat","background-position":"center center","background-size":"auto","background-attachment":"scroll","background-type":"","background-media":"","overlay-type":"","overlay-color":"","overlay-opacity":"","overlay-gradient":""},"tablet":{"background-color":"var(--ast-global-color-5)","background-image":"","background-repeat":"repeat","background-position":"center center","background-size":"auto","background-attachment":"scroll","background-type":"","background-media":"","overlay-type":"","overlay-color":"","overlay-opacity":"","overlay-gradient":""},"mobile":{"background-color":"var(--ast-global-color-5)","background-image":"","background-repeat":"repeat","background-position":"center center","background-size":"auto","background-attachment":"scroll","background-type":"","background-media":"","overlay-type":"","overlay-color":"","overlay-opacity":"","overlay-gradient":""}}},"product_brand":[],"product_cat":[54,42],"product_tag":[70,68,71,69],"class_list":{"0":"post-3152","1":"product","2":"type-product","3":"status-publish","4":"has-post-thumbnail","6":"product_cat-0-to-6months","7":"product_cat-merchandise","8":"product_tag-babypillow","9":"product_tag-cuteanimalpillow","10":"product_tag-headshapesupport","11":"product_tag-kouniushapingpillow","12":"desktop-align-left","13":"tablet-align-left","14":"mobile-align-left","16":"first","17":"instock","18":"featured","19":"shipping-taxable","20":"product-type-simple"},"aioseo_notices":[],"uagb_featured_image_src":{"full":["https:\/\/babypillowwholesale.com\/wp-content\/uploads\/2025\/02\/1122.jpg",1000,1000,false],"thumbnail":["https:\/\/babypillowwholesale.com\/wp-content\/uploads\/2025\/02\/1122-150x150.jpg",150,150,true],"medium":["https:\/\/babypillowwholesale.com\/wp-content\/uploads\/2025\/02\/1122-300x300.jpg",300,300,true],"medium_large":["https:\/\/babypillowwholesale.com\/wp-content\/uploads\/2025\/02\/1122-768x768.jpg",768,768,true],"large":["https:\/\/babypillowwholesale.com\/wp-content\/uploads\/2025\/02\/1122.jpg",1000,1000,false],"1536x1536":["https:\/\/babypillowwholesale.com\/wp-content\/uploads\/2025\/02\/1122.jpg",1000,1000,false],"2048x2048":["https:\/\/babypillowwholesale.com\/wp-content\/uploads\/2025\/02\/1122.jpg",1000,1000,false],"trp-custom-language-flag":["https:\/\/babypillowwholesale.com\/wp-content\/uploads\/2025\/02\/1122.jpg",12,12,false],"woocommerce_thumbnail":["https:\/\/babypillowwholesale.com\/wp-content\/uploads\/2025\/02\/1122-300x300.jpg",300,300,true],"woocommerce_single":["https:\/\/babypillowwholesale.com\/wp-content\/uploads\/2025\/02\/1122-600x600.jpg",600,600,true],"woocommerce_gallery_thumbnail":["https:\/\/babypillowwholesale.com\/wp-content\/uploads\/2025\/02\/1122-100x100.jpg",100,100,true]},"uagb_author_info":{"display_name":"Etnen zhong","author_link":"https:\/\/babypillowwholesale.com\/tr\/author\/"},"uagb_comment_info":0,"uagb_excerpt":"The Koala Shaping Pillow is tailored for infants aged 0 to 6 months. Its charming design resembles an adorable animal, which is sure to appeal to both babies and parents. The pillow's ergonomic shape is crafted to gently guide and support a baby's head, promoting proper head shape development. With a convenient size of 26230\/3CM,&hellip;","jetpack_sharing_enabled":true,"_links":{"self":[{"href":"https:\/\/babypillowwholesale.com\/tr\/wp-json\/wp\/v2\/product\/3152","targetHints":{"allow":["GET"]}}],"collection":[{"href":"https:\/\/babypillowwholesale.com\/tr\/wp-json\/wp\/v2\/product"}],"about":[{"href":"https:\/\/babypillowwholesale.com\/tr\/wp-json\/wp\/v2\/types\/product"}],"replies":[{"embeddable":true,"href":"https:\/\/babypillowwholesale.com\/tr\/wp-json\/wp\/v2\/comments?post=3152"}],"wp:featuredmedia":[{"embeddable":true,"href":"https:\/\/babypillowwholesale.com\/tr\/wp-json\/wp\/v2\/media\/3276"}],"wp:attachment":[{"href":"https:\/\/babypillowwholesale.com\/tr\/wp-json\/wp\/v2\/media?parent=3152"}],"wp:term":[{"taxonomy":"product_brand","embeddable":true,"href":"https:\/\/babypillowwholesale.com\/tr\/wp-json\/wp\/v2\/product_brand?post=3152"},{"taxonomy":"product_cat","embeddable":true,"href":"https:\/\/babypillowwholesale.com\/tr\/wp-json\/wp\/v2\/product_cat?post=3152"},{"taxonomy":"product_tag","embeddable":true,"href":"https:\/\/babypillowwholesale.com\/tr\/wp-json\/wp\/v2\/product_tag?post=3152"}],"curies":[{"name":"wp","href":"https:\/\/api.w.org\/{rel}","templated":true}]}}