{"id":1199,"date":"2025-02-17T16:07:49","date_gmt":"2025-02-17T16:07:49","guid":{"rendered":"http:\/\/babypillowwholesale.com\/product\/boho-bangle-bracelet-2\/"},"modified":"2025-06-08T16:23:33","modified_gmt":"2025-06-08T16:23:33","slug":"boho-bangle-bracelet-2","status":"publish","type":"product","link":"https:\/\/babypillowwholesale.com\/tr\/product\/boho-bangle-bracelet-2\/","title":{"rendered":"Mickey Ay\u0131 \u015eekillendirme Yast\u0131\u011f\u0131"},"content":{"rendered":"<p>0-6 ayl\u0131k bebekler i\u00e7in zarif bir \u015fekilde tasarlanm\u0131\u015f ideal bir arkada\u015f olan b\u00fcy\u00fcleyici Mickey Ay\u0131 \u015eekillendirme Yast\u0131\u011f\u0131 ile tan\u0131\u015f\u0131n. Kar\u015f\u0131 konulmaz derecede sevimli ay\u0131 benzeri g\u00f6r\u00fcn\u00fcm\u00fc sadece g\u00f6rsel bir zevk de\u011fil, ayn\u0131 zamanda bebe\u011finizin hassas ba\u015f\u0131n\u0131 nazik\u00e7e \u015fekillendirmede hayati bir amaca hizmet eder. 26*23*0\/3CM \u00f6l\u00e7\u00fcleriyle bebe\u011finizin v\u00fccut k\u0131vr\u0131mlar\u0131na tam oturarak maksimum konfor sa\u011flar. B\u00fcy\u00fcleyici pembe ve rahatlat\u0131c\u0131 mavi renkleri mevcuttur ve farkl\u0131 estetik tercihlere hitap eder. Bu \u015fekillendirici yast\u0131\u011f\u0131n kullan\u0131m\u0131 \u00e7ok y\u00f6nl\u00fcd\u00fcr. \u00c7ocuk odas\u0131nda g\u00fcnd\u00fcz uykusu s\u0131ras\u0131nda, yumu\u015fak dokusu ve destekleyici tasar\u0131m\u0131 bebe\u011finizin rahatlamas\u0131na ve m\u0131\u015f\u0131l m\u0131\u015f\u0131l uyumas\u0131na yard\u0131mc\u0131 olur. Ailecek yolculu\u011fa \u00e7\u0131karken, bebe\u011finizin araba koltu\u011funa yerle\u015ftirilebilir ve k\u00fc\u00e7\u00fck \u00e7ocu\u011funuzun dinlenmesi i\u00e7in tan\u0131d\u0131k ve rahat bir yer sa\u011flar. B\u00fcy\u00fckanne ve b\u00fcy\u00fckbaban\u0131n evine k\u0131sa bir ziyaret s\u0131ras\u0131nda bile, bebe\u011finiz i\u00e7in rahatlat\u0131c\u0131 bir uyku ortam\u0131 yaratmak i\u00e7in bu kompakt yast\u0131\u011f\u0131 yan\u0131n\u0131za alman\u0131z yeterlidir. Bir uyku aksesuar\u0131ndan \u00e7ok daha fazlas\u0131 olan Mickey Bear \u015eekillendirici Yast\u0131k, i\u015flevsellik, \u00e7ekicilik ve rahatl\u0131\u011f\u0131n bir kar\u0131\u015f\u0131m\u0131d\u0131r; pratikli\u011fi bir tutam sihirle birle\u015ftiren, bebe\u011finizin bak\u0131m\u0131nda olmazsa olmaz bir eklentidir.<\/p>","protected":false},"excerpt":{"rendered":"<p>Bu Mickey Ay\u0131 \u015eekillendirme Yast\u0131\u011f\u0131, 0-6 ayl\u0131k bebekler i\u00e7in \u00f6zel olarak tasarlanm\u0131\u015ft\u0131r. Sevimli ay\u0131 \u015feklindeki g\u00f6r\u00fcn\u00fcm\u00fc ile \u00e7ok \u00e7ekicidir. Benzersiz tasar\u0131m bebe\u011fin ba\u015f\u0131n\u0131 \u015fekillendirmeye yard\u0131mc\u0131 olur. Uygun boyut 26\/<em>3<\/em>0\/3CM bebe\u011fin v\u00fccut k\u0131vr\u0131m\u0131na uyar. Pembe ve mavi olmak \u00fczere iki rengi mevcuttur, farkl\u0131 tercihleri kar\u015f\u0131layabilir. Bebek bak\u0131m\u0131 i\u00e7in pratik ve sevimli bir \u00fcr\u00fcnd\u00fcr.<\/p>","protected":false},"featured_media":3275,"comment_status":"open","ping_status":"closed","template":"","meta":{"_uag_custom_page_level_css":"","site-sidebar-layout":"default","site-content-layout":"","ast-site-content-layout":"default","site-content-style":"default","site-sidebar-style":"default","ast-global-header-display":"","ast-banner-title-visibility":"","ast-main-header-display":"","ast-hfb-above-header-display":"","ast-hfb-below-header-display":"","ast-hfb-mobile-header-display":"","site-post-title":"","ast-breadcrumbs-content":"","ast-featured-img":"","footer-sml-layout":"","ast-disable-related-posts":"","theme-transparent-header-meta":"default","adv-header-id-meta":"","stick-header-meta":"","header-above-stick-meta":"","header-main-stick-meta":"","header-below-stick-meta":"","astra-migrate-meta-layouts":"set","ast-page-background-enabled":"default","ast-page-background-meta":{"desktop":{"background-color":"","background-image":"","background-repeat":"repeat","background-position":"center center","background-size":"auto","background-attachment":"scroll","background-type":"","background-media":"","overlay-type":"","overlay-color":"","overlay-opacity":"","overlay-gradient":""},"tablet":{"background-color":"","background-image":"","background-repeat":"repeat","background-position":"center center","background-size":"auto","background-attachment":"scroll","background-type":"","background-media":"","overlay-type":"","overlay-color":"","overlay-opacity":"","overlay-gradient":""},"mobile":{"background-color":"","background-image":"","background-repeat":"repeat","background-position":"center center","background-size":"auto","background-attachment":"scroll","background-type":"","background-media":"","overlay-type":"","overlay-color":"","overlay-opacity":"","overlay-gradient":""}},"ast-content-background-meta":{"desktop":{"background-color":"var(--ast-global-color-5)","background-image":"","background-repeat":"repeat","background-position":"center center","background-size":"auto","background-attachment":"scroll","background-type":"","background-media":"","overlay-type":"","overlay-color":"","overlay-opacity":"","overlay-gradient":""},"tablet":{"background-color":"var(--ast-global-color-5)","background-image":"","background-repeat":"repeat","background-position":"center center","background-size":"auto","background-attachment":"scroll","background-type":"","background-media":"","overlay-type":"","overlay-color":"","overlay-opacity":"","overlay-gradient":""},"mobile":{"background-color":"var(--ast-global-color-5)","background-image":"","background-repeat":"repeat","background-position":"center center","background-size":"auto","background-attachment":"scroll","background-type":"","background-media":"","overlay-type":"","overlay-color":"","overlay-opacity":"","overlay-gradient":""}}},"product_brand":[],"product_cat":[54,42],"product_tag":[70,68,71,69],"class_list":{"0":"post-1199","1":"product","2":"type-product","3":"status-publish","4":"has-post-thumbnail","6":"product_cat-0-to-6months","7":"product_cat-merchandise","8":"product_tag-babypillow","9":"product_tag-cuteanimalpillow","10":"product_tag-headshapesupport","11":"product_tag-kouniushapingpillow","12":"desktop-align-left","13":"tablet-align-left","14":"mobile-align-left","16":"first","17":"instock","18":"shipping-taxable","19":"product-type-simple"},"aioseo_notices":[],"uagb_featured_image_src":{"full":["https:\/\/babypillowwholesale.com\/wp-content\/uploads\/2025\/02\/1119.jpg",1000,1000,false],"thumbnail":["https:\/\/babypillowwholesale.com\/wp-content\/uploads\/2025\/02\/1119-150x150.jpg",150,150,true],"medium":["https:\/\/babypillowwholesale.com\/wp-content\/uploads\/2025\/02\/1119-300x300.jpg",300,300,true],"medium_large":["https:\/\/babypillowwholesale.com\/wp-content\/uploads\/2025\/02\/1119-768x768.jpg",768,768,true],"large":["https:\/\/babypillowwholesale.com\/wp-content\/uploads\/2025\/02\/1119.jpg",1000,1000,false],"1536x1536":["https:\/\/babypillowwholesale.com\/wp-content\/uploads\/2025\/02\/1119.jpg",1000,1000,false],"2048x2048":["https:\/\/babypillowwholesale.com\/wp-content\/uploads\/2025\/02\/1119.jpg",1000,1000,false],"trp-custom-language-flag":["https:\/\/babypillowwholesale.com\/wp-content\/uploads\/2025\/02\/1119.jpg",12,12,false],"woocommerce_thumbnail":["https:\/\/babypillowwholesale.com\/wp-content\/uploads\/2025\/02\/1119-300x300.jpg",300,300,true],"woocommerce_single":["https:\/\/babypillowwholesale.com\/wp-content\/uploads\/2025\/02\/1119-600x600.jpg",600,600,true],"woocommerce_gallery_thumbnail":["https:\/\/babypillowwholesale.com\/wp-content\/uploads\/2025\/02\/1119-100x100.jpg",100,100,true]},"uagb_author_info":{"display_name":"Etnen zhong","author_link":"https:\/\/babypillowwholesale.com\/tr\/author\/"},"uagb_comment_info":0,"uagb_excerpt":"This Mickey Bear Shaping Pillow is specially designed for babies aged 0 to 6 months. With its cute bear - shaped appearance, it's very attractive. The unique design helps to shape the baby's head. The appropriate size of 26\/30\/3CM fits the baby's body curve. Available in two colors, pink and blue, it can meet different&hellip;","jetpack_sharing_enabled":true,"_links":{"self":[{"href":"https:\/\/babypillowwholesale.com\/tr\/wp-json\/wp\/v2\/product\/1199","targetHints":{"allow":["GET"]}}],"collection":[{"href":"https:\/\/babypillowwholesale.com\/tr\/wp-json\/wp\/v2\/product"}],"about":[{"href":"https:\/\/babypillowwholesale.com\/tr\/wp-json\/wp\/v2\/types\/product"}],"replies":[{"embeddable":true,"href":"https:\/\/babypillowwholesale.com\/tr\/wp-json\/wp\/v2\/comments?post=1199"}],"wp:featuredmedia":[{"embeddable":true,"href":"https:\/\/babypillowwholesale.com\/tr\/wp-json\/wp\/v2\/media\/3275"}],"wp:attachment":[{"href":"https:\/\/babypillowwholesale.com\/tr\/wp-json\/wp\/v2\/media?parent=1199"}],"wp:term":[{"taxonomy":"product_brand","embeddable":true,"href":"https:\/\/babypillowwholesale.com\/tr\/wp-json\/wp\/v2\/product_brand?post=1199"},{"taxonomy":"product_cat","embeddable":true,"href":"https:\/\/babypillowwholesale.com\/tr\/wp-json\/wp\/v2\/product_cat?post=1199"},{"taxonomy":"product_tag","embeddable":true,"href":"https:\/\/babypillowwholesale.com\/tr\/wp-json\/wp\/v2\/product_tag?post=1199"}],"curies":[{"name":"wp","href":"https:\/\/api.w.org\/{rel}","templated":true}]}}