{"id":3497,"date":"2025-04-19T12:47:24","date_gmt":"2025-04-19T12:47:24","guid":{"rendered":"https:\/\/babypillowwholesale.com\/?post_type=product&#038;p=3497"},"modified":"2025-06-05T13:57:14","modified_gmt":"2025-06-05T13:57:14","slug":"memory-foam-pillow-heart-shaped-pillow-core","status":"publish","type":"product","link":"https:\/\/babypillowwholesale.com\/sv\/product\/memory-foam-pillow-heart-shaped-pillow-core\/","title":{"rendered":"Kudde av memoryskum - hj\u00e4rtformad kuddk\u00e4rna"},"content":{"rendered":"<div class=\"auto-hide-last-sibling-br paragraph-qzbcQC paragraph-element br-paragraph-space\">\n<div class=\"auto-hide-last-sibling-br paragraph-qzbcQC paragraph-element br-paragraph-space\">\n<div class=\"auto-hide-last-sibling-br paragraph-qzbcQC paragraph-element br-paragraph-space\">\n<div class=\"auto-hide-last-sibling-br paragraph-qzbcQC paragraph-element br-paragraph-space\">\n<div class=\"inter-wlTS5w\" data-immersive-translate-walked=\"d12d8f94-b8ff-4d99-b7de-4fecb356978f\">\n<div class=\"container-QE4ayg\">\n<div class=\"item-jU10IN\">\n<div class=\"container-jODEnh chrome70-container\">\n<div class=\"inner-eE95c9 inner-item-aL3Ui_\" data-target-id=\"message-box-target-id\" data-testid=\"union_message\">\n<div class=\"message-block-container-liuetz\" data-testid=\"message-block-container\">\n<div class=\"message-box-ZWbBdF\" data-testid=\"receive_message\" data-message-id=\"3380063449561346\">\n<div class=\"message-box-content-wrapper-srHdUj\">\n<div class=\"message-content message-box-content-otxGGw receive-message-box-content-_lREFj samantha-message-box-content-Qjmpja\" data-testid=\"message_content\">\n<div class=\"container-hfX5E8 flow-markdown-body theme-samantha-yJEgBp\" dir=\"ltr\" data-testid=\"message_text_content\" data-show-indicator=\"false\">\n<div class=\"auto-hide-last-sibling-br paragraph-qzbcQC paragraph-element br-paragraph-space\">\n<div class=\"auto-hide-last-sibling-br paragraph-qzbcQC paragraph-element br-paragraph-space\">Denna Memory Foam Pillow - hj\u00e4rtformade kuddk\u00e4rna \u00e4r exklusivt utformad f\u00f6r barn i \u00e5ldern 0 - 6 m\u00e5nader och \u00e4r ett bevis p\u00e5 personlig lyx. Vi \u00e4r stolta \u00f6ver v\u00e5r f\u00f6rm\u00e5ga att f\u00f6rvandla denna redan charmiga hj\u00e4rtformade k\u00e4rna till ett skr\u00e4ddarsytt konstverk, skr\u00e4ddarsytt f\u00f6r de mest kr\u00e4sna smakerna.<\/div>\n<p>&nbsp;<\/p>\n<div class=\"auto-hide-last-sibling-br paragraph-qzbcQC paragraph-element br-paragraph-space\">F\u00f6r dem som dr\u00f6mmer i nyckfullhet, f\u00f6rest\u00e4ll dig en konstellation av blinkande stj\u00e4rnor och en leende halvm\u00e5ne, delikat tryckt \u00f6ver hj\u00e4rtat. Varje stj\u00e4rna verkar inneh\u00e5lla ett universum av dr\u00f6mmar och skapar en himmelsk oas som lugnar och f\u00e4ngslar. Om naturens sk\u00f6nhet \u00e4r det som f\u00f6redras, f\u00f6rest\u00e4ll dig frodiga, gr\u00f6na blad som fl\u00e4tas samman med skira, blommande blommor. Kronbladen, som \u00e4r \u00e5tergivna i mjuka, lugnande nyanser, f\u00f6r med sig fr\u00e4sch\u00f6ren fr\u00e5n en v\u00e5rtr\u00e4dg\u00e5rd till kudden och erbjuder en lugn och uppfriskande visuell omfamning.<\/div>\n<p>&nbsp;<\/p>\n<div class=\"auto-hide-last-sibling-br paragraph-qzbcQC paragraph-element br-paragraph-space\">F\u00f6r den modernt sinnade kan rena, minimalistiska linjer och geometriska m\u00f6nster integreras s\u00f6ml\u00f6st. Skarpa vinklar och mjuka kurvor m\u00f6ts i en dans av modern design och skapar ett utseende som \u00e4r b\u00e5de elegant och hj\u00e4rtv\u00e4rmande. Dessa m\u00f6nster \u00e4r inte bara dekorationer; de \u00e4r uttalanden som \u00e5terspeglar den unika personligheten och smaken i barnets barnkammare.<\/div>\n<p>&nbsp;<\/p>\n<div class=\"auto-hide-last-sibling-br paragraph-qzbcQC paragraph-element br-paragraph-space\">Varje specialdesignat m\u00f6nster utf\u00f6rs med st\u00f6rsta precision och omsorg, med anv\u00e4ndning av endast de s\u00e4kraste, giftfria f\u00e4rgerna. Detta s\u00e4kerst\u00e4ller att varje kuddk\u00e4rna inte bara \u00e4r ett visuellt m\u00e4sterverk utan ocks\u00e5 en s\u00e4ker och bekv\u00e4m tillflyktsort f\u00f6r ditt barn.<\/div>\n<p>&nbsp;<\/p>\n<div class=\"auto-hide-last-sibling-br paragraph-qzbcQC paragraph-element br-paragraph-space\">Genom att erbjuda ett s\u00e5 brett spektrum av anpassningsm\u00f6jligheter ger vi dig m\u00f6jlighet att tillgodose alla estetiska preferenser. Oavsett om det \u00e4r ett nyckfullt underland, en naturlig tillflyktsort eller en modern minimalistisk oas, kan denna hj\u00e4rtformade kuddk\u00e4rna omvandlas f\u00f6r att m\u00f6ta och \u00f6vertr\u00e4ffa f\u00f6rv\u00e4ntningarna. P\u00e5 en marknad som \u00e4r m\u00e4ttad med generiska produkter s\u00e4kerst\u00e4ller v\u00e5ra skr\u00e4ddarsydda designer att ditt erbjudande sticker ut, f\u00e5ngar uppm\u00e4rksamhet och vinner hj\u00e4rtan. Den h\u00e4r niv\u00e5n av personalisering \u00f6kar inte bara f\u00f6rs\u00e4ljningen, utan skapar ocks\u00e5 en djupare kontakt med dina kunder genom att erbjuda dem en produkt som \u00e4r lika unik som deras lilla barn.<\/div>\n<p>&nbsp;<\/p>\n<div class=\"auto-hide-last-sibling-br paragraph-qzbcQC paragraph-element br-paragraph-space\">F\u00f6rh\u00f6j din produktlinje med v\u00e5r Memory Foam Pillow - hj\u00e4rtformade kuddk\u00e4rna, d\u00e4r anpassning m\u00f6ter lyx och varje kudde ber\u00e4ttar en unik historia.<\/div>\n<\/div>\n<\/div>\n<\/div>\n<\/div>\n<\/div>\n<\/div>\n<\/div>\n<\/div>\n<\/div>\n<\/div>\n<\/div>\n<\/div>\n<\/div>\n<\/div>\n<\/div>","protected":false},"excerpt":{"rendered":"<div class=\"auto-hide-last-sibling-br paragraph-qzbcQC paragraph-element br-paragraph-space\">Denna Memory Foam Pillow - Heart - shaped Pillow Core, designad f\u00f6r sp\u00e4dbarn i \u00e5ldern 0 - 6 m\u00e5nader, erbjuder en kraftfull anpassningsf\u00f6rdel. Vi kan skapa uts\u00f6kta, skr\u00e4ddarsydda m\u00f6nster f\u00f6r att m\u00f6ta dina specifika behov. Om dina kunder till exempel \u00e4lskar s\u00f6ta stilar kan vi trycka charmiga seriefigurer eller l\u00e4ckra blommotiv. F\u00f6redrar du en elegant touch? Enkla men snygga geometriska m\u00f6nster eller mjuka pastellf\u00e4rger kan anv\u00e4ndas. Dessa skr\u00e4ddarsydda m\u00f6nster h\u00f6jer inte bara produktens visuella tilltal utan g\u00f6r den ocks\u00e5 till en marknadsf\u00f6rare som lockar fler k\u00f6pare och \u00f6kar f\u00f6rs\u00e4ljningen. Genom att anpassa dig till olika designpreferenser kan du erbjuda en produkt som passar perfekt till olika konsumenters estetik, vilket ger dig en konkurrensf\u00f6rdel.<\/div>","protected":false},"featured_media":3498,"comment_status":"open","ping_status":"closed","template":"","meta":{"_uag_custom_page_level_css":"","site-sidebar-layout":"default","site-content-layout":"","ast-site-content-layout":"default","site-content-style":"default","site-sidebar-style":"default","ast-global-header-display":"","ast-banner-title-visibility":"","ast-main-header-display":"","ast-hfb-above-header-display":"","ast-hfb-below-header-display":"","ast-hfb-mobile-header-display":"","site-post-title":"","ast-breadcrumbs-content":"","ast-featured-img":"","footer-sml-layout":"","ast-disable-related-posts":"","theme-transparent-header-meta":"default","adv-header-id-meta":"","stick-header-meta":"","header-above-stick-meta":"","header-main-stick-meta":"","header-below-stick-meta":"","astra-migrate-meta-layouts":"set","ast-page-background-enabled":"default","ast-page-background-meta":{"desktop":{"background-color":"","background-image":"","background-repeat":"repeat","background-position":"center center","background-size":"auto","background-attachment":"scroll","background-type":"","background-media":"","overlay-type":"","overlay-color":"","overlay-opacity":"","overlay-gradient":""},"tablet":{"background-color":"","background-image":"","background-repeat":"repeat","background-position":"center center","background-size":"auto","background-attachment":"scroll","background-type":"","background-media":"","overlay-type":"","overlay-color":"","overlay-opacity":"","overlay-gradient":""},"mobile":{"background-color":"","background-image":"","background-repeat":"repeat","background-position":"center center","background-size":"auto","background-attachment":"scroll","background-type":"","background-media":"","overlay-type":"","overlay-color":"","overlay-opacity":"","overlay-gradient":""}},"ast-content-background-meta":{"desktop":{"background-color":"var(--ast-global-color-5)","background-image":"","background-repeat":"repeat","background-position":"center center","background-size":"auto","background-attachment":"scroll","background-type":"","background-media":"","overlay-type":"","overlay-color":"","overlay-opacity":"","overlay-gradient":""},"tablet":{"background-color":"var(--ast-global-color-5)","background-image":"","background-repeat":"repeat","background-position":"center center","background-size":"auto","background-attachment":"scroll","background-type":"","background-media":"","overlay-type":"","overlay-color":"","overlay-opacity":"","overlay-gradient":""},"mobile":{"background-color":"var(--ast-global-color-5)","background-image":"","background-repeat":"repeat","background-position":"center center","background-size":"auto","background-attachment":"scroll","background-type":"","background-media":"","overlay-type":"","overlay-color":"","overlay-opacity":"","overlay-gradient":""}}},"product_brand":[],"product_cat":[65,32],"product_tag":[70,68,71,69],"class_list":{"0":"post-3497","1":"product","2":"type-product","3":"status-publish","4":"has-post-thumbnail","6":"product_cat-0-to-6months-oem","7":"product_cat-customize","8":"product_tag-babypillow","9":"product_tag-cuteanimalpillow","10":"product_tag-headshapesupport","11":"product_tag-kouniushapingpillow","12":"desktop-align-left","13":"tablet-align-left","14":"mobile-align-left","16":"first","17":"instock","18":"shipping-taxable","19":"product-type-simple"},"aioseo_notices":[],"uagb_featured_image_src":{"full":["https:\/\/babypillowwholesale.com\/wp-content\/uploads\/2025\/04\/0020.jpg",1000,1000,false],"thumbnail":["https:\/\/babypillowwholesale.com\/wp-content\/uploads\/2025\/04\/0020-150x150.jpg",150,150,true],"medium":["https:\/\/babypillowwholesale.com\/wp-content\/uploads\/2025\/04\/0020-300x300.jpg",300,300,true],"medium_large":["https:\/\/babypillowwholesale.com\/wp-content\/uploads\/2025\/04\/0020-768x768.jpg",768,768,true],"large":["https:\/\/babypillowwholesale.com\/wp-content\/uploads\/2025\/04\/0020.jpg",1000,1000,false],"1536x1536":["https:\/\/babypillowwholesale.com\/wp-content\/uploads\/2025\/04\/0020.jpg",1000,1000,false],"2048x2048":["https:\/\/babypillowwholesale.com\/wp-content\/uploads\/2025\/04\/0020.jpg",1000,1000,false],"trp-custom-language-flag":["https:\/\/babypillowwholesale.com\/wp-content\/uploads\/2025\/04\/0020.jpg",12,12,false],"woocommerce_thumbnail":["https:\/\/babypillowwholesale.com\/wp-content\/uploads\/2025\/04\/0020-300x300.jpg",300,300,true],"woocommerce_single":["https:\/\/babypillowwholesale.com\/wp-content\/uploads\/2025\/04\/0020-600x600.jpg",600,600,true],"woocommerce_gallery_thumbnail":["https:\/\/babypillowwholesale.com\/wp-content\/uploads\/2025\/04\/0020-100x100.jpg",100,100,true]},"uagb_author_info":{"display_name":"Etnen zhong","author_link":"https:\/\/babypillowwholesale.com\/sv\/author\/"},"uagb_comment_info":0,"uagb_excerpt":"This Memory Foam Pillow - Heart - shaped Pillow Core, designed for babies aged 0 - 6 months, offers a powerful customization advantage. We can craft exquisite, tailored patterns to meet your specific needs. For example, if your customers adore cute styles, we can print charming cartoon characters or dainty floral motifs. Prefer an elegant&hellip;","jetpack_sharing_enabled":true,"_links":{"self":[{"href":"https:\/\/babypillowwholesale.com\/sv\/wp-json\/wp\/v2\/product\/3497","targetHints":{"allow":["GET"]}}],"collection":[{"href":"https:\/\/babypillowwholesale.com\/sv\/wp-json\/wp\/v2\/product"}],"about":[{"href":"https:\/\/babypillowwholesale.com\/sv\/wp-json\/wp\/v2\/types\/product"}],"replies":[{"embeddable":true,"href":"https:\/\/babypillowwholesale.com\/sv\/wp-json\/wp\/v2\/comments?post=3497"}],"wp:featuredmedia":[{"embeddable":true,"href":"https:\/\/babypillowwholesale.com\/sv\/wp-json\/wp\/v2\/media\/3498"}],"wp:attachment":[{"href":"https:\/\/babypillowwholesale.com\/sv\/wp-json\/wp\/v2\/media?parent=3497"}],"wp:term":[{"taxonomy":"product_brand","embeddable":true,"href":"https:\/\/babypillowwholesale.com\/sv\/wp-json\/wp\/v2\/product_brand?post=3497"},{"taxonomy":"product_cat","embeddable":true,"href":"https:\/\/babypillowwholesale.com\/sv\/wp-json\/wp\/v2\/product_cat?post=3497"},{"taxonomy":"product_tag","embeddable":true,"href":"https:\/\/babypillowwholesale.com\/sv\/wp-json\/wp\/v2\/product_tag?post=3497"}],"curies":[{"name":"wp","href":"https:\/\/api.w.org\/{rel}","templated":true}]}}