{"id":3491,"date":"2025-04-19T09:25:10","date_gmt":"2025-04-19T09:25:10","guid":{"rendered":"https:\/\/babypillowwholesale.com\/?post_type=product&#038;p=3491"},"modified":"2025-06-05T14:43:03","modified_gmt":"2025-06-05T14:43:03","slug":"memory-foam-pillow-small-apple-shaped-pillow-core","status":"publish","type":"product","link":"https:\/\/babypillowwholesale.com\/sv\/product\/memory-foam-pillow-small-apple-shaped-pillow-core\/","title":{"rendered":"Kudde av memoryskum - litet \u00e4pple - formad Pillow Core"},"content":{"rendered":"<div class=\"auto-hide-last-sibling-br paragraph-qzbcQC paragraph-element br-paragraph-space\">\n<div class=\"auto-hide-last-sibling-br paragraph-qzbcQC paragraph-element br-paragraph-space\">\n<div class=\"auto-hide-last-sibling-br paragraph-qzbcQC paragraph-element br-paragraph-space\">\n<div class=\"auto-hide-last-sibling-br paragraph-qzbcQC paragraph-element br-paragraph-space\">Vi presenterar Memory Foam Pillow - Small Apple - shaped Pillow Core, en underbar s\u00f6mnprodukt som \u00e4r skr\u00e4ddarsydd f\u00f6r de minsta dr\u00f6mmarna i \u00e5ldern 0 - 6 m\u00e5nader. Dess charmiga \u00e4ppelinspirerade silhuett \u00e4r inte bara en visuell njutning; det \u00e4r en port till en v\u00e4rld av o\u00f6vertr\u00e4ffad anpassning.<\/div>\n<p>&nbsp;<\/p>\n<div class=\"auto-hide-last-sibling-br paragraph-qzbcQC paragraph-element br-paragraph-space\">Vi \u00e4r medvetna om att varje barn \u00e4r unikt, och s\u00e5 b\u00f6r \u00e4ven komforten vara. Det \u00e4r d\u00e4rf\u00f6r vi erbjuder m\u00f6jligheten att finjustera densiteten hos det hydrofila skummet. Oavsett om ditt barn f\u00f6redrar en molnliknande omfamning eller den lugnande fastheten som ger ett mjukt st\u00f6d, kan vi skapa den perfekta taktila upplevelsen.<\/div>\n<p>&nbsp;<\/p>\n<div class=\"auto-hide-last-sibling-br paragraph-qzbcQC paragraph-element br-paragraph-space\">Ytan p\u00e5 detta \u00e4ppelformade underverk \u00e4r en tom duk f\u00f6r kreativitet. Med hj\u00e4lp av de s\u00e4kraste, giftfria bl\u00e4cken kan vi pryda den med f\u00f6rtrollande tryck. T\u00e4nk dig en konstellation av n\u00e4tta \u00e4ppelblommor, vars kronblad till synes fladdrar i en mild bris, eller en lekfull parad av nyckelpigor, som om de var p\u00e5 uppdrag att f\u00e5 ditt barn att le n\u00e4r det sover. Dessa tryck \u00e4r inte bara dekorationer, de \u00e4r ber\u00e4ttelser som v\u00e4ntar p\u00e5 att ber\u00e4ttas och ger varje tupplur ett lager av magi.<\/div>\n<p>&nbsp;<\/p>\n<div class=\"auto-hide-last-sibling-br paragraph-qzbcQC paragraph-element br-paragraph-space\">Men anpassningsm\u00f6jligheterna slutar inte d\u00e4r. Den centrala f\u00f6rdjupningen, som \u00e4r avg\u00f6rande f\u00f6r barnets komfort, kan justeras minuti\u00f6st. Vi kan exakt \u00e4ndra dess storlek och kr\u00f6kning och se till att den vaggar ditt barns huvud som en k\u00e4rleksfull omfamning. Det \u00e4r denna uppm\u00e4rksamhet p\u00e5 detaljer, detta engagemang f\u00f6r unikhet, som g\u00f6r v\u00e5r Memory Foam Pillow - Small Apple - formad Pillow Core inte bara till en produkt, utan till en omhuldad minnessak, en unik vaggvisa f\u00f6r din lillas s\u00f6mn.<\/div>\n<\/div>\n<\/div>\n<\/div>","protected":false},"excerpt":{"rendered":"<div class=\"auto-hide-last-sibling-br paragraph-qzbcQC paragraph-element br-paragraph-space\">Denna Memory Foam Pillow - Small Apple - shaped Pillow Core, l\u00e4mplig f\u00f6r sp\u00e4dbarn i \u00e5ldern 0 - 6 m\u00e5nader, erbjuder anm\u00e4rkningsv\u00e4rd anpassnings- och designpotential. Dess s\u00f6ta \u00e4ppelliknande form \u00e4r bara utg\u00e5ngspunkten. Vi kan modifiera densiteten hos det hydrofila skummet f\u00f6r att passa ditt barns specifika komfortkrav, oavsett om det \u00e4r en mjukare k\u00e4nsla f\u00f6r extra mysighet eller en fastare konsistens f\u00f6r f\u00f6rb\u00e4ttrat st\u00f6d. Ytan kan anpassas med barns\u00e4kra, giftfria tryck. T\u00e4nk p\u00e5 skira \u00e4ppelblomsm\u00f6nster eller sm\u00e5 nyckelpigsmotiv som ger en nyckfull touch. Dessutom kan storleken och kr\u00f6kningen p\u00e5 den centrala f\u00f6rdjupningen justeras exakt f\u00f6r att ge den perfekta passformen f\u00f6r ditt barns huvud, vilket garanterar optimal komfort och st\u00f6d. Detta g\u00f6r att du kan skapa en helt unik kuddk\u00e4rna som tillgodoser b\u00e5de ditt barns behov och dina estetiska preferenser.<\/div>","protected":false},"featured_media":3492,"comment_status":"open","ping_status":"closed","template":"","meta":{"_uag_custom_page_level_css":"","site-sidebar-layout":"default","site-content-layout":"","ast-site-content-layout":"default","site-content-style":"default","site-sidebar-style":"default","ast-global-header-display":"","ast-banner-title-visibility":"","ast-main-header-display":"","ast-hfb-above-header-display":"","ast-hfb-below-header-display":"","ast-hfb-mobile-header-display":"","site-post-title":"","ast-breadcrumbs-content":"","ast-featured-img":"","footer-sml-layout":"","ast-disable-related-posts":"","theme-transparent-header-meta":"default","adv-header-id-meta":"","stick-header-meta":"","header-above-stick-meta":"","header-main-stick-meta":"","header-below-stick-meta":"","astra-migrate-meta-layouts":"set","ast-page-background-enabled":"default","ast-page-background-meta":{"desktop":{"background-color":"","background-image":"","background-repeat":"repeat","background-position":"center center","background-size":"auto","background-attachment":"scroll","background-type":"","background-media":"","overlay-type":"","overlay-color":"","overlay-opacity":"","overlay-gradient":""},"tablet":{"background-color":"","background-image":"","background-repeat":"repeat","background-position":"center center","background-size":"auto","background-attachment":"scroll","background-type":"","background-media":"","overlay-type":"","overlay-color":"","overlay-opacity":"","overlay-gradient":""},"mobile":{"background-color":"","background-image":"","background-repeat":"repeat","background-position":"center center","background-size":"auto","background-attachment":"scroll","background-type":"","background-media":"","overlay-type":"","overlay-color":"","overlay-opacity":"","overlay-gradient":""}},"ast-content-background-meta":{"desktop":{"background-color":"var(--ast-global-color-5)","background-image":"","background-repeat":"repeat","background-position":"center center","background-size":"auto","background-attachment":"scroll","background-type":"","background-media":"","overlay-type":"","overlay-color":"","overlay-opacity":"","overlay-gradient":""},"tablet":{"background-color":"var(--ast-global-color-5)","background-image":"","background-repeat":"repeat","background-position":"center center","background-size":"auto","background-attachment":"scroll","background-type":"","background-media":"","overlay-type":"","overlay-color":"","overlay-opacity":"","overlay-gradient":""},"mobile":{"background-color":"var(--ast-global-color-5)","background-image":"","background-repeat":"repeat","background-position":"center center","background-size":"auto","background-attachment":"scroll","background-type":"","background-media":"","overlay-type":"","overlay-color":"","overlay-opacity":"","overlay-gradient":""}}},"product_brand":[],"product_cat":[65,32],"product_tag":[70,68,71,69],"class_list":{"0":"post-3491","1":"product","2":"type-product","3":"status-publish","4":"has-post-thumbnail","6":"product_cat-0-to-6months-oem","7":"product_cat-customize","8":"product_tag-babypillow","9":"product_tag-cuteanimalpillow","10":"product_tag-headshapesupport","11":"product_tag-kouniushapingpillow","12":"desktop-align-left","13":"tablet-align-left","14":"mobile-align-left","16":"first","17":"instock","18":"shipping-taxable","19":"product-type-simple"},"aioseo_notices":[],"uagb_featured_image_src":{"full":["https:\/\/babypillowwholesale.com\/wp-content\/uploads\/2025\/04\/0004.jpg",1000,1000,false],"thumbnail":["https:\/\/babypillowwholesale.com\/wp-content\/uploads\/2025\/04\/0004-150x150.jpg",150,150,true],"medium":["https:\/\/babypillowwholesale.com\/wp-content\/uploads\/2025\/04\/0004-300x300.jpg",300,300,true],"medium_large":["https:\/\/babypillowwholesale.com\/wp-content\/uploads\/2025\/04\/0004-768x768.jpg",768,768,true],"large":["https:\/\/babypillowwholesale.com\/wp-content\/uploads\/2025\/04\/0004.jpg",1000,1000,false],"1536x1536":["https:\/\/babypillowwholesale.com\/wp-content\/uploads\/2025\/04\/0004.jpg",1000,1000,false],"2048x2048":["https:\/\/babypillowwholesale.com\/wp-content\/uploads\/2025\/04\/0004.jpg",1000,1000,false],"trp-custom-language-flag":["https:\/\/babypillowwholesale.com\/wp-content\/uploads\/2025\/04\/0004.jpg",12,12,false],"woocommerce_thumbnail":["https:\/\/babypillowwholesale.com\/wp-content\/uploads\/2025\/04\/0004-300x300.jpg",300,300,true],"woocommerce_single":["https:\/\/babypillowwholesale.com\/wp-content\/uploads\/2025\/04\/0004-600x600.jpg",600,600,true],"woocommerce_gallery_thumbnail":["https:\/\/babypillowwholesale.com\/wp-content\/uploads\/2025\/04\/0004-100x100.jpg",100,100,true]},"uagb_author_info":{"display_name":"Etnen zhong","author_link":"https:\/\/babypillowwholesale.com\/sv\/author\/"},"uagb_comment_info":0,"uagb_excerpt":"This Memory Foam Pillow - Small Apple - shaped Pillow Core, suitable for babies aged 0 - 6 months, offers remarkable customization and design potential. Its cute apple - like shape is just the starting point. We can modify the density of the hydrophilic foam to suit your baby's specific comfort requirements, whether it's a&hellip;","jetpack_sharing_enabled":true,"_links":{"self":[{"href":"https:\/\/babypillowwholesale.com\/sv\/wp-json\/wp\/v2\/product\/3491","targetHints":{"allow":["GET"]}}],"collection":[{"href":"https:\/\/babypillowwholesale.com\/sv\/wp-json\/wp\/v2\/product"}],"about":[{"href":"https:\/\/babypillowwholesale.com\/sv\/wp-json\/wp\/v2\/types\/product"}],"replies":[{"embeddable":true,"href":"https:\/\/babypillowwholesale.com\/sv\/wp-json\/wp\/v2\/comments?post=3491"}],"wp:featuredmedia":[{"embeddable":true,"href":"https:\/\/babypillowwholesale.com\/sv\/wp-json\/wp\/v2\/media\/3492"}],"wp:attachment":[{"href":"https:\/\/babypillowwholesale.com\/sv\/wp-json\/wp\/v2\/media?parent=3491"}],"wp:term":[{"taxonomy":"product_brand","embeddable":true,"href":"https:\/\/babypillowwholesale.com\/sv\/wp-json\/wp\/v2\/product_brand?post=3491"},{"taxonomy":"product_cat","embeddable":true,"href":"https:\/\/babypillowwholesale.com\/sv\/wp-json\/wp\/v2\/product_cat?post=3491"},{"taxonomy":"product_tag","embeddable":true,"href":"https:\/\/babypillowwholesale.com\/sv\/wp-json\/wp\/v2\/product_tag?post=3491"}],"curies":[{"name":"wp","href":"https:\/\/api.w.org\/{rel}","templated":true}]}}