{"id":3488,"date":"2025-04-19T02:55:35","date_gmt":"2025-04-19T02:55:35","guid":{"rendered":"https:\/\/babypillowwholesale.com\/?post_type=product&#038;p=3488"},"modified":"2025-06-05T14:47:34","modified_gmt":"2025-06-05T14:47:34","slug":"memory-foam-pillow-thin-bear-shaped-pillow-core","status":"publish","type":"product","link":"https:\/\/babypillowwholesale.com\/sv\/product\/memory-foam-pillow-thin-bear-shaped-pillow-core\/","title":{"rendered":"Kudde av memoryskum - Thin Bear - formad kudde Core"},"content":{"rendered":"<div class=\"auto-hide-last-sibling-br paragraph-qzbcQC paragraph-element br-paragraph-space\">\n<div class=\"auto-hide-last-sibling-br paragraph-qzbcQC paragraph-element br-paragraph-space\">\n<div class=\"auto-hide-last-sibling-br paragraph-qzbcQC paragraph-element br-paragraph-space\">Sk\u00e5da Memory Foam Pillow - Thin Bear - formad kuddk\u00e4rna, ett m\u00e4sterverk tillverkat speciellt f\u00f6r de minsta s\u00f6mnarna i \u00e5ldern 0 - 6 m\u00e5nader. Dess bed\u00e5rande bj\u00f6rnliknande silhuett \u00e4r inte bara ett estetiskt val; det \u00e4r en portal till ett universum av skr\u00e4ddarsydda m\u00f6jligheter.<\/div>\n<p>&nbsp;<\/p>\n<div class=\"auto-hide-last-sibling-br paragraph-qzbcQC paragraph-element br-paragraph-space\">Vi f\u00f6rst\u00e5r att komforten \u00e4r lika individuell som ditt barns s\u00f6ta leende. Det \u00e4r d\u00e4rf\u00f6r vi erbjuder m\u00f6jligheten att finjustera mjukheten i det hydrofila skummet. Oavsett om du vill ha en molnliknande mjukhet f\u00f6r de mest k\u00e4nsliga huvudena eller lite mer fasthet f\u00f6r extra st\u00f6d, har vi det du beh\u00f6ver. Det \u00e4r en niv\u00e5 av anpassning som f\u00f6rvandlar den h\u00e4r kuddk\u00e4rnan fr\u00e5n ett enkelt tillbeh\u00f6r till en personlig viloplats.<\/div>\n<p>&nbsp;<\/p>\n<div class=\"auto-hide-last-sibling-br paragraph-qzbcQC paragraph-element br-paragraph-space\">Ytan p\u00e5 detta bj\u00f6rnformade underverk \u00e4r en tom duk som v\u00e4ntar p\u00e5 konstn\u00e4rliga uttryck. Med hj\u00e4lp av de s\u00e4kraste, giftfria bl\u00e4cken kan vi pryda den med f\u00f6rtrollande tryck. F\u00f6rest\u00e4ll dig en konstellation av sm\u00e5 pr\u00e4stkragar, vars kronblad tycks svaja i en mild bris, eller ett sp\u00e5r av bed\u00e5rande kaninfotsp\u00e5r, som om de leder ditt barn in i en v\u00e4rld av dr\u00f6mmar. De h\u00e4r trycken \u00e4r inte bara dekorationer, de \u00e4r ber\u00e4ttelser som v\u00e4ntar p\u00e5 att ber\u00e4ttas och tillf\u00f6r ett lager av magi till varje tupplur.<\/div>\n<p>&nbsp;<\/p>\n<div class=\"auto-hide-last-sibling-br paragraph-qzbcQC paragraph-element br-paragraph-space\">Och s\u00e5 har vi den centrala f\u00f6rdjupningen, en viktig funktion som har gjorts om f\u00f6r ditt barns komfort. Vi kan justera dess storlek och djup med kirurgisk precision och se till att den vaggar ditt barns huvud som en k\u00e4rleksfull omfamning. Det \u00e4r denna uppm\u00e4rksamhet p\u00e5 detaljer, detta engagemang f\u00f6r unikhet, som g\u00f6r v\u00e5r Memory Foam Pillow - Thin Bear - formad Pillow Core inte bara till en produkt, utan till en omhuldad minnessak, en unik vaggvisa f\u00f6r din lillas s\u00f6mn.<\/div>\n<\/div>\n<\/div>","protected":false},"excerpt":{"rendered":"<p>Denna Memory Foam Pillow - Thin Bear - shaped Pillow Core, designad f\u00f6r sp\u00e4dbarn i \u00e5ldern 0 - 6 m\u00e5nader, erbjuder en v\u00e4rld av anpassnings- och designm\u00f6jligheter. Dess \u00e4lskv\u00e4rda bj\u00f6rnformade form \u00e4r den perfekta duken f\u00f6r kreativitet. Vi kan anpassa mjukheten i det hydrofila skummet efter dina \u00f6nskem\u00e5l, vilket ger den perfekta komforten f\u00f6r ditt lilla barn. Ytan kan prydas med giftfria och barns\u00e4kra tryck, t.ex. sm\u00e5 blomm\u00f6nster eller s\u00f6ta fotavtryck fr\u00e5n djur, vilket ger en unik och charmig touch. Dessutom kan storleken och djupet p\u00e5 den centrala f\u00f6rdjupningen justeras f\u00f6r att ge b\u00e4ttre st\u00f6d \u00e5t barnets huvudform. Detta g\u00f6r att du kan skapa en helt personlig kuddk\u00e4rna som inte bara uppfyller ditt barns komfortbehov utan ocks\u00e5 sticker ut som ett speciellt, unikt f\u00f6rem\u00e5l.<\/p>","protected":false},"featured_media":3489,"comment_status":"open","ping_status":"closed","template":"","meta":{"_uag_custom_page_level_css":"","site-sidebar-layout":"default","site-content-layout":"","ast-site-content-layout":"default","site-content-style":"default","site-sidebar-style":"default","ast-global-header-display":"","ast-banner-title-visibility":"","ast-main-header-display":"","ast-hfb-above-header-display":"","ast-hfb-below-header-display":"","ast-hfb-mobile-header-display":"","site-post-title":"","ast-breadcrumbs-content":"","ast-featured-img":"","footer-sml-layout":"","ast-disable-related-posts":"","theme-transparent-header-meta":"default","adv-header-id-meta":"","stick-header-meta":"","header-above-stick-meta":"","header-main-stick-meta":"","header-below-stick-meta":"","astra-migrate-meta-layouts":"set","ast-page-background-enabled":"default","ast-page-background-meta":{"desktop":{"background-color":"","background-image":"","background-repeat":"repeat","background-position":"center center","background-size":"auto","background-attachment":"scroll","background-type":"","background-media":"","overlay-type":"","overlay-color":"","overlay-opacity":"","overlay-gradient":""},"tablet":{"background-color":"","background-image":"","background-repeat":"repeat","background-position":"center center","background-size":"auto","background-attachment":"scroll","background-type":"","background-media":"","overlay-type":"","overlay-color":"","overlay-opacity":"","overlay-gradient":""},"mobile":{"background-color":"","background-image":"","background-repeat":"repeat","background-position":"center center","background-size":"auto","background-attachment":"scroll","background-type":"","background-media":"","overlay-type":"","overlay-color":"","overlay-opacity":"","overlay-gradient":""}},"ast-content-background-meta":{"desktop":{"background-color":"var(--ast-global-color-5)","background-image":"","background-repeat":"repeat","background-position":"center center","background-size":"auto","background-attachment":"scroll","background-type":"","background-media":"","overlay-type":"","overlay-color":"","overlay-opacity":"","overlay-gradient":""},"tablet":{"background-color":"var(--ast-global-color-5)","background-image":"","background-repeat":"repeat","background-position":"center center","background-size":"auto","background-attachment":"scroll","background-type":"","background-media":"","overlay-type":"","overlay-color":"","overlay-opacity":"","overlay-gradient":""},"mobile":{"background-color":"var(--ast-global-color-5)","background-image":"","background-repeat":"repeat","background-position":"center center","background-size":"auto","background-attachment":"scroll","background-type":"","background-media":"","overlay-type":"","overlay-color":"","overlay-opacity":"","overlay-gradient":""}}},"product_brand":[],"product_cat":[65,32],"product_tag":[70,68,71,69],"class_list":{"0":"post-3488","1":"product","2":"type-product","3":"status-publish","4":"has-post-thumbnail","6":"product_cat-0-to-6months-oem","7":"product_cat-customize","8":"product_tag-babypillow","9":"product_tag-cuteanimalpillow","10":"product_tag-headshapesupport","11":"product_tag-kouniushapingpillow","12":"desktop-align-left","13":"tablet-align-left","14":"mobile-align-left","16":"first","17":"instock","18":"shipping-taxable","19":"product-type-simple"},"aioseo_notices":[],"uagb_featured_image_src":{"full":["https:\/\/babypillowwholesale.com\/wp-content\/uploads\/2025\/04\/0003.jpg",1000,1000,false],"thumbnail":["https:\/\/babypillowwholesale.com\/wp-content\/uploads\/2025\/04\/0003-150x150.jpg",150,150,true],"medium":["https:\/\/babypillowwholesale.com\/wp-content\/uploads\/2025\/04\/0003-300x300.jpg",300,300,true],"medium_large":["https:\/\/babypillowwholesale.com\/wp-content\/uploads\/2025\/04\/0003-768x768.jpg",768,768,true],"large":["https:\/\/babypillowwholesale.com\/wp-content\/uploads\/2025\/04\/0003.jpg",1000,1000,false],"1536x1536":["https:\/\/babypillowwholesale.com\/wp-content\/uploads\/2025\/04\/0003.jpg",1000,1000,false],"2048x2048":["https:\/\/babypillowwholesale.com\/wp-content\/uploads\/2025\/04\/0003.jpg",1000,1000,false],"trp-custom-language-flag":["https:\/\/babypillowwholesale.com\/wp-content\/uploads\/2025\/04\/0003.jpg",12,12,false],"woocommerce_thumbnail":["https:\/\/babypillowwholesale.com\/wp-content\/uploads\/2025\/04\/0003-300x300.jpg",300,300,true],"woocommerce_single":["https:\/\/babypillowwholesale.com\/wp-content\/uploads\/2025\/04\/0003-600x600.jpg",600,600,true],"woocommerce_gallery_thumbnail":["https:\/\/babypillowwholesale.com\/wp-content\/uploads\/2025\/04\/0003-100x100.jpg",100,100,true]},"uagb_author_info":{"display_name":"Etnen zhong","author_link":"https:\/\/babypillowwholesale.com\/sv\/author\/"},"uagb_comment_info":0,"uagb_excerpt":"This Memory Foam Pillow - Thin Bear - shaped Pillow Core, designed for babies aged 0 - 6 months, offers a world of customization and design opportunities. Its endearing bear - shaped form is the perfect canvas for creativity. We can customize the softness level of the hydrophilic foam according to your preference, ensuring the&hellip;","jetpack_sharing_enabled":true,"_links":{"self":[{"href":"https:\/\/babypillowwholesale.com\/sv\/wp-json\/wp\/v2\/product\/3488","targetHints":{"allow":["GET"]}}],"collection":[{"href":"https:\/\/babypillowwholesale.com\/sv\/wp-json\/wp\/v2\/product"}],"about":[{"href":"https:\/\/babypillowwholesale.com\/sv\/wp-json\/wp\/v2\/types\/product"}],"replies":[{"embeddable":true,"href":"https:\/\/babypillowwholesale.com\/sv\/wp-json\/wp\/v2\/comments?post=3488"}],"wp:featuredmedia":[{"embeddable":true,"href":"https:\/\/babypillowwholesale.com\/sv\/wp-json\/wp\/v2\/media\/3489"}],"wp:attachment":[{"href":"https:\/\/babypillowwholesale.com\/sv\/wp-json\/wp\/v2\/media?parent=3488"}],"wp:term":[{"taxonomy":"product_brand","embeddable":true,"href":"https:\/\/babypillowwholesale.com\/sv\/wp-json\/wp\/v2\/product_brand?post=3488"},{"taxonomy":"product_cat","embeddable":true,"href":"https:\/\/babypillowwholesale.com\/sv\/wp-json\/wp\/v2\/product_cat?post=3488"},{"taxonomy":"product_tag","embeddable":true,"href":"https:\/\/babypillowwholesale.com\/sv\/wp-json\/wp\/v2\/product_tag?post=3488"}],"curies":[{"name":"wp","href":"https:\/\/api.w.org\/{rel}","templated":true}]}}