{"id":3485,"date":"2025-04-19T02:35:27","date_gmt":"2025-04-19T02:35:27","guid":{"rendered":"https:\/\/babypillowwholesale.com\/?post_type=product&#038;p=3485"},"modified":"2025-06-05T14:53:09","modified_gmt":"2025-06-05T14:53:09","slug":"memory-foam-pillow-thick-bear-shaped-pillow-core","status":"publish","type":"product","link":"https:\/\/babypillowwholesale.com\/sv\/product\/memory-foam-pillow-thick-bear-shaped-pillow-core\/","title":{"rendered":"Kudde av memoryskum - tjock bj\u00f6rn - formad kuddk\u00e4rna"},"content":{"rendered":"<div class=\"auto-hide-last-sibling-br paragraph-qzbcQC paragraph-element br-paragraph-space\">\n<div class=\"auto-hide-last-sibling-br paragraph-qzbcQC paragraph-element br-paragraph-space\">Denna Memory Foam Pillow - Thick Bear - formad kuddek\u00e4rna, tillverkad speciellt f\u00f6r barn i \u00e5ldern 0 - 6 m\u00e5nader, \u00e4r en f\u00f6rebild f\u00f6r unikhet och anpassningspotential. Dess inneboende charmiga bj\u00f6rnliknande silhuett \u00e4r inte bara ett s\u00f6tt designval; det \u00e4r en utg\u00e5ngspunkt f\u00f6r att skapa en unik baby-essential.<\/div>\n<p>&nbsp;<\/p>\n<div class=\"auto-hide-last-sibling-br paragraph-qzbcQC paragraph-element br-paragraph-space\">Ventilationsh\u00e5len, som \u00e4r en viktig funktionell egenskap, \u00e4r inte huggna i sten. Vi kan noggrant justera deras antal och dimensioner och finjustera kuddk\u00e4rnans andningsf\u00f6rm\u00e5ga s\u00e5 att den uppfyller ditt barns specifika komfortbehov. Det \u00e4r en niv\u00e5 av anpassning som g\u00e5r ut\u00f6ver det vanliga och s\u00e4kerst\u00e4ller optimal luftcirkulation f\u00f6r ditt barns fridfulla s\u00f6mn.<\/div>\n<p>&nbsp;<\/p>\n<div class=\"auto-hide-last-sibling-br paragraph-qzbcQC paragraph-element br-paragraph-space\">N\u00e4r det g\u00e4ller utseende \u00e4r m\u00f6jligheterna lika gr\u00e4nsl\u00f6sa som din fantasi. Med hj\u00e4lp av de s\u00e4kraste, giftfria pigmenten kan vi f\u00f6rvandla bj\u00f6rnens \"p\u00e4ls\" till en uppsj\u00f6 av f\u00e4rger. T\u00e4nk dig en bj\u00f6rn med en p\u00e4ls i de mjukaste pastellf\u00e4rgerna, som framkallar en k\u00e4nsla av lugn, eller en bj\u00f6rn som \u00e4r utsmyckad i ljusa, glada nyanser f\u00f6r att v\u00e4cka ditt barns nyfikenhet. Det handlar inte bara om estetik; det handlar om att skapa en visuell upplevelse som lugnar och stimulerar i lika h\u00f6g grad.<\/div>\n<p>&nbsp;<\/p>\n<div class=\"auto-hide-last-sibling-br paragraph-qzbcQC paragraph-element br-paragraph-space\">Men anpassningen slutar inte d\u00e4r. Vi kan l\u00e4gga till f\u00f6rtjusande utsmyckningar som handbroderade \u00f6gon som verkar tindra av v\u00e4rme, eller en p\u00e5sydd nos som ger bj\u00f6rnen en touch av verklighetstrogen charm. Dessa sm\u00e5 detaljer \u00e4r inte bara dekorativa; de f\u00f6rvandlar kuddk\u00e4rnan fr\u00e5n en enkel accessoar till en \u00e4lskad f\u00f6ljeslagare f\u00f6r ditt barn.<\/div>\n<p>&nbsp;<\/p>\n<div class=\"auto-hide-last-sibling-br paragraph-qzbcQC paragraph-element br-paragraph-space\">Med denna Memory Foam Pillow - Thick Bear - formad kuddk\u00e4rna f\u00e5r du inte bara en produkt; du skapar en personlig oas av komfort och s\u00f6tma, en minnessak som kommer att ha en speciell plats i ditt barns tidiga minnen.<\/div>\n<\/div>","protected":false},"excerpt":{"rendered":"<p>Denna Memory Foam Pillow - Thick Bear - shaped Pillow Core, designad f\u00f6r sp\u00e4dbarn i \u00e5ldern 0 - 6 m\u00e5nader, erbjuder omfattande anpassnings- och designpotential. Dess bed\u00e5rande bj\u00f6rnliknande form fungerar som en charmig bas f\u00f6r ytterligare personalisering. Ventilationsh\u00e5lens antal och storlek kan justeras efter specifika behov, vilket optimerar andningsf\u00f6rm\u00e5gan. N\u00e4r det g\u00e4ller utseendet kan giftfria, barns\u00e4kra f\u00e4rger anv\u00e4ndas f\u00f6r att m\u00e5la bj\u00f6rnens \"p\u00e4ls\", vilket skapar en m\u00e4ngd olika s\u00f6ta f\u00e4rgscheman, som en mjuk pastellf\u00e4rgad bj\u00f6rn f\u00f6r en mild look eller en mer livlig f\u00f6r en lekfull touch. Dessutom kan sm\u00e5 utsmyckningar som broderade \u00f6gon eller en sydd n\u00e4sa l\u00e4ggas till f\u00f6r att g\u00f6ra bj\u00f6rnformen mer levande och \u00e4lskv\u00e4rd. Denna anpassning g\u00f6r det m\u00f6jligt f\u00f6r f\u00f6r\u00e4ldrar att skapa en unik och speciell kuddk\u00e4rna som inte bara uppfyller funktionella krav utan ocks\u00e5 blir en \u00e4lskad minnessak f\u00f6r deras sm\u00e5 barn.<\/p>","protected":false},"featured_media":3486,"comment_status":"open","ping_status":"closed","template":"","meta":{"_uag_custom_page_level_css":"","site-sidebar-layout":"default","site-content-layout":"","ast-site-content-layout":"default","site-content-style":"default","site-sidebar-style":"default","ast-global-header-display":"","ast-banner-title-visibility":"","ast-main-header-display":"","ast-hfb-above-header-display":"","ast-hfb-below-header-display":"","ast-hfb-mobile-header-display":"","site-post-title":"","ast-breadcrumbs-content":"","ast-featured-img":"","footer-sml-layout":"","ast-disable-related-posts":"","theme-transparent-header-meta":"default","adv-header-id-meta":"","stick-header-meta":"","header-above-stick-meta":"","header-main-stick-meta":"","header-below-stick-meta":"","astra-migrate-meta-layouts":"set","ast-page-background-enabled":"default","ast-page-background-meta":{"desktop":{"background-color":"","background-image":"","background-repeat":"repeat","background-position":"center center","background-size":"auto","background-attachment":"scroll","background-type":"","background-media":"","overlay-type":"","overlay-color":"","overlay-opacity":"","overlay-gradient":""},"tablet":{"background-color":"","background-image":"","background-repeat":"repeat","background-position":"center center","background-size":"auto","background-attachment":"scroll","background-type":"","background-media":"","overlay-type":"","overlay-color":"","overlay-opacity":"","overlay-gradient":""},"mobile":{"background-color":"","background-image":"","background-repeat":"repeat","background-position":"center center","background-size":"auto","background-attachment":"scroll","background-type":"","background-media":"","overlay-type":"","overlay-color":"","overlay-opacity":"","overlay-gradient":""}},"ast-content-background-meta":{"desktop":{"background-color":"var(--ast-global-color-5)","background-image":"","background-repeat":"repeat","background-position":"center center","background-size":"auto","background-attachment":"scroll","background-type":"","background-media":"","overlay-type":"","overlay-color":"","overlay-opacity":"","overlay-gradient":""},"tablet":{"background-color":"var(--ast-global-color-5)","background-image":"","background-repeat":"repeat","background-position":"center center","background-size":"auto","background-attachment":"scroll","background-type":"","background-media":"","overlay-type":"","overlay-color":"","overlay-opacity":"","overlay-gradient":""},"mobile":{"background-color":"var(--ast-global-color-5)","background-image":"","background-repeat":"repeat","background-position":"center center","background-size":"auto","background-attachment":"scroll","background-type":"","background-media":"","overlay-type":"","overlay-color":"","overlay-opacity":"","overlay-gradient":""}}},"product_brand":[],"product_cat":[65,32],"product_tag":[70,68,71,69],"class_list":{"0":"post-3485","1":"product","2":"type-product","3":"status-publish","4":"has-post-thumbnail","6":"product_cat-0-to-6months-oem","7":"product_cat-customize","8":"product_tag-babypillow","9":"product_tag-cuteanimalpillow","10":"product_tag-headshapesupport","11":"product_tag-kouniushapingpillow","12":"desktop-align-left","13":"tablet-align-left","14":"mobile-align-left","16":"first","17":"instock","18":"shipping-taxable","19":"product-type-simple"},"aioseo_notices":[],"uagb_featured_image_src":{"full":["https:\/\/babypillowwholesale.com\/wp-content\/uploads\/2025\/04\/0002.jpg",1000,1000,false],"thumbnail":["https:\/\/babypillowwholesale.com\/wp-content\/uploads\/2025\/04\/0002-150x150.jpg",150,150,true],"medium":["https:\/\/babypillowwholesale.com\/wp-content\/uploads\/2025\/04\/0002-300x300.jpg",300,300,true],"medium_large":["https:\/\/babypillowwholesale.com\/wp-content\/uploads\/2025\/04\/0002-768x768.jpg",768,768,true],"large":["https:\/\/babypillowwholesale.com\/wp-content\/uploads\/2025\/04\/0002.jpg",1000,1000,false],"1536x1536":["https:\/\/babypillowwholesale.com\/wp-content\/uploads\/2025\/04\/0002.jpg",1000,1000,false],"2048x2048":["https:\/\/babypillowwholesale.com\/wp-content\/uploads\/2025\/04\/0002.jpg",1000,1000,false],"trp-custom-language-flag":["https:\/\/babypillowwholesale.com\/wp-content\/uploads\/2025\/04\/0002.jpg",12,12,false],"woocommerce_thumbnail":["https:\/\/babypillowwholesale.com\/wp-content\/uploads\/2025\/04\/0002-300x300.jpg",300,300,true],"woocommerce_single":["https:\/\/babypillowwholesale.com\/wp-content\/uploads\/2025\/04\/0002-600x600.jpg",600,600,true],"woocommerce_gallery_thumbnail":["https:\/\/babypillowwholesale.com\/wp-content\/uploads\/2025\/04\/0002-100x100.jpg",100,100,true]},"uagb_author_info":{"display_name":"Etnen zhong","author_link":"https:\/\/babypillowwholesale.com\/sv\/author\/"},"uagb_comment_info":0,"uagb_excerpt":"This Memory Foam Pillow - Thick Bear - shaped Pillow Core, designed for babies aged 0 - 6 months, offers extensive customization and design potential. Its adorable bear - like form serves as a charming base for further personalization. The number and size of the ventilation holes can be adjusted according to specific needs, optimizing&hellip;","jetpack_sharing_enabled":true,"_links":{"self":[{"href":"https:\/\/babypillowwholesale.com\/sv\/wp-json\/wp\/v2\/product\/3485","targetHints":{"allow":["GET"]}}],"collection":[{"href":"https:\/\/babypillowwholesale.com\/sv\/wp-json\/wp\/v2\/product"}],"about":[{"href":"https:\/\/babypillowwholesale.com\/sv\/wp-json\/wp\/v2\/types\/product"}],"replies":[{"embeddable":true,"href":"https:\/\/babypillowwholesale.com\/sv\/wp-json\/wp\/v2\/comments?post=3485"}],"wp:featuredmedia":[{"embeddable":true,"href":"https:\/\/babypillowwholesale.com\/sv\/wp-json\/wp\/v2\/media\/3486"}],"wp:attachment":[{"href":"https:\/\/babypillowwholesale.com\/sv\/wp-json\/wp\/v2\/media?parent=3485"}],"wp:term":[{"taxonomy":"product_brand","embeddable":true,"href":"https:\/\/babypillowwholesale.com\/sv\/wp-json\/wp\/v2\/product_brand?post=3485"},{"taxonomy":"product_cat","embeddable":true,"href":"https:\/\/babypillowwholesale.com\/sv\/wp-json\/wp\/v2\/product_cat?post=3485"},{"taxonomy":"product_tag","embeddable":true,"href":"https:\/\/babypillowwholesale.com\/sv\/wp-json\/wp\/v2\/product_tag?post=3485"}],"curies":[{"name":"wp","href":"https:\/\/api.w.org\/{rel}","templated":true}]}}