{"id":3448,"date":"2025-04-17T15:43:57","date_gmt":"2025-04-17T15:43:57","guid":{"rendered":"https:\/\/babypillowwholesale.com\/?post_type=product&#038;p=3448"},"modified":"2025-06-08T02:18:25","modified_gmt":"2025-06-08T02:18:25","slug":"hug-style-multi-purpose-nursing-pillow","status":"publish","type":"product","link":"https:\/\/babypillowwholesale.com\/sv\/product\/hug-style-multi-purpose-nursing-pillow\/","title":{"rendered":"Hug - style Amningskudde f\u00f6r flera \u00e4ndam\u00e5l"},"content":{"rendered":"<div class=\"auto-hide-last-sibling-br paragraph-qzbcQC paragraph-element br-paragraph-space\" data-immersive-translate-walked=\"8e61f2e7-6af2-46e5-9672-3b9e4f4033d9\" data-immersive-translate-paragraph=\"1\">\n<div class=\"auto-hide-last-sibling-br paragraph-qzbcQC paragraph-element br-paragraph-space\">\n<div class=\"auto-hide-last-sibling-br paragraph-qzbcQC paragraph-element br-paragraph-space\">\n<div class=\"auto-hide-last-sibling-br paragraph-qzbcQC paragraph-element br-paragraph-space\">\n<div class=\"auto-hide-last-sibling-br paragraph-qzbcQC paragraph-element br-paragraph-space\">\n<div class=\"auto-hide-last-sibling-br paragraph-qzbcQC paragraph-element br-paragraph-space\">\n<div class=\"inter-wlTS5w\">\n<div class=\"container-QE4ayg\">\n<div class=\"item-jU10IN\">\n<div class=\"container-jODEnh chrome70-container\">\n<div class=\"inner-eE95c9 inner-item-aL3Ui_\" data-target-id=\"message-box-target-id\" data-testid=\"union_message\">\n<div class=\"message-block-container-liuetz\" data-testid=\"message-block-container\">\n<div class=\"message-box-ZWbBdF\" data-testid=\"receive_message\">\n<div class=\"message-box-content-wrapper-srHdUj\">\n<div class=\"message-content message-box-content-otxGGw receive-message-box-content-_lREFj samantha-message-box-content-Qjmpja\" data-testid=\"message_content\">\n<div class=\"container-hfX5E8 flow-markdown-body theme-samantha-yJEgBp\" dir=\"ltr\" data-testid=\"message_text_content\" data-show-indicator=\"false\">\n<div class=\"auto-hide-last-sibling-br paragraph-qzbcQC paragraph-element br-paragraph-space\">\n<div class=\"auto-hide-last-sibling-br paragraph-qzbcQC paragraph-element br-paragraph-space\">\n<div class=\"auto-hide-last-sibling-br paragraph-qzbcQC paragraph-element br-paragraph-space\">\n<div class=\"auto-hide-last-sibling-br paragraph-qzbcQC paragraph-element br-paragraph-space\">\n<div class=\"message-box-content-wrapper-srHdUj\">\n<div class=\"message-content message-box-content-otxGGw receive-message-box-content-_lREFj samantha-message-box-content-Qjmpja\" data-testid=\"message_content\">\n<div class=\"container-hfX5E8 flow-markdown-body theme-samantha-yJEgBp\" dir=\"ltr\" data-testid=\"message_text_content\" data-show-indicator=\"false\">\n<div class=\"auto-hide-last-sibling-br paragraph-qzbcQC paragraph-element br-paragraph-space\">Vi presenterar Hug - style Multi - purpose Nursing Pillow, en v\u00e5rdande kudde som \u00e4r utformad med k\u00e4rlek f\u00f6r ammande m\u00f6drar. Dess ergonomiskt formade U-form, som m\u00e4ter 46*<em>42*<\/em>13CM, omsluter elegant mammans kropp och skapar en varm, st\u00f6djande omfamning. Den h\u00e4r genomt\u00e4nkta designen g\u00f6r skillnad vid matning, eftersom den ger en stabil och bekv\u00e4m sittplats f\u00f6r barnet samtidigt som den avlastar mammans armar och rygg. Kuddens yta, som har en mjuk, strukturerad finish, smeker barnets k\u00e4nsliga hud och ger en skonsam och behaglig upplevelse.<\/div>\n<p>&nbsp;<\/p>\n<div class=\"auto-hide-last-sibling-br paragraph-qzbcQC paragraph-element br-paragraph-space\">Den finns i en palett av vackra f\u00e4rger - mjuk rosa, lugnande bl\u00e5, neutral gr\u00e5 och glad gul - och blandar s\u00f6ml\u00f6st funktionalitet med en touch av stil, vilket g\u00f6r att den passar in i alla barnkammare. Men dess m\u00e5ngsidighet stannar inte vid amning. Den f\u00f6rvandlas till ett p\u00e5litligt st\u00f6d f\u00f6r barnet under lekstunden och erbjuder en s\u00e4ker och mysig plats f\u00f6r utforskning. F\u00f6r mammor fungerar den som ett sk\u00f6nt ryggst\u00f6d, perfekt f\u00f6r en stunds avkoppling n\u00e4r de tar hand om sina barn.<\/div>\n<p>&nbsp;<\/p>\n<div class=\"auto-hide-last-sibling-br paragraph-qzbcQC paragraph-element br-paragraph-space\">M\u00f6drarna har varit \u00f6versvallande i sina lovord. \"Den h\u00e4r amningskudden \u00e4r en livr\u00e4ddare! Den g\u00f6r amningen s\u00e5 mycket enklare och bekv\u00e4mare. Jag vet inte hur jag klarade mig utan den\", sa en nybliven mamma. En annan tillade: \"Jag \u00e4lskar att den inte bara \u00e4r till f\u00f6r amning. Jag anv\u00e4nder den f\u00f6r att st\u00f6tta min bebis n\u00e4r han ligger p\u00e5 mage och som ryggst\u00f6d n\u00e4r jag l\u00e4ser i s\u00e4ngen. Det \u00e4r en s\u00e5 praktisk, multifunktionell sak.\"<\/div>\n<p>&nbsp;<\/p>\n<div class=\"auto-hide-last-sibling-br paragraph-qzbcQC paragraph-element br-paragraph-space\">I grund och botten \u00e4r Hug - style Multi - purpose Nursing Pillow mer \u00e4n bara en kudde; det \u00e4r en p\u00e5litlig f\u00f6ljeslagare f\u00f6r mammor, vilket f\u00f6rb\u00e4ttrar upplevelsen av att knyta an till sina barn och ger komfort och bekv\u00e4mlighet under de v\u00e4rdefulla f\u00f6rsta dagarna och d\u00e4refter.<\/div>\n<\/div>\n<\/div>\n<\/div>\n<\/div>\n<\/div>\n<\/div>\n<\/div>\n<\/div>\n<\/div>\n<\/div>\n<\/div>\n<\/div>\n<\/div>\n<\/div>\n<\/div>\n<\/div>\n<\/div>\n<\/div>\n<\/div>\n<\/div>\n<\/div>\n<\/div>\n<\/div>","protected":false},"excerpt":{"rendered":"<p>Hug - style Multi - purpose Nursing Pillow \u00e4r ett viktigt hj\u00e4lpmedel f\u00f6r ammande m\u00f6drar. Dess ergonomiska U-formade design, med en storlek p\u00e5 46*<em>42*<\/em>13CM, sveper bekv\u00e4mt runt moderns kropp och ger stabilt st\u00f6d f\u00f6r barnet under utfodring. Detta bidrar till att minska belastningen p\u00e5 mammans armar och rygg, vilket g\u00f6r amningsprocessen mer bekv\u00e4m och avkopplande. Ytan har en mjuk, strukturerad finish som \u00e4r skonsam mot barnets hud. Den finns i en rad olika f\u00e4rger, bland annat rosa, bl\u00e5tt, gr\u00e5tt och gult, och kombinerar funktionalitet med en touch av stil. Ut\u00f6ver amning kan den ocks\u00e5 anv\u00e4ndas som st\u00f6d f\u00f6r barnet under lek eller som ett bekv\u00e4mt ryggst\u00f6d f\u00f6r mamman, vilket g\u00f6r den till ett verkligt multifunktionellt tillskott till barnkammaren.<\/p>","protected":false},"featured_media":3449,"comment_status":"open","ping_status":"closed","template":"","meta":{"_uag_custom_page_level_css":"","site-sidebar-layout":"default","site-content-layout":"","ast-site-content-layout":"default","site-content-style":"default","site-sidebar-style":"default","ast-global-header-display":"","ast-banner-title-visibility":"","ast-main-header-display":"","ast-hfb-above-header-display":"","ast-hfb-below-header-display":"","ast-hfb-mobile-header-display":"","site-post-title":"","ast-breadcrumbs-content":"","ast-featured-img":"","footer-sml-layout":"","ast-disable-related-posts":"","theme-transparent-header-meta":"default","adv-header-id-meta":"","stick-header-meta":"","header-above-stick-meta":"","header-main-stick-meta":"","header-below-stick-meta":"","astra-migrate-meta-layouts":"set","ast-page-background-enabled":"default","ast-page-background-meta":{"desktop":{"background-color":"","background-image":"","background-repeat":"repeat","background-position":"center center","background-size":"auto","background-attachment":"scroll","background-type":"","background-media":"","overlay-type":"","overlay-color":"","overlay-opacity":"","overlay-gradient":""},"tablet":{"background-color":"","background-image":"","background-repeat":"repeat","background-position":"center center","background-size":"auto","background-attachment":"scroll","background-type":"","background-media":"","overlay-type":"","overlay-color":"","overlay-opacity":"","overlay-gradient":""},"mobile":{"background-color":"","background-image":"","background-repeat":"repeat","background-position":"center center","background-size":"auto","background-attachment":"scroll","background-type":"","background-media":"","overlay-type":"","overlay-color":"","overlay-opacity":"","overlay-gradient":""}},"ast-content-background-meta":{"desktop":{"background-color":"var(--ast-global-color-5)","background-image":"","background-repeat":"repeat","background-position":"center center","background-size":"auto","background-attachment":"scroll","background-type":"","background-media":"","overlay-type":"","overlay-color":"","overlay-opacity":"","overlay-gradient":""},"tablet":{"background-color":"var(--ast-global-color-5)","background-image":"","background-repeat":"repeat","background-position":"center center","background-size":"auto","background-attachment":"scroll","background-type":"","background-media":"","overlay-type":"","overlay-color":"","overlay-opacity":"","overlay-gradient":""},"mobile":{"background-color":"var(--ast-global-color-5)","background-image":"","background-repeat":"repeat","background-position":"center center","background-size":"auto","background-attachment":"scroll","background-type":"","background-media":"","overlay-type":"","overlay-color":"","overlay-opacity":"","overlay-gradient":""}}},"product_brand":[],"product_cat":[21],"product_tag":[70,68,71,69],"class_list":{"0":"post-3448","1":"product","2":"type-product","3":"status-publish","4":"has-post-thumbnail","6":"product_cat-others","7":"product_tag-babypillow","8":"product_tag-cuteanimalpillow","9":"product_tag-headshapesupport","10":"product_tag-kouniushapingpillow","11":"desktop-align-left","12":"tablet-align-left","13":"mobile-align-left","15":"first","16":"instock","17":"shipping-taxable","18":"product-type-simple"},"aioseo_notices":[],"uagb_featured_image_src":{"full":["https:\/\/babypillowwholesale.com\/wp-content\/uploads\/2025\/04\/1021.jpg",1000,1000,false],"thumbnail":["https:\/\/babypillowwholesale.com\/wp-content\/uploads\/2025\/04\/1021-150x150.jpg",150,150,true],"medium":["https:\/\/babypillowwholesale.com\/wp-content\/uploads\/2025\/04\/1021-300x300.jpg",300,300,true],"medium_large":["https:\/\/babypillowwholesale.com\/wp-content\/uploads\/2025\/04\/1021-768x768.jpg",768,768,true],"large":["https:\/\/babypillowwholesale.com\/wp-content\/uploads\/2025\/04\/1021.jpg",1000,1000,false],"1536x1536":["https:\/\/babypillowwholesale.com\/wp-content\/uploads\/2025\/04\/1021.jpg",1000,1000,false],"2048x2048":["https:\/\/babypillowwholesale.com\/wp-content\/uploads\/2025\/04\/1021.jpg",1000,1000,false],"trp-custom-language-flag":["https:\/\/babypillowwholesale.com\/wp-content\/uploads\/2025\/04\/1021.jpg",12,12,false],"woocommerce_thumbnail":["https:\/\/babypillowwholesale.com\/wp-content\/uploads\/2025\/04\/1021-300x300.jpg",300,300,true],"woocommerce_single":["https:\/\/babypillowwholesale.com\/wp-content\/uploads\/2025\/04\/1021-600x600.jpg",600,600,true],"woocommerce_gallery_thumbnail":["https:\/\/babypillowwholesale.com\/wp-content\/uploads\/2025\/04\/1021-100x100.jpg",100,100,true]},"uagb_author_info":{"display_name":"Etnen zhong","author_link":"https:\/\/babypillowwholesale.com\/sv\/author\/"},"uagb_comment_info":0,"uagb_excerpt":"The Hug - style Multi - purpose Nursing Pillow is an essential aid for nursing mothers. Its ergonomic U - shaped design, sized at 46*42*13CM, comfortably wraps around the mother's body, providing stable support for the baby during feeding. This helps reduce strain on the mother's arms and back, making the nursing process more comfortable&hellip;","jetpack_sharing_enabled":true,"_links":{"self":[{"href":"https:\/\/babypillowwholesale.com\/sv\/wp-json\/wp\/v2\/product\/3448","targetHints":{"allow":["GET"]}}],"collection":[{"href":"https:\/\/babypillowwholesale.com\/sv\/wp-json\/wp\/v2\/product"}],"about":[{"href":"https:\/\/babypillowwholesale.com\/sv\/wp-json\/wp\/v2\/types\/product"}],"replies":[{"embeddable":true,"href":"https:\/\/babypillowwholesale.com\/sv\/wp-json\/wp\/v2\/comments?post=3448"}],"wp:featuredmedia":[{"embeddable":true,"href":"https:\/\/babypillowwholesale.com\/sv\/wp-json\/wp\/v2\/media\/3449"}],"wp:attachment":[{"href":"https:\/\/babypillowwholesale.com\/sv\/wp-json\/wp\/v2\/media?parent=3448"}],"wp:term":[{"taxonomy":"product_brand","embeddable":true,"href":"https:\/\/babypillowwholesale.com\/sv\/wp-json\/wp\/v2\/product_brand?post=3448"},{"taxonomy":"product_cat","embeddable":true,"href":"https:\/\/babypillowwholesale.com\/sv\/wp-json\/wp\/v2\/product_cat?post=3448"},{"taxonomy":"product_tag","embeddable":true,"href":"https:\/\/babypillowwholesale.com\/sv\/wp-json\/wp\/v2\/product_tag?post=3448"}],"curies":[{"name":"wp","href":"https:\/\/api.w.org\/{rel}","templated":true}]}}