{"id":3420,"date":"2025-04-16T06:57:30","date_gmt":"2025-04-16T06:57:30","guid":{"rendered":"https:\/\/babypillowwholesale.com\/?post_type=product&#038;p=3420"},"modified":"2025-06-08T02:56:48","modified_gmt":"2025-06-08T02:56:48","slug":"hydrophilic-foam-childrens-pillow-2","status":"publish","type":"product","link":"https:\/\/babypillowwholesale.com\/sv\/product\/hydrophilic-foam-childrens-pillow-2\/","title":{"rendered":"Barnkudde med hydrofilt skum"},"content":{"rendered":"<div class=\"auto-hide-last-sibling-br paragraph-qzbcQC paragraph-element br-paragraph-space\" data-immersive-translate-walked=\"8e61f2e7-6af2-46e5-9672-3b9e4f4033d9\" data-immersive-translate-paragraph=\"1\">\n<div class=\"auto-hide-last-sibling-br paragraph-qzbcQC paragraph-element br-paragraph-space\">\n<div class=\"auto-hide-last-sibling-br paragraph-qzbcQC paragraph-element br-paragraph-space\">\n<div class=\"auto-hide-last-sibling-br paragraph-qzbcQC paragraph-element br-paragraph-space\">\n<div class=\"auto-hide-last-sibling-br paragraph-qzbcQC paragraph-element br-paragraph-space\">\n<div class=\"auto-hide-last-sibling-br paragraph-qzbcQC paragraph-element br-paragraph-space\">\n<div class=\"inter-wlTS5w\">\n<div class=\"container-QE4ayg\">\n<div class=\"item-jU10IN\">\n<div class=\"container-jODEnh chrome70-container\">\n<div class=\"inner-eE95c9 inner-item-aL3Ui_\" data-target-id=\"message-box-target-id\" data-testid=\"union_message\">\n<div class=\"message-block-container-liuetz\" data-testid=\"message-block-container\">\n<div class=\"message-box-ZWbBdF\" data-testid=\"receive_message\">\n<div class=\"message-box-content-wrapper-srHdUj\">\n<div class=\"message-content message-box-content-otxGGw receive-message-box-content-_lREFj samantha-message-box-content-Qjmpja\" data-testid=\"message_content\">\n<div class=\"container-hfX5E8 flow-markdown-body theme-samantha-yJEgBp\" dir=\"ltr\" data-testid=\"message_text_content\" data-show-indicator=\"false\">\n<div class=\"auto-hide-last-sibling-br paragraph-qzbcQC paragraph-element br-paragraph-space\">\n<div class=\"auto-hide-last-sibling-br paragraph-qzbcQC paragraph-element br-paragraph-space\">\n<div class=\"auto-hide-last-sibling-br paragraph-qzbcQC paragraph-element br-paragraph-space\">\n<div class=\"auto-hide-last-sibling-br paragraph-qzbcQC paragraph-element br-paragraph-space\">\n<div class=\"auto-hide-last-sibling-br paragraph-qzbcQC paragraph-element br-paragraph-space\">\n<div class=\"auto-hide-last-sibling-br paragraph-qzbcQC paragraph-element br-paragraph-space\">\n<div class=\"inter-wlTS5w\">\n<div class=\"container-QE4ayg\">\n<div class=\"item-jU10IN\">\n<div class=\"container-jODEnh chrome70-container\">\n<div class=\"inner-eE95c9 inner-item-aL3Ui_\" data-target-id=\"message-box-target-id\" data-testid=\"union_message\">\n<div class=\"message-block-container-liuetz\" data-testid=\"message-block-container\">\n<div class=\"message-box-ZWbBdF\" data-testid=\"receive_message\" data-message-id=\"3117344892904450\">\n<div class=\"message-box-content-wrapper-srHdUj\">\n<div class=\"message-content message-box-content-otxGGw receive-message-box-content-_lREFj samantha-message-box-content-Qjmpja\" data-testid=\"message_content\">\n<div class=\"container-hfX5E8 flow-markdown-body theme-samantha-yJEgBp\" dir=\"ltr\" data-testid=\"message_text_content\" data-show-indicator=\"false\">\n<div class=\"auto-hide-last-sibling-br paragraph-qzbcQC paragraph-element br-paragraph-space\">\u00a0Vi presenterar Hydrophilic Foam Children's Pillow, en perfekt kombination av komfort och charm f\u00f6r barn i \u00e5ldern 2-8 \u00e5r. Med en specifikation p\u00e5 \\(45\u00d728\u00d73\/5CM) erbjuder den en idealisk storlek f\u00f6r att vagga huvudet och nacken f\u00f6rsiktigt. Kudden \u00e4r tillverkad av hydrofilt skum av h\u00f6g kvalitet och \u00e4r lyxigt mjuk med god andningsf\u00f6rm\u00e5ga, vilket ger en sval och mysig s\u00f6mnmilj\u00f6 oavsett om ditt barn somnar efter en lekfull dag eller njuter av en lugn eftermiddagslur. Kudden har h\u00e4rliga djurm\u00f6nster, som den f\u00e4ngslande Blue Whale-designen. Dessa livfulla, \u00e4lskv\u00e4rda m\u00f6nster v\u00e4cker inte bara barnens k\u00e4rlek till djur utan ger ocks\u00e5 deras sovrum liv och r\u00f6relse och fungerar som en charmig inredningsdetalj. F\u00f6r\u00e4ldrarna \u00e4lskar det. \"Mitt barn \u00e4r besatt av barnkudden i hydrofilt skum! Bl\u00e5valen \u00e4r s\u00e5 s\u00f6t och kuddens mjukhet \u00e4r fantastisk - den \u00e4r nu en stapelvara n\u00e4r han ska sova\", sa en f\u00f6rtjust mamma. En pappa tillade: \"Dess andningsf\u00f6rm\u00e5ga och st\u00f6d \u00e4r i toppklass. Dessutom \u00e4r designalternativen underbara!\" I grund och botten \u00e4r den h\u00e4r kudden mer \u00e4n ett s\u00f6mntillbeh\u00f6r. Det \u00e4r en f\u00f6ljeslagare som ger komfort, gl\u00e4dje och ljuva dr\u00f6mmar, vilket g\u00f6r den till ett viktigt tillskott till varje barns s\u00e4ngkl\u00e4der.<\/div>\n<\/div>\n<\/div>\n<\/div>\n<\/div>\n<\/div>\n<\/div>\n<\/div>\n<\/div>\n<\/div>\n<\/div>\n<\/div>\n<\/div>\n<\/div>\n<\/div>\n<\/div>\n<\/div>\n<\/div>\n<\/div>\n<\/div>\n<\/div>\n<\/div>\n<\/div>\n<\/div>\n<\/div>\n<\/div>\n<\/div>\n<\/div>\n<\/div>\n<\/div>\n<\/div>\n<\/div>\n<\/div>","protected":false},"excerpt":{"rendered":"<div class=\"container-QE4ayg\">\n<div class=\"item-jU10IN\">\n<div class=\"container-jODEnh chrome70-container\">\n<div class=\"inner-eE95c9 inner-item-aL3Ui_\" data-target-id=\"message-box-target-id\" data-testid=\"union_message\">\n<div class=\"message-block-container-liuetz\" data-testid=\"message-block-container\">\n<div class=\"message-box-ZWbBdF\" data-testid=\"receive_message\" data-message-id=\"3087713235977218\">\n<div class=\"message-box-content-wrapper-srHdUj\">\n<div class=\"message-content message-box-content-otxGGw receive-message-box-content-_lREFj samantha-message-box-content-Qjmpja\" data-testid=\"message_content\">\n<div class=\"container-hfX5E8 flow-markdown-body theme-samantha-yJEgBp\" dir=\"ltr\" data-testid=\"message_text_content\" data-show-indicator=\"false\">\n<div class=\"auto-hide-last-sibling-br paragraph-qzbcQC paragraph-element br-paragraph-space\">Hydrophilic Foam barnkudde \u00e4r ett utm\u00e4rkt val f\u00f6r barn i \u00e5ldern 2-8 \u00e5r. Med en specifikation p\u00e5 45*<em>28*<\/em>3\/5CM, erbjuder en bekv\u00e4m storlek som ger r\u00e4tt st\u00f6d f\u00f6r huvud och nacke. Kudden \u00e4r tillverkad av hydrofilt skum och \u00e4r mjuk, andas och ger en mysig s\u00f6mnmilj\u00f6. Kudden har charmiga djurm\u00f6nster, till exempel den s\u00f6ta Blue Whale-designen som visas h\u00e4r. Dessa s\u00f6ta m\u00f6nster tilltalar inte bara barns k\u00e4rlek till djur utan ger ocks\u00e5 en rolig och livlig touch till deras sovrum. Oavsett om det \u00e4r f\u00f6r en god natts s\u00f6mn eller en avkopplande tupplur, kombinerar den h\u00e4r kudden komfort och s\u00f6tma, vilket g\u00f6r den till ett underbart tillskott till ett barns s\u00e4ngkl\u00e4der.<\/div>\n<\/div>\n<\/div>\n<\/div>\n<\/div>\n<\/div>\n<\/div>\n<\/div>\n<\/div>\n<\/div>","protected":false},"featured_media":3421,"comment_status":"open","ping_status":"closed","template":"","meta":{"_uag_custom_page_level_css":"","site-sidebar-layout":"default","site-content-layout":"","ast-site-content-layout":"default","site-content-style":"default","site-sidebar-style":"default","ast-global-header-display":"","ast-banner-title-visibility":"","ast-main-header-display":"","ast-hfb-above-header-display":"","ast-hfb-below-header-display":"","ast-hfb-mobile-header-display":"","site-post-title":"","ast-breadcrumbs-content":"","ast-featured-img":"","footer-sml-layout":"","ast-disable-related-posts":"","theme-transparent-header-meta":"default","adv-header-id-meta":"","stick-header-meta":"","header-above-stick-meta":"","header-main-stick-meta":"","header-below-stick-meta":"","astra-migrate-meta-layouts":"set","ast-page-background-enabled":"default","ast-page-background-meta":{"desktop":{"background-color":"","background-image":"","background-repeat":"repeat","background-position":"center center","background-size":"auto","background-attachment":"scroll","background-type":"","background-media":"","overlay-type":"","overlay-color":"","overlay-opacity":"","overlay-gradient":""},"tablet":{"background-color":"","background-image":"","background-repeat":"repeat","background-position":"center center","background-size":"auto","background-attachment":"scroll","background-type":"","background-media":"","overlay-type":"","overlay-color":"","overlay-opacity":"","overlay-gradient":""},"mobile":{"background-color":"","background-image":"","background-repeat":"repeat","background-position":"center center","background-size":"auto","background-attachment":"scroll","background-type":"","background-media":"","overlay-type":"","overlay-color":"","overlay-opacity":"","overlay-gradient":""}},"ast-content-background-meta":{"desktop":{"background-color":"var(--ast-global-color-5)","background-image":"","background-repeat":"repeat","background-position":"center center","background-size":"auto","background-attachment":"scroll","background-type":"","background-media":"","overlay-type":"","overlay-color":"","overlay-opacity":"","overlay-gradient":""},"tablet":{"background-color":"var(--ast-global-color-5)","background-image":"","background-repeat":"repeat","background-position":"center center","background-size":"auto","background-attachment":"scroll","background-type":"","background-media":"","overlay-type":"","overlay-color":"","overlay-opacity":"","overlay-gradient":""},"mobile":{"background-color":"var(--ast-global-color-5)","background-image":"","background-repeat":"repeat","background-position":"center center","background-size":"auto","background-attachment":"scroll","background-type":"","background-media":"","overlay-type":"","overlay-color":"","overlay-opacity":"","overlay-gradient":""}}},"product_brand":[],"product_cat":[57,42],"product_tag":[70,68,71,69],"class_list":{"0":"post-3420","1":"product","2":"type-product","3":"status-publish","4":"has-post-thumbnail","6":"product_cat-2-to-8-years","7":"product_cat-merchandise","8":"product_tag-babypillow","9":"product_tag-cuteanimalpillow","10":"product_tag-headshapesupport","11":"product_tag-kouniushapingpillow","12":"desktop-align-left","13":"tablet-align-left","14":"mobile-align-left","16":"first","17":"instock","18":"featured","19":"shipping-taxable","20":"product-type-simple"},"aioseo_notices":[],"uagb_featured_image_src":{"full":["https:\/\/babypillowwholesale.com\/wp-content\/uploads\/2025\/04\/1068.jpg",1000,1000,false],"thumbnail":["https:\/\/babypillowwholesale.com\/wp-content\/uploads\/2025\/04\/1068-150x150.jpg",150,150,true],"medium":["https:\/\/babypillowwholesale.com\/wp-content\/uploads\/2025\/04\/1068-300x300.jpg",300,300,true],"medium_large":["https:\/\/babypillowwholesale.com\/wp-content\/uploads\/2025\/04\/1068-768x768.jpg",768,768,true],"large":["https:\/\/babypillowwholesale.com\/wp-content\/uploads\/2025\/04\/1068.jpg",1000,1000,false],"1536x1536":["https:\/\/babypillowwholesale.com\/wp-content\/uploads\/2025\/04\/1068.jpg",1000,1000,false],"2048x2048":["https:\/\/babypillowwholesale.com\/wp-content\/uploads\/2025\/04\/1068.jpg",1000,1000,false],"trp-custom-language-flag":["https:\/\/babypillowwholesale.com\/wp-content\/uploads\/2025\/04\/1068.jpg",12,12,false],"woocommerce_thumbnail":["https:\/\/babypillowwholesale.com\/wp-content\/uploads\/2025\/04\/1068-300x300.jpg",300,300,true],"woocommerce_single":["https:\/\/babypillowwholesale.com\/wp-content\/uploads\/2025\/04\/1068-600x600.jpg",600,600,true],"woocommerce_gallery_thumbnail":["https:\/\/babypillowwholesale.com\/wp-content\/uploads\/2025\/04\/1068-100x100.jpg",100,100,true]},"uagb_author_info":{"display_name":"Etnen zhong","author_link":"https:\/\/babypillowwholesale.com\/sv\/author\/"},"uagb_comment_info":0,"uagb_excerpt":"The Hydrophilic Foam Children's Pillow is an excellent choice for children aged 2 - 8 years. With a specification of 45*28*3\/5CM, it offers a comfortable size that provides proper support for the head and neck. Made of hydrophilic foam, it is soft, breathable, and ensures a cozy sleep environment. The pillow features charming animal prints,&hellip;","jetpack_sharing_enabled":true,"_links":{"self":[{"href":"https:\/\/babypillowwholesale.com\/sv\/wp-json\/wp\/v2\/product\/3420","targetHints":{"allow":["GET"]}}],"collection":[{"href":"https:\/\/babypillowwholesale.com\/sv\/wp-json\/wp\/v2\/product"}],"about":[{"href":"https:\/\/babypillowwholesale.com\/sv\/wp-json\/wp\/v2\/types\/product"}],"replies":[{"embeddable":true,"href":"https:\/\/babypillowwholesale.com\/sv\/wp-json\/wp\/v2\/comments?post=3420"}],"wp:featuredmedia":[{"embeddable":true,"href":"https:\/\/babypillowwholesale.com\/sv\/wp-json\/wp\/v2\/media\/3421"}],"wp:attachment":[{"href":"https:\/\/babypillowwholesale.com\/sv\/wp-json\/wp\/v2\/media?parent=3420"}],"wp:term":[{"taxonomy":"product_brand","embeddable":true,"href":"https:\/\/babypillowwholesale.com\/sv\/wp-json\/wp\/v2\/product_brand?post=3420"},{"taxonomy":"product_cat","embeddable":true,"href":"https:\/\/babypillowwholesale.com\/sv\/wp-json\/wp\/v2\/product_cat?post=3420"},{"taxonomy":"product_tag","embeddable":true,"href":"https:\/\/babypillowwholesale.com\/sv\/wp-json\/wp\/v2\/product_tag?post=3420"}],"curies":[{"name":"wp","href":"https:\/\/api.w.org\/{rel}","templated":true}]}}