{"id":3411,"date":"2025-04-15T08:13:19","date_gmt":"2025-04-15T08:13:19","guid":{"rendered":"https:\/\/babypillowwholesale.com\/?post_type=product&#038;p=3411"},"modified":"2025-06-08T03:18:15","modified_gmt":"2025-06-08T03:18:15","slug":"good-bear-and-happy-rabbit-childrens-pillow","status":"publish","type":"product","link":"https:\/\/babypillowwholesale.com\/sv\/product\/good-bear-and-happy-rabbit-childrens-pillow\/","title":{"rendered":"Sn\u00e4ll bj\u00f6rn och glad kanin Barnkudde"},"content":{"rendered":"<div class=\"auto-hide-last-sibling-br paragraph-qzbcQC paragraph-element br-paragraph-space\" data-immersive-translate-walked=\"8e61f2e7-6af2-46e5-9672-3b9e4f4033d9\" data-immersive-translate-paragraph=\"1\">\n<div class=\"auto-hide-last-sibling-br paragraph-qzbcQC paragraph-element br-paragraph-space\">\n<div class=\"auto-hide-last-sibling-br paragraph-qzbcQC paragraph-element br-paragraph-space\">\n<div class=\"auto-hide-last-sibling-br paragraph-qzbcQC paragraph-element br-paragraph-space\">\n<div class=\"auto-hide-last-sibling-br paragraph-qzbcQC paragraph-element br-paragraph-space\">\n<div class=\"auto-hide-last-sibling-br paragraph-qzbcQC paragraph-element br-paragraph-space\">\n<div class=\"inter-wlTS5w\">\n<div class=\"container-QE4ayg\">\n<div class=\"item-jU10IN\">\n<div class=\"container-jODEnh chrome70-container\">\n<div class=\"inner-eE95c9 inner-item-aL3Ui_\" data-target-id=\"message-box-target-id\" data-testid=\"union_message\">\n<div class=\"message-block-container-liuetz\" data-testid=\"message-block-container\">\n<div class=\"message-box-ZWbBdF\" data-testid=\"receive_message\">\n<div class=\"message-box-content-wrapper-srHdUj\">\n<div class=\"message-content message-box-content-otxGGw receive-message-box-content-_lREFj samantha-message-box-content-Qjmpja\" data-testid=\"message_content\">\n<div class=\"container-hfX5E8 flow-markdown-body theme-samantha-yJEgBp\" dir=\"ltr\" data-testid=\"message_text_content\" data-show-indicator=\"false\">\n<div class=\"auto-hide-last-sibling-br paragraph-qzbcQC paragraph-element br-paragraph-space\">\n<div class=\"auto-hide-last-sibling-br paragraph-qzbcQC paragraph-element br-paragraph-space\">\n<div class=\"auto-hide-last-sibling-br paragraph-qzbcQC paragraph-element br-paragraph-space\">Vi presenterar barnkudden Good Bear and Happy Rabbit, en h\u00e4rlig sovkompis som \u00e4r skr\u00e4ddarsydd f\u00f6r barn i \u00e5ldern 2-8 \u00e5r. Kudden har tv\u00e5 f\u00f6rtrollande m\u00f6nster: p\u00e5 ena sidan finns en s\u00f6t bj\u00f6rn med en glad halsduk och p\u00e5 den andra sidan en s\u00f6t kanin, b\u00e5da mot en bakgrund i mjuka toner. Kudden finns i f\u00e4rgerna rosa (perfekt f\u00f6r kaninen) och m\u00f6rkgr\u00f6n (som kompletterar bj\u00f6rnens charm) och passar d\u00e4rmed olika estetiska preferenser.<\/div>\n<p>&nbsp;<\/p>\n<div class=\"auto-hide-last-sibling-br paragraph-qzbcQC paragraph-element br-paragraph-space\">Med en specifikation p\u00e5 45*<em>28*<\/em>3\/5CM har den en idealisk storlek f\u00f6r sm\u00e5 barn som sover och ger gott om st\u00f6d f\u00f6r huvud och nacke. Den \u00e4r tillverkad av ultramjuka material och garanterar en mysig och vilsam s\u00f6mn, oavsett om ditt barn somnar efter en hektisk dag med lek eller tar en tupplur under helgen. De h\u00e4rliga djurm\u00f6nstren ger en touch av nyckfullhet till alla sovrum och f\u00f6rvandlar det till en lekfull oas.<\/div>\n<p>&nbsp;<\/p>\n<div class=\"auto-hide-last-sibling-br paragraph-qzbcQC paragraph-element br-paragraph-space\">F\u00f6r\u00e4ldrarna \u00e4r entusiastiska \u00f6ver dess dragningskraft. \"Min 5-\u00e5ring \u00e4lskar att v\u00e4xla mellan bj\u00f6rn- och kaninsidan! Kudden \u00e4r s\u00e5 mjuk och f\u00e4rgerna \u00e4r livfulla. Den har blivit en favorit vid l\u00e4ggdags\", s\u00e4ger en n\u00f6jd mamma. En pappa tillade: \"Vi uppskattar kvaliteten - efter flera m\u00e5naders anv\u00e4ndning och tv\u00e4tt ser den fortfarande bra ut. Det \u00e4r en underbar blandning av komfort och s\u00f6tma.\"<\/div>\n<p>&nbsp;<\/p>\n<div class=\"auto-hide-last-sibling-br paragraph-qzbcQC paragraph-element br-paragraph-space\">Den h\u00e4r kudden \u00e4r inte bara till f\u00f6r att sova p\u00e5; den \u00e4r ett charmigt tillskott till alla barnrum, stimulerar fantasin under lekstunderna och erbjuder en mjuk viloplats. Det \u00e4r ett perfekt val f\u00f6r att \u00f6ka b\u00e5de komforten och gl\u00e4djen i ditt barns dagliga rutin.<\/div>\n<\/div>\n<\/div>\n<\/div>\n<\/div>\n<\/div>\n<\/div>\n<\/div>\n<\/div>\n<\/div>\n<\/div>\n<\/div>\n<\/div>\n<\/div>\n<\/div>\n<\/div>\n<\/div>\n<\/div>\n<\/div>","protected":false},"excerpt":{"rendered":"<p>Barnkudden Good Bear and Happy Rabbit \u00e4r ett utm\u00e4rkt s\u00f6mntillbeh\u00f6r f\u00f6r barn i \u00e5ldern 2-8 \u00e5r. Kudden har tv\u00e5 h\u00e4rliga m\u00f6nster: en s\u00f6t bj\u00f6rn p\u00e5 den ljusbl\u00e5 sidan och en charmig kanin p\u00e5 den rosa sidan, vilket passar olika preferenser. Med en specifikation p\u00e5 45*<em>28*<\/em>3\/5CM, vilket ger en bekv\u00e4m storlek f\u00f6r barn i denna \u00e5ldersgrupp. Kudden \u00e4r tillverkad av mjuka material som garanterar en mysig och vilsam s\u00f6mn. Den ger inte bara r\u00e4tt st\u00f6d f\u00f6r huvud och nacke utan ger ocks\u00e5 en touch av s\u00f6thet till sovrummet med sina f\u00f6rtjusande djurm\u00f6nster, vilket g\u00f6r den till ett utm\u00e4rkt val f\u00f6r att f\u00f6rb\u00e4ttra barnens s\u00f6mnupplevelse.<\/p>","protected":false},"featured_media":3412,"comment_status":"open","ping_status":"closed","template":"","meta":{"_uag_custom_page_level_css":"","site-sidebar-layout":"default","site-content-layout":"","ast-site-content-layout":"default","site-content-style":"default","site-sidebar-style":"default","ast-global-header-display":"","ast-banner-title-visibility":"","ast-main-header-display":"","ast-hfb-above-header-display":"","ast-hfb-below-header-display":"","ast-hfb-mobile-header-display":"","site-post-title":"","ast-breadcrumbs-content":"","ast-featured-img":"","footer-sml-layout":"","ast-disable-related-posts":"","theme-transparent-header-meta":"default","adv-header-id-meta":"","stick-header-meta":"","header-above-stick-meta":"","header-main-stick-meta":"","header-below-stick-meta":"","astra-migrate-meta-layouts":"set","ast-page-background-enabled":"default","ast-page-background-meta":{"desktop":{"background-color":"","background-image":"","background-repeat":"repeat","background-position":"center center","background-size":"auto","background-attachment":"scroll","background-type":"","background-media":"","overlay-type":"","overlay-color":"","overlay-opacity":"","overlay-gradient":""},"tablet":{"background-color":"","background-image":"","background-repeat":"repeat","background-position":"center center","background-size":"auto","background-attachment":"scroll","background-type":"","background-media":"","overlay-type":"","overlay-color":"","overlay-opacity":"","overlay-gradient":""},"mobile":{"background-color":"","background-image":"","background-repeat":"repeat","background-position":"center center","background-size":"auto","background-attachment":"scroll","background-type":"","background-media":"","overlay-type":"","overlay-color":"","overlay-opacity":"","overlay-gradient":""}},"ast-content-background-meta":{"desktop":{"background-color":"var(--ast-global-color-5)","background-image":"","background-repeat":"repeat","background-position":"center center","background-size":"auto","background-attachment":"scroll","background-type":"","background-media":"","overlay-type":"","overlay-color":"","overlay-opacity":"","overlay-gradient":""},"tablet":{"background-color":"var(--ast-global-color-5)","background-image":"","background-repeat":"repeat","background-position":"center center","background-size":"auto","background-attachment":"scroll","background-type":"","background-media":"","overlay-type":"","overlay-color":"","overlay-opacity":"","overlay-gradient":""},"mobile":{"background-color":"var(--ast-global-color-5)","background-image":"","background-repeat":"repeat","background-position":"center center","background-size":"auto","background-attachment":"scroll","background-type":"","background-media":"","overlay-type":"","overlay-color":"","overlay-opacity":"","overlay-gradient":""}}},"product_brand":[],"product_cat":[57,42],"product_tag":[70,68,71,69],"class_list":{"0":"post-3411","1":"product","2":"type-product","3":"status-publish","4":"has-post-thumbnail","6":"product_cat-2-to-8-years","7":"product_cat-merchandise","8":"product_tag-babypillow","9":"product_tag-cuteanimalpillow","10":"product_tag-headshapesupport","11":"product_tag-kouniushapingpillow","12":"desktop-align-left","13":"tablet-align-left","14":"mobile-align-left","16":"first","17":"instock","18":"shipping-taxable","19":"product-type-simple"},"aioseo_notices":[],"uagb_featured_image_src":{"full":["https:\/\/babypillowwholesale.com\/wp-content\/uploads\/2025\/04\/1630.jpg",1000,1000,false],"thumbnail":["https:\/\/babypillowwholesale.com\/wp-content\/uploads\/2025\/04\/1630-150x150.jpg",150,150,true],"medium":["https:\/\/babypillowwholesale.com\/wp-content\/uploads\/2025\/04\/1630-300x300.jpg",300,300,true],"medium_large":["https:\/\/babypillowwholesale.com\/wp-content\/uploads\/2025\/04\/1630-768x768.jpg",768,768,true],"large":["https:\/\/babypillowwholesale.com\/wp-content\/uploads\/2025\/04\/1630.jpg",1000,1000,false],"1536x1536":["https:\/\/babypillowwholesale.com\/wp-content\/uploads\/2025\/04\/1630.jpg",1000,1000,false],"2048x2048":["https:\/\/babypillowwholesale.com\/wp-content\/uploads\/2025\/04\/1630.jpg",1000,1000,false],"trp-custom-language-flag":["https:\/\/babypillowwholesale.com\/wp-content\/uploads\/2025\/04\/1630.jpg",12,12,false],"woocommerce_thumbnail":["https:\/\/babypillowwholesale.com\/wp-content\/uploads\/2025\/04\/1630-300x300.jpg",300,300,true],"woocommerce_single":["https:\/\/babypillowwholesale.com\/wp-content\/uploads\/2025\/04\/1630-600x600.jpg",600,600,true],"woocommerce_gallery_thumbnail":["https:\/\/babypillowwholesale.com\/wp-content\/uploads\/2025\/04\/1630-100x100.jpg",100,100,true]},"uagb_author_info":{"display_name":"Etnen zhong","author_link":"https:\/\/babypillowwholesale.com\/sv\/author\/"},"uagb_comment_info":0,"uagb_excerpt":"The Good Bear and Happy Rabbit Children's Pillow is an excellent sleep accessory for children aged 2 - 8 years. Its design features two lovely patterns: a cute bear on the light blue side and a charming rabbit on the pink side, catering to different preferences. With a specification of 45*28*3\/5CM, it provides a comfortable&hellip;","jetpack_sharing_enabled":true,"_links":{"self":[{"href":"https:\/\/babypillowwholesale.com\/sv\/wp-json\/wp\/v2\/product\/3411","targetHints":{"allow":["GET"]}}],"collection":[{"href":"https:\/\/babypillowwholesale.com\/sv\/wp-json\/wp\/v2\/product"}],"about":[{"href":"https:\/\/babypillowwholesale.com\/sv\/wp-json\/wp\/v2\/types\/product"}],"replies":[{"embeddable":true,"href":"https:\/\/babypillowwholesale.com\/sv\/wp-json\/wp\/v2\/comments?post=3411"}],"wp:featuredmedia":[{"embeddable":true,"href":"https:\/\/babypillowwholesale.com\/sv\/wp-json\/wp\/v2\/media\/3412"}],"wp:attachment":[{"href":"https:\/\/babypillowwholesale.com\/sv\/wp-json\/wp\/v2\/media?parent=3411"}],"wp:term":[{"taxonomy":"product_brand","embeddable":true,"href":"https:\/\/babypillowwholesale.com\/sv\/wp-json\/wp\/v2\/product_brand?post=3411"},{"taxonomy":"product_cat","embeddable":true,"href":"https:\/\/babypillowwholesale.com\/sv\/wp-json\/wp\/v2\/product_cat?post=3411"},{"taxonomy":"product_tag","embeddable":true,"href":"https:\/\/babypillowwholesale.com\/sv\/wp-json\/wp\/v2\/product_tag?post=3411"}],"curies":[{"name":"wp","href":"https:\/\/api.w.org\/{rel}","templated":true}]}}