{"id":3393,"date":"2025-04-12T03:14:40","date_gmt":"2025-04-12T03:14:40","guid":{"rendered":"https:\/\/babypillowwholesale.com\/?post_type=product&#038;p=3393"},"modified":"2025-06-08T07:55:08","modified_gmt":"2025-06-08T07:55:08","slug":"shy-bear-contour-pillow","status":"publish","type":"product","link":"https:\/\/babypillowwholesale.com\/sv\/product\/shy-bear-contour-pillow\/","title":{"rendered":"Shy Bear Contour-kudde"},"content":{"rendered":"<div class=\"auto-hide-last-sibling-br paragraph-qzbcQC paragraph-element br-paragraph-space\" data-immersive-translate-walked=\"8e61f2e7-6af2-46e5-9672-3b9e4f4033d9\" data-immersive-translate-paragraph=\"1\">\n<div class=\"auto-hide-last-sibling-br paragraph-qzbcQC paragraph-element br-paragraph-space\">\n<div class=\"auto-hide-last-sibling-br paragraph-qzbcQC paragraph-element br-paragraph-space\">\n<div class=\"auto-hide-last-sibling-br paragraph-qzbcQC paragraph-element br-paragraph-space\">\n<div class=\"auto-hide-last-sibling-br paragraph-qzbcQC paragraph-element br-paragraph-space\">\n<div class=\"auto-hide-last-sibling-br paragraph-qzbcQC paragraph-element br-paragraph-space\">\n<div class=\"inter-wlTS5w\">\n<div class=\"container-QE4ayg\">\n<div class=\"item-jU10IN\">\n<div class=\"container-jODEnh chrome70-container\">\n<div class=\"inner-eE95c9 inner-item-aL3Ui_\" data-target-id=\"message-box-target-id\" data-testid=\"union_message\">\n<div class=\"message-block-container-liuetz\" data-testid=\"message-block-container\">\n<div class=\"message-box-ZWbBdF\" data-testid=\"receive_message\">\n<div class=\"message-box-content-wrapper-srHdUj\">\n<div class=\"message-content message-box-content-otxGGw receive-message-box-content-_lREFj samantha-message-box-content-Qjmpja\" data-testid=\"message_content\">\n<div class=\"container-hfX5E8 flow-markdown-body theme-samantha-yJEgBp\" dir=\"ltr\" data-testid=\"message_text_content\" data-show-indicator=\"false\">\n<div class=\"auto-hide-last-sibling-br paragraph-qzbcQC paragraph-element br-paragraph-space\">Vi presenterar Shy Bear Contour Pillow, en vackert designad s\u00f6mnkudde f\u00f6r barn i \u00e5ldern 1-3 \u00e5r. Med sin charmiga specifikation av\u00a0<span class=\"container-x_WhZC math-inline\" data-custom-copy-text=\"\\(51 \\times 27 \\times 4\/3 \\text{CM}\\)\"><span class=\"katex\"><span class=\"katex-html\" aria-hidden=\"true\"><span class=\"base\"><span class=\"mord\">51<\/span><span class=\"mbin\">\u00d7<\/span><\/span><span class=\"base\"><span class=\"mord\">27<\/span><span class=\"mbin\">\u00d7<\/span><\/span><span class=\"base\"><span class=\"mord\">4\/3<\/span><span class=\"mord text\"><span class=\"mord\">CM<\/span><\/span><\/span><\/span><\/span><\/span>\u00e4r den h\u00e4r kudden skr\u00e4ddarsydd f\u00f6r unga sovande. Den finns i f\u00f6rtrollande nyanser av rosa, m\u00f6rkgr\u00f6nt och bl\u00e5tt och ger en livfull och h\u00e4rlig touch till alla sovrum. Den \u00e4r utsmyckad med ett bed\u00e5rande bj\u00f6rnm\u00f6nster och f\u00e5ngar barnens fantasi, vilket g\u00f6r l\u00e4ggdags mer tilltalande.<\/div>\n<p>&nbsp;<\/p>\n<div class=\"auto-hide-last-sibling-br paragraph-qzbcQC paragraph-element br-paragraph-space\">Oavsett om det \u00e4r dags f\u00f6r middagslur eller natts\u00f6mn \u00e4r den h\u00e4r kudden en perfekt f\u00f6ljeslagare. Under tuppluren ger den en mysig och st\u00f6djande plats f\u00f6r ditt barn att vila p\u00e5, vilket garanterar en bekv\u00e4m och uppfriskande s\u00f6mn. P\u00e5 natten, n\u00e4r ditt barn somnar, ger den konturformade designen ett mjukt st\u00f6d f\u00f6r huvud och nacke, vilket fr\u00e4mjar en korrekt sovst\u00e4llning. De mjuka och behagliga materialen ger barnet en bekv\u00e4m vagga och skapar en lugn s\u00f6mnmilj\u00f6.<\/div>\n<p>&nbsp;<\/p>\n<div class=\"auto-hide-last-sibling-br paragraph-qzbcQC paragraph-element br-paragraph-space\">F\u00f6r\u00e4ldrarna \u00e4r f\u00f6rtjusta i denna kudde. \"Min 2 - \u00e5ring \u00e4lskar Shy Bear Contour Pillow! F\u00e4rgerna \u00e4r s\u00e5 livfulla och bj\u00f6rnm\u00f6nstret \u00e4r bed\u00e5rande. Den har blivit en favoritkompis vid tupplur och l\u00e4ggdags\", s\u00e4ger en lycklig mamma. En annan pappa sa: \"Vi \u00e4r imponerade av kvaliteten. Den konturformade designen verkar verkligen st\u00f6dja v\u00e5rt barns nacke p\u00e5 ett bra s\u00e4tt. Det \u00e4r ett bra komplement till deras s\u00e4ngkl\u00e4der.\"<\/div>\n<p>&nbsp;<\/p>\n<div class=\"auto-hide-last-sibling-br paragraph-qzbcQC paragraph-element br-paragraph-space\">Kort sagt, Shy Bear Contour Pillow kombinerar funktionalitet, komfort och s\u00f6tma, vilket g\u00f6r den till ett perfekt val f\u00f6r f\u00f6r\u00e4ldrar som s\u00f6ker ett s\u00f6mntillbeh\u00f6r av h\u00f6g kvalitet som ocks\u00e5 ger gl\u00e4dje \u00e5t deras barns sovrutin.<\/div>\n<\/div>\n<\/div>\n<\/div>\n<\/div>\n<\/div>\n<\/div>\n<\/div>\n<\/div>\n<\/div>\n<\/div>\n<div class=\"top-bcSEDJ\">\n<div class=\"container-jODEnh chrome70-container\"><\/div>\n<\/div>\n<\/div>\n<\/div>\n<\/div>\n<\/div>\n<\/div>\n<\/div>","protected":false},"excerpt":{"rendered":"<p>Shy Bear Contour Pillow \u00e4r omsorgsfullt utformad f\u00f6r barn i \u00e5ldern 1 - 3 \u00e5r. Med en specifikation p\u00e5 51*<em>27*<\/em>4\/3CM, vilket ger en skr\u00e4ddarsydd passform f\u00f6r unga sovande. Den finns i charmiga nyanser - rosa, m\u00f6rkgr\u00f6n och bl\u00e5 - och ger en livlig touch till alla sovrum. Den \u00e4r utsmyckad med ett s\u00f6tt bj\u00f6rnm\u00f6nster som v\u00e4djar till barnens fantasi. Den konturformade designen ger ett mjukt men effektivt st\u00f6d f\u00f6r huvud och nacke, vilket fr\u00e4mjar en korrekt sovst\u00e4llning. Tillverkad av mjuka, mysiga material, vilket garanterar en bekv\u00e4m och vilsam s\u00f6mn. Oavsett om det \u00e4r f\u00f6r tupplur eller nattetid kombinerar den h\u00e4r kudden funktionalitet med bed\u00e5rande estetik, vilket g\u00f6r den till ett perfekt val f\u00f6r f\u00f6r\u00e4ldrar som s\u00f6ker kvalitet och charm i sitt barns s\u00e4ngkl\u00e4der.<\/p>","protected":false},"featured_media":3394,"comment_status":"open","ping_status":"closed","template":"","meta":{"_uag_custom_page_level_css":"","site-sidebar-layout":"default","site-content-layout":"","ast-site-content-layout":"default","site-content-style":"default","site-sidebar-style":"default","ast-global-header-display":"","ast-banner-title-visibility":"","ast-main-header-display":"","ast-hfb-above-header-display":"","ast-hfb-below-header-display":"","ast-hfb-mobile-header-display":"","site-post-title":"","ast-breadcrumbs-content":"","ast-featured-img":"","footer-sml-layout":"","ast-disable-related-posts":"","theme-transparent-header-meta":"default","adv-header-id-meta":"","stick-header-meta":"","header-above-stick-meta":"","header-main-stick-meta":"","header-below-stick-meta":"","astra-migrate-meta-layouts":"set","ast-page-background-enabled":"default","ast-page-background-meta":{"desktop":{"background-color":"","background-image":"","background-repeat":"repeat","background-position":"center center","background-size":"auto","background-attachment":"scroll","background-type":"","background-media":"","overlay-type":"","overlay-color":"","overlay-opacity":"","overlay-gradient":""},"tablet":{"background-color":"","background-image":"","background-repeat":"repeat","background-position":"center center","background-size":"auto","background-attachment":"scroll","background-type":"","background-media":"","overlay-type":"","overlay-color":"","overlay-opacity":"","overlay-gradient":""},"mobile":{"background-color":"","background-image":"","background-repeat":"repeat","background-position":"center center","background-size":"auto","background-attachment":"scroll","background-type":"","background-media":"","overlay-type":"","overlay-color":"","overlay-opacity":"","overlay-gradient":""}},"ast-content-background-meta":{"desktop":{"background-color":"var(--ast-global-color-5)","background-image":"","background-repeat":"repeat","background-position":"center center","background-size":"auto","background-attachment":"scroll","background-type":"","background-media":"","overlay-type":"","overlay-color":"","overlay-opacity":"","overlay-gradient":""},"tablet":{"background-color":"var(--ast-global-color-5)","background-image":"","background-repeat":"repeat","background-position":"center center","background-size":"auto","background-attachment":"scroll","background-type":"","background-media":"","overlay-type":"","overlay-color":"","overlay-opacity":"","overlay-gradient":""},"mobile":{"background-color":"var(--ast-global-color-5)","background-image":"","background-repeat":"repeat","background-position":"center center","background-size":"auto","background-attachment":"scroll","background-type":"","background-media":"","overlay-type":"","overlay-color":"","overlay-opacity":"","overlay-gradient":""}}},"product_brand":[],"product_cat":[56,42],"product_tag":[70,68,71,69],"class_list":{"0":"post-3393","1":"product","2":"type-product","3":"status-publish","4":"has-post-thumbnail","6":"product_cat-1-to-3-years","7":"product_cat-merchandise","8":"product_tag-babypillow","9":"product_tag-cuteanimalpillow","10":"product_tag-headshapesupport","11":"product_tag-kouniushapingpillow","12":"desktop-align-left","13":"tablet-align-left","14":"mobile-align-left","16":"first","17":"instock","18":"shipping-taxable","19":"product-type-simple"},"aioseo_notices":[],"uagb_featured_image_src":{"full":["https:\/\/babypillowwholesale.com\/wp-content\/uploads\/2025\/04\/1611.jpg",1000,1000,false],"thumbnail":["https:\/\/babypillowwholesale.com\/wp-content\/uploads\/2025\/04\/1611-150x150.jpg",150,150,true],"medium":["https:\/\/babypillowwholesale.com\/wp-content\/uploads\/2025\/04\/1611-300x300.jpg",300,300,true],"medium_large":["https:\/\/babypillowwholesale.com\/wp-content\/uploads\/2025\/04\/1611-768x768.jpg",768,768,true],"large":["https:\/\/babypillowwholesale.com\/wp-content\/uploads\/2025\/04\/1611.jpg",1000,1000,false],"1536x1536":["https:\/\/babypillowwholesale.com\/wp-content\/uploads\/2025\/04\/1611.jpg",1000,1000,false],"2048x2048":["https:\/\/babypillowwholesale.com\/wp-content\/uploads\/2025\/04\/1611.jpg",1000,1000,false],"trp-custom-language-flag":["https:\/\/babypillowwholesale.com\/wp-content\/uploads\/2025\/04\/1611.jpg",12,12,false],"woocommerce_thumbnail":["https:\/\/babypillowwholesale.com\/wp-content\/uploads\/2025\/04\/1611-300x300.jpg",300,300,true],"woocommerce_single":["https:\/\/babypillowwholesale.com\/wp-content\/uploads\/2025\/04\/1611-600x600.jpg",600,600,true],"woocommerce_gallery_thumbnail":["https:\/\/babypillowwholesale.com\/wp-content\/uploads\/2025\/04\/1611-100x100.jpg",100,100,true]},"uagb_author_info":{"display_name":"Etnen zhong","author_link":"https:\/\/babypillowwholesale.com\/sv\/author\/"},"uagb_comment_info":0,"uagb_excerpt":"The Shy Bear Contour Pillow is thoughtfully crafted for children aged 1 - 3 years. With its specification of 51*27*4\/3CM, it offers a tailored fit for young sleepers. Available in charming hues\u2014Pink, Dark Green, and Blue, it adds a vibrant touch to any bedroom. Adorned with a cute shy bear pattern, it appeals to children\u2019s&hellip;","jetpack_sharing_enabled":true,"_links":{"self":[{"href":"https:\/\/babypillowwholesale.com\/sv\/wp-json\/wp\/v2\/product\/3393","targetHints":{"allow":["GET"]}}],"collection":[{"href":"https:\/\/babypillowwholesale.com\/sv\/wp-json\/wp\/v2\/product"}],"about":[{"href":"https:\/\/babypillowwholesale.com\/sv\/wp-json\/wp\/v2\/types\/product"}],"replies":[{"embeddable":true,"href":"https:\/\/babypillowwholesale.com\/sv\/wp-json\/wp\/v2\/comments?post=3393"}],"wp:featuredmedia":[{"embeddable":true,"href":"https:\/\/babypillowwholesale.com\/sv\/wp-json\/wp\/v2\/media\/3394"}],"wp:attachment":[{"href":"https:\/\/babypillowwholesale.com\/sv\/wp-json\/wp\/v2\/media?parent=3393"}],"wp:term":[{"taxonomy":"product_brand","embeddable":true,"href":"https:\/\/babypillowwholesale.com\/sv\/wp-json\/wp\/v2\/product_brand?post=3393"},{"taxonomy":"product_cat","embeddable":true,"href":"https:\/\/babypillowwholesale.com\/sv\/wp-json\/wp\/v2\/product_cat?post=3393"},{"taxonomy":"product_tag","embeddable":true,"href":"https:\/\/babypillowwholesale.com\/sv\/wp-json\/wp\/v2\/product_tag?post=3393"}],"curies":[{"name":"wp","href":"https:\/\/api.w.org\/{rel}","templated":true}]}}